{"id":31110,"date":"2024-05-31T14:39:59","date_gmt":"2024-05-31T14:39:59","guid":{"rendered":"https:\/\/tiff.vn\/?post_type=product&#038;p=31110"},"modified":"2024-06-27T04:31:31","modified_gmt":"2024-06-27T04:31:31","slug":"combo-hoa-cuoi-ms02-t37","status":"publish","type":"product","link":"https:\/\/tiff.vn\/?product=combo-hoa-cuoi-ms02-t37","title":{"rendered":"Combo Hoa c\u01b0\u1edbi MS02 &#8211; T37"},"content":{"rendered":"<p><strong><span style=\"vertical-align: inherit;\"><span style=\"vertical-align: inherit;\">Combo Hoa c\u01b0\u1edbi MS02<\/span><\/span><\/strong><span style=\"vertical-align: inherit;\"><span style=\"vertical-align: inherit;\"> l\u00e0 s\u1ef1 k\u1ebft h\u1ee3p c\u1ee7a B\u00f3 hoa c\u01b0\u1edbi Oh My Venus v\u00e0 Hoa xe c\u01b0\u1edbi X09 mang phong c\u00e1ch \u0111\u1ed9c, m\u1edbi l\u1ea1 nh\u1edd s\u1ef1 k\u1ebft h\u1ee3p c\u1ee7a hoa sen tr\u1eafng c\u00f9ng c\u00e1c lo\u1ea1i hoa kh\u00e1c t\u01b0\u1ee3ng tr\u01b0ng cho s\u1ef1 trong s\u00e1ng, \u0111\u01a1n gi\u1ea3n m\u00e0 kh\u00f4ng k\u00e9m ph\u1ea7n c\u00e1 t\u00ednh. <\/span><span style=\"vertical-align: inherit;\">Combo th\u1ec3 hi\u1ec7n s\u1ef1 sang tr\u1ecdng, cao c\u1ea5p nh\u01b0 m\u1ed9t ph\u01b0\u01a1ng ti\u1ec7n tuy\u1ec7t v\u1eddi \u0111\u1ec3 c\u00e1c c\u1eb7p c\u00f4 d\u00e2u ch\u00fa r\u1ec3 c\u00f3 m\u1ed9t l\u1ec5 c\u01b0\u1edbi Tr\u1ecdn \u0110\u1eddi trong th\u1eddi kh\u1eafc linh thi\u00eang c\u1ee7a \u0111\u1eddi m\u00ecnh.<\/span><\/span><\/p>\n<p><strong><span style=\"vertical-align: inherit;\"><span style=\"vertical-align: inherit;\">C\u00e1c lo\u1ea1i hoa s\u1eed d\u1ee5ng:<\/span><\/span><\/strong><\/p>\n<p><span style=\"vertical-align: inherit;\"><span style=\"vertical-align: inherit;\">+ Hoa H\u1ed3ng tr\u1eafng<\/span><\/span><\/p>\n<p><span style=\"vertical-align: inherit;\"><span style=\"vertical-align: inherit;\">+ Lan t\u01b0\u1eddng xo\u1eafn cam<\/span><\/span><\/p>\n<p><span style=\"vertical-align: inherit;\"><span style=\"vertical-align: inherit;\">+ White nom<\/span><\/span><\/p>\n<p><span style=\"vertical-align: inherit;\"><span style=\"vertical-align: inherit;\">+ Mao L\u01b0\u01a1ng cam v\u00e0ng nh\u1eadp kh\u1ea9u<\/span><\/span><\/p>\n<p><span style=\"vertical-align: inherit;\"><span style=\"vertical-align: inherit;\">+ Thanh Li\u1ec5u tr\u1eafng nh\u1eadp kh\u1ea9u<\/span><\/span><\/p>\n<p><span style=\"vertical-align: inherit;\"><span style=\"vertical-align: inherit;\">+ Baby tr\u1eafng nh\u1eadp kh\u1ea9u<\/span><\/span><\/p>\n<p><span style=\"vertical-align: inherit;\"><span style=\"vertical-align: inherit;\">+ Lan H\u1ed3 \u0110i\u1ec7p tr\u1eafng nh\u1eadp kh\u1ea9u<\/span><\/span><\/p>\n<p><span style=\"vertical-align: inherit;\"><span style=\"vertical-align: inherit;\">+ Lan Th\u00e1i H\u1ed3ng<\/span><\/span><\/p>\n<p><span style=\"vertical-align: inherit;\"><span style=\"vertical-align: inherit;\">+ Sen Th\u00e1i Tr\u1eafng<\/span><\/span><\/p>\n<p><span style=\"vertical-align: inherit;\"><span style=\"vertical-align: inherit;\">C\u00e1c lo\u1ea1i hoa l\u00e1 ph\u1ee5 c\u1ea5p kh\u00e1c nhau<\/span><\/span><\/p>\n<p><strong><span style=\"vertical-align: inherit;\"><span style=\"vertical-align: inherit;\">TIFF Flowers cam k\u1ebft ch\u1ea5t l\u01b0\u1ee3ng hoa tr\u00ean t\u1eebng s\u1ea3n ph\u1ea9m \u0111\u01b0\u1ee3c giao \u0111\u1ebfn tay kh\u00e1ch h\u00e0ng!<\/span><\/span><\/strong><\/p>\n<p><strong><span style=\"vertical-align: inherit;\"><span style=\"vertical-align: inherit;\">L\u01b0u \u00fd: Gi\u00e1 s\u1ea3n ph\u1ea9m ch\u01b0a bao g\u1ed3m VAT.<\/span><\/span><\/strong><\/p>\n","protected":false},"excerpt":{"rendered":"<p><span style=\"vertical-align: inherit;\"><span style=\"vertical-align: inherit;\">Tone Tr\u1eafng, xanh, cam<\/span><\/span><\/p>\n<p><span style=\"vertical-align: inherit;\"><span style=\"vertical-align: inherit;\">Cao c\u1ea5p, hi\u1ec7n \u0111\u1ea1i<\/span><\/span><\/p>\n<p><span style=\"vertical-align: inherit;\"><span style=\"vertical-align: inherit;\">C\u00e1c lo\u1ea1i hoa s\u1eed d\u1ee5ng:<\/span><\/span><\/p>\n<p><span style=\"vertical-align: inherit;\"><span style=\"vertical-align: inherit;\">+ Hoa H\u1ed3ng tr\u1eafng<\/span><\/span><\/p>\n<p><span style=\"vertical-align: inherit;\"><span style=\"vertical-align: inherit;\">+ Lan t\u01b0\u1eddng xo\u1eafn cam<\/span><\/span><\/p>\n<p><span style=\"vertical-align: inherit;\"><span style=\"vertical-align: inherit;\">+ White nom<\/span><\/span><\/p>\n<p><span style=\"vertical-align: inherit;\"><span style=\"vertical-align: inherit;\">+ Mao L\u01b0\u01a1ng cam v\u00e0ng nh\u1eadp kh\u1ea9u<\/span><\/span><\/p>\n<p><span style=\"vertical-align: inherit;\"><span style=\"vertical-align: inherit;\">+ Thanh Li\u1ec5u tr\u1eafng nh\u1eadp kh\u1ea9u<\/span><\/span><\/p>\n<p><span style=\"vertical-align: inherit;\"><span style=\"vertical-align: inherit;\">+ Baby tr\u1eafng nh\u1eadp kh\u1ea9u<\/span><\/span><\/p>\n<p><span style=\"vertical-align: inherit;\"><span style=\"vertical-align: inherit;\">+ Lan H\u1ed3 \u0110i\u1ec7p tr\u1eafng nh\u1eadp kh\u1ea9u<\/span><\/span><\/p>\n<p><span style=\"vertical-align: inherit;\"><span style=\"vertical-align: inherit;\">+ Lan Th\u00e1i H\u1ed3ng<\/span><\/span><\/p>\n<p><span style=\"vertical-align: inherit;\"><span style=\"vertical-align: inherit;\">+ Sen Th\u00e1i Tr\u1eafng<\/span><\/span><\/p>\n<p><span style=\"vertical-align: inherit;\"><span style=\"vertical-align: inherit;\">C\u00e1c lo\u1ea1i hoa l\u00e1 ph\u1ee5 cao c\u1ea5p kh\u00e1c<\/span><\/span><\/p>\n<p><em><span style=\"vertical-align: inherit;\"><span style=\"vertical-align: inherit;\">T\u1eb7ng mi\u1ec5n ph\u00ed \u2013 bi\u1ec3u ng\u1eef ch\u00fac m\u1eebng thi\u1ebft k\u1ebf (vui l\u00f2ng ghi r\u00f5 trong m\u1ee5c ghi ch\u00fa).<\/span><\/span><\/em><\/p>\n<p><em><span style=\"vertical-align: inherit;\"><span style=\"vertical-align: inherit;\">Giao hoa g\u1ea5p trong m\u1ed9t gi\u1edd.<\/span><\/span><\/em><\/p>\n<p><em><span style=\"vertical-align: inherit;\"><span style=\"vertical-align: inherit;\">Cam k\u1ebft ho\u00e0n ti\u1ec1n 100% n\u1ebfu b\u1ea1n kh\u00f4ng h\u00e0i l\u00f2ng.<\/span><\/span><\/em><\/p>\n","protected":false},"featured_media":40047,"comment_status":"open","ping_status":"closed","template":"","meta":{"_acf_changed":false},"product_brand":[],"product_cat":[362,381],"product_tag":[],"class_list":{"0":"post-31110","1":"product","2":"type-product","3":"status-publish","4":"has-post-thumbnail","6":"product_cat-hoa-cuoi","7":"product_cat-combo-hoa-cam-tay-hoa-xe-cuoi","9":"first","10":"instock","11":"sale","12":"shipping-taxable","13":"purchasable","14":"product-type-simple"},"acf":[],"yoast_head":"<!-- This site is optimized with the Yoast SEO plugin v25.0 - https:\/\/yoast.com\/wordpress\/plugins\/seo\/ -->\n<title>Hoa xe c\u01b0\u1edbi v\u00e0 tay c\u01b0\u1edbi thanh l\u1ecbch hi\u1ec7n \u0111\u1ea1i - \u0110i\u1ec7n hoa t\u01b0\u01a1i online 24h<\/title>\n<meta name=\"description\" content=\"Combo Hoa c\u01b0\u1edbi mang phong c\u00e1ch \u0111\u1ed9c \u0111\u00e1o nh\u1edd s\u1ef1 k\u1ebft h\u1ee3p c\u1ee7a hoa sen tr\u1eafng c\u00f9ng c\u00e1c lo\u1ea1i hoa kh\u00e1c kh\u00e1c t\u01b0\u1ee3ng tr\u01b0ng cho s\u1ef1 trong s\u00e1ng m\u00e0 kh\u00f4ng k\u00e9m ph\u1ea7n c\u00e1 t\u00ednh\" \/>\n<meta name=\"robots\" content=\"index, follow, max-snippet:-1, max-image-preview:large, max-video-preview:-1\" \/>\n<link rel=\"canonical\" href=\"https:\/\/tiff.vn\/?product=combo-hoa-cuoi-ms02-t37\" \/>\n<meta property=\"og:locale\" content=\"vi_VN\" \/>\n<meta property=\"og:type\" content=\"article\" \/>\n<meta property=\"og:title\" content=\"Hoa xe c\u01b0\u1edbi v\u00e0 tay c\u01b0\u1edbi thanh l\u1ecbch hi\u1ec7n \u0111\u1ea1i - \u0110i\u1ec7n hoa t\u01b0\u01a1i online 24h\" \/>\n<meta property=\"og:description\" content=\"Combo Hoa c\u01b0\u1edbi mang phong c\u00e1ch \u0111\u1ed9c \u0111\u00e1o nh\u1edd s\u1ef1 k\u1ebft h\u1ee3p c\u1ee7a hoa sen tr\u1eafng c\u00f9ng c\u00e1c lo\u1ea1i hoa kh\u00e1c kh\u00e1c t\u01b0\u1ee3ng tr\u01b0ng cho s\u1ef1 trong s\u00e1ng m\u00e0 kh\u00f4ng k\u00e9m ph\u1ea7n c\u00e1 t\u00ednh\" \/>\n<meta property=\"og:url\" content=\"https:\/\/tiff.vn\/?product=combo-hoa-cuoi-ms02-t37\" \/>\n<meta property=\"og:site_name\" content=\"Tiff Planner | Tiffany Wedding &amp; Event\" \/>\n<meta property=\"article:modified_time\" content=\"2024-06-27T04:31:31+00:00\" \/>\n<meta property=\"og:image\" content=\"https:\/\/tiff.vn\/wp-content\/uploads\/2024\/06\/Combo-Hoa-cuoi-MS02-T372.jpg\" \/>\n\t<meta property=\"og:image:width\" content=\"900\" \/>\n\t<meta property=\"og:image:height\" content=\"900\" \/>\n\t<meta property=\"og:image:type\" content=\"image\/jpeg\" \/>\n<meta name=\"twitter:card\" content=\"summary_large_image\" \/>\n<meta name=\"twitter:label1\" content=\"\u01af\u1edbc t\u00ednh th\u1eddi gian \u0111\u1ecdc\" \/>\n\t<meta name=\"twitter:data1\" content=\"1 ph\u00fat\" \/>\n<script type=\"application\/ld+json\" class=\"yoast-schema-graph\">{\"@context\":\"https:\/\/schema.org\",\"@graph\":[{\"@type\":\"WebPage\",\"@id\":\"https:\/\/tiff.vn\/?product=combo-hoa-cuoi-ms02-t37\",\"url\":\"https:\/\/tiff.vn\/?product=combo-hoa-cuoi-ms02-t37\",\"name\":\"Hoa xe c\u01b0\u1edbi v\u00e0 tay c\u01b0\u1edbi thanh l\u1ecbch hi\u1ec7n \u0111\u1ea1i - \u0110i\u1ec7n hoa t\u01b0\u01a1i online 24h\",\"isPartOf\":{\"@id\":\"http:\/\/103.159.50.39\/#website\"},\"primaryImageOfPage\":{\"@id\":\"https:\/\/tiff.vn\/?product=combo-hoa-cuoi-ms02-t37#primaryimage\"},\"image\":{\"@id\":\"https:\/\/tiff.vn\/?product=combo-hoa-cuoi-ms02-t37#primaryimage\"},\"thumbnailUrl\":\"https:\/\/tiff.vn\/wp-content\/uploads\/2024\/06\/Combo-Hoa-cuoi-MS02-T372.jpg\",\"datePublished\":\"2024-05-31T14:39:59+00:00\",\"dateModified\":\"2024-06-27T04:31:31+00:00\",\"description\":\"Combo Hoa c\u01b0\u1edbi mang phong c\u00e1ch \u0111\u1ed9c \u0111\u00e1o nh\u1edd s\u1ef1 k\u1ebft h\u1ee3p c\u1ee7a hoa sen tr\u1eafng c\u00f9ng c\u00e1c lo\u1ea1i hoa kh\u00e1c kh\u00e1c t\u01b0\u1ee3ng tr\u01b0ng cho s\u1ef1 trong s\u00e1ng m\u00e0 kh\u00f4ng k\u00e9m ph\u1ea7n c\u00e1 t\u00ednh\",\"breadcrumb\":{\"@id\":\"https:\/\/tiff.vn\/?product=combo-hoa-cuoi-ms02-t37#breadcrumb\"},\"inLanguage\":\"vi\",\"potentialAction\":[{\"@type\":\"ReadAction\",\"target\":[\"https:\/\/tiff.vn\/?product=combo-hoa-cuoi-ms02-t37\"]}]},{\"@type\":\"ImageObject\",\"inLanguage\":\"vi\",\"@id\":\"https:\/\/tiff.vn\/?product=combo-hoa-cuoi-ms02-t37#primaryimage\",\"url\":\"https:\/\/tiff.vn\/wp-content\/uploads\/2024\/06\/Combo-Hoa-cuoi-MS02-T372.jpg\",\"contentUrl\":\"https:\/\/tiff.vn\/wp-content\/uploads\/2024\/06\/Combo-Hoa-cuoi-MS02-T372.jpg\",\"width\":900,\"height\":900},{\"@type\":\"BreadcrumbList\",\"@id\":\"https:\/\/tiff.vn\/?product=combo-hoa-cuoi-ms02-t37#breadcrumb\",\"itemListElement\":[{\"@type\":\"ListItem\",\"position\":1,\"name\":\"Home\",\"item\":\"http:\/\/103.159.50.39\/\"},{\"@type\":\"ListItem\",\"position\":2,\"name\":\"S\u1ea3n ph\u1ea9m\",\"item\":\"https:\/\/tiff.vn\/?post_type=product\"},{\"@type\":\"ListItem\",\"position\":3,\"name\":\"Combo Hoa c\u01b0\u1edbi MS02 &#8211; T37\"}]},{\"@type\":\"WebSite\",\"@id\":\"http:\/\/103.159.50.39\/#website\",\"url\":\"http:\/\/103.159.50.39\/\",\"name\":\"Tiff Wedding Planner & Decoration\",\"description\":\"Top Wedding &amp; Event Planner h\u00e0ng \u0111\u1ea7u Vi\u1ec7t Nam - Ti\u00ean phong ki\u1ebfn t\u1ea1o nh\u1eefng \u0111\u00e1m c\u01b0\u1edbi \u0111\u1ed9c b\u1ea3n v\u00e0 s\u1ef1 ki\u1ec7n \u0111\u1eb3ng c\u1ea5p\",\"publisher\":{\"@id\":\"http:\/\/103.159.50.39\/#organization\"},\"alternateName\":\"Tiff Wedding Planner & Decoration\",\"potentialAction\":[{\"@type\":\"SearchAction\",\"target\":{\"@type\":\"EntryPoint\",\"urlTemplate\":\"http:\/\/103.159.50.39\/?s={search_term_string}\"},\"query-input\":{\"@type\":\"PropertyValueSpecification\",\"valueRequired\":true,\"valueName\":\"search_term_string\"}}],\"inLanguage\":\"vi\"},{\"@type\":\"Organization\",\"@id\":\"http:\/\/103.159.50.39\/#organization\",\"name\":\"Tiff Wedding Planner & Decoration\",\"url\":\"http:\/\/103.159.50.39\/\",\"logo\":{\"@type\":\"ImageObject\",\"inLanguage\":\"vi\",\"@id\":\"http:\/\/103.159.50.39\/#\/schema\/logo\/image\/\",\"url\":\"https:\/\/tiff.vn\/wp-content\/uploads\/2023\/05\/logo_main.png\",\"contentUrl\":\"https:\/\/tiff.vn\/wp-content\/uploads\/2023\/05\/logo_main.png\",\"width\":228,\"height\":64,\"caption\":\"Tiff Wedding Planner & Decoration\"},\"image\":{\"@id\":\"http:\/\/103.159.50.39\/#\/schema\/logo\/image\/\"}}]}<\/script>\n<!-- \/ Yoast SEO plugin. -->","yoast_head_json":{"title":"Hoa xe c\u01b0\u1edbi v\u00e0 tay c\u01b0\u1edbi thanh l\u1ecbch hi\u1ec7n \u0111\u1ea1i - \u0110i\u1ec7n hoa t\u01b0\u01a1i online 24h","description":"Combo Hoa c\u01b0\u1edbi mang phong c\u00e1ch \u0111\u1ed9c \u0111\u00e1o nh\u1edd s\u1ef1 k\u1ebft h\u1ee3p c\u1ee7a hoa sen tr\u1eafng c\u00f9ng c\u00e1c lo\u1ea1i hoa kh\u00e1c kh\u00e1c t\u01b0\u1ee3ng tr\u01b0ng cho s\u1ef1 trong s\u00e1ng m\u00e0 kh\u00f4ng k\u00e9m ph\u1ea7n c\u00e1 t\u00ednh","robots":{"index":"index","follow":"follow","max-snippet":"max-snippet:-1","max-image-preview":"max-image-preview:large","max-video-preview":"max-video-preview:-1"},"canonical":"https:\/\/tiff.vn\/?product=combo-hoa-cuoi-ms02-t37","og_locale":"vi_VN","og_type":"article","og_title":"Hoa xe c\u01b0\u1edbi v\u00e0 tay c\u01b0\u1edbi thanh l\u1ecbch hi\u1ec7n \u0111\u1ea1i - \u0110i\u1ec7n hoa t\u01b0\u01a1i online 24h","og_description":"Combo Hoa c\u01b0\u1edbi mang phong c\u00e1ch \u0111\u1ed9c \u0111\u00e1o nh\u1edd s\u1ef1 k\u1ebft h\u1ee3p c\u1ee7a hoa sen tr\u1eafng c\u00f9ng c\u00e1c lo\u1ea1i hoa kh\u00e1c kh\u00e1c t\u01b0\u1ee3ng tr\u01b0ng cho s\u1ef1 trong s\u00e1ng m\u00e0 kh\u00f4ng k\u00e9m ph\u1ea7n c\u00e1 t\u00ednh","og_url":"https:\/\/tiff.vn\/?product=combo-hoa-cuoi-ms02-t37","og_site_name":"Tiff Planner | Tiffany Wedding &amp; Event","article_modified_time":"2024-06-27T04:31:31+00:00","og_image":[{"width":900,"height":900,"url":"https:\/\/tiff.vn\/wp-content\/uploads\/2024\/06\/Combo-Hoa-cuoi-MS02-T372.jpg","type":"image\/jpeg"}],"twitter_card":"summary_large_image","twitter_misc":{"\u01af\u1edbc t\u00ednh th\u1eddi gian \u0111\u1ecdc":"1 ph\u00fat"},"schema":{"@context":"https:\/\/schema.org","@graph":[{"@type":"WebPage","@id":"https:\/\/tiff.vn\/?product=combo-hoa-cuoi-ms02-t37","url":"https:\/\/tiff.vn\/?product=combo-hoa-cuoi-ms02-t37","name":"Hoa xe c\u01b0\u1edbi v\u00e0 tay c\u01b0\u1edbi thanh l\u1ecbch hi\u1ec7n \u0111\u1ea1i - \u0110i\u1ec7n hoa t\u01b0\u01a1i online 24h","isPartOf":{"@id":"http:\/\/103.159.50.39\/#website"},"primaryImageOfPage":{"@id":"https:\/\/tiff.vn\/?product=combo-hoa-cuoi-ms02-t37#primaryimage"},"image":{"@id":"https:\/\/tiff.vn\/?product=combo-hoa-cuoi-ms02-t37#primaryimage"},"thumbnailUrl":"https:\/\/tiff.vn\/wp-content\/uploads\/2024\/06\/Combo-Hoa-cuoi-MS02-T372.jpg","datePublished":"2024-05-31T14:39:59+00:00","dateModified":"2024-06-27T04:31:31+00:00","description":"Combo Hoa c\u01b0\u1edbi mang phong c\u00e1ch \u0111\u1ed9c \u0111\u00e1o nh\u1edd s\u1ef1 k\u1ebft h\u1ee3p c\u1ee7a hoa sen tr\u1eafng c\u00f9ng c\u00e1c lo\u1ea1i hoa kh\u00e1c kh\u00e1c t\u01b0\u1ee3ng tr\u01b0ng cho s\u1ef1 trong s\u00e1ng m\u00e0 kh\u00f4ng k\u00e9m ph\u1ea7n c\u00e1 t\u00ednh","breadcrumb":{"@id":"https:\/\/tiff.vn\/?product=combo-hoa-cuoi-ms02-t37#breadcrumb"},"inLanguage":"vi","potentialAction":[{"@type":"ReadAction","target":["https:\/\/tiff.vn\/?product=combo-hoa-cuoi-ms02-t37"]}]},{"@type":"ImageObject","inLanguage":"vi","@id":"https:\/\/tiff.vn\/?product=combo-hoa-cuoi-ms02-t37#primaryimage","url":"https:\/\/tiff.vn\/wp-content\/uploads\/2024\/06\/Combo-Hoa-cuoi-MS02-T372.jpg","contentUrl":"https:\/\/tiff.vn\/wp-content\/uploads\/2024\/06\/Combo-Hoa-cuoi-MS02-T372.jpg","width":900,"height":900},{"@type":"BreadcrumbList","@id":"https:\/\/tiff.vn\/?product=combo-hoa-cuoi-ms02-t37#breadcrumb","itemListElement":[{"@type":"ListItem","position":1,"name":"Home","item":"http:\/\/103.159.50.39\/"},{"@type":"ListItem","position":2,"name":"S\u1ea3n ph\u1ea9m","item":"https:\/\/tiff.vn\/?post_type=product"},{"@type":"ListItem","position":3,"name":"Combo Hoa c\u01b0\u1edbi MS02 &#8211; T37"}]},{"@type":"WebSite","@id":"http:\/\/103.159.50.39\/#website","url":"http:\/\/103.159.50.39\/","name":"Tiff Wedding Planner & Decoration","description":"Top Wedding &amp; Event Planner h\u00e0ng \u0111\u1ea7u Vi\u1ec7t Nam - Ti\u00ean phong ki\u1ebfn t\u1ea1o nh\u1eefng \u0111\u00e1m c\u01b0\u1edbi \u0111\u1ed9c b\u1ea3n v\u00e0 s\u1ef1 ki\u1ec7n \u0111\u1eb3ng c\u1ea5p","publisher":{"@id":"http:\/\/103.159.50.39\/#organization"},"alternateName":"Tiff Wedding Planner & Decoration","potentialAction":[{"@type":"SearchAction","target":{"@type":"EntryPoint","urlTemplate":"http:\/\/103.159.50.39\/?s={search_term_string}"},"query-input":{"@type":"PropertyValueSpecification","valueRequired":true,"valueName":"search_term_string"}}],"inLanguage":"vi"},{"@type":"Organization","@id":"http:\/\/103.159.50.39\/#organization","name":"Tiff Wedding Planner & Decoration","url":"http:\/\/103.159.50.39\/","logo":{"@type":"ImageObject","inLanguage":"vi","@id":"http:\/\/103.159.50.39\/#\/schema\/logo\/image\/","url":"https:\/\/tiff.vn\/wp-content\/uploads\/2023\/05\/logo_main.png","contentUrl":"https:\/\/tiff.vn\/wp-content\/uploads\/2023\/05\/logo_main.png","width":228,"height":64,"caption":"Tiff Wedding Planner & Decoration"},"image":{"@id":"http:\/\/103.159.50.39\/#\/schema\/logo\/image\/"}}]}},"_links":{"self":[{"href":"https:\/\/tiff.vn\/index.php?rest_route=\/wp\/v2\/product\/31110","targetHints":{"allow":["GET"]}}],"collection":[{"href":"https:\/\/tiff.vn\/index.php?rest_route=\/wp\/v2\/product"}],"about":[{"href":"https:\/\/tiff.vn\/index.php?rest_route=\/wp\/v2\/types\/product"}],"replies":[{"embeddable":true,"href":"https:\/\/tiff.vn\/index.php?rest_route=%2Fwp%2Fv2%2Fcomments&post=31110"}],"version-history":[{"count":0,"href":"https:\/\/tiff.vn\/index.php?rest_route=\/wp\/v2\/product\/31110\/revisions"}],"wp:featuredmedia":[{"embeddable":true,"href":"https:\/\/tiff.vn\/index.php?rest_route=\/wp\/v2\/media\/40047"}],"wp:attachment":[{"href":"https:\/\/tiff.vn\/index.php?rest_route=%2Fwp%2Fv2%2Fmedia&parent=31110"}],"wp:term":[{"taxonomy":"product_brand","embeddable":true,"href":"https:\/\/tiff.vn\/index.php?rest_route=%2Fwp%2Fv2%2Fproduct_brand&post=31110"},{"taxonomy":"product_cat","embeddable":true,"href":"https:\/\/tiff.vn\/index.php?rest_route=%2Fwp%2Fv2%2Fproduct_cat&post=31110"},{"taxonomy":"product_tag","embeddable":true,"href":"https:\/\/tiff.vn\/index.php?rest_route=%2Fwp%2Fv2%2Fproduct_tag&post=31110"}],"curies":[{"name":"wp","href":"https:\/\/api.w.org\/{rel}","templated":true}]}}