{"id":31115,"date":"2024-05-31T14:39:59","date_gmt":"2024-05-31T14:39:59","guid":{"rendered":"https:\/\/tiff.vn\/?post_type=product&#038;p=31115"},"modified":"2024-06-27T04:35:37","modified_gmt":"2024-06-27T04:35:37","slug":"combo-hoa-cuoi-ms07-t42","status":"publish","type":"product","link":"https:\/\/tiff.vn\/?product=combo-hoa-cuoi-ms07-t42","title":{"rendered":"Combo Hoa c\u01b0\u1edbi MS07 &#8211; T42"},"content":{"rendered":"<p><strong>Combo Hoa C\u01b0\u1edbi MS07<\/strong> l\u00e0 s\u1ef1 k\u1ebft h\u1ee3p B\u00f3 hoa c\u01b0\u1edbi Peony T02 v\u00e0 M\u1eabu hoa xe c\u01b0\u1edbi X01 mang \u0111\u1ebfn s\u1ef1 cao c\u1ea5p v\u00e0 th\u1eddi th\u01b0\u1ee3ng nh\u01b0 \u0111i\u1ec3m nh\u1ea5n cho \u0111\u00e1m c\u01b0\u1edbi c\u1ee7a b\u1ea1n. Combo c\u01b0\u1edbi s\u1eed d\u1ee5ng nh\u1eefng b\u00f4ng hoa m\u1eabu \u0111\u01a1n ki\u00eau sa s\u1ebd l\u00e0 \u0111i\u1ec3m nh\u1ea5n n\u1ed5i b\u1eadt cho nh\u1eefng c\u00f4 d\u00e2u cao qu\u00fd, nh\u1eb9 nh\u00e0ng v\u00e0 tinh t\u1ebf. C\u00f9ng v\u1edbi \u0111\u00f3 l\u00e0 m\u1eabu hoa xe \u0111\u1ed9c \u0111\u00e1o, sang tr\u1ecdng \u0111i theo phong c\u00e1ch c\u1eafm v\u1ea1t ch\u00e9o c\u1ea7u k\u00ec s\u1ebd l\u00e0 m\u1eabu hoa c\u01b0\u1edbi ho\u00e0n h\u1ea3o mang \u0111\u1ebfn m\u00e0u s\u1eafc h\u1ea1nh ph\u00fac, r\u1ef1c r\u1ee1 cho l\u1ec5 th\u00e0nh h\u00f4n c\u1ee7a b\u1ea1n.<\/p>\n<p><strong>C\u00e1c lo\u1ea1i hoa s\u1eed d\u1ee5ng: <\/strong><\/p>\n<p>+ Hoa M\u1eabu \u0110\u01a1n H\u00e0 Lan<\/p>\n<p>+ Hoa Lan H\u1ed3 \u0110i\u1ec7p tr\u1eafng nh\u1eadp kh\u1ea9u<\/p>\n<p>+ Hoa Mao L\u01b0\u01a1ng Tr\u1eafng, h\u1ed3ng nh\u1eadp kh\u1ea9u<\/p>\n<p>+ Hoa Thanh Li\u1ec5u Tr\u1eafng nh\u1eadp kh\u1ea9u<\/p>\n<p>+ Hoa H\u1ed3ng Pink Ohara nh\u1eadp kh\u1ea9u<\/p>\n<p>+ Lan t\u01b0\u1eddng xo\u0103n, cam h\u1ed3ng tr\u1eafng<\/p>\n<p>+ Hoa Phi Y\u1ebfn tr\u1eafng<\/p>\n<p>+ Hoa H\u1ed3ng kem<\/p>\n<p>C\u00e1c lo\u1ea1i hoa l\u00e1 ph\u1ee5 c\u00e1o c\u1ea5p kh\u00e1c<\/p>\n<p><strong>TIFF Flowers cam k\u1ebft ch\u1ea5t l\u01b0\u1ee3ng hoa tr\u00ean t\u1eebng s\u1ea3n ph\u1ea9m \u0111\u01b0\u1ee3c giao \u0111\u1ebfn tay kh\u00e1ch h\u00e0ng! <\/strong><\/p>\n<p><strong>L\u01b0u \u00fd: Gi\u00e1 s\u1ea3n ph\u1ea9m ch\u01b0a bao g\u1ed3m VAT.<\/strong><\/p>\n<p>TIFFANY WEDDING &amp; EVENT \u2013 MORE THAN YOU EXPECT<\/p>\n<p>Hotline: 0836 999 088 &#8211; 0836 888 099<\/p>\n<p>Address:<\/p>\n<ul>\n<li>H\u00e0 N\u1ed9i: 125 Nghi T\u00e0m, T\u00e2y H\u1ed3<\/li>\n<li>H\u1ed3 Ch\u00ed Minh: 180\/45 Nguy\u1ec5n H\u1eefu C\u1ea3nh, P22, Q B\u00ecnh Th\u1ea1nh<\/li>\n<\/ul>\n<p>Website: https:\/\/tiff.vn\/<\/p>\n<p>Contact us for booking appointment<\/p>\n","protected":false},"excerpt":{"rendered":"<p>Tone Tr\u1eafng H\u1ed3ng<\/p>\n<p>Sang tr\u1ecdng, quy\u1ebfn r\u0169<\/p>\n<p>C\u00e1c lo\u1ea1i hoa s\u1eed d\u1ee5ng:<\/p>\n<p>+ Hoa M\u1eabu \u0110\u01a1n H\u00e0 Lan<\/p>\n<p>+ Hoa Lan H\u1ed3 \u0110i\u1ec7p tr\u1eafng nh\u1eadp kh\u1ea9u<\/p>\n<p>+ Hoa Mao L\u01b0\u01a1ng Tr\u1eafng, h\u1ed3ng nh\u1eadp kh\u1ea9u<\/p>\n<p>+ Hoa Thanh Li\u1ec5u Tr\u1eafng nh\u1eadp kh\u1ea9u<\/p>\n<p>+ Hoa H\u1ed3ng Pink Ohara nh\u1eadp kh\u1ea9u<\/p>\n<p>+ Lan t\u01b0\u1eddng xo\u0103n, cam h\u1ed3ng tr\u1eafng<\/p>\n<p>+ Hoa Phi Y\u1ebfn tr\u1eafng<\/p>\n<p>+ Hoa H\u1ed3ng kem<\/p>\n<p>C\u00e1c lo\u1ea1i hoa l\u00e1 ph\u1ee5 cao c\u1ea5p kh\u00e1c<\/p>\n<p><em>T\u1eb7ng mi\u1ec5n ph\u00ed thi\u1ec7p \u2013 banner ch\u00fac m\u1eebng thi\u1ebft k\u1ebf (vui l\u00f2ng ghi r\u00f5 \u1edf m\u1ee5c ghi ch\u00fa). <\/em><\/p>\n<p><em>Giao hoa g\u1ea5p trong m\u1ed9t gi\u1edd. <\/em><\/p>\n<p><em>Cam k\u1ebft 100% ho\u00e0n ti\u1ec1n n\u1ebfu b\u1ea1n kh\u00f4ng h\u00e0i l\u00f2ng.<\/em><\/p>\n<p>TIFFANY WEDDING &amp; EVENT \u2013 MORE THAN YOU EXPECT<\/p>\n<p>Hotline: 0836 999 088 &#8211; 0836 888 099<\/p>\n<p>Address:<\/p>\n<ul>\n<li>H\u00e0 N\u1ed9i: 125 Nghi T\u00e0m, T\u00e2y H\u1ed3<\/li>\n<li>H\u1ed3 Ch\u00ed Minh: 180\/45 Nguy\u1ec5n H\u1eefu C\u1ea3nh, P22, Q B\u00ecnh Th\u1ea1nh<\/li>\n<\/ul>\n<p>Website: https:\/\/tiff.vn\/<\/p>\n<p>Contact us for booking appointment<\/p>\n","protected":false},"featured_media":40062,"comment_status":"closed","ping_status":"closed","template":"","meta":{"_acf_changed":false},"product_brand":[],"product_cat":[362,381],"product_tag":[],"class_list":{"0":"post-31115","1":"product","2":"type-product","3":"status-publish","4":"has-post-thumbnail","6":"product_cat-hoa-cuoi","7":"product_cat-combo-hoa-cam-tay-hoa-xe-cuoi","9":"first","10":"instock","11":"sale","12":"shipping-taxable","13":"purchasable","14":"product-type-simple"},"acf":[],"yoast_head":"<!-- This site is optimized with the Yoast SEO plugin v25.0 - https:\/\/yoast.com\/wordpress\/plugins\/seo\/ -->\n<title>B\u00f3 hoa tay c\u01b0\u1edbi v\u00e0 xe c\u01b0\u1edbi sang tr\u1ecdng - \u0110i\u1ec7n hoa t\u01b0\u01a1i online 24h<\/title>\n<meta name=\"description\" content=\"Combo c\u01b0\u1edbi s\u1eed d\u1ee5ng nh\u1eefng b\u00f4ng hoa M\u1eabu \u0110\u01a1n v\u00e0 Lan H\u1ed3 \u0110i\u1ec7p ki\u00eau sa s\u1ebd l\u00e0 \u0111i\u1ec3m nh\u1ea5n n\u1ed5i b\u1eadt cho nh\u1eefng c\u00f4 d\u00e2u cao qu\u00fd, nh\u1eb9 nh\u00e0ng v\u00e0 tinh t\u1ebf.\" \/>\n<meta name=\"robots\" content=\"index, follow, max-snippet:-1, max-image-preview:large, max-video-preview:-1\" \/>\n<link rel=\"canonical\" href=\"https:\/\/tiff.vn\/?product=combo-hoa-cuoi-ms07-t42\" \/>\n<meta property=\"og:locale\" content=\"vi_VN\" \/>\n<meta property=\"og:type\" content=\"article\" \/>\n<meta property=\"og:title\" content=\"B\u00f3 hoa tay c\u01b0\u1edbi v\u00e0 xe c\u01b0\u1edbi sang tr\u1ecdng - \u0110i\u1ec7n hoa t\u01b0\u01a1i online 24h\" \/>\n<meta property=\"og:description\" content=\"Combo c\u01b0\u1edbi s\u1eed d\u1ee5ng nh\u1eefng b\u00f4ng hoa M\u1eabu \u0110\u01a1n v\u00e0 Lan H\u1ed3 \u0110i\u1ec7p ki\u00eau sa s\u1ebd l\u00e0 \u0111i\u1ec3m nh\u1ea5n n\u1ed5i b\u1eadt cho nh\u1eefng c\u00f4 d\u00e2u cao qu\u00fd, nh\u1eb9 nh\u00e0ng v\u00e0 tinh t\u1ebf.\" \/>\n<meta property=\"og:url\" content=\"https:\/\/tiff.vn\/?product=combo-hoa-cuoi-ms07-t42\" \/>\n<meta property=\"og:site_name\" content=\"Tiff Planner | Tiffany Wedding &amp; Event\" \/>\n<meta property=\"article:modified_time\" content=\"2024-06-27T04:35:37+00:00\" \/>\n<meta property=\"og:image\" content=\"https:\/\/tiff.vn\/wp-content\/uploads\/2024\/06\/Combo-Hoa-cuoi-MS07-T422.jpg\" \/>\n\t<meta property=\"og:image:width\" content=\"900\" \/>\n\t<meta property=\"og:image:height\" content=\"900\" \/>\n\t<meta property=\"og:image:type\" content=\"image\/jpeg\" \/>\n<meta name=\"twitter:card\" content=\"summary_large_image\" \/>\n<meta name=\"twitter:label1\" content=\"\u01af\u1edbc t\u00ednh th\u1eddi gian \u0111\u1ecdc\" \/>\n\t<meta name=\"twitter:data1\" content=\"2 ph\u00fat\" \/>\n<script type=\"application\/ld+json\" class=\"yoast-schema-graph\">{\"@context\":\"https:\/\/schema.org\",\"@graph\":[{\"@type\":\"WebPage\",\"@id\":\"https:\/\/tiff.vn\/?product=combo-hoa-cuoi-ms07-t42\",\"url\":\"https:\/\/tiff.vn\/?product=combo-hoa-cuoi-ms07-t42\",\"name\":\"B\u00f3 hoa tay c\u01b0\u1edbi v\u00e0 xe c\u01b0\u1edbi sang tr\u1ecdng - \u0110i\u1ec7n hoa t\u01b0\u01a1i online 24h\",\"isPartOf\":{\"@id\":\"http:\/\/103.159.50.39\/#website\"},\"primaryImageOfPage\":{\"@id\":\"https:\/\/tiff.vn\/?product=combo-hoa-cuoi-ms07-t42#primaryimage\"},\"image\":{\"@id\":\"https:\/\/tiff.vn\/?product=combo-hoa-cuoi-ms07-t42#primaryimage\"},\"thumbnailUrl\":\"https:\/\/tiff.vn\/wp-content\/uploads\/2024\/06\/Combo-Hoa-cuoi-MS07-T422.jpg\",\"datePublished\":\"2024-05-31T14:39:59+00:00\",\"dateModified\":\"2024-06-27T04:35:37+00:00\",\"description\":\"Combo c\u01b0\u1edbi s\u1eed d\u1ee5ng nh\u1eefng b\u00f4ng hoa M\u1eabu \u0110\u01a1n v\u00e0 Lan H\u1ed3 \u0110i\u1ec7p ki\u00eau sa s\u1ebd l\u00e0 \u0111i\u1ec3m nh\u1ea5n n\u1ed5i b\u1eadt cho nh\u1eefng c\u00f4 d\u00e2u cao qu\u00fd, nh\u1eb9 nh\u00e0ng v\u00e0 tinh t\u1ebf.\",\"breadcrumb\":{\"@id\":\"https:\/\/tiff.vn\/?product=combo-hoa-cuoi-ms07-t42#breadcrumb\"},\"inLanguage\":\"vi\",\"potentialAction\":[{\"@type\":\"ReadAction\",\"target\":[\"https:\/\/tiff.vn\/?product=combo-hoa-cuoi-ms07-t42\"]}]},{\"@type\":\"ImageObject\",\"inLanguage\":\"vi\",\"@id\":\"https:\/\/tiff.vn\/?product=combo-hoa-cuoi-ms07-t42#primaryimage\",\"url\":\"https:\/\/tiff.vn\/wp-content\/uploads\/2024\/06\/Combo-Hoa-cuoi-MS07-T422.jpg\",\"contentUrl\":\"https:\/\/tiff.vn\/wp-content\/uploads\/2024\/06\/Combo-Hoa-cuoi-MS07-T422.jpg\",\"width\":900,\"height\":900},{\"@type\":\"BreadcrumbList\",\"@id\":\"https:\/\/tiff.vn\/?product=combo-hoa-cuoi-ms07-t42#breadcrumb\",\"itemListElement\":[{\"@type\":\"ListItem\",\"position\":1,\"name\":\"Home\",\"item\":\"http:\/\/103.159.50.39\/\"},{\"@type\":\"ListItem\",\"position\":2,\"name\":\"S\u1ea3n ph\u1ea9m\",\"item\":\"https:\/\/tiff.vn\/?post_type=product\"},{\"@type\":\"ListItem\",\"position\":3,\"name\":\"Combo Hoa c\u01b0\u1edbi MS07 &#8211; T42\"}]},{\"@type\":\"WebSite\",\"@id\":\"http:\/\/103.159.50.39\/#website\",\"url\":\"http:\/\/103.159.50.39\/\",\"name\":\"Tiff Wedding Planner & Decoration\",\"description\":\"Top Wedding &amp; Event Planner h\u00e0ng \u0111\u1ea7u Vi\u1ec7t Nam - Ti\u00ean phong ki\u1ebfn t\u1ea1o nh\u1eefng \u0111\u00e1m c\u01b0\u1edbi \u0111\u1ed9c b\u1ea3n v\u00e0 s\u1ef1 ki\u1ec7n \u0111\u1eb3ng c\u1ea5p\",\"publisher\":{\"@id\":\"http:\/\/103.159.50.39\/#organization\"},\"alternateName\":\"Tiff Wedding Planner & Decoration\",\"potentialAction\":[{\"@type\":\"SearchAction\",\"target\":{\"@type\":\"EntryPoint\",\"urlTemplate\":\"http:\/\/103.159.50.39\/?s={search_term_string}\"},\"query-input\":{\"@type\":\"PropertyValueSpecification\",\"valueRequired\":true,\"valueName\":\"search_term_string\"}}],\"inLanguage\":\"vi\"},{\"@type\":\"Organization\",\"@id\":\"http:\/\/103.159.50.39\/#organization\",\"name\":\"Tiff Wedding Planner & Decoration\",\"url\":\"http:\/\/103.159.50.39\/\",\"logo\":{\"@type\":\"ImageObject\",\"inLanguage\":\"vi\",\"@id\":\"http:\/\/103.159.50.39\/#\/schema\/logo\/image\/\",\"url\":\"https:\/\/tiff.vn\/wp-content\/uploads\/2023\/05\/logo_main.png\",\"contentUrl\":\"https:\/\/tiff.vn\/wp-content\/uploads\/2023\/05\/logo_main.png\",\"width\":228,\"height\":64,\"caption\":\"Tiff Wedding Planner & Decoration\"},\"image\":{\"@id\":\"http:\/\/103.159.50.39\/#\/schema\/logo\/image\/\"}}]}<\/script>\n<!-- \/ Yoast SEO plugin. -->","yoast_head_json":{"title":"B\u00f3 hoa tay c\u01b0\u1edbi v\u00e0 xe c\u01b0\u1edbi sang tr\u1ecdng - \u0110i\u1ec7n hoa t\u01b0\u01a1i online 24h","description":"Combo c\u01b0\u1edbi s\u1eed d\u1ee5ng nh\u1eefng b\u00f4ng hoa M\u1eabu \u0110\u01a1n v\u00e0 Lan H\u1ed3 \u0110i\u1ec7p ki\u00eau sa s\u1ebd l\u00e0 \u0111i\u1ec3m nh\u1ea5n n\u1ed5i b\u1eadt cho nh\u1eefng c\u00f4 d\u00e2u cao qu\u00fd, nh\u1eb9 nh\u00e0ng v\u00e0 tinh t\u1ebf.","robots":{"index":"index","follow":"follow","max-snippet":"max-snippet:-1","max-image-preview":"max-image-preview:large","max-video-preview":"max-video-preview:-1"},"canonical":"https:\/\/tiff.vn\/?product=combo-hoa-cuoi-ms07-t42","og_locale":"vi_VN","og_type":"article","og_title":"B\u00f3 hoa tay c\u01b0\u1edbi v\u00e0 xe c\u01b0\u1edbi sang tr\u1ecdng - \u0110i\u1ec7n hoa t\u01b0\u01a1i online 24h","og_description":"Combo c\u01b0\u1edbi s\u1eed d\u1ee5ng nh\u1eefng b\u00f4ng hoa M\u1eabu \u0110\u01a1n v\u00e0 Lan H\u1ed3 \u0110i\u1ec7p ki\u00eau sa s\u1ebd l\u00e0 \u0111i\u1ec3m nh\u1ea5n n\u1ed5i b\u1eadt cho nh\u1eefng c\u00f4 d\u00e2u cao qu\u00fd, nh\u1eb9 nh\u00e0ng v\u00e0 tinh t\u1ebf.","og_url":"https:\/\/tiff.vn\/?product=combo-hoa-cuoi-ms07-t42","og_site_name":"Tiff Planner | Tiffany Wedding &amp; Event","article_modified_time":"2024-06-27T04:35:37+00:00","og_image":[{"width":900,"height":900,"url":"https:\/\/tiff.vn\/wp-content\/uploads\/2024\/06\/Combo-Hoa-cuoi-MS07-T422.jpg","type":"image\/jpeg"}],"twitter_card":"summary_large_image","twitter_misc":{"\u01af\u1edbc t\u00ednh th\u1eddi gian \u0111\u1ecdc":"2 ph\u00fat"},"schema":{"@context":"https:\/\/schema.org","@graph":[{"@type":"WebPage","@id":"https:\/\/tiff.vn\/?product=combo-hoa-cuoi-ms07-t42","url":"https:\/\/tiff.vn\/?product=combo-hoa-cuoi-ms07-t42","name":"B\u00f3 hoa tay c\u01b0\u1edbi v\u00e0 xe c\u01b0\u1edbi sang tr\u1ecdng - \u0110i\u1ec7n hoa t\u01b0\u01a1i online 24h","isPartOf":{"@id":"http:\/\/103.159.50.39\/#website"},"primaryImageOfPage":{"@id":"https:\/\/tiff.vn\/?product=combo-hoa-cuoi-ms07-t42#primaryimage"},"image":{"@id":"https:\/\/tiff.vn\/?product=combo-hoa-cuoi-ms07-t42#primaryimage"},"thumbnailUrl":"https:\/\/tiff.vn\/wp-content\/uploads\/2024\/06\/Combo-Hoa-cuoi-MS07-T422.jpg","datePublished":"2024-05-31T14:39:59+00:00","dateModified":"2024-06-27T04:35:37+00:00","description":"Combo c\u01b0\u1edbi s\u1eed d\u1ee5ng nh\u1eefng b\u00f4ng hoa M\u1eabu \u0110\u01a1n v\u00e0 Lan H\u1ed3 \u0110i\u1ec7p ki\u00eau sa s\u1ebd l\u00e0 \u0111i\u1ec3m nh\u1ea5n n\u1ed5i b\u1eadt cho nh\u1eefng c\u00f4 d\u00e2u cao qu\u00fd, nh\u1eb9 nh\u00e0ng v\u00e0 tinh t\u1ebf.","breadcrumb":{"@id":"https:\/\/tiff.vn\/?product=combo-hoa-cuoi-ms07-t42#breadcrumb"},"inLanguage":"vi","potentialAction":[{"@type":"ReadAction","target":["https:\/\/tiff.vn\/?product=combo-hoa-cuoi-ms07-t42"]}]},{"@type":"ImageObject","inLanguage":"vi","@id":"https:\/\/tiff.vn\/?product=combo-hoa-cuoi-ms07-t42#primaryimage","url":"https:\/\/tiff.vn\/wp-content\/uploads\/2024\/06\/Combo-Hoa-cuoi-MS07-T422.jpg","contentUrl":"https:\/\/tiff.vn\/wp-content\/uploads\/2024\/06\/Combo-Hoa-cuoi-MS07-T422.jpg","width":900,"height":900},{"@type":"BreadcrumbList","@id":"https:\/\/tiff.vn\/?product=combo-hoa-cuoi-ms07-t42#breadcrumb","itemListElement":[{"@type":"ListItem","position":1,"name":"Home","item":"http:\/\/103.159.50.39\/"},{"@type":"ListItem","position":2,"name":"S\u1ea3n ph\u1ea9m","item":"https:\/\/tiff.vn\/?post_type=product"},{"@type":"ListItem","position":3,"name":"Combo Hoa c\u01b0\u1edbi MS07 &#8211; T42"}]},{"@type":"WebSite","@id":"http:\/\/103.159.50.39\/#website","url":"http:\/\/103.159.50.39\/","name":"Tiff Wedding Planner & Decoration","description":"Top Wedding &amp; Event Planner h\u00e0ng \u0111\u1ea7u Vi\u1ec7t Nam - Ti\u00ean phong ki\u1ebfn t\u1ea1o nh\u1eefng \u0111\u00e1m c\u01b0\u1edbi \u0111\u1ed9c b\u1ea3n v\u00e0 s\u1ef1 ki\u1ec7n \u0111\u1eb3ng c\u1ea5p","publisher":{"@id":"http:\/\/103.159.50.39\/#organization"},"alternateName":"Tiff Wedding Planner & Decoration","potentialAction":[{"@type":"SearchAction","target":{"@type":"EntryPoint","urlTemplate":"http:\/\/103.159.50.39\/?s={search_term_string}"},"query-input":{"@type":"PropertyValueSpecification","valueRequired":true,"valueName":"search_term_string"}}],"inLanguage":"vi"},{"@type":"Organization","@id":"http:\/\/103.159.50.39\/#organization","name":"Tiff Wedding Planner & Decoration","url":"http:\/\/103.159.50.39\/","logo":{"@type":"ImageObject","inLanguage":"vi","@id":"http:\/\/103.159.50.39\/#\/schema\/logo\/image\/","url":"https:\/\/tiff.vn\/wp-content\/uploads\/2023\/05\/logo_main.png","contentUrl":"https:\/\/tiff.vn\/wp-content\/uploads\/2023\/05\/logo_main.png","width":228,"height":64,"caption":"Tiff Wedding Planner & Decoration"},"image":{"@id":"http:\/\/103.159.50.39\/#\/schema\/logo\/image\/"}}]}},"_links":{"self":[{"href":"https:\/\/tiff.vn\/index.php?rest_route=\/wp\/v2\/product\/31115","targetHints":{"allow":["GET"]}}],"collection":[{"href":"https:\/\/tiff.vn\/index.php?rest_route=\/wp\/v2\/product"}],"about":[{"href":"https:\/\/tiff.vn\/index.php?rest_route=\/wp\/v2\/types\/product"}],"replies":[{"embeddable":true,"href":"https:\/\/tiff.vn\/index.php?rest_route=%2Fwp%2Fv2%2Fcomments&post=31115"}],"version-history":[{"count":0,"href":"https:\/\/tiff.vn\/index.php?rest_route=\/wp\/v2\/product\/31115\/revisions"}],"wp:featuredmedia":[{"embeddable":true,"href":"https:\/\/tiff.vn\/index.php?rest_route=\/wp\/v2\/media\/40062"}],"wp:attachment":[{"href":"https:\/\/tiff.vn\/index.php?rest_route=%2Fwp%2Fv2%2Fmedia&parent=31115"}],"wp:term":[{"taxonomy":"product_brand","embeddable":true,"href":"https:\/\/tiff.vn\/index.php?rest_route=%2Fwp%2Fv2%2Fproduct_brand&post=31115"},{"taxonomy":"product_cat","embeddable":true,"href":"https:\/\/tiff.vn\/index.php?rest_route=%2Fwp%2Fv2%2Fproduct_cat&post=31115"},{"taxonomy":"product_tag","embeddable":true,"href":"https:\/\/tiff.vn\/index.php?rest_route=%2Fwp%2Fv2%2Fproduct_tag&post=31115"}],"curies":[{"name":"wp","href":"https:\/\/api.w.org\/{rel}","templated":true}]}}