{"id":31117,"date":"2024-05-31T14:39:59","date_gmt":"2024-05-31T14:39:59","guid":{"rendered":"https:\/\/tiff.vn\/?post_type=product&#038;p=31117"},"modified":"2024-06-28T09:41:44","modified_gmt":"2024-06-28T09:41:44","slug":"combo-hoa-cuoi-ms09-t44","status":"publish","type":"product","link":"https:\/\/tiff.vn\/?product=combo-hoa-cuoi-ms09-t44","title":{"rendered":"Combo Hoa c\u01b0\u1edbi MS09 &#8211; T44"},"content":{"rendered":"<p><strong>Combo Hoa C\u01b0\u1edbi MS09<\/strong> g\u00e2y d\u1ea5u \u1ea5n \u0111\u1eb7c bi\u1ec7t b\u1edfi vi\u1ec7c k\u1ebft h\u1ee3p hoa sen \u0111\u00e1 v\u00e0o m\u1eabu hoa tay c\u01b0\u1edbi v\u00e0 xe c\u01b0\u1edbi. Hoa sen \u0111\u00e1 l\u00e0 lo\u1ea1i hoa \u0111\u01b0\u1ee3c \u01b0a chu\u1ed9ng b\u1edfi s\u1ee9c s\u1ed1ng m\u00e3nh li\u1ec7t c\u0169ng gi\u1ed1ng nh\u01b0 1 t\u00ecnh y\u00eau \u0111\u1eb9p, d\u00f9 tr\u1ea3i qua bao gian nan th\u1eed th\u00e1ch nh\u01b0ng v\u1eabn b\u1ec1n v\u1eefng v\u00e0 t\u1ed3n t\u1ea1i m\u00e3i m\u00e3i theo th\u1eddi gian. \u0110\u1ec1u l\u00e0 nh\u1eefng lo\u1ea1i hoa t\u01b0\u1ee3ng tr\u01b0ng cho t\u00ecnh y\u00eau, n\u1ebfu nh\u01b0 b\u00f4ng h\u1ed3ng mang v\u1ebb \u0111\u1eb9p l\u1ed9ng l\u1eaby ki\u00eau sa, th\u00ec hoa \u0111\u00e1 s\u1ebd chinh ph\u1ee5c b\u1ea1n b\u1eb1ng n\u00e9t m\u1ed9c m\u1ea1c ch\u00e2n th\u00e0nh nh\u01b0ng thu\u1ea7n khi\u1ebft.<\/p>\n<p><img fetchpriority=\"high\" class=\"aligncenter wp-image-6901 size-large\" src=\"https:\/\/tiff.vn\/wp-content\/uploads\/2020\/08\/hoatayMS09-640x800.jpg\" alt=\"\" width=\"640\" height=\"800\" \/><\/p>\n<p><img class=\"aligncenter wp-image-6902 size-large\" src=\"https:\/\/tiff.vn\/wp-content\/uploads\/2020\/08\/HoaxeMS09-762x800.jpg\" alt=\"\" width=\"762\" height=\"800\" \/><\/p>\n<p>&nbsp;<\/p>\n<p><strong>C\u00e1c lo\u1ea1i hoa s\u1eed d\u1ee5ng:<\/strong><\/p>\n<p>+ Hoa sen \u0111\u00e1<\/p>\n<p>+ Hoa H\u1ed3ng tr\u1eafng nh\u1eadp kh\u1ea9u<\/p>\n<p>+ Hoa lan t\u01b0\u1eddng<\/p>\n<p>+ Hoa phi y\u1ebfn<\/p>\n<p>+ Hoa Baby nh\u1eadp kh\u1ea9u<\/p>\n<p>C\u00e1c lo\u1ea1i hoa l\u00e1 ph\u1ee5 c\u00e1o c\u1ea5p kh\u00e1c<\/p>\n<p><strong>TIFF Flowers cam k\u1ebft ch\u1ea5t l\u01b0\u1ee3ng hoa tr\u00ean t\u1eebng s\u1ea3n ph\u1ea9m \u0111\u01b0\u1ee3c giao \u0111\u1ebfn tay kh\u00e1ch h\u00e0ng! <\/strong><\/p>\n<p><strong>L\u01b0u \u00fd: Gi\u00e1 s\u1ea3n ph\u1ea9m ch\u01b0a bao g\u1ed3m VAT.<\/strong><\/p>\n<p>TIFFANY WEDDING &amp; EVENT \u2013 MORE THAN YOU EXPECT<\/p>\n<p>Hotline: 0836 999 088 &#8211; 0836 888 099<\/p>\n<p>Address:<\/p>\n<ul>\n<li>H\u00e0 N\u1ed9i: 125 Nghi T\u00e0m, T\u00e2y H\u1ed3<\/li>\n<li>H\u1ed3 Ch\u00ed Minh: 180\/45 Nguy\u1ec5n H\u1eefu C\u1ea3nh, P22, Q B\u00ecnh Th\u1ea1nh<\/li>\n<\/ul>\n<p>Website: https:\/\/tiff.vn\/<\/p>\n<p>Contact us for booking appointment<\/p>\n","protected":false},"excerpt":{"rendered":"<p>Tone Tr\u1eafng Xanh<\/p>\n<p>Thu\u1ea7n khi\u1ebft, tinh t\u1ebf.<\/p>\n<p>C\u00e1c lo\u1ea1i hoa s\u1eed d\u1ee5ng:<\/p>\n<p>+ Hoa sen \u0111\u00e1<\/p>\n<p>+ Hoa H\u1ed3ng tr\u1eafng nh\u1eadp kh\u1ea9u<\/p>\n<p>+ Hoa lan t\u01b0\u1eddng<\/p>\n<p>+ Hoa phi y\u1ebfn<\/p>\n<p>+ Hoa Baby nh\u1eadp kh\u1ea9u<\/p>\n<p>C\u00e1c lo\u1ea1i hoa l\u00e1 ph\u1ee5 cao c\u1ea5p kh\u00e1c<\/p>\n<p><em>T\u1eb7ng mi\u1ec5n ph\u00ed thi\u1ec7p \u2013 banner ch\u00fac m\u1eebng thi\u1ebft k\u1ebf (vui l\u00f2ng ghi r\u00f5 \u1edf m\u1ee5c ghi ch\u00fa). <\/em><\/p>\n<p><em>Giao hoa g\u1ea5p trong m\u1ed9t gi\u1edd. <\/em><\/p>\n<p><em>Cam k\u1ebft 100% ho\u00e0n ti\u1ec1n n\u1ebfu b\u1ea1n kh\u00f4ng h\u00e0i l\u00f2ng.<\/em><\/p>\n<p>TIFFANY WEDDING &amp; EVENT \u2013 MORE THAN YOU EXPECT<\/p>\n<p>Hotline: 0836 999 088 &#8211; 0836 888 099<\/p>\n<p>Address:<\/p>\n<ul>\n<li>H\u00e0 N\u1ed9i: 125 Nghi T\u00e0m, T\u00e2y H\u1ed3<\/li>\n<li>H\u1ed3 Ch\u00ed Minh: 180\/45 Nguy\u1ec5n H\u1eefu C\u1ea3nh, P22, Q B\u00ecnh Th\u1ea1nh<\/li>\n<\/ul>\n<p>Website: https:\/\/tiff.vn\/<\/p>\n<p>Contact us for booking appointment<\/p>\n<div class=\"ddict_btn\" style=\"top: 531px; left: 225.984px;\"><\/div>\n","protected":false},"featured_media":40068,"comment_status":"closed","ping_status":"closed","template":"","meta":{"_acf_changed":false},"product_brand":[],"product_cat":[362,381],"product_tag":[],"class_list":{"0":"post-31117","1":"product","2":"type-product","3":"status-publish","4":"has-post-thumbnail","6":"product_cat-hoa-cuoi","7":"product_cat-combo-hoa-cam-tay-hoa-xe-cuoi","9":"first","10":"instock","11":"sale","12":"shipping-taxable","13":"purchasable","14":"product-type-simple"},"acf":[],"yoast_head":"<!-- This site is optimized with the Yoast SEO plugin v25.0 - https:\/\/yoast.com\/wordpress\/plugins\/seo\/ -->\n<title>Hoa xe c\u01b0\u1edbi v\u00e0 tay c\u01b0\u1edbi \u0111\u01b0\u1ee3c y\u00eau th\u00edch nh\u1ea5t 2019 - \u0110i\u1ec7n hoa t\u01b0\u01a1i online 24h<\/title>\n<meta name=\"description\" content=\"Combo Hoa C\u01b0\u1edbi g\u00e2y d\u1ea5u \u1ea5n \u0111\u1eb7c bi\u1ec7t b\u1edfi vi\u1ec7c k\u1ebft h\u1ee3p hoa sen \u0111\u00e1 v\u00e0o m\u1eabu hoa tay c\u01b0\u1edbi v\u00e0 xe c\u01b0\u1edbi hoa \u0111\u00e1 mang \u0111\u1ebfn n\u00e9t \u0111\u1eb9p m\u1ed9c m\u1ea1c ch\u00e2n th\u00e0nh nh\u01b0ng thu\u1ea7n khi\u1ebft\" \/>\n<meta name=\"robots\" content=\"index, follow, max-snippet:-1, max-image-preview:large, max-video-preview:-1\" \/>\n<link rel=\"canonical\" href=\"https:\/\/tiff.vn\/?product=combo-hoa-cuoi-ms09-t44\" \/>\n<meta property=\"og:locale\" content=\"vi_VN\" \/>\n<meta property=\"og:type\" content=\"article\" \/>\n<meta property=\"og:title\" content=\"Hoa xe c\u01b0\u1edbi v\u00e0 tay c\u01b0\u1edbi \u0111\u01b0\u1ee3c y\u00eau th\u00edch nh\u1ea5t 2019 - \u0110i\u1ec7n hoa t\u01b0\u01a1i online 24h\" \/>\n<meta property=\"og:description\" content=\"Combo Hoa C\u01b0\u1edbi g\u00e2y d\u1ea5u \u1ea5n \u0111\u1eb7c bi\u1ec7t b\u1edfi vi\u1ec7c k\u1ebft h\u1ee3p hoa sen \u0111\u00e1 v\u00e0o m\u1eabu hoa tay c\u01b0\u1edbi v\u00e0 xe c\u01b0\u1edbi hoa \u0111\u00e1 mang \u0111\u1ebfn n\u00e9t \u0111\u1eb9p m\u1ed9c m\u1ea1c ch\u00e2n th\u00e0nh nh\u01b0ng thu\u1ea7n khi\u1ebft\" \/>\n<meta property=\"og:url\" content=\"https:\/\/tiff.vn\/?product=combo-hoa-cuoi-ms09-t44\" \/>\n<meta property=\"og:site_name\" content=\"Tiff Planner | Tiffany Wedding &amp; Event\" \/>\n<meta property=\"article:modified_time\" content=\"2024-06-28T09:41:44+00:00\" \/>\n<meta property=\"og:image\" content=\"https:\/\/tiff.vn\/wp-content\/uploads\/2024\/06\/Combo-Hoa-cuoi-MS09-T442.jpg\" \/>\n\t<meta property=\"og:image:width\" content=\"900\" \/>\n\t<meta property=\"og:image:height\" content=\"900\" \/>\n\t<meta property=\"og:image:type\" content=\"image\/jpeg\" \/>\n<meta name=\"twitter:card\" content=\"summary_large_image\" \/>\n<meta name=\"twitter:label1\" content=\"\u01af\u1edbc t\u00ednh th\u1eddi gian \u0111\u1ecdc\" \/>\n\t<meta name=\"twitter:data1\" content=\"1 ph\u00fat\" \/>\n<script type=\"application\/ld+json\" class=\"yoast-schema-graph\">{\"@context\":\"https:\/\/schema.org\",\"@graph\":[{\"@type\":\"WebPage\",\"@id\":\"https:\/\/tiff.vn\/?product=combo-hoa-cuoi-ms09-t44\",\"url\":\"https:\/\/tiff.vn\/?product=combo-hoa-cuoi-ms09-t44\",\"name\":\"Hoa xe c\u01b0\u1edbi v\u00e0 tay c\u01b0\u1edbi \u0111\u01b0\u1ee3c y\u00eau th\u00edch nh\u1ea5t 2019 - \u0110i\u1ec7n hoa t\u01b0\u01a1i online 24h\",\"isPartOf\":{\"@id\":\"http:\/\/103.159.50.39\/#website\"},\"primaryImageOfPage\":{\"@id\":\"https:\/\/tiff.vn\/?product=combo-hoa-cuoi-ms09-t44#primaryimage\"},\"image\":{\"@id\":\"https:\/\/tiff.vn\/?product=combo-hoa-cuoi-ms09-t44#primaryimage\"},\"thumbnailUrl\":\"https:\/\/tiff.vn\/wp-content\/uploads\/2024\/06\/Combo-Hoa-cuoi-MS09-T442.jpg\",\"datePublished\":\"2024-05-31T14:39:59+00:00\",\"dateModified\":\"2024-06-28T09:41:44+00:00\",\"description\":\"Combo Hoa C\u01b0\u1edbi g\u00e2y d\u1ea5u \u1ea5n \u0111\u1eb7c bi\u1ec7t b\u1edfi vi\u1ec7c k\u1ebft h\u1ee3p hoa sen \u0111\u00e1 v\u00e0o m\u1eabu hoa tay c\u01b0\u1edbi v\u00e0 xe c\u01b0\u1edbi hoa \u0111\u00e1 mang \u0111\u1ebfn n\u00e9t \u0111\u1eb9p m\u1ed9c m\u1ea1c ch\u00e2n th\u00e0nh nh\u01b0ng thu\u1ea7n khi\u1ebft\",\"breadcrumb\":{\"@id\":\"https:\/\/tiff.vn\/?product=combo-hoa-cuoi-ms09-t44#breadcrumb\"},\"inLanguage\":\"vi\",\"potentialAction\":[{\"@type\":\"ReadAction\",\"target\":[\"https:\/\/tiff.vn\/?product=combo-hoa-cuoi-ms09-t44\"]}]},{\"@type\":\"ImageObject\",\"inLanguage\":\"vi\",\"@id\":\"https:\/\/tiff.vn\/?product=combo-hoa-cuoi-ms09-t44#primaryimage\",\"url\":\"https:\/\/tiff.vn\/wp-content\/uploads\/2024\/06\/Combo-Hoa-cuoi-MS09-T442.jpg\",\"contentUrl\":\"https:\/\/tiff.vn\/wp-content\/uploads\/2024\/06\/Combo-Hoa-cuoi-MS09-T442.jpg\",\"width\":900,\"height\":900},{\"@type\":\"BreadcrumbList\",\"@id\":\"https:\/\/tiff.vn\/?product=combo-hoa-cuoi-ms09-t44#breadcrumb\",\"itemListElement\":[{\"@type\":\"ListItem\",\"position\":1,\"name\":\"Home\",\"item\":\"http:\/\/103.159.50.39\/\"},{\"@type\":\"ListItem\",\"position\":2,\"name\":\"S\u1ea3n ph\u1ea9m\",\"item\":\"https:\/\/tiff.vn\/?post_type=product\"},{\"@type\":\"ListItem\",\"position\":3,\"name\":\"Combo Hoa c\u01b0\u1edbi MS09 &#8211; T44\"}]},{\"@type\":\"WebSite\",\"@id\":\"http:\/\/103.159.50.39\/#website\",\"url\":\"http:\/\/103.159.50.39\/\",\"name\":\"Tiff Wedding Planner & Decoration\",\"description\":\"Top Wedding &amp; Event Planner h\u00e0ng \u0111\u1ea7u Vi\u1ec7t Nam - Ti\u00ean phong ki\u1ebfn t\u1ea1o nh\u1eefng \u0111\u00e1m c\u01b0\u1edbi \u0111\u1ed9c b\u1ea3n v\u00e0 s\u1ef1 ki\u1ec7n \u0111\u1eb3ng c\u1ea5p\",\"publisher\":{\"@id\":\"http:\/\/103.159.50.39\/#organization\"},\"alternateName\":\"Tiff Wedding Planner & Decoration\",\"potentialAction\":[{\"@type\":\"SearchAction\",\"target\":{\"@type\":\"EntryPoint\",\"urlTemplate\":\"http:\/\/103.159.50.39\/?s={search_term_string}\"},\"query-input\":{\"@type\":\"PropertyValueSpecification\",\"valueRequired\":true,\"valueName\":\"search_term_string\"}}],\"inLanguage\":\"vi\"},{\"@type\":\"Organization\",\"@id\":\"http:\/\/103.159.50.39\/#organization\",\"name\":\"Tiff Wedding Planner & Decoration\",\"url\":\"http:\/\/103.159.50.39\/\",\"logo\":{\"@type\":\"ImageObject\",\"inLanguage\":\"vi\",\"@id\":\"http:\/\/103.159.50.39\/#\/schema\/logo\/image\/\",\"url\":\"https:\/\/tiff.vn\/wp-content\/uploads\/2023\/05\/logo_main.png\",\"contentUrl\":\"https:\/\/tiff.vn\/wp-content\/uploads\/2023\/05\/logo_main.png\",\"width\":228,\"height\":64,\"caption\":\"Tiff Wedding Planner & Decoration\"},\"image\":{\"@id\":\"http:\/\/103.159.50.39\/#\/schema\/logo\/image\/\"}}]}<\/script>\n<!-- \/ Yoast SEO plugin. -->","yoast_head_json":{"title":"Hoa xe c\u01b0\u1edbi v\u00e0 tay c\u01b0\u1edbi \u0111\u01b0\u1ee3c y\u00eau th\u00edch nh\u1ea5t 2019 - \u0110i\u1ec7n hoa t\u01b0\u01a1i online 24h","description":"Combo Hoa C\u01b0\u1edbi g\u00e2y d\u1ea5u \u1ea5n \u0111\u1eb7c bi\u1ec7t b\u1edfi vi\u1ec7c k\u1ebft h\u1ee3p hoa sen \u0111\u00e1 v\u00e0o m\u1eabu hoa tay c\u01b0\u1edbi v\u00e0 xe c\u01b0\u1edbi hoa \u0111\u00e1 mang \u0111\u1ebfn n\u00e9t \u0111\u1eb9p m\u1ed9c m\u1ea1c ch\u00e2n th\u00e0nh nh\u01b0ng thu\u1ea7n khi\u1ebft","robots":{"index":"index","follow":"follow","max-snippet":"max-snippet:-1","max-image-preview":"max-image-preview:large","max-video-preview":"max-video-preview:-1"},"canonical":"https:\/\/tiff.vn\/?product=combo-hoa-cuoi-ms09-t44","og_locale":"vi_VN","og_type":"article","og_title":"Hoa xe c\u01b0\u1edbi v\u00e0 tay c\u01b0\u1edbi \u0111\u01b0\u1ee3c y\u00eau th\u00edch nh\u1ea5t 2019 - \u0110i\u1ec7n hoa t\u01b0\u01a1i online 24h","og_description":"Combo Hoa C\u01b0\u1edbi g\u00e2y d\u1ea5u \u1ea5n \u0111\u1eb7c bi\u1ec7t b\u1edfi vi\u1ec7c k\u1ebft h\u1ee3p hoa sen \u0111\u00e1 v\u00e0o m\u1eabu hoa tay c\u01b0\u1edbi v\u00e0 xe c\u01b0\u1edbi hoa \u0111\u00e1 mang \u0111\u1ebfn n\u00e9t \u0111\u1eb9p m\u1ed9c m\u1ea1c ch\u00e2n th\u00e0nh nh\u01b0ng thu\u1ea7n khi\u1ebft","og_url":"https:\/\/tiff.vn\/?product=combo-hoa-cuoi-ms09-t44","og_site_name":"Tiff Planner | Tiffany Wedding &amp; Event","article_modified_time":"2024-06-28T09:41:44+00:00","og_image":[{"width":900,"height":900,"url":"https:\/\/tiff.vn\/wp-content\/uploads\/2024\/06\/Combo-Hoa-cuoi-MS09-T442.jpg","type":"image\/jpeg"}],"twitter_card":"summary_large_image","twitter_misc":{"\u01af\u1edbc t\u00ednh th\u1eddi gian \u0111\u1ecdc":"1 ph\u00fat"},"schema":{"@context":"https:\/\/schema.org","@graph":[{"@type":"WebPage","@id":"https:\/\/tiff.vn\/?product=combo-hoa-cuoi-ms09-t44","url":"https:\/\/tiff.vn\/?product=combo-hoa-cuoi-ms09-t44","name":"Hoa xe c\u01b0\u1edbi v\u00e0 tay c\u01b0\u1edbi \u0111\u01b0\u1ee3c y\u00eau th\u00edch nh\u1ea5t 2019 - \u0110i\u1ec7n hoa t\u01b0\u01a1i online 24h","isPartOf":{"@id":"http:\/\/103.159.50.39\/#website"},"primaryImageOfPage":{"@id":"https:\/\/tiff.vn\/?product=combo-hoa-cuoi-ms09-t44#primaryimage"},"image":{"@id":"https:\/\/tiff.vn\/?product=combo-hoa-cuoi-ms09-t44#primaryimage"},"thumbnailUrl":"https:\/\/tiff.vn\/wp-content\/uploads\/2024\/06\/Combo-Hoa-cuoi-MS09-T442.jpg","datePublished":"2024-05-31T14:39:59+00:00","dateModified":"2024-06-28T09:41:44+00:00","description":"Combo Hoa C\u01b0\u1edbi g\u00e2y d\u1ea5u \u1ea5n \u0111\u1eb7c bi\u1ec7t b\u1edfi vi\u1ec7c k\u1ebft h\u1ee3p hoa sen \u0111\u00e1 v\u00e0o m\u1eabu hoa tay c\u01b0\u1edbi v\u00e0 xe c\u01b0\u1edbi hoa \u0111\u00e1 mang \u0111\u1ebfn n\u00e9t \u0111\u1eb9p m\u1ed9c m\u1ea1c ch\u00e2n th\u00e0nh nh\u01b0ng thu\u1ea7n khi\u1ebft","breadcrumb":{"@id":"https:\/\/tiff.vn\/?product=combo-hoa-cuoi-ms09-t44#breadcrumb"},"inLanguage":"vi","potentialAction":[{"@type":"ReadAction","target":["https:\/\/tiff.vn\/?product=combo-hoa-cuoi-ms09-t44"]}]},{"@type":"ImageObject","inLanguage":"vi","@id":"https:\/\/tiff.vn\/?product=combo-hoa-cuoi-ms09-t44#primaryimage","url":"https:\/\/tiff.vn\/wp-content\/uploads\/2024\/06\/Combo-Hoa-cuoi-MS09-T442.jpg","contentUrl":"https:\/\/tiff.vn\/wp-content\/uploads\/2024\/06\/Combo-Hoa-cuoi-MS09-T442.jpg","width":900,"height":900},{"@type":"BreadcrumbList","@id":"https:\/\/tiff.vn\/?product=combo-hoa-cuoi-ms09-t44#breadcrumb","itemListElement":[{"@type":"ListItem","position":1,"name":"Home","item":"http:\/\/103.159.50.39\/"},{"@type":"ListItem","position":2,"name":"S\u1ea3n ph\u1ea9m","item":"https:\/\/tiff.vn\/?post_type=product"},{"@type":"ListItem","position":3,"name":"Combo Hoa c\u01b0\u1edbi MS09 &#8211; T44"}]},{"@type":"WebSite","@id":"http:\/\/103.159.50.39\/#website","url":"http:\/\/103.159.50.39\/","name":"Tiff Wedding Planner & Decoration","description":"Top Wedding &amp; Event Planner h\u00e0ng \u0111\u1ea7u Vi\u1ec7t Nam - Ti\u00ean phong ki\u1ebfn t\u1ea1o nh\u1eefng \u0111\u00e1m c\u01b0\u1edbi \u0111\u1ed9c b\u1ea3n v\u00e0 s\u1ef1 ki\u1ec7n \u0111\u1eb3ng c\u1ea5p","publisher":{"@id":"http:\/\/103.159.50.39\/#organization"},"alternateName":"Tiff Wedding Planner & Decoration","potentialAction":[{"@type":"SearchAction","target":{"@type":"EntryPoint","urlTemplate":"http:\/\/103.159.50.39\/?s={search_term_string}"},"query-input":{"@type":"PropertyValueSpecification","valueRequired":true,"valueName":"search_term_string"}}],"inLanguage":"vi"},{"@type":"Organization","@id":"http:\/\/103.159.50.39\/#organization","name":"Tiff Wedding Planner & Decoration","url":"http:\/\/103.159.50.39\/","logo":{"@type":"ImageObject","inLanguage":"vi","@id":"http:\/\/103.159.50.39\/#\/schema\/logo\/image\/","url":"https:\/\/tiff.vn\/wp-content\/uploads\/2023\/05\/logo_main.png","contentUrl":"https:\/\/tiff.vn\/wp-content\/uploads\/2023\/05\/logo_main.png","width":228,"height":64,"caption":"Tiff Wedding Planner & Decoration"},"image":{"@id":"http:\/\/103.159.50.39\/#\/schema\/logo\/image\/"}}]}},"_links":{"self":[{"href":"https:\/\/tiff.vn\/index.php?rest_route=\/wp\/v2\/product\/31117","targetHints":{"allow":["GET"]}}],"collection":[{"href":"https:\/\/tiff.vn\/index.php?rest_route=\/wp\/v2\/product"}],"about":[{"href":"https:\/\/tiff.vn\/index.php?rest_route=\/wp\/v2\/types\/product"}],"replies":[{"embeddable":true,"href":"https:\/\/tiff.vn\/index.php?rest_route=%2Fwp%2Fv2%2Fcomments&post=31117"}],"version-history":[{"count":0,"href":"https:\/\/tiff.vn\/index.php?rest_route=\/wp\/v2\/product\/31117\/revisions"}],"wp:featuredmedia":[{"embeddable":true,"href":"https:\/\/tiff.vn\/index.php?rest_route=\/wp\/v2\/media\/40068"}],"wp:attachment":[{"href":"https:\/\/tiff.vn\/index.php?rest_route=%2Fwp%2Fv2%2Fmedia&parent=31117"}],"wp:term":[{"taxonomy":"product_brand","embeddable":true,"href":"https:\/\/tiff.vn\/index.php?rest_route=%2Fwp%2Fv2%2Fproduct_brand&post=31117"},{"taxonomy":"product_cat","embeddable":true,"href":"https:\/\/tiff.vn\/index.php?rest_route=%2Fwp%2Fv2%2Fproduct_cat&post=31117"},{"taxonomy":"product_tag","embeddable":true,"href":"https:\/\/tiff.vn\/index.php?rest_route=%2Fwp%2Fv2%2Fproduct_tag&post=31117"}],"curies":[{"name":"wp","href":"https:\/\/api.w.org\/{rel}","templated":true}]}}