{"id":31122,"date":"2024-05-31T14:40:00","date_gmt":"2024-05-31T14:40:00","guid":{"rendered":"https:\/\/tiff.vn\/?post_type=product&#038;p=31122"},"modified":"2024-06-28T09:42:59","modified_gmt":"2024-06-28T09:42:59","slug":"combo-hoa-cuoi-ms14-t49","status":"publish","type":"product","link":"https:\/\/tiff.vn\/?product=combo-hoa-cuoi-ms14-t49","title":{"rendered":"Combo Hoa c\u01b0\u1edbi MS14 &#8211; T49"},"content":{"rendered":"<p><strong>Combo Hoa C\u01b0\u1edbi MS14<\/strong> l\u00e0 s\u1ef1 k\u1ebft h\u1ee3p c\u1ee7a B\u00f3 hoa tay c\u01b0\u1edbi Romany v\u00e0 m\u1eabu hoa xe c\u01b0\u1edbi \u0111\u01b0\u1ee3c thi\u1ebft k\u1ebf \u0111\u1ed9c \u0111\u00e1o theo tone m\u00e0u H\u1ed3ng ng\u1ecdt ng\u00e0o l\u00e3ng m\u1ea1n. Combo hoa nh\u01b0 hi\u1ec7n th\u00e2n c\u1ee7a nh\u1eefng x\u00fac c\u1ea3m tuy\u1ec7t v\u1eddi trong t\u00ecnh y\u00eau: h\u1ea1nh ph\u00fac, n\u1ed3ng \u1ea5m, nh\u1eb9 nh\u00e0ng m\u00e0 v\u1eabn ph\u1ea3ng ph\u1ea5t \u0111ong \u0111\u1ea7y s\u1ef1 m\u00e3nh li\u1ec7t, quy\u1ebft t\u00e2m. Th\u1ebf n\u00ean, v\u1edbi m\u1eabu Combo hoa c\u01b0\u1edbi MS14 n\u00e0y TIFF hi v\u1ecdng s\u1ebd l\u00e0m h\u00e0i l\u00f2ng v\u00e0 mang l\u1ea1i th\u00eam nh\u1eefng d\u01b0 v\u1ecb ng\u1ecdt ng\u00e0o nh\u01b0 \u0111\u00e1m c\u01b0\u1edbi trong m\u01a1 c\u1ee7a b\u1ea1n.<\/p>\n<p>&nbsp;<\/p>\n<p><strong> C\u00e1c lo\u1ea1i hoa s\u1eed d\u1ee5ng: <\/strong><\/p>\n<p>+ Hoa Tulip H\u00e0 Lan Nh\u1eadp kh\u1ea9u<\/p>\n<p>+ Hoa H\u1ed3ng Pink Ohara nh\u1eadp kh\u1ea9u<\/p>\n<p>+ Hoa Mao L\u01b0\u01a1ng H\u1ed3ng nh\u1eadp kh\u1ea9u<\/p>\n<p>+ Hoa Baby nh\u1eadp kh\u1ea9u<\/p>\n<p>+ Hoa Lan T\u01b0\u1eddng tr\u1eafng<\/p>\n<p>+ Hoa Phi Y\u1ebfn tr\u1eafng, h\u1ed3ng<\/p>\n<p>C\u00e1c lo\u1ea1i hoa l\u00e1 ph\u1ee5 c\u00e1o c\u1ea5p kh\u00e1c<\/p>\n<p><strong> TIFF Flowers cam k\u1ebft ch\u1ea5t l\u01b0\u1ee3ng hoa tr\u00ean t\u1eebng s\u1ea3n ph\u1ea9m \u0111\u01b0\u1ee3c giao \u0111\u1ebfn tay kh\u00e1ch h\u00e0ng! <\/strong><\/p>\n<p><strong>L\u01b0u \u00fd: Gi\u00e1 s\u1ea3n ph\u1ea9m ch\u01b0a bao g\u1ed3m VAT.<\/strong><\/p>\n<p>TIFFANY WEDDING &amp; EVENT \u2013 MORE THAN YOU EXPECT<\/p>\n<p>Hotline: 0836 999 088 &#8211; 0836 888 099<\/p>\n<p>Address:<\/p>\n<ul>\n<li>H\u00e0 N\u1ed9i: 125 Nghi T\u00e0m, T\u00e2y H\u1ed3<\/li>\n<li>H\u1ed3 Ch\u00ed Minh: 180\/45 Nguy\u1ec5n H\u1eefu C\u1ea3nh, P22, Q B\u00ecnh Th\u1ea1nh<\/li>\n<\/ul>\n<p>Website: https:\/\/tiff.vn\/<\/p>\n<p>Contact us for booking appointment<\/p>\n","protected":false},"excerpt":{"rendered":"<p>Tone tr\u1eafng h\u1ed3ng<\/p>\n<p>Nh\u1eb9 nh\u00e0ng, tinh t\u1ebf, ng\u1ecdt ng\u00e0o<\/p>\n<p>C\u00e1c lo\u1ea1i hoa s\u1eed d\u1ee5ng:<\/p>\n<p>+ Hoa Tulip H\u00e0 Lan Nh\u1eadp kh\u1ea9u<\/p>\n<p>+ Hoa H\u1ed3ng Pink Ohara nh\u1eadp kh\u1ea9u<\/p>\n<p>+ Hoa Mao L\u01b0\u01a1ng H\u1ed3ng nh\u1eadp kh\u1ea9u<\/p>\n<p>+ Hoa Baby nh\u1eadp kh\u1ea9u<\/p>\n<p>+ Hoa Lan T\u01b0\u1eddng tr\u1eafn<\/p>\n<p>g + Hoa Phi Y\u1ebfn tr\u1eafng, h\u1ed3ng<\/p>\n<p>C\u00e1c lo\u1ea1i hoa l\u00e1 ph\u1ee5 cao c\u1ea5p kh\u00e1c<\/p>\n<p><em>T\u1eb7ng mi\u1ec5n ph\u00ed thi\u1ec7p \u2013 banner ch\u00fac m\u1eebng thi\u1ebft k\u1ebf (vui l\u00f2ng ghi r\u00f5 \u1edf m\u1ee5c ghi ch\u00fa). <\/em><\/p>\n<p><em>Giao hoa g\u1ea5p trong m\u1ed9t gi\u1edd. <\/em><\/p>\n<p><em>Cam k\u1ebft 100% ho\u00e0n ti\u1ec1n n\u1ebfu b\u1ea1n kh\u00f4ng h\u00e0i l\u00f2ng.<\/em><\/p>\n<p>TIFFANY WEDDING &amp; EVENT \u2013 MORE THAN YOU EXPECT<\/p>\n<p>Hotline: 0836 999 088 &#8211; 0836 888 099<\/p>\n<p>Address:<\/p>\n<ul>\n<li>H\u00e0 N\u1ed9i: 125 Nghi T\u00e0m, T\u00e2y H\u1ed3<\/li>\n<li>H\u1ed3 Ch\u00ed Minh: 180\/45 Nguy\u1ec5n H\u1eefu C\u1ea3nh, P22, Q B\u00ecnh Th\u1ea1nh<\/li>\n<\/ul>\n<p>Website: https:\/\/tiff.vn\/<\/p>\n<p>Contact us for booking appointment<\/p>\n","protected":false},"featured_media":40083,"comment_status":"closed","ping_status":"closed","template":"","meta":{"_acf_changed":false},"product_brand":[],"product_cat":[362,381],"product_tag":[],"class_list":{"0":"post-31122","1":"product","2":"type-product","3":"status-publish","4":"has-post-thumbnail","6":"product_cat-hoa-cuoi","7":"product_cat-combo-hoa-cam-tay-hoa-xe-cuoi","9":"first","10":"instock","11":"sale","12":"shipping-taxable","13":"purchasable","14":"product-type-simple"},"acf":[],"yoast_head":"<!-- This site is optimized with the Yoast SEO plugin v25.0 - https:\/\/yoast.com\/wordpress\/plugins\/seo\/ -->\n<title>Combo hoa c\u01b0\u1edbi tone H\u1ed3ng ng\u1ecdt ng\u00e0o l\u00e3ng m\u1ea1n - \u0110i\u1ec7n hoa t\u01b0\u01a1i online<\/title>\n<meta name=\"description\" content=\"Combo hoa c\u01b0\u1edbi nh\u01b0 hi\u1ec7n th\u00e2n c\u1ee7a nh\u1eefng x\u00fac c\u1ea3m tuy\u1ec7t v\u1eddi trong t\u00ecnh y\u00eau: h\u1ea1nh ph\u00fac, n\u1ed3ng \u1ea5m, nh\u1eb9 nh\u00e0ng m\u00e0 v\u1eabn ph\u1ea3ng ph\u1ea5t \u0111ong \u0111\u1ea7y s\u1ef1 m\u00e3nh li\u1ec7t, quy\u1ebft t\u00e2m\" \/>\n<meta name=\"robots\" content=\"index, follow, max-snippet:-1, max-image-preview:large, max-video-preview:-1\" \/>\n<link rel=\"canonical\" href=\"https:\/\/tiff.vn\/?product=combo-hoa-cuoi-ms14-t49\" \/>\n<meta property=\"og:locale\" content=\"vi_VN\" \/>\n<meta property=\"og:type\" content=\"article\" \/>\n<meta property=\"og:title\" content=\"Combo hoa c\u01b0\u1edbi tone H\u1ed3ng ng\u1ecdt ng\u00e0o l\u00e3ng m\u1ea1n - \u0110i\u1ec7n hoa t\u01b0\u01a1i online\" \/>\n<meta property=\"og:description\" content=\"Combo hoa c\u01b0\u1edbi nh\u01b0 hi\u1ec7n th\u00e2n c\u1ee7a nh\u1eefng x\u00fac c\u1ea3m tuy\u1ec7t v\u1eddi trong t\u00ecnh y\u00eau: h\u1ea1nh ph\u00fac, n\u1ed3ng \u1ea5m, nh\u1eb9 nh\u00e0ng m\u00e0 v\u1eabn ph\u1ea3ng ph\u1ea5t \u0111ong \u0111\u1ea7y s\u1ef1 m\u00e3nh li\u1ec7t, quy\u1ebft t\u00e2m\" \/>\n<meta property=\"og:url\" content=\"https:\/\/tiff.vn\/?product=combo-hoa-cuoi-ms14-t49\" \/>\n<meta property=\"og:site_name\" content=\"Tiff Planner | Tiffany Wedding &amp; Event\" \/>\n<meta property=\"article:modified_time\" content=\"2024-06-28T09:42:59+00:00\" \/>\n<meta property=\"og:image\" content=\"https:\/\/tiff.vn\/wp-content\/uploads\/2024\/06\/Combo-Hoa-cuoi-MS14-T492.jpg\" \/>\n\t<meta property=\"og:image:width\" content=\"2003\" \/>\n\t<meta property=\"og:image:height\" content=\"1766\" \/>\n\t<meta property=\"og:image:type\" content=\"image\/jpeg\" \/>\n<meta name=\"twitter:card\" content=\"summary_large_image\" \/>\n<meta name=\"twitter:label1\" content=\"\u01af\u1edbc t\u00ednh th\u1eddi gian \u0111\u1ecdc\" \/>\n\t<meta name=\"twitter:data1\" content=\"1 ph\u00fat\" \/>\n<script type=\"application\/ld+json\" class=\"yoast-schema-graph\">{\"@context\":\"https:\/\/schema.org\",\"@graph\":[{\"@type\":\"WebPage\",\"@id\":\"https:\/\/tiff.vn\/?product=combo-hoa-cuoi-ms14-t49\",\"url\":\"https:\/\/tiff.vn\/?product=combo-hoa-cuoi-ms14-t49\",\"name\":\"Combo hoa c\u01b0\u1edbi tone H\u1ed3ng ng\u1ecdt ng\u00e0o l\u00e3ng m\u1ea1n - \u0110i\u1ec7n hoa t\u01b0\u01a1i online\",\"isPartOf\":{\"@id\":\"http:\/\/103.159.50.39\/#website\"},\"primaryImageOfPage\":{\"@id\":\"https:\/\/tiff.vn\/?product=combo-hoa-cuoi-ms14-t49#primaryimage\"},\"image\":{\"@id\":\"https:\/\/tiff.vn\/?product=combo-hoa-cuoi-ms14-t49#primaryimage\"},\"thumbnailUrl\":\"https:\/\/tiff.vn\/wp-content\/uploads\/2024\/06\/Combo-Hoa-cuoi-MS14-T492.jpg\",\"datePublished\":\"2024-05-31T14:40:00+00:00\",\"dateModified\":\"2024-06-28T09:42:59+00:00\",\"description\":\"Combo hoa c\u01b0\u1edbi nh\u01b0 hi\u1ec7n th\u00e2n c\u1ee7a nh\u1eefng x\u00fac c\u1ea3m tuy\u1ec7t v\u1eddi trong t\u00ecnh y\u00eau: h\u1ea1nh ph\u00fac, n\u1ed3ng \u1ea5m, nh\u1eb9 nh\u00e0ng m\u00e0 v\u1eabn ph\u1ea3ng ph\u1ea5t \u0111ong \u0111\u1ea7y s\u1ef1 m\u00e3nh li\u1ec7t, quy\u1ebft t\u00e2m\",\"breadcrumb\":{\"@id\":\"https:\/\/tiff.vn\/?product=combo-hoa-cuoi-ms14-t49#breadcrumb\"},\"inLanguage\":\"vi\",\"potentialAction\":[{\"@type\":\"ReadAction\",\"target\":[\"https:\/\/tiff.vn\/?product=combo-hoa-cuoi-ms14-t49\"]}]},{\"@type\":\"ImageObject\",\"inLanguage\":\"vi\",\"@id\":\"https:\/\/tiff.vn\/?product=combo-hoa-cuoi-ms14-t49#primaryimage\",\"url\":\"https:\/\/tiff.vn\/wp-content\/uploads\/2024\/06\/Combo-Hoa-cuoi-MS14-T492.jpg\",\"contentUrl\":\"https:\/\/tiff.vn\/wp-content\/uploads\/2024\/06\/Combo-Hoa-cuoi-MS14-T492.jpg\",\"width\":2003,\"height\":1766},{\"@type\":\"BreadcrumbList\",\"@id\":\"https:\/\/tiff.vn\/?product=combo-hoa-cuoi-ms14-t49#breadcrumb\",\"itemListElement\":[{\"@type\":\"ListItem\",\"position\":1,\"name\":\"Home\",\"item\":\"http:\/\/103.159.50.39\/\"},{\"@type\":\"ListItem\",\"position\":2,\"name\":\"S\u1ea3n ph\u1ea9m\",\"item\":\"https:\/\/tiff.vn\/?post_type=product\"},{\"@type\":\"ListItem\",\"position\":3,\"name\":\"Combo Hoa c\u01b0\u1edbi MS14 &#8211; T49\"}]},{\"@type\":\"WebSite\",\"@id\":\"http:\/\/103.159.50.39\/#website\",\"url\":\"http:\/\/103.159.50.39\/\",\"name\":\"Tiff Wedding Planner & Decoration\",\"description\":\"Top Wedding &amp; Event Planner h\u00e0ng \u0111\u1ea7u Vi\u1ec7t Nam - Ti\u00ean phong ki\u1ebfn t\u1ea1o nh\u1eefng \u0111\u00e1m c\u01b0\u1edbi \u0111\u1ed9c b\u1ea3n v\u00e0 s\u1ef1 ki\u1ec7n \u0111\u1eb3ng c\u1ea5p\",\"publisher\":{\"@id\":\"http:\/\/103.159.50.39\/#organization\"},\"alternateName\":\"Tiff Wedding Planner & Decoration\",\"potentialAction\":[{\"@type\":\"SearchAction\",\"target\":{\"@type\":\"EntryPoint\",\"urlTemplate\":\"http:\/\/103.159.50.39\/?s={search_term_string}\"},\"query-input\":{\"@type\":\"PropertyValueSpecification\",\"valueRequired\":true,\"valueName\":\"search_term_string\"}}],\"inLanguage\":\"vi\"},{\"@type\":\"Organization\",\"@id\":\"http:\/\/103.159.50.39\/#organization\",\"name\":\"Tiff Wedding Planner & Decoration\",\"url\":\"http:\/\/103.159.50.39\/\",\"logo\":{\"@type\":\"ImageObject\",\"inLanguage\":\"vi\",\"@id\":\"http:\/\/103.159.50.39\/#\/schema\/logo\/image\/\",\"url\":\"https:\/\/tiff.vn\/wp-content\/uploads\/2023\/05\/logo_main.png\",\"contentUrl\":\"https:\/\/tiff.vn\/wp-content\/uploads\/2023\/05\/logo_main.png\",\"width\":228,\"height\":64,\"caption\":\"Tiff Wedding Planner & Decoration\"},\"image\":{\"@id\":\"http:\/\/103.159.50.39\/#\/schema\/logo\/image\/\"}}]}<\/script>\n<!-- \/ Yoast SEO plugin. -->","yoast_head_json":{"title":"Combo hoa c\u01b0\u1edbi tone H\u1ed3ng ng\u1ecdt ng\u00e0o l\u00e3ng m\u1ea1n - \u0110i\u1ec7n hoa t\u01b0\u01a1i online","description":"Combo hoa c\u01b0\u1edbi nh\u01b0 hi\u1ec7n th\u00e2n c\u1ee7a nh\u1eefng x\u00fac c\u1ea3m tuy\u1ec7t v\u1eddi trong t\u00ecnh y\u00eau: h\u1ea1nh ph\u00fac, n\u1ed3ng \u1ea5m, nh\u1eb9 nh\u00e0ng m\u00e0 v\u1eabn ph\u1ea3ng ph\u1ea5t \u0111ong \u0111\u1ea7y s\u1ef1 m\u00e3nh li\u1ec7t, quy\u1ebft t\u00e2m","robots":{"index":"index","follow":"follow","max-snippet":"max-snippet:-1","max-image-preview":"max-image-preview:large","max-video-preview":"max-video-preview:-1"},"canonical":"https:\/\/tiff.vn\/?product=combo-hoa-cuoi-ms14-t49","og_locale":"vi_VN","og_type":"article","og_title":"Combo hoa c\u01b0\u1edbi tone H\u1ed3ng ng\u1ecdt ng\u00e0o l\u00e3ng m\u1ea1n - \u0110i\u1ec7n hoa t\u01b0\u01a1i online","og_description":"Combo hoa c\u01b0\u1edbi nh\u01b0 hi\u1ec7n th\u00e2n c\u1ee7a nh\u1eefng x\u00fac c\u1ea3m tuy\u1ec7t v\u1eddi trong t\u00ecnh y\u00eau: h\u1ea1nh ph\u00fac, n\u1ed3ng \u1ea5m, nh\u1eb9 nh\u00e0ng m\u00e0 v\u1eabn ph\u1ea3ng ph\u1ea5t \u0111ong \u0111\u1ea7y s\u1ef1 m\u00e3nh li\u1ec7t, quy\u1ebft t\u00e2m","og_url":"https:\/\/tiff.vn\/?product=combo-hoa-cuoi-ms14-t49","og_site_name":"Tiff Planner | Tiffany Wedding &amp; Event","article_modified_time":"2024-06-28T09:42:59+00:00","og_image":[{"width":2003,"height":1766,"url":"https:\/\/tiff.vn\/wp-content\/uploads\/2024\/06\/Combo-Hoa-cuoi-MS14-T492.jpg","type":"image\/jpeg"}],"twitter_card":"summary_large_image","twitter_misc":{"\u01af\u1edbc t\u00ednh th\u1eddi gian \u0111\u1ecdc":"1 ph\u00fat"},"schema":{"@context":"https:\/\/schema.org","@graph":[{"@type":"WebPage","@id":"https:\/\/tiff.vn\/?product=combo-hoa-cuoi-ms14-t49","url":"https:\/\/tiff.vn\/?product=combo-hoa-cuoi-ms14-t49","name":"Combo hoa c\u01b0\u1edbi tone H\u1ed3ng ng\u1ecdt ng\u00e0o l\u00e3ng m\u1ea1n - \u0110i\u1ec7n hoa t\u01b0\u01a1i online","isPartOf":{"@id":"http:\/\/103.159.50.39\/#website"},"primaryImageOfPage":{"@id":"https:\/\/tiff.vn\/?product=combo-hoa-cuoi-ms14-t49#primaryimage"},"image":{"@id":"https:\/\/tiff.vn\/?product=combo-hoa-cuoi-ms14-t49#primaryimage"},"thumbnailUrl":"https:\/\/tiff.vn\/wp-content\/uploads\/2024\/06\/Combo-Hoa-cuoi-MS14-T492.jpg","datePublished":"2024-05-31T14:40:00+00:00","dateModified":"2024-06-28T09:42:59+00:00","description":"Combo hoa c\u01b0\u1edbi nh\u01b0 hi\u1ec7n th\u00e2n c\u1ee7a nh\u1eefng x\u00fac c\u1ea3m tuy\u1ec7t v\u1eddi trong t\u00ecnh y\u00eau: h\u1ea1nh ph\u00fac, n\u1ed3ng \u1ea5m, nh\u1eb9 nh\u00e0ng m\u00e0 v\u1eabn ph\u1ea3ng ph\u1ea5t \u0111ong \u0111\u1ea7y s\u1ef1 m\u00e3nh li\u1ec7t, quy\u1ebft t\u00e2m","breadcrumb":{"@id":"https:\/\/tiff.vn\/?product=combo-hoa-cuoi-ms14-t49#breadcrumb"},"inLanguage":"vi","potentialAction":[{"@type":"ReadAction","target":["https:\/\/tiff.vn\/?product=combo-hoa-cuoi-ms14-t49"]}]},{"@type":"ImageObject","inLanguage":"vi","@id":"https:\/\/tiff.vn\/?product=combo-hoa-cuoi-ms14-t49#primaryimage","url":"https:\/\/tiff.vn\/wp-content\/uploads\/2024\/06\/Combo-Hoa-cuoi-MS14-T492.jpg","contentUrl":"https:\/\/tiff.vn\/wp-content\/uploads\/2024\/06\/Combo-Hoa-cuoi-MS14-T492.jpg","width":2003,"height":1766},{"@type":"BreadcrumbList","@id":"https:\/\/tiff.vn\/?product=combo-hoa-cuoi-ms14-t49#breadcrumb","itemListElement":[{"@type":"ListItem","position":1,"name":"Home","item":"http:\/\/103.159.50.39\/"},{"@type":"ListItem","position":2,"name":"S\u1ea3n ph\u1ea9m","item":"https:\/\/tiff.vn\/?post_type=product"},{"@type":"ListItem","position":3,"name":"Combo Hoa c\u01b0\u1edbi MS14 &#8211; T49"}]},{"@type":"WebSite","@id":"http:\/\/103.159.50.39\/#website","url":"http:\/\/103.159.50.39\/","name":"Tiff Wedding Planner & Decoration","description":"Top Wedding &amp; Event Planner h\u00e0ng \u0111\u1ea7u Vi\u1ec7t Nam - Ti\u00ean phong ki\u1ebfn t\u1ea1o nh\u1eefng \u0111\u00e1m c\u01b0\u1edbi \u0111\u1ed9c b\u1ea3n v\u00e0 s\u1ef1 ki\u1ec7n \u0111\u1eb3ng c\u1ea5p","publisher":{"@id":"http:\/\/103.159.50.39\/#organization"},"alternateName":"Tiff Wedding Planner & Decoration","potentialAction":[{"@type":"SearchAction","target":{"@type":"EntryPoint","urlTemplate":"http:\/\/103.159.50.39\/?s={search_term_string}"},"query-input":{"@type":"PropertyValueSpecification","valueRequired":true,"valueName":"search_term_string"}}],"inLanguage":"vi"},{"@type":"Organization","@id":"http:\/\/103.159.50.39\/#organization","name":"Tiff Wedding Planner & Decoration","url":"http:\/\/103.159.50.39\/","logo":{"@type":"ImageObject","inLanguage":"vi","@id":"http:\/\/103.159.50.39\/#\/schema\/logo\/image\/","url":"https:\/\/tiff.vn\/wp-content\/uploads\/2023\/05\/logo_main.png","contentUrl":"https:\/\/tiff.vn\/wp-content\/uploads\/2023\/05\/logo_main.png","width":228,"height":64,"caption":"Tiff Wedding Planner & Decoration"},"image":{"@id":"http:\/\/103.159.50.39\/#\/schema\/logo\/image\/"}}]}},"_links":{"self":[{"href":"https:\/\/tiff.vn\/index.php?rest_route=\/wp\/v2\/product\/31122","targetHints":{"allow":["GET"]}}],"collection":[{"href":"https:\/\/tiff.vn\/index.php?rest_route=\/wp\/v2\/product"}],"about":[{"href":"https:\/\/tiff.vn\/index.php?rest_route=\/wp\/v2\/types\/product"}],"replies":[{"embeddable":true,"href":"https:\/\/tiff.vn\/index.php?rest_route=%2Fwp%2Fv2%2Fcomments&post=31122"}],"version-history":[{"count":0,"href":"https:\/\/tiff.vn\/index.php?rest_route=\/wp\/v2\/product\/31122\/revisions"}],"wp:featuredmedia":[{"embeddable":true,"href":"https:\/\/tiff.vn\/index.php?rest_route=\/wp\/v2\/media\/40083"}],"wp:attachment":[{"href":"https:\/\/tiff.vn\/index.php?rest_route=%2Fwp%2Fv2%2Fmedia&parent=31122"}],"wp:term":[{"taxonomy":"product_brand","embeddable":true,"href":"https:\/\/tiff.vn\/index.php?rest_route=%2Fwp%2Fv2%2Fproduct_brand&post=31122"},{"taxonomy":"product_cat","embeddable":true,"href":"https:\/\/tiff.vn\/index.php?rest_route=%2Fwp%2Fv2%2Fproduct_cat&post=31122"},{"taxonomy":"product_tag","embeddable":true,"href":"https:\/\/tiff.vn\/index.php?rest_route=%2Fwp%2Fv2%2Fproduct_tag&post=31122"}],"curies":[{"name":"wp","href":"https:\/\/api.w.org\/{rel}","templated":true}]}}