{"id":31123,"date":"2024-05-31T14:40:00","date_gmt":"2024-05-31T14:40:00","guid":{"rendered":"https:\/\/tiff.vn\/?post_type=product&#038;p=31123"},"modified":"2024-06-27T04:15:57","modified_gmt":"2024-06-27T04:15:57","slug":"combo-hoa-cuoi-ms15-t50","status":"publish","type":"product","link":"https:\/\/tiff.vn\/?product=combo-hoa-cuoi-ms15-t50","title":{"rendered":"Combo Hoa c\u01b0\u1edbi MS15 &#8211; T50"},"content":{"rendered":"<p><strong>Combo Hoa C\u01b0\u1edbi MS15<\/strong> l\u00e0 s\u1ea3n ph\u1ea9m hoa c\u01b0\u1edbi m\u1edbi nh\u1ea5t \u0111\u01b0\u1ee3c TIFF thi\u1ebft k\u1ebf ri\u00eang cho b\u1ed9 s\u01b0u t\u1eadp m\u1edbi v\u00e0o m\u00f9a c\u01b0\u1edbi 2019. \u0110i theo phong c\u00e1ch cao c\u1ea5p v\u00e0 sang tr\u1ecdng, b\u00f3 hoa tay v\u00e0 hoa xe \u0111\u01b0\u1ee3c thi\u1ebft k\u1ebf m\u1ed9t c\u00e1ch n\u1ed5i b\u1eadt v\u1edbi hai tone m\u00e0u th\u1eddi th\u01b0\u1eddng l\u00e0 \u0111\u1ecf v\u00e0 t\u00edm s\u1ebd l\u00e0m t\u00f4 \u0111i\u1ec3m th\u00eam cho \u0111\u00e1m c\u01b0\u1edbi hi\u1ec7n \u0111\u1ea1i c\u1ee7a b\u1ea1n. Ngo\u00e0i ra nh\u1eefng b\u00f4ng hoa \u0111\u01b0\u1ee3c TIFF l\u1ef1a ch\u1ecdn \u0111\u1ec3 \u0111\u01b0a v\u00e0o trong m\u1eabu thi\u1ebft k\u1ebf n\u00e0y c\u0169ng l\u00e0 nh\u1eefng b\u00f4ng hoa nh\u1eadp kh\u1ea9u cao c\u1ea5p t\u01b0\u1ee3ng tr\u01b0ng cho \u00fd ngh\u0129a b\u1ec1n \u0111\u1eb9p trong t\u00ecnh y\u00eau nh\u01b0 Lan H\u1ed3 \u0110i\u1ec7p, hoa Calla Lily H\u1ed3ng t\u00edm, gi\u00fap cho h\u00ecnh \u1ea3nh c\u00f4 d\u00e2u v\u00e0 ch\u00fa r\u1ec3 trong h\u00f4n l\u1ec5 c\u1ee7a m\u00ecnh s\u1ebd tr\u1edf l\u00ean qu\u00fd ph\u00e1i v\u00e0 sang tr\u1ecdng h\u01a1n.<\/p>\n<p>&nbsp;<\/p>\n<p><strong>C\u00e1c lo\u1ea1i hoa s\u1eed d\u1ee5ng: <\/strong><\/p>\n<p>+ Hoa Calla Lily h\u1ed3ng, t\u00edm nh\u1eadp kh\u1ea9u<\/p>\n<p>+ Hoa H\u1ed3ng \u0111\u1ecf nh\u1eadp kh\u1ea9u<\/p>\n<p>+ Hoa Lan H\u1ed3 \u0110i\u1ec7p nh\u1eadp kh\u1ea9u<\/p>\n<p>+ Hoa Lan T\u01b0\u1eddng tr\u1eafng, h\u1ed3ng<\/p>\n<p>C\u00e1c lo\u1ea1i hoa l\u00e1 ph\u1ee5 c\u00e1o c\u1ea5p kh\u00e1c<\/p>\n<p><strong>TIFF Flowers cam k\u1ebft ch\u1ea5t l\u01b0\u1ee3ng hoa tr\u00ean t\u1eebng s\u1ea3n ph\u1ea9m \u0111\u01b0\u1ee3c giao \u0111\u1ebfn tay kh\u00e1ch h\u00e0ng! <\/strong><\/p>\n<p><strong>L\u01b0u \u00fd: Gi\u00e1 s\u1ea3n ph\u1ea9m ch\u01b0a bao g\u1ed3m VAT.<\/strong><\/p>\n<p>TIFFANY WEDDING &amp; EVENT \u2013 MORE THAN YOU EXPECT<\/p>\n<p>Hotline: 0836 999 088 &#8211; 0836 888 099<\/p>\n<p>Address:<\/p>\n<ul>\n<li>H\u00e0 N\u1ed9i: 125 Nghi T\u00e0m, T\u00e2y H\u1ed3<\/li>\n<li>H\u1ed3 Ch\u00ed Minh: 180\/45 Nguy\u1ec5n H\u1eefu C\u1ea3nh, P22, Q B\u00ecnh Th\u1ea1nh<\/li>\n<\/ul>\n<p>Website: https:\/\/tiff.vn\/<\/p>\n<p>Contact us for booking appointment<\/p>\n","protected":false},"excerpt":{"rendered":"<p>Tone T\u00edm \u0111\u1ecf<\/p>\n<p>Sang tr\u1ecdng, cao c\u1ea5p<\/p>\n<p>C\u00e1c lo\u1ea1i hoa s\u1eed d\u1ee5ng:<\/p>\n<p>+ Hoa Calla Lily h\u1ed3ng, t\u00edm nh\u1eadp kh\u1ea9u<\/p>\n<p>+ Hoa H\u1ed3ng \u0111\u1ecf nh\u1eadp kh\u1ea9u<\/p>\n<p>+ Hoa Lan H\u1ed3 \u0110i\u1ec7p nh\u1eadp kh\u1ea9u<\/p>\n<p>+ Hoa Lan T\u01b0\u1eddng tr\u1eafng, h\u1ed3ng<\/p>\n<p>C\u00e1c lo\u1ea1i hoa l\u00e1 ph\u1ee5 cao c\u1ea5p kh\u00e1c<\/p>\n<p><em>T\u1eb7ng mi\u1ec5n ph\u00ed thi\u1ec7p \u2013 banner ch\u00fac m\u1eebng thi\u1ebft k\u1ebf (vui l\u00f2ng ghi r\u00f5 \u1edf m\u1ee5c ghi ch\u00fa). <\/em><\/p>\n<p><em>Giao hoa g\u1ea5p trong m\u1ed9t gi\u1edd. <\/em><\/p>\n<p><em>Cam k\u1ebft 100% ho\u00e0n ti\u1ec1n n\u1ebfu b\u1ea1n kh\u00f4ng h\u00e0i l\u00f2ng.<\/em><\/p>\n<p>TIFFANY WEDDING &amp; EVENT \u2013 MORE THAN YOU EXPECT<\/p>\n<p>Hotline: 0836 999 088 &#8211; 0836 888 099<\/p>\n<p>Address:<\/p>\n<ul>\n<li>H\u00e0 N\u1ed9i: 125 Nghi T\u00e0m, T\u00e2y H\u1ed3<\/li>\n<li>H\u1ed3 Ch\u00ed Minh: 180\/45 Nguy\u1ec5n H\u1eefu C\u1ea3nh, P22, Q B\u00ecnh Th\u1ea1nh<\/li>\n<\/ul>\n<p>Website: https:\/\/tiff.vn\/<\/p>\n<p>Contact us for booking appointment<\/p>\n","protected":false},"featured_media":40086,"comment_status":"closed","ping_status":"closed","template":"","meta":{"_acf_changed":false},"product_brand":[],"product_cat":[362,381],"product_tag":[],"class_list":{"0":"post-31123","1":"product","2":"type-product","3":"status-publish","4":"has-post-thumbnail","6":"product_cat-hoa-cuoi","7":"product_cat-combo-hoa-cam-tay-hoa-xe-cuoi","9":"first","10":"instock","11":"sale","12":"shipping-taxable","13":"purchasable","14":"product-type-simple"},"acf":[],"yoast_head":"<!-- This site is optimized with the Yoast SEO plugin v25.0 - https:\/\/yoast.com\/wordpress\/plugins\/seo\/ -->\n<title>Combo hoa c\u01b0\u1edbi cao c\u1ea5p hi\u1ec7n \u0111\u1ea1i cho ng\u00e0y c\u01b0\u1edbi - \u0110i\u1ec7n hoa t\u01b0\u01a1i online 24h<\/title>\n<meta name=\"description\" content=\"Combo Hoa C\u01b0\u1edbi \u0111i theo phong c\u00e1ch cao c\u1ea5p v\u00e0 hi\u1ec7n \u0111\u1ea1i, b\u00f3 hoa tay v\u00e0 hoa xe \u0111\u01b0\u1ee3c thi\u1ebft k\u1ebf m\u1ed9t c\u00e1ch n\u1ed5i b\u1eadt v\u1edbi hai tone m\u00e0u th\u1eddi th\u01b0\u1eddng l\u00e0 \u0111\u1ecf v\u00e0 t\u00edm\" \/>\n<meta name=\"robots\" content=\"index, follow, max-snippet:-1, max-image-preview:large, max-video-preview:-1\" \/>\n<link rel=\"canonical\" href=\"https:\/\/tiff.vn\/?product=combo-hoa-cuoi-ms15-t50\" \/>\n<meta property=\"og:locale\" content=\"vi_VN\" \/>\n<meta property=\"og:type\" content=\"article\" \/>\n<meta property=\"og:title\" content=\"Combo hoa c\u01b0\u1edbi cao c\u1ea5p hi\u1ec7n \u0111\u1ea1i cho ng\u00e0y c\u01b0\u1edbi - \u0110i\u1ec7n hoa t\u01b0\u01a1i online 24h\" \/>\n<meta property=\"og:description\" content=\"Combo Hoa C\u01b0\u1edbi \u0111i theo phong c\u00e1ch cao c\u1ea5p v\u00e0 hi\u1ec7n \u0111\u1ea1i, b\u00f3 hoa tay v\u00e0 hoa xe \u0111\u01b0\u1ee3c thi\u1ebft k\u1ebf m\u1ed9t c\u00e1ch n\u1ed5i b\u1eadt v\u1edbi hai tone m\u00e0u th\u1eddi th\u01b0\u1eddng l\u00e0 \u0111\u1ecf v\u00e0 t\u00edm\" \/>\n<meta property=\"og:url\" content=\"https:\/\/tiff.vn\/?product=combo-hoa-cuoi-ms15-t50\" \/>\n<meta property=\"og:site_name\" content=\"Tiff Planner | Tiffany Wedding &amp; Event\" \/>\n<meta property=\"article:modified_time\" content=\"2024-06-27T04:15:57+00:00\" \/>\n<meta property=\"og:image\" content=\"https:\/\/tiff.vn\/wp-content\/uploads\/2024\/06\/Combo-Hoa-cuoi-MS15-T502.jpg\" \/>\n\t<meta property=\"og:image:width\" content=\"900\" \/>\n\t<meta property=\"og:image:height\" content=\"900\" \/>\n\t<meta property=\"og:image:type\" content=\"image\/jpeg\" \/>\n<meta name=\"twitter:card\" content=\"summary_large_image\" \/>\n<meta name=\"twitter:label1\" content=\"\u01af\u1edbc t\u00ednh th\u1eddi gian \u0111\u1ecdc\" \/>\n\t<meta name=\"twitter:data1\" content=\"2 ph\u00fat\" \/>\n<script type=\"application\/ld+json\" class=\"yoast-schema-graph\">{\"@context\":\"https:\/\/schema.org\",\"@graph\":[{\"@type\":\"WebPage\",\"@id\":\"https:\/\/tiff.vn\/?product=combo-hoa-cuoi-ms15-t50\",\"url\":\"https:\/\/tiff.vn\/?product=combo-hoa-cuoi-ms15-t50\",\"name\":\"Combo hoa c\u01b0\u1edbi cao c\u1ea5p hi\u1ec7n \u0111\u1ea1i cho ng\u00e0y c\u01b0\u1edbi - \u0110i\u1ec7n hoa t\u01b0\u01a1i online 24h\",\"isPartOf\":{\"@id\":\"http:\/\/103.159.50.39\/#website\"},\"primaryImageOfPage\":{\"@id\":\"https:\/\/tiff.vn\/?product=combo-hoa-cuoi-ms15-t50#primaryimage\"},\"image\":{\"@id\":\"https:\/\/tiff.vn\/?product=combo-hoa-cuoi-ms15-t50#primaryimage\"},\"thumbnailUrl\":\"https:\/\/tiff.vn\/wp-content\/uploads\/2024\/06\/Combo-Hoa-cuoi-MS15-T502.jpg\",\"datePublished\":\"2024-05-31T14:40:00+00:00\",\"dateModified\":\"2024-06-27T04:15:57+00:00\",\"description\":\"Combo Hoa C\u01b0\u1edbi \u0111i theo phong c\u00e1ch cao c\u1ea5p v\u00e0 hi\u1ec7n \u0111\u1ea1i, b\u00f3 hoa tay v\u00e0 hoa xe \u0111\u01b0\u1ee3c thi\u1ebft k\u1ebf m\u1ed9t c\u00e1ch n\u1ed5i b\u1eadt v\u1edbi hai tone m\u00e0u th\u1eddi th\u01b0\u1eddng l\u00e0 \u0111\u1ecf v\u00e0 t\u00edm\",\"breadcrumb\":{\"@id\":\"https:\/\/tiff.vn\/?product=combo-hoa-cuoi-ms15-t50#breadcrumb\"},\"inLanguage\":\"vi\",\"potentialAction\":[{\"@type\":\"ReadAction\",\"target\":[\"https:\/\/tiff.vn\/?product=combo-hoa-cuoi-ms15-t50\"]}]},{\"@type\":\"ImageObject\",\"inLanguage\":\"vi\",\"@id\":\"https:\/\/tiff.vn\/?product=combo-hoa-cuoi-ms15-t50#primaryimage\",\"url\":\"https:\/\/tiff.vn\/wp-content\/uploads\/2024\/06\/Combo-Hoa-cuoi-MS15-T502.jpg\",\"contentUrl\":\"https:\/\/tiff.vn\/wp-content\/uploads\/2024\/06\/Combo-Hoa-cuoi-MS15-T502.jpg\",\"width\":900,\"height\":900},{\"@type\":\"BreadcrumbList\",\"@id\":\"https:\/\/tiff.vn\/?product=combo-hoa-cuoi-ms15-t50#breadcrumb\",\"itemListElement\":[{\"@type\":\"ListItem\",\"position\":1,\"name\":\"Home\",\"item\":\"http:\/\/103.159.50.39\/\"},{\"@type\":\"ListItem\",\"position\":2,\"name\":\"S\u1ea3n ph\u1ea9m\",\"item\":\"https:\/\/tiff.vn\/?post_type=product\"},{\"@type\":\"ListItem\",\"position\":3,\"name\":\"Combo Hoa c\u01b0\u1edbi MS15 &#8211; T50\"}]},{\"@type\":\"WebSite\",\"@id\":\"http:\/\/103.159.50.39\/#website\",\"url\":\"http:\/\/103.159.50.39\/\",\"name\":\"Tiff Wedding Planner & Decoration\",\"description\":\"Top Wedding &amp; Event Planner h\u00e0ng \u0111\u1ea7u Vi\u1ec7t Nam - Ti\u00ean phong ki\u1ebfn t\u1ea1o nh\u1eefng \u0111\u00e1m c\u01b0\u1edbi \u0111\u1ed9c b\u1ea3n v\u00e0 s\u1ef1 ki\u1ec7n \u0111\u1eb3ng c\u1ea5p\",\"publisher\":{\"@id\":\"http:\/\/103.159.50.39\/#organization\"},\"alternateName\":\"Tiff Wedding Planner & Decoration\",\"potentialAction\":[{\"@type\":\"SearchAction\",\"target\":{\"@type\":\"EntryPoint\",\"urlTemplate\":\"http:\/\/103.159.50.39\/?s={search_term_string}\"},\"query-input\":{\"@type\":\"PropertyValueSpecification\",\"valueRequired\":true,\"valueName\":\"search_term_string\"}}],\"inLanguage\":\"vi\"},{\"@type\":\"Organization\",\"@id\":\"http:\/\/103.159.50.39\/#organization\",\"name\":\"Tiff Wedding Planner & Decoration\",\"url\":\"http:\/\/103.159.50.39\/\",\"logo\":{\"@type\":\"ImageObject\",\"inLanguage\":\"vi\",\"@id\":\"http:\/\/103.159.50.39\/#\/schema\/logo\/image\/\",\"url\":\"https:\/\/tiff.vn\/wp-content\/uploads\/2023\/05\/logo_main.png\",\"contentUrl\":\"https:\/\/tiff.vn\/wp-content\/uploads\/2023\/05\/logo_main.png\",\"width\":228,\"height\":64,\"caption\":\"Tiff Wedding Planner & Decoration\"},\"image\":{\"@id\":\"http:\/\/103.159.50.39\/#\/schema\/logo\/image\/\"}}]}<\/script>\n<!-- \/ Yoast SEO plugin. -->","yoast_head_json":{"title":"Combo hoa c\u01b0\u1edbi cao c\u1ea5p hi\u1ec7n \u0111\u1ea1i cho ng\u00e0y c\u01b0\u1edbi - \u0110i\u1ec7n hoa t\u01b0\u01a1i online 24h","description":"Combo Hoa C\u01b0\u1edbi \u0111i theo phong c\u00e1ch cao c\u1ea5p v\u00e0 hi\u1ec7n \u0111\u1ea1i, b\u00f3 hoa tay v\u00e0 hoa xe \u0111\u01b0\u1ee3c thi\u1ebft k\u1ebf m\u1ed9t c\u00e1ch n\u1ed5i b\u1eadt v\u1edbi hai tone m\u00e0u th\u1eddi th\u01b0\u1eddng l\u00e0 \u0111\u1ecf v\u00e0 t\u00edm","robots":{"index":"index","follow":"follow","max-snippet":"max-snippet:-1","max-image-preview":"max-image-preview:large","max-video-preview":"max-video-preview:-1"},"canonical":"https:\/\/tiff.vn\/?product=combo-hoa-cuoi-ms15-t50","og_locale":"vi_VN","og_type":"article","og_title":"Combo hoa c\u01b0\u1edbi cao c\u1ea5p hi\u1ec7n \u0111\u1ea1i cho ng\u00e0y c\u01b0\u1edbi - \u0110i\u1ec7n hoa t\u01b0\u01a1i online 24h","og_description":"Combo Hoa C\u01b0\u1edbi \u0111i theo phong c\u00e1ch cao c\u1ea5p v\u00e0 hi\u1ec7n \u0111\u1ea1i, b\u00f3 hoa tay v\u00e0 hoa xe \u0111\u01b0\u1ee3c thi\u1ebft k\u1ebf m\u1ed9t c\u00e1ch n\u1ed5i b\u1eadt v\u1edbi hai tone m\u00e0u th\u1eddi th\u01b0\u1eddng l\u00e0 \u0111\u1ecf v\u00e0 t\u00edm","og_url":"https:\/\/tiff.vn\/?product=combo-hoa-cuoi-ms15-t50","og_site_name":"Tiff Planner | Tiffany Wedding &amp; Event","article_modified_time":"2024-06-27T04:15:57+00:00","og_image":[{"width":900,"height":900,"url":"https:\/\/tiff.vn\/wp-content\/uploads\/2024\/06\/Combo-Hoa-cuoi-MS15-T502.jpg","type":"image\/jpeg"}],"twitter_card":"summary_large_image","twitter_misc":{"\u01af\u1edbc t\u00ednh th\u1eddi gian \u0111\u1ecdc":"2 ph\u00fat"},"schema":{"@context":"https:\/\/schema.org","@graph":[{"@type":"WebPage","@id":"https:\/\/tiff.vn\/?product=combo-hoa-cuoi-ms15-t50","url":"https:\/\/tiff.vn\/?product=combo-hoa-cuoi-ms15-t50","name":"Combo hoa c\u01b0\u1edbi cao c\u1ea5p hi\u1ec7n \u0111\u1ea1i cho ng\u00e0y c\u01b0\u1edbi - \u0110i\u1ec7n hoa t\u01b0\u01a1i online 24h","isPartOf":{"@id":"http:\/\/103.159.50.39\/#website"},"primaryImageOfPage":{"@id":"https:\/\/tiff.vn\/?product=combo-hoa-cuoi-ms15-t50#primaryimage"},"image":{"@id":"https:\/\/tiff.vn\/?product=combo-hoa-cuoi-ms15-t50#primaryimage"},"thumbnailUrl":"https:\/\/tiff.vn\/wp-content\/uploads\/2024\/06\/Combo-Hoa-cuoi-MS15-T502.jpg","datePublished":"2024-05-31T14:40:00+00:00","dateModified":"2024-06-27T04:15:57+00:00","description":"Combo Hoa C\u01b0\u1edbi \u0111i theo phong c\u00e1ch cao c\u1ea5p v\u00e0 hi\u1ec7n \u0111\u1ea1i, b\u00f3 hoa tay v\u00e0 hoa xe \u0111\u01b0\u1ee3c thi\u1ebft k\u1ebf m\u1ed9t c\u00e1ch n\u1ed5i b\u1eadt v\u1edbi hai tone m\u00e0u th\u1eddi th\u01b0\u1eddng l\u00e0 \u0111\u1ecf v\u00e0 t\u00edm","breadcrumb":{"@id":"https:\/\/tiff.vn\/?product=combo-hoa-cuoi-ms15-t50#breadcrumb"},"inLanguage":"vi","potentialAction":[{"@type":"ReadAction","target":["https:\/\/tiff.vn\/?product=combo-hoa-cuoi-ms15-t50"]}]},{"@type":"ImageObject","inLanguage":"vi","@id":"https:\/\/tiff.vn\/?product=combo-hoa-cuoi-ms15-t50#primaryimage","url":"https:\/\/tiff.vn\/wp-content\/uploads\/2024\/06\/Combo-Hoa-cuoi-MS15-T502.jpg","contentUrl":"https:\/\/tiff.vn\/wp-content\/uploads\/2024\/06\/Combo-Hoa-cuoi-MS15-T502.jpg","width":900,"height":900},{"@type":"BreadcrumbList","@id":"https:\/\/tiff.vn\/?product=combo-hoa-cuoi-ms15-t50#breadcrumb","itemListElement":[{"@type":"ListItem","position":1,"name":"Home","item":"http:\/\/103.159.50.39\/"},{"@type":"ListItem","position":2,"name":"S\u1ea3n ph\u1ea9m","item":"https:\/\/tiff.vn\/?post_type=product"},{"@type":"ListItem","position":3,"name":"Combo Hoa c\u01b0\u1edbi MS15 &#8211; T50"}]},{"@type":"WebSite","@id":"http:\/\/103.159.50.39\/#website","url":"http:\/\/103.159.50.39\/","name":"Tiff Wedding Planner & Decoration","description":"Top Wedding &amp; Event Planner h\u00e0ng \u0111\u1ea7u Vi\u1ec7t Nam - Ti\u00ean phong ki\u1ebfn t\u1ea1o nh\u1eefng \u0111\u00e1m c\u01b0\u1edbi \u0111\u1ed9c b\u1ea3n v\u00e0 s\u1ef1 ki\u1ec7n \u0111\u1eb3ng c\u1ea5p","publisher":{"@id":"http:\/\/103.159.50.39\/#organization"},"alternateName":"Tiff Wedding Planner & Decoration","potentialAction":[{"@type":"SearchAction","target":{"@type":"EntryPoint","urlTemplate":"http:\/\/103.159.50.39\/?s={search_term_string}"},"query-input":{"@type":"PropertyValueSpecification","valueRequired":true,"valueName":"search_term_string"}}],"inLanguage":"vi"},{"@type":"Organization","@id":"http:\/\/103.159.50.39\/#organization","name":"Tiff Wedding Planner & Decoration","url":"http:\/\/103.159.50.39\/","logo":{"@type":"ImageObject","inLanguage":"vi","@id":"http:\/\/103.159.50.39\/#\/schema\/logo\/image\/","url":"https:\/\/tiff.vn\/wp-content\/uploads\/2023\/05\/logo_main.png","contentUrl":"https:\/\/tiff.vn\/wp-content\/uploads\/2023\/05\/logo_main.png","width":228,"height":64,"caption":"Tiff Wedding Planner & Decoration"},"image":{"@id":"http:\/\/103.159.50.39\/#\/schema\/logo\/image\/"}}]}},"_links":{"self":[{"href":"https:\/\/tiff.vn\/index.php?rest_route=\/wp\/v2\/product\/31123","targetHints":{"allow":["GET"]}}],"collection":[{"href":"https:\/\/tiff.vn\/index.php?rest_route=\/wp\/v2\/product"}],"about":[{"href":"https:\/\/tiff.vn\/index.php?rest_route=\/wp\/v2\/types\/product"}],"replies":[{"embeddable":true,"href":"https:\/\/tiff.vn\/index.php?rest_route=%2Fwp%2Fv2%2Fcomments&post=31123"}],"version-history":[{"count":0,"href":"https:\/\/tiff.vn\/index.php?rest_route=\/wp\/v2\/product\/31123\/revisions"}],"wp:featuredmedia":[{"embeddable":true,"href":"https:\/\/tiff.vn\/index.php?rest_route=\/wp\/v2\/media\/40086"}],"wp:attachment":[{"href":"https:\/\/tiff.vn\/index.php?rest_route=%2Fwp%2Fv2%2Fmedia&parent=31123"}],"wp:term":[{"taxonomy":"product_brand","embeddable":true,"href":"https:\/\/tiff.vn\/index.php?rest_route=%2Fwp%2Fv2%2Fproduct_brand&post=31123"},{"taxonomy":"product_cat","embeddable":true,"href":"https:\/\/tiff.vn\/index.php?rest_route=%2Fwp%2Fv2%2Fproduct_cat&post=31123"},{"taxonomy":"product_tag","embeddable":true,"href":"https:\/\/tiff.vn\/index.php?rest_route=%2Fwp%2Fv2%2Fproduct_tag&post=31123"}],"curies":[{"name":"wp","href":"https:\/\/api.w.org\/{rel}","templated":true}]}}