{"id":31127,"date":"2024-05-31T14:40:00","date_gmt":"2024-05-31T14:40:00","guid":{"rendered":"https:\/\/tiff.vn\/?post_type=product&#038;p=31127"},"modified":"2024-06-27T04:20:54","modified_gmt":"2024-06-27T04:20:54","slug":"combo-hoa-cuoi-gb-ms04-t54","status":"publish","type":"product","link":"https:\/\/tiff.vn\/?product=combo-hoa-cuoi-gb-ms04-t54","title":{"rendered":"Combo hoa c\u01b0\u1edbi GB MS04 &#8211; T54"},"content":{"rendered":"<p><strong>Combo hoa c\u01b0\u1edbi GB MS04<\/strong> thu\u1ed9c d\u00f2ng hoa c\u01b0\u1edbi Golden Blooming m\u1edbi ra m\u1eaft c\u1ee7a TIFF Flowers trong m\u00f9a c\u01b0\u1edbi 2019. MS04 thi\u00ean v\u1ec1 ki\u1ec3u hoa t\u1ed1i gi\u1ea3n m\u00e0 v\u1eabn mang l\u1ea1i c\u1ea3m nh\u1eadn tinh t\u1ebf b\u1edfi s\u1ef1 k\u1ebft h\u1ee3p c\u1ee7a c\u00e1c lo\u1ea1i hoa nh\u1eadp kh\u1ea9u cao c\u1ea5p. Tone m\u00e0u h\u1ed3ng t\u00edm nh\u1eb9 nh\u00e0ng ph\u00f9 h\u1ee3p v\u1edbi nh\u1eefng c\u1eb7p \u0111\u00f4i y\u00eau th\u00edch s\u1ef1 \u0111\u01a1n gi\u1ea3n, kh\u00f4ng c\u1ea7u k\u1ef3 nh\u01b0ng v\u1eabn \u0111\u1ee7 \u1ea5n t\u01b0\u1ee3ng cho m\u1ed9t l\u1ec5 c\u01b0\u1edbi tuy\u1ec7t v\u1eddi.<\/p>\n<p>&nbsp;<\/p>\n<p><strong>C\u00e1c lo\u1ea1i hoa s\u1eed d\u1ee5ng: <\/strong><\/p>\n<p>&#8211; Hoa h\u1ed3ng tr\u1eafng nh\u1eadp kh\u1ea9u<\/p>\n<p>&#8211; Hoa h\u1ed3ng t\u00edm hu\u1ebf, h\u1ed3ng kem d\u00e2u<\/p>\n<p>&#8211; Lan t\u01b0\u1eddng tr\u1eafng, xanh<\/p>\n<p>&#8211; Tuy\u1ebft mai h\u1ed3ng<\/p>\n<p>&#8211; C\u00e1c lo\u1ea1i hoa l\u00e1 ph\u1ee5 cao c\u1ea5p kh\u00e1c<\/p>\n<p><strong>TIFF Flowers cam k\u1ebft ch\u1ea5t l\u01b0\u1ee3ng hoa tr\u00ean t\u1eebng s\u1ea3n ph\u1ea9m \u0111\u01b0\u1ee3c giao \u0111\u1ebfn tay kh\u00e1ch h\u00e0ng! <\/strong><\/p>\n<p><strong>L\u01b0u \u00fd: Gi\u00e1 s\u1ea3n ph\u1ea9m ch\u01b0a bao g\u1ed3m VAT.<\/strong><\/p>\n<p>TIFFANY WEDDING &amp; EVENT \u2013 MORE THAN YOU EXPECT<\/p>\n<p>Hotline: 0836 999 088 &#8211; 0836 888 099<\/p>\n<p>Address:<\/p>\n<ul>\n<li>H\u00e0 N\u1ed9i: 125 Nghi T\u00e0m, T\u00e2y H\u1ed3<\/li>\n<li>H\u1ed3 Ch\u00ed Minh: 180\/45 Nguy\u1ec5n H\u1eefu C\u1ea3nh, P22, Q B\u00ecnh Th\u1ea1nh<\/li>\n<\/ul>\n<p>Website: https:\/\/tiff.vn\/<\/p>\n<p>Contact us for booking appointment<\/p>\n","protected":false},"excerpt":{"rendered":"<p>Tone h\u1ed3ng cam<\/p>\n<p>\u0110\u01a1n gi\u1ea3n, nh\u1eb9 nh\u00e0ng, thanh l\u1ecbch<\/p>\n<p>C\u00e1c lo\u1ea1i hoa s\u1eed d\u1ee5ng:<\/p>\n<p>&#8211; Hoa h\u1ed3ng tr\u1eafng nh\u1eadp kh\u1ea9u<\/p>\n<p>&#8211; Hoa h\u1ed3ng t\u00edm hu\u1ebf, h\u1ed3ng kem d\u00e2u<\/p>\n<p>&#8211; Lan t\u01b0\u1eddng tr\u1eafng, xanh<\/p>\n<p>&#8211; Tuy\u1ebft mai h\u1ed3ng<\/p>\n<p><span style=\"font-size: 14.4px;\">&#8211; C\u00e1c lo\u1ea1i hoa l\u00e1 ph\u1ee5 cao c\u1ea5p kh\u00e1c<\/span><\/p>\n<p><em> T\u1eb7ng mi\u1ec5n ph\u00ed thi\u1ec7p \u2013 banner ch\u00fac m\u1eebng thi\u1ebft k\u1ebf (vui l\u00f2ng ghi r\u00f5 \u1edf m\u1ee5c ghi ch\u00fa). <\/em><\/p>\n<p><em>Giao hoa g\u1ea5p trong m\u1ed9t gi\u1edd. <\/em><\/p>\n<p><em>Cam k\u1ebft 100% ho\u00e0n ti\u1ec1n n\u1ebfu b\u1ea1n kh\u00f4ng h\u00e0i l\u00f2ng.<\/em><\/p>\n<p>TIFFANY WEDDING &amp; EVENT \u2013 MORE THAN YOU EXPECT<\/p>\n<p>Hotline: 0836 999 088 &#8211; 0836 888 099<\/p>\n<p>Address:<\/p>\n<ul>\n<li>H\u00e0 N\u1ed9i: 125 Nghi T\u00e0m, T\u00e2y H\u1ed3<\/li>\n<li>H\u1ed3 Ch\u00ed Minh: 180\/45 Nguy\u1ec5n H\u1eefu C\u1ea3nh, P22, Q B\u00ecnh Th\u1ea1nh<\/li>\n<\/ul>\n<p>Website: https:\/\/tiff.vn\/<\/p>\n<p>Contact us for booking appointment<\/p>\n","protected":false},"featured_media":40028,"comment_status":"closed","ping_status":"closed","template":"","meta":{"_acf_changed":false},"product_brand":[],"product_cat":[362,381],"product_tag":[],"class_list":{"0":"post-31127","1":"product","2":"type-product","3":"status-publish","4":"has-post-thumbnail","6":"product_cat-hoa-cuoi","7":"product_cat-combo-hoa-cam-tay-hoa-xe-cuoi","9":"first","10":"instock","11":"shipping-taxable","12":"purchasable","13":"product-type-simple"},"acf":[],"yoast_head":"<!-- This site is optimized with the Yoast SEO plugin v25.0 - https:\/\/yoast.com\/wordpress\/plugins\/seo\/ -->\n<title>M\u1eabu hoa c\u01b0\u1edbi hi\u1ec7n \u0111\u1ea1i nh\u1ea5t m\u1edbi ra m\u1eaft - \u0110i\u1ec7n hoa t\u01b0\u01a1i online 24h.<\/title>\n<meta name=\"description\" content=\"M\u1eabu hoa c\u01b0\u1edbi thi\u00ean v\u1ec1 ki\u1ec3u hoa t\u1ed1i gi\u1ea3n m\u00e0 v\u1eabn mang l\u1ea1i c\u1ea3m nh\u1eadn tinh t\u1ebf b\u1edfi s\u1ef1 k\u1ebft h\u1ee3p c\u1ee7a c\u00e1c lo\u1ea1i hoa nh\u1eadp kh\u1ea9u cao c\u1ea5p c\u00f9ng tone m\u00e0u h\u1ed3ng cam nh\u1eb9 nh\u00e0ng\" \/>\n<meta name=\"robots\" content=\"index, follow, max-snippet:-1, max-image-preview:large, max-video-preview:-1\" \/>\n<link rel=\"canonical\" href=\"https:\/\/tiff.vn\/?product=combo-hoa-cuoi-gb-ms04-t54\" \/>\n<meta property=\"og:locale\" content=\"vi_VN\" \/>\n<meta property=\"og:type\" content=\"article\" \/>\n<meta property=\"og:title\" content=\"M\u1eabu hoa c\u01b0\u1edbi hi\u1ec7n \u0111\u1ea1i nh\u1ea5t m\u1edbi ra m\u1eaft - \u0110i\u1ec7n hoa t\u01b0\u01a1i online 24h.\" \/>\n<meta property=\"og:description\" content=\"M\u1eabu hoa c\u01b0\u1edbi thi\u00ean v\u1ec1 ki\u1ec3u hoa t\u1ed1i gi\u1ea3n m\u00e0 v\u1eabn mang l\u1ea1i c\u1ea3m nh\u1eadn tinh t\u1ebf b\u1edfi s\u1ef1 k\u1ebft h\u1ee3p c\u1ee7a c\u00e1c lo\u1ea1i hoa nh\u1eadp kh\u1ea9u cao c\u1ea5p c\u00f9ng tone m\u00e0u h\u1ed3ng cam nh\u1eb9 nh\u00e0ng\" \/>\n<meta property=\"og:url\" content=\"https:\/\/tiff.vn\/?product=combo-hoa-cuoi-gb-ms04-t54\" \/>\n<meta property=\"og:site_name\" content=\"Tiff Planner | Tiffany Wedding &amp; Event\" \/>\n<meta property=\"article:modified_time\" content=\"2024-06-27T04:20:54+00:00\" \/>\n<meta property=\"og:image\" content=\"https:\/\/tiff.vn\/wp-content\/uploads\/2024\/06\/Combo-hoa-cuoi-GB-MS04-T54-1.jpg\" \/>\n\t<meta property=\"og:image:width\" content=\"900\" \/>\n\t<meta property=\"og:image:height\" content=\"900\" \/>\n\t<meta property=\"og:image:type\" content=\"image\/jpeg\" \/>\n<meta name=\"twitter:card\" content=\"summary_large_image\" \/>\n<meta name=\"twitter:label1\" content=\"\u01af\u1edbc t\u00ednh th\u1eddi gian \u0111\u1ecdc\" \/>\n\t<meta name=\"twitter:data1\" content=\"1 ph\u00fat\" \/>\n<script type=\"application\/ld+json\" class=\"yoast-schema-graph\">{\"@context\":\"https:\/\/schema.org\",\"@graph\":[{\"@type\":\"WebPage\",\"@id\":\"https:\/\/tiff.vn\/?product=combo-hoa-cuoi-gb-ms04-t54\",\"url\":\"https:\/\/tiff.vn\/?product=combo-hoa-cuoi-gb-ms04-t54\",\"name\":\"M\u1eabu hoa c\u01b0\u1edbi hi\u1ec7n \u0111\u1ea1i nh\u1ea5t m\u1edbi ra m\u1eaft - \u0110i\u1ec7n hoa t\u01b0\u01a1i online 24h.\",\"isPartOf\":{\"@id\":\"http:\/\/103.159.50.39\/#website\"},\"primaryImageOfPage\":{\"@id\":\"https:\/\/tiff.vn\/?product=combo-hoa-cuoi-gb-ms04-t54#primaryimage\"},\"image\":{\"@id\":\"https:\/\/tiff.vn\/?product=combo-hoa-cuoi-gb-ms04-t54#primaryimage\"},\"thumbnailUrl\":\"https:\/\/tiff.vn\/wp-content\/uploads\/2024\/06\/Combo-hoa-cuoi-GB-MS04-T54-1.jpg\",\"datePublished\":\"2024-05-31T14:40:00+00:00\",\"dateModified\":\"2024-06-27T04:20:54+00:00\",\"description\":\"M\u1eabu hoa c\u01b0\u1edbi thi\u00ean v\u1ec1 ki\u1ec3u hoa t\u1ed1i gi\u1ea3n m\u00e0 v\u1eabn mang l\u1ea1i c\u1ea3m nh\u1eadn tinh t\u1ebf b\u1edfi s\u1ef1 k\u1ebft h\u1ee3p c\u1ee7a c\u00e1c lo\u1ea1i hoa nh\u1eadp kh\u1ea9u cao c\u1ea5p c\u00f9ng tone m\u00e0u h\u1ed3ng cam nh\u1eb9 nh\u00e0ng\",\"breadcrumb\":{\"@id\":\"https:\/\/tiff.vn\/?product=combo-hoa-cuoi-gb-ms04-t54#breadcrumb\"},\"inLanguage\":\"vi\",\"potentialAction\":[{\"@type\":\"ReadAction\",\"target\":[\"https:\/\/tiff.vn\/?product=combo-hoa-cuoi-gb-ms04-t54\"]}]},{\"@type\":\"ImageObject\",\"inLanguage\":\"vi\",\"@id\":\"https:\/\/tiff.vn\/?product=combo-hoa-cuoi-gb-ms04-t54#primaryimage\",\"url\":\"https:\/\/tiff.vn\/wp-content\/uploads\/2024\/06\/Combo-hoa-cuoi-GB-MS04-T54-1.jpg\",\"contentUrl\":\"https:\/\/tiff.vn\/wp-content\/uploads\/2024\/06\/Combo-hoa-cuoi-GB-MS04-T54-1.jpg\",\"width\":900,\"height\":900},{\"@type\":\"BreadcrumbList\",\"@id\":\"https:\/\/tiff.vn\/?product=combo-hoa-cuoi-gb-ms04-t54#breadcrumb\",\"itemListElement\":[{\"@type\":\"ListItem\",\"position\":1,\"name\":\"Home\",\"item\":\"http:\/\/103.159.50.39\/\"},{\"@type\":\"ListItem\",\"position\":2,\"name\":\"S\u1ea3n ph\u1ea9m\",\"item\":\"https:\/\/tiff.vn\/?post_type=product\"},{\"@type\":\"ListItem\",\"position\":3,\"name\":\"Combo hoa c\u01b0\u1edbi GB MS04 &#8211; T54\"}]},{\"@type\":\"WebSite\",\"@id\":\"http:\/\/103.159.50.39\/#website\",\"url\":\"http:\/\/103.159.50.39\/\",\"name\":\"Tiff Wedding Planner & Decoration\",\"description\":\"Top Wedding &amp; Event Planner h\u00e0ng \u0111\u1ea7u Vi\u1ec7t Nam - Ti\u00ean phong ki\u1ebfn t\u1ea1o nh\u1eefng \u0111\u00e1m c\u01b0\u1edbi \u0111\u1ed9c b\u1ea3n v\u00e0 s\u1ef1 ki\u1ec7n \u0111\u1eb3ng c\u1ea5p\",\"publisher\":{\"@id\":\"http:\/\/103.159.50.39\/#organization\"},\"alternateName\":\"Tiff Wedding Planner & Decoration\",\"potentialAction\":[{\"@type\":\"SearchAction\",\"target\":{\"@type\":\"EntryPoint\",\"urlTemplate\":\"http:\/\/103.159.50.39\/?s={search_term_string}\"},\"query-input\":{\"@type\":\"PropertyValueSpecification\",\"valueRequired\":true,\"valueName\":\"search_term_string\"}}],\"inLanguage\":\"vi\"},{\"@type\":\"Organization\",\"@id\":\"http:\/\/103.159.50.39\/#organization\",\"name\":\"Tiff Wedding Planner & Decoration\",\"url\":\"http:\/\/103.159.50.39\/\",\"logo\":{\"@type\":\"ImageObject\",\"inLanguage\":\"vi\",\"@id\":\"http:\/\/103.159.50.39\/#\/schema\/logo\/image\/\",\"url\":\"https:\/\/tiff.vn\/wp-content\/uploads\/2023\/05\/logo_main.png\",\"contentUrl\":\"https:\/\/tiff.vn\/wp-content\/uploads\/2023\/05\/logo_main.png\",\"width\":228,\"height\":64,\"caption\":\"Tiff Wedding Planner & Decoration\"},\"image\":{\"@id\":\"http:\/\/103.159.50.39\/#\/schema\/logo\/image\/\"}}]}<\/script>\n<!-- \/ Yoast SEO plugin. -->","yoast_head_json":{"title":"M\u1eabu hoa c\u01b0\u1edbi hi\u1ec7n \u0111\u1ea1i nh\u1ea5t m\u1edbi ra m\u1eaft - \u0110i\u1ec7n hoa t\u01b0\u01a1i online 24h.","description":"M\u1eabu hoa c\u01b0\u1edbi thi\u00ean v\u1ec1 ki\u1ec3u hoa t\u1ed1i gi\u1ea3n m\u00e0 v\u1eabn mang l\u1ea1i c\u1ea3m nh\u1eadn tinh t\u1ebf b\u1edfi s\u1ef1 k\u1ebft h\u1ee3p c\u1ee7a c\u00e1c lo\u1ea1i hoa nh\u1eadp kh\u1ea9u cao c\u1ea5p c\u00f9ng tone m\u00e0u h\u1ed3ng cam nh\u1eb9 nh\u00e0ng","robots":{"index":"index","follow":"follow","max-snippet":"max-snippet:-1","max-image-preview":"max-image-preview:large","max-video-preview":"max-video-preview:-1"},"canonical":"https:\/\/tiff.vn\/?product=combo-hoa-cuoi-gb-ms04-t54","og_locale":"vi_VN","og_type":"article","og_title":"M\u1eabu hoa c\u01b0\u1edbi hi\u1ec7n \u0111\u1ea1i nh\u1ea5t m\u1edbi ra m\u1eaft - \u0110i\u1ec7n hoa t\u01b0\u01a1i online 24h.","og_description":"M\u1eabu hoa c\u01b0\u1edbi thi\u00ean v\u1ec1 ki\u1ec3u hoa t\u1ed1i gi\u1ea3n m\u00e0 v\u1eabn mang l\u1ea1i c\u1ea3m nh\u1eadn tinh t\u1ebf b\u1edfi s\u1ef1 k\u1ebft h\u1ee3p c\u1ee7a c\u00e1c lo\u1ea1i hoa nh\u1eadp kh\u1ea9u cao c\u1ea5p c\u00f9ng tone m\u00e0u h\u1ed3ng cam nh\u1eb9 nh\u00e0ng","og_url":"https:\/\/tiff.vn\/?product=combo-hoa-cuoi-gb-ms04-t54","og_site_name":"Tiff Planner | Tiffany Wedding &amp; Event","article_modified_time":"2024-06-27T04:20:54+00:00","og_image":[{"width":900,"height":900,"url":"https:\/\/tiff.vn\/wp-content\/uploads\/2024\/06\/Combo-hoa-cuoi-GB-MS04-T54-1.jpg","type":"image\/jpeg"}],"twitter_card":"summary_large_image","twitter_misc":{"\u01af\u1edbc t\u00ednh th\u1eddi gian \u0111\u1ecdc":"1 ph\u00fat"},"schema":{"@context":"https:\/\/schema.org","@graph":[{"@type":"WebPage","@id":"https:\/\/tiff.vn\/?product=combo-hoa-cuoi-gb-ms04-t54","url":"https:\/\/tiff.vn\/?product=combo-hoa-cuoi-gb-ms04-t54","name":"M\u1eabu hoa c\u01b0\u1edbi hi\u1ec7n \u0111\u1ea1i nh\u1ea5t m\u1edbi ra m\u1eaft - \u0110i\u1ec7n hoa t\u01b0\u01a1i online 24h.","isPartOf":{"@id":"http:\/\/103.159.50.39\/#website"},"primaryImageOfPage":{"@id":"https:\/\/tiff.vn\/?product=combo-hoa-cuoi-gb-ms04-t54#primaryimage"},"image":{"@id":"https:\/\/tiff.vn\/?product=combo-hoa-cuoi-gb-ms04-t54#primaryimage"},"thumbnailUrl":"https:\/\/tiff.vn\/wp-content\/uploads\/2024\/06\/Combo-hoa-cuoi-GB-MS04-T54-1.jpg","datePublished":"2024-05-31T14:40:00+00:00","dateModified":"2024-06-27T04:20:54+00:00","description":"M\u1eabu hoa c\u01b0\u1edbi thi\u00ean v\u1ec1 ki\u1ec3u hoa t\u1ed1i gi\u1ea3n m\u00e0 v\u1eabn mang l\u1ea1i c\u1ea3m nh\u1eadn tinh t\u1ebf b\u1edfi s\u1ef1 k\u1ebft h\u1ee3p c\u1ee7a c\u00e1c lo\u1ea1i hoa nh\u1eadp kh\u1ea9u cao c\u1ea5p c\u00f9ng tone m\u00e0u h\u1ed3ng cam nh\u1eb9 nh\u00e0ng","breadcrumb":{"@id":"https:\/\/tiff.vn\/?product=combo-hoa-cuoi-gb-ms04-t54#breadcrumb"},"inLanguage":"vi","potentialAction":[{"@type":"ReadAction","target":["https:\/\/tiff.vn\/?product=combo-hoa-cuoi-gb-ms04-t54"]}]},{"@type":"ImageObject","inLanguage":"vi","@id":"https:\/\/tiff.vn\/?product=combo-hoa-cuoi-gb-ms04-t54#primaryimage","url":"https:\/\/tiff.vn\/wp-content\/uploads\/2024\/06\/Combo-hoa-cuoi-GB-MS04-T54-1.jpg","contentUrl":"https:\/\/tiff.vn\/wp-content\/uploads\/2024\/06\/Combo-hoa-cuoi-GB-MS04-T54-1.jpg","width":900,"height":900},{"@type":"BreadcrumbList","@id":"https:\/\/tiff.vn\/?product=combo-hoa-cuoi-gb-ms04-t54#breadcrumb","itemListElement":[{"@type":"ListItem","position":1,"name":"Home","item":"http:\/\/103.159.50.39\/"},{"@type":"ListItem","position":2,"name":"S\u1ea3n ph\u1ea9m","item":"https:\/\/tiff.vn\/?post_type=product"},{"@type":"ListItem","position":3,"name":"Combo hoa c\u01b0\u1edbi GB MS04 &#8211; T54"}]},{"@type":"WebSite","@id":"http:\/\/103.159.50.39\/#website","url":"http:\/\/103.159.50.39\/","name":"Tiff Wedding Planner & Decoration","description":"Top Wedding &amp; Event Planner h\u00e0ng \u0111\u1ea7u Vi\u1ec7t Nam - Ti\u00ean phong ki\u1ebfn t\u1ea1o nh\u1eefng \u0111\u00e1m c\u01b0\u1edbi \u0111\u1ed9c b\u1ea3n v\u00e0 s\u1ef1 ki\u1ec7n \u0111\u1eb3ng c\u1ea5p","publisher":{"@id":"http:\/\/103.159.50.39\/#organization"},"alternateName":"Tiff Wedding Planner & Decoration","potentialAction":[{"@type":"SearchAction","target":{"@type":"EntryPoint","urlTemplate":"http:\/\/103.159.50.39\/?s={search_term_string}"},"query-input":{"@type":"PropertyValueSpecification","valueRequired":true,"valueName":"search_term_string"}}],"inLanguage":"vi"},{"@type":"Organization","@id":"http:\/\/103.159.50.39\/#organization","name":"Tiff Wedding Planner & Decoration","url":"http:\/\/103.159.50.39\/","logo":{"@type":"ImageObject","inLanguage":"vi","@id":"http:\/\/103.159.50.39\/#\/schema\/logo\/image\/","url":"https:\/\/tiff.vn\/wp-content\/uploads\/2023\/05\/logo_main.png","contentUrl":"https:\/\/tiff.vn\/wp-content\/uploads\/2023\/05\/logo_main.png","width":228,"height":64,"caption":"Tiff Wedding Planner & Decoration"},"image":{"@id":"http:\/\/103.159.50.39\/#\/schema\/logo\/image\/"}}]}},"_links":{"self":[{"href":"https:\/\/tiff.vn\/index.php?rest_route=\/wp\/v2\/product\/31127","targetHints":{"allow":["GET"]}}],"collection":[{"href":"https:\/\/tiff.vn\/index.php?rest_route=\/wp\/v2\/product"}],"about":[{"href":"https:\/\/tiff.vn\/index.php?rest_route=\/wp\/v2\/types\/product"}],"replies":[{"embeddable":true,"href":"https:\/\/tiff.vn\/index.php?rest_route=%2Fwp%2Fv2%2Fcomments&post=31127"}],"version-history":[{"count":0,"href":"https:\/\/tiff.vn\/index.php?rest_route=\/wp\/v2\/product\/31127\/revisions"}],"wp:featuredmedia":[{"embeddable":true,"href":"https:\/\/tiff.vn\/index.php?rest_route=\/wp\/v2\/media\/40028"}],"wp:attachment":[{"href":"https:\/\/tiff.vn\/index.php?rest_route=%2Fwp%2Fv2%2Fmedia&parent=31127"}],"wp:term":[{"taxonomy":"product_brand","embeddable":true,"href":"https:\/\/tiff.vn\/index.php?rest_route=%2Fwp%2Fv2%2Fproduct_brand&post=31127"},{"taxonomy":"product_cat","embeddable":true,"href":"https:\/\/tiff.vn\/index.php?rest_route=%2Fwp%2Fv2%2Fproduct_cat&post=31127"},{"taxonomy":"product_tag","embeddable":true,"href":"https:\/\/tiff.vn\/index.php?rest_route=%2Fwp%2Fv2%2Fproduct_tag&post=31127"}],"curies":[{"name":"wp","href":"https:\/\/api.w.org\/{rel}","templated":true}]}}