{"id":31228,"date":"2024-05-31T14:50:08","date_gmt":"2024-05-31T14:50:08","guid":{"rendered":"https:\/\/tiff.vn\/?post_type=product&#038;p=31228"},"modified":"2024-10-16T16:45:19","modified_gmt":"2024-10-16T09:45:19","slug":"bo-hoa-cam-tay-co-dau-tieu-thu-t10","status":"publish","type":"product","link":"https:\/\/tiff.vn\/?product=bo-hoa-cam-tay-co-dau-tieu-thu-t10","title":{"rendered":"B\u00f3 Hoa C\u1ea7m Tay C\u00f4 D\u00e2u Ti\u1ec3u Th\u01b0 &#8211; T10"},"content":{"rendered":"<p><span style=\"color: #000000;\"><strong>B\u00f3 Hoa C\u1ea7m Tay C\u00f4 D\u00e2u Ti\u1ec3u Th\u01b0<\/strong>\u00a0ki\u00eau k\u00ec v\u00e0 r\u1ef1c r\u1ee1 nh\u01b0 hi\u1ec7n th\u00e2n c\u1ee7a cho h\u00ecnh \u1ea3nh m\u1ed7i c\u00f4 d\u00e2u v\u00e0o d\u1ecbp c\u01b0\u1edbi. Nh\u1eefng b\u00f4ng hoa h\u1ed3ng \u0111\u1ecf n\u1ed5i b\u1eadt v\u00e0 tr\u00e0n \u0111\u00e0y s\u1ee9c s\u1ed1ng \u0111i\u1ec3m th\u00eam ch\u00fat tone tr\u1eafng \u00a0nh\u1eb9 nh\u00e0ng \u00a0m\u00e0 th\u1eadt \u00a0tinh t\u1ebf. V\u1eady n\u00ean c\u00f2n ch\u1ea7n ch\u1eeb g\u00ec m\u00e0 kh\u00f4ng l\u1ef1a cho m\u00ecnh ngay b\u00f3 hoa n\u00e0y th\u1ebf nh\u1eefng \u201cti\u1ec3u th\u01b0\u201d trong l\u00f2ng ai \u0111\u00f3.<\/span><\/p>\n<p><a href=\"https:\/\/tiff.vn\/wp-content\/uploads\/2020\/08\/T10-15tr.png\"><img fetchpriority=\"high\" class=\"aligncenter wp-image-6624 size-large\" src=\"https:\/\/tiff.vn\/wp-content\/uploads\/2020\/08\/T10-15tr-800x800.png\" alt=\"\" width=\"800\" height=\"800\" \/><\/a><\/p>\n<p><strong><span style=\"color: #000000;\">S\u1ea3n ph\u1ea9m bao g\u1ed3m:<\/span><\/strong><\/p>\n<p><span style=\"color: #000000;\">+ Hoa H\u1ed3ng nh\u1eadp kh\u1ea9u<\/span><\/p>\n<p><span style=\"color: #000000;\">+ Hoa Tuylip Nam Phi<\/span><\/p>\n<p><span style=\"color: #000000;\">+ Hoa Ren Red<\/span><\/p>\n<p><span style=\"color: #000000;\">+ Hoa H\u1ed3ng M\u00f4n<\/span><\/p>\n<p><span style=\"color: #000000;\"> + Hoa Thanh Li\u1ec5u nh\u1eadp kh\u1ea9u<\/span><\/p>\n<p><span style=\"color: #000000;\"> + Hoa Mao L\u01b0\u01a1ng nh\u1eadp kh\u1ea9u\u00a0<\/span><\/p>\n<p><span style=\"color: #000000;\"><strong>TIFF Flowers<\/strong> cam k\u1ebft ch\u1ea5t l\u01b0\u1ee3ng hoa tr\u00ean t\u1eebng s\u1ea3n ph\u1ea9m \u0111\u01b0\u1ee3c \u00a0\u0111\u1ebfn tay kh\u00e1ch h\u00e0ng<\/span><\/p>\n<p><em><span style=\"color: #000000;\">L\u01b0u \u00fd: Gi\u00e1 s\u1ea3n ph\u1ea9m ch\u01b0a bao g\u1ed3m VAT<span lang=\"VI\">.<\/span><\/span><\/em><\/p>\n<p>&#8212;<\/p>\n<p>TIFFANY WEDDING &amp; EVENT \u2013 MORE THAN YOU EXPECT<\/p>\n<p>Hotline: 0836 999 088 &#8211; 0836 888 099<\/p>\n<p>Address:<\/p>\n<ul>\n<li>H\u00e0 N\u1ed9i: 125 Nghi T\u00e0m, T\u00e2y H\u1ed3<\/li>\n<li>H\u1ed3 Ch\u00ed Minh: 180\/45 Nguy\u1ec5n H\u1eefu C\u1ea3nh, P22, Q B\u00ecnh Th\u1ea1nh<\/li>\n<\/ul>\n<p>Website: https:\/\/tiff.vn\/<\/p>\n<p>Contact us for booking appointment<\/p>\n","protected":false},"excerpt":{"rendered":"<p><span style=\"color: #000000;\">Ti\u1ec3u th\u01b0 l\u00e0 b\u00f3 hoa c\u01b0\u1edbi ph\u1ed1i tone \u0111\u1ecf tr\u1eafng v\u1edbi phong c\u00e1ch c\u1eafm hoa v\u1ea1t ch\u00e9o ki\u00eau k\u00ec.<\/span><\/p>\n<p><span style=\"color: #000000;\">B\u00f3 hoa s\u1eed d\u1ee5ng hoa nh\u1eadp kh\u1ea9u cao c\u1ea5p: Hoa h\u1ed3ng nh\u1eadp kh\u1ea9u, Hoa Tuylip Nam Phi, Hoa Ren Red, Hoa H\u1ed3ng M\u00f4n,\u00a0<\/span><span style=\"color: #000000;\">Hoa Thanh Li\u1ec5u nh\u1eadp kh\u1ea9u,\u00a0<\/span><span style=\"color: #000000;\">Hoa Mao L\u01b0\u01a1ng nh\u1eadp kh\u1ea9u\u00a0<\/span><\/p>\n<p><span style=\"color: #000000;\"><strong><em>T\u1eb7ng mi\u1ec5n ph\u00ed thi\u1ec7p \u2013 banner ch\u00fac m\u1eebng thi\u1ebft k\u1ebf (vui l\u00f2ng ghi r\u00f5 \u1edf m\u1ee5c ghi ch\u00fa).<\/em><\/strong><\/span><\/p>\n<p><span style=\"color: #000000;\"><strong><em>Giao hoa g\u1ea5p trong m\u1ed9t gi\u1edd.<\/em><\/strong><\/span><\/p>\n<p><span style=\"color: #000000;\"><strong><em>Cam k\u1ebft 100% ho\u00e0n ti\u1ec1n n\u1ebfu b\u1ea1n kh\u00f4ng h\u00e0i l\u00f2ng.<\/em><\/strong><\/span><\/p>\n<p>&#8212;<\/p>\n<p>TIFFANY WEDDING &amp; EVENT \u2013 MORE THAN YOU EXPECT<\/p>\n<p>Hotline: 0836 999 088 &#8211; 0836 888 099<\/p>\n<p>Address:<\/p>\n<ul>\n<li>H\u00e0 N\u1ed9i: 125 Nghi T\u00e0m, T\u00e2y H\u1ed3<\/li>\n<li>H\u1ed3 Ch\u00ed Minh: 180\/45 Nguy\u1ec5n H\u1eefu C\u1ea3nh, P22, Q B\u00ecnh Th\u1ea1nh<\/li>\n<\/ul>\n<p>Website: https:\/\/tiff.vn\/<\/p>\n<p>Contact us for booking appointment<\/p>\n","protected":false},"featured_media":40131,"comment_status":"open","ping_status":"closed","template":"","meta":{"_acf_changed":false},"product_brand":[],"product_cat":[362,382],"product_tag":[363,364,351,366,367,368],"class_list":{"0":"post-31228","1":"product","2":"type-product","3":"status-publish","4":"has-post-thumbnail","6":"product_cat-hoa-cuoi","7":"product_cat-hoa-cuoi-cam-tay","8":"product_tag-hoa-cam-tay","9":"product_tag-hoa-co-dau","10":"product_tag-hoa-cuoi","11":"product_tag-hoa-hong","12":"product_tag-hoa-nhap-khau","13":"product_tag-hoa-tuoi","15":"first","16":"instock","17":"sale","18":"shipping-taxable","19":"purchasable","20":"product-type-simple"},"acf":[],"yoast_head":"<!-- This site is optimized with the Yoast SEO plugin v25.0 - https:\/\/yoast.com\/wordpress\/plugins\/seo\/ -->\n<title>B\u00f3 hoa c\u1ea7m tay c\u00f4 d\u00e2u hi\u1ec7n \u0111\u1ea1i tone \u0111\u1ecf - \u0110i\u1ec7n hoa t\u01b0\u01a1i online 24h.<\/title>\n<meta name=\"description\" content=\"B\u00f3 Hoa C\u1ea7m Tay C\u00f4 D\u00e2u Ti\u1ec3u Th\u01b0\u00a0ki\u00eau k\u00ec v\u00e0 r\u1ef1c r\u1ee1 nh\u01b0 hi\u1ec7n th\u00e2n c\u1ee7a cho h\u00ecnh \u1ea3nh m\u1ed7i c\u00f4 d\u00e2u v\u00e0o d\u1ecbp c\u01b0\u1edbi. Tone \u0111\u1ecf \u0111i\u1ec3m t\u00f4 l\u00e0m \u0111\u00e1m c\u01b0\u1edbi tr\u1edf n\u00ean c\u00e0ng n\u1ed5i b\u1eadt.\" \/>\n<meta name=\"robots\" content=\"index, follow, max-snippet:-1, max-image-preview:large, max-video-preview:-1\" \/>\n<link rel=\"canonical\" href=\"https:\/\/tiff.vn\/?product=bo-hoa-cam-tay-co-dau-tieu-thu-t10\" \/>\n<meta property=\"og:locale\" content=\"vi_VN\" \/>\n<meta property=\"og:type\" content=\"article\" \/>\n<meta property=\"og:title\" content=\"B\u00f3 hoa c\u1ea7m tay c\u00f4 d\u00e2u hi\u1ec7n \u0111\u1ea1i tone \u0111\u1ecf - \u0110i\u1ec7n hoa t\u01b0\u01a1i online 24h.\" \/>\n<meta property=\"og:description\" content=\"B\u00f3 Hoa C\u1ea7m Tay C\u00f4 D\u00e2u Ti\u1ec3u Th\u01b0\u00a0ki\u00eau k\u00ec v\u00e0 r\u1ef1c r\u1ee1 nh\u01b0 hi\u1ec7n th\u00e2n c\u1ee7a cho h\u00ecnh \u1ea3nh m\u1ed7i c\u00f4 d\u00e2u v\u00e0o d\u1ecbp c\u01b0\u1edbi. Tone \u0111\u1ecf \u0111i\u1ec3m t\u00f4 l\u00e0m \u0111\u00e1m c\u01b0\u1edbi tr\u1edf n\u00ean c\u00e0ng n\u1ed5i b\u1eadt.\" \/>\n<meta property=\"og:url\" content=\"https:\/\/tiff.vn\/?product=bo-hoa-cam-tay-co-dau-tieu-thu-t10\" \/>\n<meta property=\"og:site_name\" content=\"Tiff Planner | Tiffany Wedding &amp; Event\" \/>\n<meta property=\"article:modified_time\" content=\"2024-10-16T09:45:19+00:00\" \/>\n<meta property=\"og:image\" content=\"https:\/\/tiff.vn\/wp-content\/uploads\/2024\/06\/Bo-hoa-cam-tay-co-dau-Tieu-Thu-T10-1.jpg\" \/>\n\t<meta property=\"og:image:width\" content=\"1536\" \/>\n\t<meta property=\"og:image:height\" content=\"1536\" \/>\n\t<meta property=\"og:image:type\" content=\"image\/jpeg\" \/>\n<meta name=\"twitter:card\" content=\"summary_large_image\" \/>\n<meta name=\"twitter:label1\" content=\"\u01af\u1edbc t\u00ednh th\u1eddi gian \u0111\u1ecdc\" \/>\n\t<meta name=\"twitter:data1\" content=\"2 ph\u00fat\" \/>\n<script type=\"application\/ld+json\" class=\"yoast-schema-graph\">{\"@context\":\"https:\/\/schema.org\",\"@graph\":[{\"@type\":\"WebPage\",\"@id\":\"https:\/\/tiff.vn\/?product=bo-hoa-cam-tay-co-dau-tieu-thu-t10\",\"url\":\"https:\/\/tiff.vn\/?product=bo-hoa-cam-tay-co-dau-tieu-thu-t10\",\"name\":\"B\u00f3 hoa c\u1ea7m tay c\u00f4 d\u00e2u hi\u1ec7n \u0111\u1ea1i tone \u0111\u1ecf - \u0110i\u1ec7n hoa t\u01b0\u01a1i online 24h.\",\"isPartOf\":{\"@id\":\"http:\/\/103.159.50.39\/#website\"},\"primaryImageOfPage\":{\"@id\":\"https:\/\/tiff.vn\/?product=bo-hoa-cam-tay-co-dau-tieu-thu-t10#primaryimage\"},\"image\":{\"@id\":\"https:\/\/tiff.vn\/?product=bo-hoa-cam-tay-co-dau-tieu-thu-t10#primaryimage\"},\"thumbnailUrl\":\"https:\/\/tiff.vn\/wp-content\/uploads\/2024\/06\/Bo-hoa-cam-tay-co-dau-Tieu-Thu-T10-1.jpg\",\"datePublished\":\"2024-05-31T14:50:08+00:00\",\"dateModified\":\"2024-10-16T09:45:19+00:00\",\"description\":\"B\u00f3 Hoa C\u1ea7m Tay C\u00f4 D\u00e2u Ti\u1ec3u Th\u01b0\u00a0ki\u00eau k\u00ec v\u00e0 r\u1ef1c r\u1ee1 nh\u01b0 hi\u1ec7n th\u00e2n c\u1ee7a cho h\u00ecnh \u1ea3nh m\u1ed7i c\u00f4 d\u00e2u v\u00e0o d\u1ecbp c\u01b0\u1edbi. Tone \u0111\u1ecf \u0111i\u1ec3m t\u00f4 l\u00e0m \u0111\u00e1m c\u01b0\u1edbi tr\u1edf n\u00ean c\u00e0ng n\u1ed5i b\u1eadt.\",\"breadcrumb\":{\"@id\":\"https:\/\/tiff.vn\/?product=bo-hoa-cam-tay-co-dau-tieu-thu-t10#breadcrumb\"},\"inLanguage\":\"vi\",\"potentialAction\":[{\"@type\":\"ReadAction\",\"target\":[\"https:\/\/tiff.vn\/?product=bo-hoa-cam-tay-co-dau-tieu-thu-t10\"]}]},{\"@type\":\"ImageObject\",\"inLanguage\":\"vi\",\"@id\":\"https:\/\/tiff.vn\/?product=bo-hoa-cam-tay-co-dau-tieu-thu-t10#primaryimage\",\"url\":\"https:\/\/tiff.vn\/wp-content\/uploads\/2024\/06\/Bo-hoa-cam-tay-co-dau-Tieu-Thu-T10-1.jpg\",\"contentUrl\":\"https:\/\/tiff.vn\/wp-content\/uploads\/2024\/06\/Bo-hoa-cam-tay-co-dau-Tieu-Thu-T10-1.jpg\",\"width\":1536,\"height\":1536},{\"@type\":\"BreadcrumbList\",\"@id\":\"https:\/\/tiff.vn\/?product=bo-hoa-cam-tay-co-dau-tieu-thu-t10#breadcrumb\",\"itemListElement\":[{\"@type\":\"ListItem\",\"position\":1,\"name\":\"Home\",\"item\":\"http:\/\/103.159.50.39\/\"},{\"@type\":\"ListItem\",\"position\":2,\"name\":\"S\u1ea3n ph\u1ea9m\",\"item\":\"https:\/\/tiff.vn\/?post_type=product\"},{\"@type\":\"ListItem\",\"position\":3,\"name\":\"B\u00f3 Hoa C\u1ea7m Tay C\u00f4 D\u00e2u Ti\u1ec3u Th\u01b0 &#8211; T10\"}]},{\"@type\":\"WebSite\",\"@id\":\"http:\/\/103.159.50.39\/#website\",\"url\":\"http:\/\/103.159.50.39\/\",\"name\":\"Tiff Wedding Planner & Decoration\",\"description\":\"Top Wedding &amp; Event Planner h\u00e0ng \u0111\u1ea7u Vi\u1ec7t Nam - Ti\u00ean phong ki\u1ebfn t\u1ea1o nh\u1eefng \u0111\u00e1m c\u01b0\u1edbi \u0111\u1ed9c b\u1ea3n v\u00e0 s\u1ef1 ki\u1ec7n \u0111\u1eb3ng c\u1ea5p\",\"publisher\":{\"@id\":\"http:\/\/103.159.50.39\/#organization\"},\"alternateName\":\"Tiff Wedding Planner & Decoration\",\"potentialAction\":[{\"@type\":\"SearchAction\",\"target\":{\"@type\":\"EntryPoint\",\"urlTemplate\":\"http:\/\/103.159.50.39\/?s={search_term_string}\"},\"query-input\":{\"@type\":\"PropertyValueSpecification\",\"valueRequired\":true,\"valueName\":\"search_term_string\"}}],\"inLanguage\":\"vi\"},{\"@type\":\"Organization\",\"@id\":\"http:\/\/103.159.50.39\/#organization\",\"name\":\"Tiff Wedding Planner & Decoration\",\"url\":\"http:\/\/103.159.50.39\/\",\"logo\":{\"@type\":\"ImageObject\",\"inLanguage\":\"vi\",\"@id\":\"http:\/\/103.159.50.39\/#\/schema\/logo\/image\/\",\"url\":\"https:\/\/tiff.vn\/wp-content\/uploads\/2023\/05\/logo_main.png\",\"contentUrl\":\"https:\/\/tiff.vn\/wp-content\/uploads\/2023\/05\/logo_main.png\",\"width\":228,\"height\":64,\"caption\":\"Tiff Wedding Planner & Decoration\"},\"image\":{\"@id\":\"http:\/\/103.159.50.39\/#\/schema\/logo\/image\/\"}}]}<\/script>\n<!-- \/ Yoast SEO plugin. -->","yoast_head_json":{"title":"B\u00f3 hoa c\u1ea7m tay c\u00f4 d\u00e2u hi\u1ec7n \u0111\u1ea1i tone \u0111\u1ecf - \u0110i\u1ec7n hoa t\u01b0\u01a1i online 24h.","description":"B\u00f3 Hoa C\u1ea7m Tay C\u00f4 D\u00e2u Ti\u1ec3u Th\u01b0\u00a0ki\u00eau k\u00ec v\u00e0 r\u1ef1c r\u1ee1 nh\u01b0 hi\u1ec7n th\u00e2n c\u1ee7a cho h\u00ecnh \u1ea3nh m\u1ed7i c\u00f4 d\u00e2u v\u00e0o d\u1ecbp c\u01b0\u1edbi. Tone \u0111\u1ecf \u0111i\u1ec3m t\u00f4 l\u00e0m \u0111\u00e1m c\u01b0\u1edbi tr\u1edf n\u00ean c\u00e0ng n\u1ed5i b\u1eadt.","robots":{"index":"index","follow":"follow","max-snippet":"max-snippet:-1","max-image-preview":"max-image-preview:large","max-video-preview":"max-video-preview:-1"},"canonical":"https:\/\/tiff.vn\/?product=bo-hoa-cam-tay-co-dau-tieu-thu-t10","og_locale":"vi_VN","og_type":"article","og_title":"B\u00f3 hoa c\u1ea7m tay c\u00f4 d\u00e2u hi\u1ec7n \u0111\u1ea1i tone \u0111\u1ecf - \u0110i\u1ec7n hoa t\u01b0\u01a1i online 24h.","og_description":"B\u00f3 Hoa C\u1ea7m Tay C\u00f4 D\u00e2u Ti\u1ec3u Th\u01b0\u00a0ki\u00eau k\u00ec v\u00e0 r\u1ef1c r\u1ee1 nh\u01b0 hi\u1ec7n th\u00e2n c\u1ee7a cho h\u00ecnh \u1ea3nh m\u1ed7i c\u00f4 d\u00e2u v\u00e0o d\u1ecbp c\u01b0\u1edbi. Tone \u0111\u1ecf \u0111i\u1ec3m t\u00f4 l\u00e0m \u0111\u00e1m c\u01b0\u1edbi tr\u1edf n\u00ean c\u00e0ng n\u1ed5i b\u1eadt.","og_url":"https:\/\/tiff.vn\/?product=bo-hoa-cam-tay-co-dau-tieu-thu-t10","og_site_name":"Tiff Planner | Tiffany Wedding &amp; Event","article_modified_time":"2024-10-16T09:45:19+00:00","og_image":[{"width":1536,"height":1536,"url":"https:\/\/tiff.vn\/wp-content\/uploads\/2024\/06\/Bo-hoa-cam-tay-co-dau-Tieu-Thu-T10-1.jpg","type":"image\/jpeg"}],"twitter_card":"summary_large_image","twitter_misc":{"\u01af\u1edbc t\u00ednh th\u1eddi gian \u0111\u1ecdc":"2 ph\u00fat"},"schema":{"@context":"https:\/\/schema.org","@graph":[{"@type":"WebPage","@id":"https:\/\/tiff.vn\/?product=bo-hoa-cam-tay-co-dau-tieu-thu-t10","url":"https:\/\/tiff.vn\/?product=bo-hoa-cam-tay-co-dau-tieu-thu-t10","name":"B\u00f3 hoa c\u1ea7m tay c\u00f4 d\u00e2u hi\u1ec7n \u0111\u1ea1i tone \u0111\u1ecf - \u0110i\u1ec7n hoa t\u01b0\u01a1i online 24h.","isPartOf":{"@id":"http:\/\/103.159.50.39\/#website"},"primaryImageOfPage":{"@id":"https:\/\/tiff.vn\/?product=bo-hoa-cam-tay-co-dau-tieu-thu-t10#primaryimage"},"image":{"@id":"https:\/\/tiff.vn\/?product=bo-hoa-cam-tay-co-dau-tieu-thu-t10#primaryimage"},"thumbnailUrl":"https:\/\/tiff.vn\/wp-content\/uploads\/2024\/06\/Bo-hoa-cam-tay-co-dau-Tieu-Thu-T10-1.jpg","datePublished":"2024-05-31T14:50:08+00:00","dateModified":"2024-10-16T09:45:19+00:00","description":"B\u00f3 Hoa C\u1ea7m Tay C\u00f4 D\u00e2u Ti\u1ec3u Th\u01b0\u00a0ki\u00eau k\u00ec v\u00e0 r\u1ef1c r\u1ee1 nh\u01b0 hi\u1ec7n th\u00e2n c\u1ee7a cho h\u00ecnh \u1ea3nh m\u1ed7i c\u00f4 d\u00e2u v\u00e0o d\u1ecbp c\u01b0\u1edbi. Tone \u0111\u1ecf \u0111i\u1ec3m t\u00f4 l\u00e0m \u0111\u00e1m c\u01b0\u1edbi tr\u1edf n\u00ean c\u00e0ng n\u1ed5i b\u1eadt.","breadcrumb":{"@id":"https:\/\/tiff.vn\/?product=bo-hoa-cam-tay-co-dau-tieu-thu-t10#breadcrumb"},"inLanguage":"vi","potentialAction":[{"@type":"ReadAction","target":["https:\/\/tiff.vn\/?product=bo-hoa-cam-tay-co-dau-tieu-thu-t10"]}]},{"@type":"ImageObject","inLanguage":"vi","@id":"https:\/\/tiff.vn\/?product=bo-hoa-cam-tay-co-dau-tieu-thu-t10#primaryimage","url":"https:\/\/tiff.vn\/wp-content\/uploads\/2024\/06\/Bo-hoa-cam-tay-co-dau-Tieu-Thu-T10-1.jpg","contentUrl":"https:\/\/tiff.vn\/wp-content\/uploads\/2024\/06\/Bo-hoa-cam-tay-co-dau-Tieu-Thu-T10-1.jpg","width":1536,"height":1536},{"@type":"BreadcrumbList","@id":"https:\/\/tiff.vn\/?product=bo-hoa-cam-tay-co-dau-tieu-thu-t10#breadcrumb","itemListElement":[{"@type":"ListItem","position":1,"name":"Home","item":"http:\/\/103.159.50.39\/"},{"@type":"ListItem","position":2,"name":"S\u1ea3n ph\u1ea9m","item":"https:\/\/tiff.vn\/?post_type=product"},{"@type":"ListItem","position":3,"name":"B\u00f3 Hoa C\u1ea7m Tay C\u00f4 D\u00e2u Ti\u1ec3u Th\u01b0 &#8211; T10"}]},{"@type":"WebSite","@id":"http:\/\/103.159.50.39\/#website","url":"http:\/\/103.159.50.39\/","name":"Tiff Wedding Planner & Decoration","description":"Top Wedding &amp; Event Planner h\u00e0ng \u0111\u1ea7u Vi\u1ec7t Nam - Ti\u00ean phong ki\u1ebfn t\u1ea1o nh\u1eefng \u0111\u00e1m c\u01b0\u1edbi \u0111\u1ed9c b\u1ea3n v\u00e0 s\u1ef1 ki\u1ec7n \u0111\u1eb3ng c\u1ea5p","publisher":{"@id":"http:\/\/103.159.50.39\/#organization"},"alternateName":"Tiff Wedding Planner & Decoration","potentialAction":[{"@type":"SearchAction","target":{"@type":"EntryPoint","urlTemplate":"http:\/\/103.159.50.39\/?s={search_term_string}"},"query-input":{"@type":"PropertyValueSpecification","valueRequired":true,"valueName":"search_term_string"}}],"inLanguage":"vi"},{"@type":"Organization","@id":"http:\/\/103.159.50.39\/#organization","name":"Tiff Wedding Planner & Decoration","url":"http:\/\/103.159.50.39\/","logo":{"@type":"ImageObject","inLanguage":"vi","@id":"http:\/\/103.159.50.39\/#\/schema\/logo\/image\/","url":"https:\/\/tiff.vn\/wp-content\/uploads\/2023\/05\/logo_main.png","contentUrl":"https:\/\/tiff.vn\/wp-content\/uploads\/2023\/05\/logo_main.png","width":228,"height":64,"caption":"Tiff Wedding Planner & Decoration"},"image":{"@id":"http:\/\/103.159.50.39\/#\/schema\/logo\/image\/"}}]}},"_links":{"self":[{"href":"https:\/\/tiff.vn\/index.php?rest_route=\/wp\/v2\/product\/31228","targetHints":{"allow":["GET"]}}],"collection":[{"href":"https:\/\/tiff.vn\/index.php?rest_route=\/wp\/v2\/product"}],"about":[{"href":"https:\/\/tiff.vn\/index.php?rest_route=\/wp\/v2\/types\/product"}],"replies":[{"embeddable":true,"href":"https:\/\/tiff.vn\/index.php?rest_route=%2Fwp%2Fv2%2Fcomments&post=31228"}],"version-history":[{"count":1,"href":"https:\/\/tiff.vn\/index.php?rest_route=\/wp\/v2\/product\/31228\/revisions"}],"predecessor-version":[{"id":51153,"href":"https:\/\/tiff.vn\/index.php?rest_route=\/wp\/v2\/product\/31228\/revisions\/51153"}],"wp:featuredmedia":[{"embeddable":true,"href":"https:\/\/tiff.vn\/index.php?rest_route=\/wp\/v2\/media\/40131"}],"wp:attachment":[{"href":"https:\/\/tiff.vn\/index.php?rest_route=%2Fwp%2Fv2%2Fmedia&parent=31228"}],"wp:term":[{"taxonomy":"product_brand","embeddable":true,"href":"https:\/\/tiff.vn\/index.php?rest_route=%2Fwp%2Fv2%2Fproduct_brand&post=31228"},{"taxonomy":"product_cat","embeddable":true,"href":"https:\/\/tiff.vn\/index.php?rest_route=%2Fwp%2Fv2%2Fproduct_cat&post=31228"},{"taxonomy":"product_tag","embeddable":true,"href":"https:\/\/tiff.vn\/index.php?rest_route=%2Fwp%2Fv2%2Fproduct_tag&post=31228"}],"curies":[{"name":"wp","href":"https:\/\/api.w.org\/{rel}","templated":true}]}}