{"id":31230,"date":"2024-05-31T14:50:09","date_gmt":"2024-05-31T14:50:09","guid":{"rendered":"https:\/\/tiff.vn\/?post_type=product&#038;p=31230"},"modified":"2024-06-27T03:35:45","modified_gmt":"2024-06-27T03:35:45","slug":"bo-hoa-tay-cuoi-thanh-lich-happy-ending-t06","status":"publish","type":"product","link":"https:\/\/tiff.vn\/?product=bo-hoa-tay-cuoi-thanh-lich-happy-ending-t06","title":{"rendered":"B\u00f3 Hoa Tay C\u01b0\u1edbi Thanh L\u1ecbch Happy Ending &#8211; T06"},"content":{"rendered":"<p><span style=\"color: #000000;\"><strong><span style=\"vertical-align: inherit;\"><span style=\"vertical-align: inherit;\">B\u00f3 Hoa T\u00e2y C\u01b0\u1edbi Thanh L\u1ecbch Happy Ending<\/span><\/span><\/strong><span style=\"vertical-align: inherit;\"><span style=\"vertical-align: inherit;\"> nh\u01b0 m\u1ed9t l\u1eddi ch\u00fac ph\u00fac d\u00e0nh cho c\u00f4 d\u00e2u trong ng\u00e0y c\u01b0\u1edbi v\u1edbi s\u1ef1 l\u1ef1a ch\u1ecdn t\u1ec9 l\u1ec7 nh\u1eefng m\u1eabu hoa cao c\u1ea5p nh\u1ea5t. <\/span><span style=\"vertical-align: inherit;\">T\u00f4ng m\u00e0u tr\u1eafng nh\u00e3 nh\u1eb7n v\u00e0 tinh t\u1ebf l\u00e0 \u0111\u1ea1i di\u1ec7n c\u1ee7a m\u1ed9t t\u00ecnh y\u00eau thu\u1ea7n khi\u1ebft thu\u1ea7n khi\u1ebft, m\u1ed9t cu\u1ed9c h\u00f4n nh\u00e2n tr\u1ecdn v\u1eb9n v\u00e0 h\u1ea1nh ph\u00fac.<\/span><\/span><\/span><\/p>\n<p><strong><span style=\"color: #000000;\"><span style=\"vertical-align: inherit;\"><span style=\"vertical-align: inherit;\">C\u00e1c lo\u1ea1i hoa s\u1eed d\u1ee5ng:<\/span><\/span><\/span><\/strong><\/p>\n<p><span style=\"color: #000000;\"><span style=\"vertical-align: inherit;\"><span style=\"vertical-align: inherit;\">+ Hoa h\u1ed3ng tr\u1eafng nh\u1eadp kh\u1ea9u<\/span><\/span><\/span><\/p>\n<p><span style=\"color: #000000;\"><span style=\"vertical-align: inherit;\"><span style=\"vertical-align: inherit;\">+ Hoa Mao L\u01b0\u01a1ng nh\u1eadp kh\u1ea9u\u00a0<\/span><\/span><\/span><\/p>\n<p><span style=\"color: #000000;\"><span style=\"vertical-align: inherit;\"><span style=\"vertical-align: inherit;\">+ Hoa Thanh Li\u1ec5u nh\u1eadp kh\u1ea9u<\/span><\/span><\/span><\/p>\n<p><span style=\"color: #000000;\"><span style=\"vertical-align: inherit;\"><span style=\"vertical-align: inherit;\">+ Hoa Lan t\u01b0\u1eddng xanh<\/span><\/span><\/span><\/p>\n<p><span style=\"color: #000000;\"><span style=\"vertical-align: inherit;\"><span style=\"vertical-align: inherit;\">+ L\u00e1 b\u1ea1c<\/span><\/span><\/span><\/p>\n<p><span style=\"color: #000000;\"><span style=\"vertical-align: inherit;\"><span style=\"vertical-align: inherit;\">Hoa l\u00e1 ph\u1ee5 kh\u00e1c<\/span><\/span><\/span><\/p>\n<p><span style=\"color: #000000;\"><strong><span style=\"vertical-align: inherit;\"><span style=\"vertical-align: inherit;\">TIFF Flowers<\/span><\/span><\/strong><span style=\"vertical-align: inherit;\"><span style=\"vertical-align: inherit;\"> cam k\u1ebft ch\u1ea5t l\u01b0\u1ee3ng hoa tr\u00ean t\u1eebng s\u1ea3n ph\u1ea9m \u0111\u01b0\u1ee3c giao \u0111\u1ebfn tay kh\u00e1ch h\u00e0ng<\/span><\/span><\/span><\/p>\n<p><em><span style=\"color: #000000;\"><span style=\"vertical-align: inherit;\"><span style=\"vertical-align: inherit;\">L\u01b0u \u00fd:<\/span><\/span><\/span><\/em><\/p>\n<p><em><span style=\"color: #000000;\"><span style=\"vertical-align: inherit;\"><span style=\"vertical-align: inherit;\">Gi\u00e1 s\u1ea3n ph\u1ea9m ch\u01b0a bao g\u1ed3m VAT<\/span><\/span><\/span><\/em><\/p>\n<p><span style=\"vertical-align: inherit;\"><span style=\"vertical-align: inherit;\">&#8212;<\/span><\/span><\/p>\n<p><span style=\"vertical-align: inherit;\"><span style=\"vertical-align: inherit;\">TIFFANY WEDDING &amp; EVENT \u2013 H\u01a0N C\u1ea2 B\u1ea0N MONG \u0110\u1ee2I<\/span><\/span><\/p>\n<p><span style=\"vertical-align: inherit;\"><span style=\"vertical-align: inherit;\">Hotline: 0836 999 088 &#8211; 0836 888 099<\/span><\/span><\/p>\n<p><span style=\"vertical-align: inherit;\"><span style=\"vertical-align: inherit;\">\u0110\u1ecba ch\u1ec9:<\/span><\/span><\/p>\n<ul>\n<li><span style=\"vertical-align: inherit;\"><span style=\"vertical-align: inherit;\">H\u00e0 N\u1ed9i: 125 Nghi T\u00e0m, T\u00e2y H\u1ed3<\/span><\/span><\/li>\n<li><span style=\"vertical-align: inherit;\"><span style=\"vertical-align: inherit;\">H\u1ed3 Ch\u00ed Minh: 180\/45 Nguy\u1ec5n H\u1eefu C\u1ea3nh, P22, Q B\u00ecnh Th\u1ea1nh<\/span><\/span><\/li>\n<\/ul>\n<p><span style=\"vertical-align: inherit;\"><span style=\"vertical-align: inherit;\">Website: https:\/\/tiff.vn\/<\/span><\/span><\/p>\n<p><span style=\"vertical-align: inherit;\"><span style=\"vertical-align: inherit;\">Li\u00ean h\u1ec7 \u0111\u1eb7t l\u1ecbch h\u1eb9n<\/span><\/span><\/p>\n","protected":false},"excerpt":{"rendered":"<p><span style=\"color: #000000;\"><span style=\"vertical-align: inherit;\"><span style=\"vertical-align: inherit;\">B\u00f3 hoa c\u01b0\u1edbi tone tr\u1eafng thanh thu\u1ea7n, hi\u1ec7n \u0111\u1ea1i<\/span><\/span><\/span><\/p>\n<p><span style=\"color: #000000;\"><span style=\"vertical-align: inherit;\"><span style=\"vertical-align: inherit;\">C\u00e1c lo\u1ea1i hoa s\u1eed d\u1ee5ng:<\/span><\/span><\/span><\/p>\n<p><span style=\"color: #000000;\"><span style=\"vertical-align: inherit;\"><span style=\"vertical-align: inherit;\">+ Hoa h\u1ed3ng tr\u1eafng nh\u1eadp kh\u1ea9u<\/span><\/span><\/span><\/p>\n<p><span style=\"color: #000000;\"><span style=\"vertical-align: inherit;\"><span style=\"vertical-align: inherit;\">+ Hoa Mao L\u01b0\u01a1ng nh\u1eadp kh\u1ea9u\u00a0<\/span><\/span><\/span><\/p>\n<p><span style=\"color: #000000;\"><span style=\"vertical-align: inherit;\"><span style=\"vertical-align: inherit;\">+ Hoa Thanh Li\u1ec5u nh\u1eadp kh\u1ea9u<\/span><\/span><\/span><\/p>\n<p><span style=\"color: #000000;\"><span style=\"vertical-align: inherit;\"><span style=\"vertical-align: inherit;\">+ Hoa Lan t\u01b0\u1eddng xanh<\/span><\/span><\/span><\/p>\n<p><span style=\"color: #000000;\"><span style=\"vertical-align: inherit;\"><span style=\"vertical-align: inherit;\">+ L\u00e1 b\u1ea1c<\/span><\/span><\/span><\/p>\n<p><span style=\"color: #000000;\"><span style=\"vertical-align: inherit;\"><span style=\"vertical-align: inherit;\">Hoa l\u00e1 ph\u1ee5 kh\u00e1c<\/span><\/span><\/span><\/p>\n<p><span style=\"color: #000000;\"><strong><em><span style=\"vertical-align: inherit;\"><span style=\"vertical-align: inherit;\">T\u1eb7ng mi\u1ec5n ph\u00ed \u2013 bi\u1ec3u ng\u1eef ch\u00fac m\u1eebng thi\u1ebft k\u1ebf (vui l\u00f2ng ghi r\u00f5 trong m\u1ee5c ghi ch\u00fa).<\/span><\/span><\/em><\/strong><\/span><\/p>\n<p><span style=\"color: #000000;\"><strong><em><span style=\"vertical-align: inherit;\"><span style=\"vertical-align: inherit;\">Giao hoa g\u1ea5p trong m\u1ed9t gi\u1edd.<\/span><\/span><\/em><\/strong><\/span><\/p>\n<p><span style=\"color: #000000;\"><strong><em><span style=\"vertical-align: inherit;\"><span style=\"vertical-align: inherit;\">Cam k\u1ebft ho\u00e0n ti\u1ec1n 100% n\u1ebfu b\u1ea1n kh\u00f4ng h\u00e0i l\u00f2ng.<\/span><\/span><\/em><\/strong><\/span><\/p>\n<p><span style=\"vertical-align: inherit;\"><span style=\"vertical-align: inherit;\">&#8212;<\/span><\/span><\/p>\n<p><span style=\"vertical-align: inherit;\"><span style=\"vertical-align: inherit;\">TIFFANY WEDDING &amp; EVENT \u2013 H\u01a0N C\u1ea2 B\u1ea0N MONG \u0110\u1ee2I<\/span><\/span><\/p>\n<p><span style=\"vertical-align: inherit;\"><span style=\"vertical-align: inherit;\">Hotline: 0836 999 088 &#8211; 0836 888 099<\/span><\/span><\/p>\n<p><span style=\"vertical-align: inherit;\"><span style=\"vertical-align: inherit;\">\u0110\u1ecba ch\u1ec9:<\/span><\/span><\/p>\n<ul>\n<li><span style=\"vertical-align: inherit;\"><span style=\"vertical-align: inherit;\">H\u00e0 N\u1ed9i: 125 Nghi T\u00e0m, T\u00e2y H\u1ed3<\/span><\/span><\/li>\n<li><span style=\"vertical-align: inherit;\"><span style=\"vertical-align: inherit;\">H\u1ed3 Ch\u00ed Minh: 180\/45 Nguy\u1ec5n H\u1eefu C\u1ea3nh, P22, Q B\u00ecnh Th\u1ea1nh<\/span><\/span><\/li>\n<\/ul>\n<p><span style=\"vertical-align: inherit;\"><span style=\"vertical-align: inherit;\">Website: https:\/\/tiff.vn\/<\/span><\/span><\/p>\n<p><span style=\"vertical-align: inherit;\"><span style=\"vertical-align: inherit;\">Li\u00ean h\u1ec7 \u0111\u1eb7t l\u1ecbch h\u1eb9n<\/span><\/span><\/p>\n","protected":false},"featured_media":40012,"comment_status":"closed","ping_status":"closed","template":"","meta":{"_acf_changed":false},"product_brand":[],"product_cat":[362,382],"product_tag":[363,364,351],"class_list":{"0":"post-31230","1":"product","2":"type-product","3":"status-publish","4":"has-post-thumbnail","6":"product_cat-hoa-cuoi","7":"product_cat-hoa-cuoi-cam-tay","8":"product_tag-hoa-cam-tay","9":"product_tag-hoa-co-dau","10":"product_tag-hoa-cuoi","12":"first","13":"instock","14":"sale","15":"shipping-taxable","16":"purchasable","17":"product-type-simple"},"acf":[],"yoast_head":"<!-- This site is optimized with the Yoast SEO plugin v25.0 - https:\/\/yoast.com\/wordpress\/plugins\/seo\/ -->\n<title>B\u00f3 hoa tay c\u01b0\u1edbi hi\u1ec7n \u0111\u1ea1i, sang tr\u1ecdng - \u0110i\u1ec7n hoa t\u01b0\u01a1i online 24h.<\/title>\n<meta name=\"description\" content=\"B\u00f3 Hoa Tay C\u01b0\u1edbi Thanh L\u1ecbch Happy Ending nh\u01b0 m\u1ed9t l\u1eddi ch\u00fac ph\u00fac d\u00e0nh cho c\u00f4 d\u00e2u trong ng\u00e0y c\u01b0\u1edbi v\u1edbi s\u1ef1 l\u1ef1a ch\u1ecdn t\u1ec9 m\u1ec9 nh\u1eefng m\u1eabu hoa cao c\u1ea5p nh\u1ea5t.\" \/>\n<meta name=\"robots\" content=\"index, follow, max-snippet:-1, max-image-preview:large, max-video-preview:-1\" \/>\n<link rel=\"canonical\" href=\"https:\/\/tiff.vn\/?product=bo-hoa-tay-cuoi-thanh-lich-happy-ending-t06\" \/>\n<meta property=\"og:locale\" content=\"vi_VN\" \/>\n<meta property=\"og:type\" content=\"article\" \/>\n<meta property=\"og:title\" content=\"B\u00f3 hoa tay c\u01b0\u1edbi hi\u1ec7n \u0111\u1ea1i, sang tr\u1ecdng - \u0110i\u1ec7n hoa t\u01b0\u01a1i online 24h.\" \/>\n<meta property=\"og:description\" content=\"B\u00f3 Hoa Tay C\u01b0\u1edbi Thanh L\u1ecbch Happy Ending nh\u01b0 m\u1ed9t l\u1eddi ch\u00fac ph\u00fac d\u00e0nh cho c\u00f4 d\u00e2u trong ng\u00e0y c\u01b0\u1edbi v\u1edbi s\u1ef1 l\u1ef1a ch\u1ecdn t\u1ec9 m\u1ec9 nh\u1eefng m\u1eabu hoa cao c\u1ea5p nh\u1ea5t.\" \/>\n<meta property=\"og:url\" content=\"https:\/\/tiff.vn\/?product=bo-hoa-tay-cuoi-thanh-lich-happy-ending-t06\" \/>\n<meta property=\"og:site_name\" content=\"Tiff Planner | Tiffany Wedding &amp; Event\" \/>\n<meta property=\"article:modified_time\" content=\"2024-06-27T03:35:45+00:00\" \/>\n<meta property=\"og:image\" content=\"https:\/\/tiff.vn\/wp-content\/uploads\/2024\/06\/Bo-hoa-tay-cuoi-thanh-lich-Happy-Ending-T06.jpg\" \/>\n\t<meta property=\"og:image:width\" content=\"1000\" \/>\n\t<meta property=\"og:image:height\" content=\"1000\" \/>\n\t<meta property=\"og:image:type\" content=\"image\/jpeg\" \/>\n<meta name=\"twitter:card\" content=\"summary_large_image\" \/>\n<meta name=\"twitter:label1\" content=\"\u01af\u1edbc t\u00ednh th\u1eddi gian \u0111\u1ecdc\" \/>\n\t<meta name=\"twitter:data1\" content=\"1 ph\u00fat\" \/>\n<script type=\"application\/ld+json\" class=\"yoast-schema-graph\">{\"@context\":\"https:\/\/schema.org\",\"@graph\":[{\"@type\":\"WebPage\",\"@id\":\"https:\/\/tiff.vn\/?product=bo-hoa-tay-cuoi-thanh-lich-happy-ending-t06\",\"url\":\"https:\/\/tiff.vn\/?product=bo-hoa-tay-cuoi-thanh-lich-happy-ending-t06\",\"name\":\"B\u00f3 hoa tay c\u01b0\u1edbi hi\u1ec7n \u0111\u1ea1i, sang tr\u1ecdng - \u0110i\u1ec7n hoa t\u01b0\u01a1i online 24h.\",\"isPartOf\":{\"@id\":\"http:\/\/103.159.50.39\/#website\"},\"primaryImageOfPage\":{\"@id\":\"https:\/\/tiff.vn\/?product=bo-hoa-tay-cuoi-thanh-lich-happy-ending-t06#primaryimage\"},\"image\":{\"@id\":\"https:\/\/tiff.vn\/?product=bo-hoa-tay-cuoi-thanh-lich-happy-ending-t06#primaryimage\"},\"thumbnailUrl\":\"https:\/\/tiff.vn\/wp-content\/uploads\/2024\/06\/Bo-hoa-tay-cuoi-thanh-lich-Happy-Ending-T06.jpg\",\"datePublished\":\"2024-05-31T14:50:09+00:00\",\"dateModified\":\"2024-06-27T03:35:45+00:00\",\"description\":\"B\u00f3 Hoa Tay C\u01b0\u1edbi Thanh L\u1ecbch Happy Ending nh\u01b0 m\u1ed9t l\u1eddi ch\u00fac ph\u00fac d\u00e0nh cho c\u00f4 d\u00e2u trong ng\u00e0y c\u01b0\u1edbi v\u1edbi s\u1ef1 l\u1ef1a ch\u1ecdn t\u1ec9 m\u1ec9 nh\u1eefng m\u1eabu hoa cao c\u1ea5p nh\u1ea5t.\",\"breadcrumb\":{\"@id\":\"https:\/\/tiff.vn\/?product=bo-hoa-tay-cuoi-thanh-lich-happy-ending-t06#breadcrumb\"},\"inLanguage\":\"vi\",\"potentialAction\":[{\"@type\":\"ReadAction\",\"target\":[\"https:\/\/tiff.vn\/?product=bo-hoa-tay-cuoi-thanh-lich-happy-ending-t06\"]}]},{\"@type\":\"ImageObject\",\"inLanguage\":\"vi\",\"@id\":\"https:\/\/tiff.vn\/?product=bo-hoa-tay-cuoi-thanh-lich-happy-ending-t06#primaryimage\",\"url\":\"https:\/\/tiff.vn\/wp-content\/uploads\/2024\/06\/Bo-hoa-tay-cuoi-thanh-lich-Happy-Ending-T06.jpg\",\"contentUrl\":\"https:\/\/tiff.vn\/wp-content\/uploads\/2024\/06\/Bo-hoa-tay-cuoi-thanh-lich-Happy-Ending-T06.jpg\",\"width\":1000,\"height\":1000},{\"@type\":\"BreadcrumbList\",\"@id\":\"https:\/\/tiff.vn\/?product=bo-hoa-tay-cuoi-thanh-lich-happy-ending-t06#breadcrumb\",\"itemListElement\":[{\"@type\":\"ListItem\",\"position\":1,\"name\":\"Home\",\"item\":\"http:\/\/103.159.50.39\/\"},{\"@type\":\"ListItem\",\"position\":2,\"name\":\"S\u1ea3n ph\u1ea9m\",\"item\":\"https:\/\/tiff.vn\/?post_type=product\"},{\"@type\":\"ListItem\",\"position\":3,\"name\":\"B\u00f3 Hoa Tay C\u01b0\u1edbi Thanh L\u1ecbch Happy Ending &#8211; T06\"}]},{\"@type\":\"WebSite\",\"@id\":\"http:\/\/103.159.50.39\/#website\",\"url\":\"http:\/\/103.159.50.39\/\",\"name\":\"Tiff Wedding Planner & Decoration\",\"description\":\"Top Wedding &amp; Event Planner h\u00e0ng \u0111\u1ea7u Vi\u1ec7t Nam - Ti\u00ean phong ki\u1ebfn t\u1ea1o nh\u1eefng \u0111\u00e1m c\u01b0\u1edbi \u0111\u1ed9c b\u1ea3n v\u00e0 s\u1ef1 ki\u1ec7n \u0111\u1eb3ng c\u1ea5p\",\"publisher\":{\"@id\":\"http:\/\/103.159.50.39\/#organization\"},\"alternateName\":\"Tiff Wedding Planner & Decoration\",\"potentialAction\":[{\"@type\":\"SearchAction\",\"target\":{\"@type\":\"EntryPoint\",\"urlTemplate\":\"http:\/\/103.159.50.39\/?s={search_term_string}\"},\"query-input\":{\"@type\":\"PropertyValueSpecification\",\"valueRequired\":true,\"valueName\":\"search_term_string\"}}],\"inLanguage\":\"vi\"},{\"@type\":\"Organization\",\"@id\":\"http:\/\/103.159.50.39\/#organization\",\"name\":\"Tiff Wedding Planner & Decoration\",\"url\":\"http:\/\/103.159.50.39\/\",\"logo\":{\"@type\":\"ImageObject\",\"inLanguage\":\"vi\",\"@id\":\"http:\/\/103.159.50.39\/#\/schema\/logo\/image\/\",\"url\":\"https:\/\/tiff.vn\/wp-content\/uploads\/2023\/05\/logo_main.png\",\"contentUrl\":\"https:\/\/tiff.vn\/wp-content\/uploads\/2023\/05\/logo_main.png\",\"width\":228,\"height\":64,\"caption\":\"Tiff Wedding Planner & Decoration\"},\"image\":{\"@id\":\"http:\/\/103.159.50.39\/#\/schema\/logo\/image\/\"}}]}<\/script>\n<!-- \/ Yoast SEO plugin. -->","yoast_head_json":{"title":"B\u00f3 hoa tay c\u01b0\u1edbi hi\u1ec7n \u0111\u1ea1i, sang tr\u1ecdng - \u0110i\u1ec7n hoa t\u01b0\u01a1i online 24h.","description":"B\u00f3 Hoa Tay C\u01b0\u1edbi Thanh L\u1ecbch Happy Ending nh\u01b0 m\u1ed9t l\u1eddi ch\u00fac ph\u00fac d\u00e0nh cho c\u00f4 d\u00e2u trong ng\u00e0y c\u01b0\u1edbi v\u1edbi s\u1ef1 l\u1ef1a ch\u1ecdn t\u1ec9 m\u1ec9 nh\u1eefng m\u1eabu hoa cao c\u1ea5p nh\u1ea5t.","robots":{"index":"index","follow":"follow","max-snippet":"max-snippet:-1","max-image-preview":"max-image-preview:large","max-video-preview":"max-video-preview:-1"},"canonical":"https:\/\/tiff.vn\/?product=bo-hoa-tay-cuoi-thanh-lich-happy-ending-t06","og_locale":"vi_VN","og_type":"article","og_title":"B\u00f3 hoa tay c\u01b0\u1edbi hi\u1ec7n \u0111\u1ea1i, sang tr\u1ecdng - \u0110i\u1ec7n hoa t\u01b0\u01a1i online 24h.","og_description":"B\u00f3 Hoa Tay C\u01b0\u1edbi Thanh L\u1ecbch Happy Ending nh\u01b0 m\u1ed9t l\u1eddi ch\u00fac ph\u00fac d\u00e0nh cho c\u00f4 d\u00e2u trong ng\u00e0y c\u01b0\u1edbi v\u1edbi s\u1ef1 l\u1ef1a ch\u1ecdn t\u1ec9 m\u1ec9 nh\u1eefng m\u1eabu hoa cao c\u1ea5p nh\u1ea5t.","og_url":"https:\/\/tiff.vn\/?product=bo-hoa-tay-cuoi-thanh-lich-happy-ending-t06","og_site_name":"Tiff Planner | Tiffany Wedding &amp; Event","article_modified_time":"2024-06-27T03:35:45+00:00","og_image":[{"width":1000,"height":1000,"url":"https:\/\/tiff.vn\/wp-content\/uploads\/2024\/06\/Bo-hoa-tay-cuoi-thanh-lich-Happy-Ending-T06.jpg","type":"image\/jpeg"}],"twitter_card":"summary_large_image","twitter_misc":{"\u01af\u1edbc t\u00ednh th\u1eddi gian \u0111\u1ecdc":"1 ph\u00fat"},"schema":{"@context":"https:\/\/schema.org","@graph":[{"@type":"WebPage","@id":"https:\/\/tiff.vn\/?product=bo-hoa-tay-cuoi-thanh-lich-happy-ending-t06","url":"https:\/\/tiff.vn\/?product=bo-hoa-tay-cuoi-thanh-lich-happy-ending-t06","name":"B\u00f3 hoa tay c\u01b0\u1edbi hi\u1ec7n \u0111\u1ea1i, sang tr\u1ecdng - \u0110i\u1ec7n hoa t\u01b0\u01a1i online 24h.","isPartOf":{"@id":"http:\/\/103.159.50.39\/#website"},"primaryImageOfPage":{"@id":"https:\/\/tiff.vn\/?product=bo-hoa-tay-cuoi-thanh-lich-happy-ending-t06#primaryimage"},"image":{"@id":"https:\/\/tiff.vn\/?product=bo-hoa-tay-cuoi-thanh-lich-happy-ending-t06#primaryimage"},"thumbnailUrl":"https:\/\/tiff.vn\/wp-content\/uploads\/2024\/06\/Bo-hoa-tay-cuoi-thanh-lich-Happy-Ending-T06.jpg","datePublished":"2024-05-31T14:50:09+00:00","dateModified":"2024-06-27T03:35:45+00:00","description":"B\u00f3 Hoa Tay C\u01b0\u1edbi Thanh L\u1ecbch Happy Ending nh\u01b0 m\u1ed9t l\u1eddi ch\u00fac ph\u00fac d\u00e0nh cho c\u00f4 d\u00e2u trong ng\u00e0y c\u01b0\u1edbi v\u1edbi s\u1ef1 l\u1ef1a ch\u1ecdn t\u1ec9 m\u1ec9 nh\u1eefng m\u1eabu hoa cao c\u1ea5p nh\u1ea5t.","breadcrumb":{"@id":"https:\/\/tiff.vn\/?product=bo-hoa-tay-cuoi-thanh-lich-happy-ending-t06#breadcrumb"},"inLanguage":"vi","potentialAction":[{"@type":"ReadAction","target":["https:\/\/tiff.vn\/?product=bo-hoa-tay-cuoi-thanh-lich-happy-ending-t06"]}]},{"@type":"ImageObject","inLanguage":"vi","@id":"https:\/\/tiff.vn\/?product=bo-hoa-tay-cuoi-thanh-lich-happy-ending-t06#primaryimage","url":"https:\/\/tiff.vn\/wp-content\/uploads\/2024\/06\/Bo-hoa-tay-cuoi-thanh-lich-Happy-Ending-T06.jpg","contentUrl":"https:\/\/tiff.vn\/wp-content\/uploads\/2024\/06\/Bo-hoa-tay-cuoi-thanh-lich-Happy-Ending-T06.jpg","width":1000,"height":1000},{"@type":"BreadcrumbList","@id":"https:\/\/tiff.vn\/?product=bo-hoa-tay-cuoi-thanh-lich-happy-ending-t06#breadcrumb","itemListElement":[{"@type":"ListItem","position":1,"name":"Home","item":"http:\/\/103.159.50.39\/"},{"@type":"ListItem","position":2,"name":"S\u1ea3n ph\u1ea9m","item":"https:\/\/tiff.vn\/?post_type=product"},{"@type":"ListItem","position":3,"name":"B\u00f3 Hoa Tay C\u01b0\u1edbi Thanh L\u1ecbch Happy Ending &#8211; T06"}]},{"@type":"WebSite","@id":"http:\/\/103.159.50.39\/#website","url":"http:\/\/103.159.50.39\/","name":"Tiff Wedding Planner & Decoration","description":"Top Wedding &amp; Event Planner h\u00e0ng \u0111\u1ea7u Vi\u1ec7t Nam - Ti\u00ean phong ki\u1ebfn t\u1ea1o nh\u1eefng \u0111\u00e1m c\u01b0\u1edbi \u0111\u1ed9c b\u1ea3n v\u00e0 s\u1ef1 ki\u1ec7n \u0111\u1eb3ng c\u1ea5p","publisher":{"@id":"http:\/\/103.159.50.39\/#organization"},"alternateName":"Tiff Wedding Planner & Decoration","potentialAction":[{"@type":"SearchAction","target":{"@type":"EntryPoint","urlTemplate":"http:\/\/103.159.50.39\/?s={search_term_string}"},"query-input":{"@type":"PropertyValueSpecification","valueRequired":true,"valueName":"search_term_string"}}],"inLanguage":"vi"},{"@type":"Organization","@id":"http:\/\/103.159.50.39\/#organization","name":"Tiff Wedding Planner & Decoration","url":"http:\/\/103.159.50.39\/","logo":{"@type":"ImageObject","inLanguage":"vi","@id":"http:\/\/103.159.50.39\/#\/schema\/logo\/image\/","url":"https:\/\/tiff.vn\/wp-content\/uploads\/2023\/05\/logo_main.png","contentUrl":"https:\/\/tiff.vn\/wp-content\/uploads\/2023\/05\/logo_main.png","width":228,"height":64,"caption":"Tiff Wedding Planner & Decoration"},"image":{"@id":"http:\/\/103.159.50.39\/#\/schema\/logo\/image\/"}}]}},"_links":{"self":[{"href":"https:\/\/tiff.vn\/index.php?rest_route=\/wp\/v2\/product\/31230","targetHints":{"allow":["GET"]}}],"collection":[{"href":"https:\/\/tiff.vn\/index.php?rest_route=\/wp\/v2\/product"}],"about":[{"href":"https:\/\/tiff.vn\/index.php?rest_route=\/wp\/v2\/types\/product"}],"replies":[{"embeddable":true,"href":"https:\/\/tiff.vn\/index.php?rest_route=%2Fwp%2Fv2%2Fcomments&post=31230"}],"version-history":[{"count":0,"href":"https:\/\/tiff.vn\/index.php?rest_route=\/wp\/v2\/product\/31230\/revisions"}],"wp:featuredmedia":[{"embeddable":true,"href":"https:\/\/tiff.vn\/index.php?rest_route=\/wp\/v2\/media\/40012"}],"wp:attachment":[{"href":"https:\/\/tiff.vn\/index.php?rest_route=%2Fwp%2Fv2%2Fmedia&parent=31230"}],"wp:term":[{"taxonomy":"product_brand","embeddable":true,"href":"https:\/\/tiff.vn\/index.php?rest_route=%2Fwp%2Fv2%2Fproduct_brand&post=31230"},{"taxonomy":"product_cat","embeddable":true,"href":"https:\/\/tiff.vn\/index.php?rest_route=%2Fwp%2Fv2%2Fproduct_cat&post=31230"},{"taxonomy":"product_tag","embeddable":true,"href":"https:\/\/tiff.vn\/index.php?rest_route=%2Fwp%2Fv2%2Fproduct_tag&post=31230"}],"curies":[{"name":"wp","href":"https:\/\/api.w.org\/{rel}","templated":true}]}}