{"id":31232,"date":"2024-05-31T14:50:09","date_gmt":"2024-05-31T14:50:09","guid":{"rendered":"https:\/\/tiff.vn\/?post_type=product&#038;p=31232"},"modified":"2024-06-27T04:11:53","modified_gmt":"2024-06-27T04:11:53","slug":"bo-hoa-tay-co-dau-rhymastic-t03","status":"publish","type":"product","link":"https:\/\/tiff.vn\/?product=bo-hoa-tay-co-dau-rhymastic-t03","title":{"rendered":"B\u00f3 Hoa Tay C\u00f4 D\u00e2u Rhymastic &#8211; T03"},"content":{"rendered":"<p><span style=\"color: #000000;\"><strong>B\u00f3 Hoa Tay C\u00f4 D\u00e2u Rhymastic<\/strong> l\u00e0 m\u1eabu hoa c\u1ea7m tay c\u00f4 d\u00e2u \u0111\u1ed9c \u0111\u00e1o mang \u0111\u1ebfn m\u1ed9t phong c\u00e1ch kh\u00e1c bi\u1ec7t, \u0111\u1ea7y \u1ea5n t\u01b0\u1ee3ng cho l\u1ec5 c\u01b0\u1edbi. N\u1ebfu b\u1ea1n kh\u00f4ng th\u00edch m\u1ed9t v\u1ebb n\u1eef t\u00ednh nh\u1eb9 nh\u00e0ng, m\u1ed9t phong c\u00e1ch th\u01b0\u1eddng th\u1ea5y th\u00ec <strong>B\u00f3 Hoa Tay Rhymastic<\/strong> n\u00e0y s\u1ebd l\u00e0 l\u1ef1a ch\u1ecdn h\u00e0ng \u0111\u1ea7u trong th\u1eddi kh\u1eafc quan tr\u1ecdng nh\u1ea5t cu\u1ed9c \u0111\u1eddi.<\/span><\/p>\n<p><span style=\"color: #000000;\"><strong>C\u00e1c lo\u1ea1i hoa s\u1eed d\u1ee5ng:<\/strong><\/span><\/p>\n<p><span style=\"color: #000000;\">&#8211; \u00c1nh tr\u0103ng nh\u1eadp kh\u1ea9u\u00a0<\/span><\/p>\n<p><span style=\"color: #000000;\">&#8211; H\u1ed3ng \u0111\u1ecf Ecuador<\/span><\/p>\n<p><span style=\"color: #000000;\">&#8211; Lan t\u01b0\u1eddng v\u00e2n g\u1ed7 cam<\/span><\/p>\n<p><span style=\"color: #000000;\">&#8211; Nh\u00edm<\/span><\/p>\n<p><span style=\"color: #000000;\">&#8211; L\u00e1 t\u00e1o\u00a0<\/span><\/p>\n<p><span style=\"color: #000000;\">&#8211; H\u1ed3ng cafe<\/span><\/p>\n<p><span style=\"color: #000000;\">&#8211; C\u00e1c lo\u1ea1i hoa l\u00e1 ph\u1ee5 nh\u1eadp kh\u1ea9u cao c\u1ea5p kh\u00e1c\u00a0<\/span><\/p>\n<p><span style=\"color: #000000;\"><strong>TIFF Flowers<\/strong> cam k\u1ebft ch\u1ea5t l\u01b0\u1ee3ng hoa tr\u00ean t\u1eebng s\u1ea3n ph\u1ea9m \u0111\u01b0\u1ee3c giao \u0111\u1ebfn tay kh\u00e1ch h\u00e0ng<\/span><\/p>\n<p><span style=\"color: #000000;\"><em>L\u01b0u \u00fd:<\/em><\/span><\/p>\n<p><span style=\"color: #000000;\"><em>Gi\u00e1 s\u1ea3n ph\u1ea9m ch\u01b0a bao g\u1ed3m VAT<\/em><\/span><\/p>\n<p>&#8212;<\/p>\n<p>TIFFANY WEDDING &amp; EVENT \u2013 MORE THAN YOU EXPECT<\/p>\n<p>Hotline: 0836 999 088 &#8211; 0836 888 099<\/p>\n<p>Address:<\/p>\n<ul>\n<li>H\u00e0 N\u1ed9i: 125 Nghi T\u00e0m, T\u00e2y H\u1ed3<\/li>\n<li>H\u1ed3 Ch\u00ed Minh: 180\/45 Nguy\u1ec5n H\u1eefu C\u1ea3nh, P22, Q B\u00ecnh Th\u1ea1nh<\/li>\n<\/ul>\n<p>Website: https:\/\/tiff.vn\/<\/p>\n<p>Contact us for booking appointment<\/p>\n","protected":false},"excerpt":{"rendered":"<p><span style=\"color: #000000;\">B\u00f3 hoa c\u1ea7m tay c\u00f4 d\u00e2u mang phong c\u00e1ch c\u00e1 t\u00ednh v\u00e0 n\u0103ng \u0111\u1ed9ng<\/span><\/p>\n<p><span style=\"color: #000000;\">C\u00e1c lo\u1ea1i hoa s\u1eed d\u1ee5ng:<\/span><\/p>\n<ul>\n<li><span style=\"color: #000000;\">\u00c1nh tr\u0103ng nh\u1eadp kh\u1ea9u<\/span><\/li>\n<li><span style=\"color: #000000;\">H\u1ed3ng \u0111\u1ecf Ecuador<\/span><\/li>\n<li><span style=\"color: #000000;\">Lan t\u01b0\u1eddng v\u00e2n g\u1ed7 cam<\/span><\/li>\n<li><span style=\"color: #000000;\">Nh\u00edm<\/span><\/li>\n<li><span style=\"color: #000000;\">L\u00e1 t\u00e1o<\/span><\/li>\n<li><span style=\"color: #000000;\">H\u1ed3ng cafe<\/span><\/li>\n<li><span style=\"color: #000000;\">C\u00e1c lo\u1ea1i hoa l\u00e1 ph\u1ee5 cao c\u1ea5p kh\u00e1c<\/span><\/li>\n<\/ul>\n<p><span style=\"color: #000000;\"><strong><em>T\u1eb7ng mi\u1ec5n ph\u00ed thi\u1ec7p \u2013 banner ch\u00fac m\u1eebng thi\u1ebft k\u1ebf (vui l\u00f2ng ghi r\u00f5 \u1edf m\u1ee5c ghi ch\u00fa).<\/em><\/strong><\/span><\/p>\n<p><span style=\"color: #000000;\"><strong><em>Giao hoa g\u1ea5p trong m\u1ed9t gi\u1edd.<\/em><\/strong><\/span><\/p>\n<p><span style=\"color: #000000;\"><strong><em>Cam k\u1ebft 100% ho\u00e0n ti\u1ec1n n\u1ebfu b\u1ea1n kh\u00f4ng h\u00e0i l\u00f2ng.<\/em><\/strong><\/span><\/p>\n<p>&#8212;<\/p>\n<p>TIFFANY WEDDING &amp; EVENT \u2013 MORE THAN YOU EXPECT<\/p>\n<p>Hotline: 0836 999 088 &#8211; 0836 888 099<\/p>\n<p>Address:<\/p>\n<ul>\n<li>H\u00e0 N\u1ed9i: 125 Nghi T\u00e0m, T\u00e2y H\u1ed3<\/li>\n<li>H\u1ed3 Ch\u00ed Minh: 180\/45 Nguy\u1ec5n H\u1eefu C\u1ea3nh, P22, Q B\u00ecnh Th\u1ea1nh<\/li>\n<\/ul>\n<p>Website: https:\/\/tiff.vn\/<\/p>\n<p>Contact us for booking appointment<\/p>\n","protected":false},"featured_media":40003,"comment_status":"closed","ping_status":"closed","template":"","meta":{"_acf_changed":false},"product_brand":[],"product_cat":[362,382],"product_tag":[363,364,351],"class_list":{"0":"post-31232","1":"product","2":"type-product","3":"status-publish","4":"has-post-thumbnail","6":"product_cat-hoa-cuoi","7":"product_cat-hoa-cuoi-cam-tay","8":"product_tag-hoa-cam-tay","9":"product_tag-hoa-co-dau","10":"product_tag-hoa-cuoi","12":"first","13":"instock","14":"sale","15":"shipping-taxable","16":"purchasable","17":"product-type-simple"},"acf":[],"yoast_head":"<!-- This site is optimized with the Yoast SEO plugin v25.0 - https:\/\/yoast.com\/wordpress\/plugins\/seo\/ -->\n<title>B\u00f3 Hoa Tay C\u00f4 d\u00e2u Tone \u0111\u1ecf quy\u1ebfn r\u0169 - \u0110i\u1ec7n hoa t\u01b0\u01a1i online 24h<\/title>\n<meta name=\"description\" content=\"B\u00f3 Hoa Tay C\u00f4 D\u00e2u Rhymastic l\u00e0 m\u1eabu hoa c\u1ea7m tay c\u00f4 d\u00e2u \u0111\u1ed9c \u0111\u00e1o mang \u0111\u1ebfn m\u1ed9t phong c\u00e1ch kh\u00e1c bi\u1ec7t, \u0111\u1ea7y \u1ea5n t\u01b0\u1ee3ng cho l\u1ec5 c\u01b0\u1edbi.\" \/>\n<meta name=\"robots\" content=\"index, follow, max-snippet:-1, max-image-preview:large, max-video-preview:-1\" \/>\n<link rel=\"canonical\" href=\"https:\/\/tiff.vn\/?product=bo-hoa-tay-co-dau-rhymastic-t03\" \/>\n<meta property=\"og:locale\" content=\"vi_VN\" \/>\n<meta property=\"og:type\" content=\"article\" \/>\n<meta property=\"og:title\" content=\"B\u00f3 Hoa Tay C\u00f4 d\u00e2u Tone \u0111\u1ecf quy\u1ebfn r\u0169 - \u0110i\u1ec7n hoa t\u01b0\u01a1i online 24h\" \/>\n<meta property=\"og:description\" content=\"B\u00f3 Hoa Tay C\u00f4 D\u00e2u Rhymastic l\u00e0 m\u1eabu hoa c\u1ea7m tay c\u00f4 d\u00e2u \u0111\u1ed9c \u0111\u00e1o mang \u0111\u1ebfn m\u1ed9t phong c\u00e1ch kh\u00e1c bi\u1ec7t, \u0111\u1ea7y \u1ea5n t\u01b0\u1ee3ng cho l\u1ec5 c\u01b0\u1edbi.\" \/>\n<meta property=\"og:url\" content=\"https:\/\/tiff.vn\/?product=bo-hoa-tay-co-dau-rhymastic-t03\" \/>\n<meta property=\"og:site_name\" content=\"Tiff Planner | Tiffany Wedding &amp; Event\" \/>\n<meta property=\"article:modified_time\" content=\"2024-06-27T04:11:53+00:00\" \/>\n<meta property=\"og:image\" content=\"https:\/\/tiff.vn\/wp-content\/uploads\/2024\/06\/Bo-hoa-tay-co-dau-Rhymastic-T03.jpg\" \/>\n\t<meta property=\"og:image:width\" content=\"900\" \/>\n\t<meta property=\"og:image:height\" content=\"900\" \/>\n\t<meta property=\"og:image:type\" content=\"image\/jpeg\" \/>\n<meta name=\"twitter:card\" content=\"summary_large_image\" \/>\n<meta name=\"twitter:label1\" content=\"\u01af\u1edbc t\u00ednh th\u1eddi gian \u0111\u1ecdc\" \/>\n\t<meta name=\"twitter:data1\" content=\"1 ph\u00fat\" \/>\n<script type=\"application\/ld+json\" class=\"yoast-schema-graph\">{\"@context\":\"https:\/\/schema.org\",\"@graph\":[{\"@type\":\"WebPage\",\"@id\":\"https:\/\/tiff.vn\/?product=bo-hoa-tay-co-dau-rhymastic-t03\",\"url\":\"https:\/\/tiff.vn\/?product=bo-hoa-tay-co-dau-rhymastic-t03\",\"name\":\"B\u00f3 Hoa Tay C\u00f4 d\u00e2u Tone \u0111\u1ecf quy\u1ebfn r\u0169 - \u0110i\u1ec7n hoa t\u01b0\u01a1i online 24h\",\"isPartOf\":{\"@id\":\"http:\/\/103.159.50.39\/#website\"},\"primaryImageOfPage\":{\"@id\":\"https:\/\/tiff.vn\/?product=bo-hoa-tay-co-dau-rhymastic-t03#primaryimage\"},\"image\":{\"@id\":\"https:\/\/tiff.vn\/?product=bo-hoa-tay-co-dau-rhymastic-t03#primaryimage\"},\"thumbnailUrl\":\"https:\/\/tiff.vn\/wp-content\/uploads\/2024\/06\/Bo-hoa-tay-co-dau-Rhymastic-T03.jpg\",\"datePublished\":\"2024-05-31T14:50:09+00:00\",\"dateModified\":\"2024-06-27T04:11:53+00:00\",\"description\":\"B\u00f3 Hoa Tay C\u00f4 D\u00e2u Rhymastic l\u00e0 m\u1eabu hoa c\u1ea7m tay c\u00f4 d\u00e2u \u0111\u1ed9c \u0111\u00e1o mang \u0111\u1ebfn m\u1ed9t phong c\u00e1ch kh\u00e1c bi\u1ec7t, \u0111\u1ea7y \u1ea5n t\u01b0\u1ee3ng cho l\u1ec5 c\u01b0\u1edbi.\",\"breadcrumb\":{\"@id\":\"https:\/\/tiff.vn\/?product=bo-hoa-tay-co-dau-rhymastic-t03#breadcrumb\"},\"inLanguage\":\"vi\",\"potentialAction\":[{\"@type\":\"ReadAction\",\"target\":[\"https:\/\/tiff.vn\/?product=bo-hoa-tay-co-dau-rhymastic-t03\"]}]},{\"@type\":\"ImageObject\",\"inLanguage\":\"vi\",\"@id\":\"https:\/\/tiff.vn\/?product=bo-hoa-tay-co-dau-rhymastic-t03#primaryimage\",\"url\":\"https:\/\/tiff.vn\/wp-content\/uploads\/2024\/06\/Bo-hoa-tay-co-dau-Rhymastic-T03.jpg\",\"contentUrl\":\"https:\/\/tiff.vn\/wp-content\/uploads\/2024\/06\/Bo-hoa-tay-co-dau-Rhymastic-T03.jpg\",\"width\":900,\"height\":900},{\"@type\":\"BreadcrumbList\",\"@id\":\"https:\/\/tiff.vn\/?product=bo-hoa-tay-co-dau-rhymastic-t03#breadcrumb\",\"itemListElement\":[{\"@type\":\"ListItem\",\"position\":1,\"name\":\"Home\",\"item\":\"http:\/\/103.159.50.39\/\"},{\"@type\":\"ListItem\",\"position\":2,\"name\":\"S\u1ea3n ph\u1ea9m\",\"item\":\"https:\/\/tiff.vn\/?post_type=product\"},{\"@type\":\"ListItem\",\"position\":3,\"name\":\"B\u00f3 Hoa Tay C\u00f4 D\u00e2u Rhymastic &#8211; T03\"}]},{\"@type\":\"WebSite\",\"@id\":\"http:\/\/103.159.50.39\/#website\",\"url\":\"http:\/\/103.159.50.39\/\",\"name\":\"Tiff Wedding Planner & Decoration\",\"description\":\"Top Wedding &amp; Event Planner h\u00e0ng \u0111\u1ea7u Vi\u1ec7t Nam - Ti\u00ean phong ki\u1ebfn t\u1ea1o nh\u1eefng \u0111\u00e1m c\u01b0\u1edbi \u0111\u1ed9c b\u1ea3n v\u00e0 s\u1ef1 ki\u1ec7n \u0111\u1eb3ng c\u1ea5p\",\"publisher\":{\"@id\":\"http:\/\/103.159.50.39\/#organization\"},\"alternateName\":\"Tiff Wedding Planner & Decoration\",\"potentialAction\":[{\"@type\":\"SearchAction\",\"target\":{\"@type\":\"EntryPoint\",\"urlTemplate\":\"http:\/\/103.159.50.39\/?s={search_term_string}\"},\"query-input\":{\"@type\":\"PropertyValueSpecification\",\"valueRequired\":true,\"valueName\":\"search_term_string\"}}],\"inLanguage\":\"vi\"},{\"@type\":\"Organization\",\"@id\":\"http:\/\/103.159.50.39\/#organization\",\"name\":\"Tiff Wedding Planner & Decoration\",\"url\":\"http:\/\/103.159.50.39\/\",\"logo\":{\"@type\":\"ImageObject\",\"inLanguage\":\"vi\",\"@id\":\"http:\/\/103.159.50.39\/#\/schema\/logo\/image\/\",\"url\":\"https:\/\/tiff.vn\/wp-content\/uploads\/2023\/05\/logo_main.png\",\"contentUrl\":\"https:\/\/tiff.vn\/wp-content\/uploads\/2023\/05\/logo_main.png\",\"width\":228,\"height\":64,\"caption\":\"Tiff Wedding Planner & Decoration\"},\"image\":{\"@id\":\"http:\/\/103.159.50.39\/#\/schema\/logo\/image\/\"}}]}<\/script>\n<!-- \/ Yoast SEO plugin. -->","yoast_head_json":{"title":"B\u00f3 Hoa Tay C\u00f4 d\u00e2u Tone \u0111\u1ecf quy\u1ebfn r\u0169 - \u0110i\u1ec7n hoa t\u01b0\u01a1i online 24h","description":"B\u00f3 Hoa Tay C\u00f4 D\u00e2u Rhymastic l\u00e0 m\u1eabu hoa c\u1ea7m tay c\u00f4 d\u00e2u \u0111\u1ed9c \u0111\u00e1o mang \u0111\u1ebfn m\u1ed9t phong c\u00e1ch kh\u00e1c bi\u1ec7t, \u0111\u1ea7y \u1ea5n t\u01b0\u1ee3ng cho l\u1ec5 c\u01b0\u1edbi.","robots":{"index":"index","follow":"follow","max-snippet":"max-snippet:-1","max-image-preview":"max-image-preview:large","max-video-preview":"max-video-preview:-1"},"canonical":"https:\/\/tiff.vn\/?product=bo-hoa-tay-co-dau-rhymastic-t03","og_locale":"vi_VN","og_type":"article","og_title":"B\u00f3 Hoa Tay C\u00f4 d\u00e2u Tone \u0111\u1ecf quy\u1ebfn r\u0169 - \u0110i\u1ec7n hoa t\u01b0\u01a1i online 24h","og_description":"B\u00f3 Hoa Tay C\u00f4 D\u00e2u Rhymastic l\u00e0 m\u1eabu hoa c\u1ea7m tay c\u00f4 d\u00e2u \u0111\u1ed9c \u0111\u00e1o mang \u0111\u1ebfn m\u1ed9t phong c\u00e1ch kh\u00e1c bi\u1ec7t, \u0111\u1ea7y \u1ea5n t\u01b0\u1ee3ng cho l\u1ec5 c\u01b0\u1edbi.","og_url":"https:\/\/tiff.vn\/?product=bo-hoa-tay-co-dau-rhymastic-t03","og_site_name":"Tiff Planner | Tiffany Wedding &amp; Event","article_modified_time":"2024-06-27T04:11:53+00:00","og_image":[{"width":900,"height":900,"url":"https:\/\/tiff.vn\/wp-content\/uploads\/2024\/06\/Bo-hoa-tay-co-dau-Rhymastic-T03.jpg","type":"image\/jpeg"}],"twitter_card":"summary_large_image","twitter_misc":{"\u01af\u1edbc t\u00ednh th\u1eddi gian \u0111\u1ecdc":"1 ph\u00fat"},"schema":{"@context":"https:\/\/schema.org","@graph":[{"@type":"WebPage","@id":"https:\/\/tiff.vn\/?product=bo-hoa-tay-co-dau-rhymastic-t03","url":"https:\/\/tiff.vn\/?product=bo-hoa-tay-co-dau-rhymastic-t03","name":"B\u00f3 Hoa Tay C\u00f4 d\u00e2u Tone \u0111\u1ecf quy\u1ebfn r\u0169 - \u0110i\u1ec7n hoa t\u01b0\u01a1i online 24h","isPartOf":{"@id":"http:\/\/103.159.50.39\/#website"},"primaryImageOfPage":{"@id":"https:\/\/tiff.vn\/?product=bo-hoa-tay-co-dau-rhymastic-t03#primaryimage"},"image":{"@id":"https:\/\/tiff.vn\/?product=bo-hoa-tay-co-dau-rhymastic-t03#primaryimage"},"thumbnailUrl":"https:\/\/tiff.vn\/wp-content\/uploads\/2024\/06\/Bo-hoa-tay-co-dau-Rhymastic-T03.jpg","datePublished":"2024-05-31T14:50:09+00:00","dateModified":"2024-06-27T04:11:53+00:00","description":"B\u00f3 Hoa Tay C\u00f4 D\u00e2u Rhymastic l\u00e0 m\u1eabu hoa c\u1ea7m tay c\u00f4 d\u00e2u \u0111\u1ed9c \u0111\u00e1o mang \u0111\u1ebfn m\u1ed9t phong c\u00e1ch kh\u00e1c bi\u1ec7t, \u0111\u1ea7y \u1ea5n t\u01b0\u1ee3ng cho l\u1ec5 c\u01b0\u1edbi.","breadcrumb":{"@id":"https:\/\/tiff.vn\/?product=bo-hoa-tay-co-dau-rhymastic-t03#breadcrumb"},"inLanguage":"vi","potentialAction":[{"@type":"ReadAction","target":["https:\/\/tiff.vn\/?product=bo-hoa-tay-co-dau-rhymastic-t03"]}]},{"@type":"ImageObject","inLanguage":"vi","@id":"https:\/\/tiff.vn\/?product=bo-hoa-tay-co-dau-rhymastic-t03#primaryimage","url":"https:\/\/tiff.vn\/wp-content\/uploads\/2024\/06\/Bo-hoa-tay-co-dau-Rhymastic-T03.jpg","contentUrl":"https:\/\/tiff.vn\/wp-content\/uploads\/2024\/06\/Bo-hoa-tay-co-dau-Rhymastic-T03.jpg","width":900,"height":900},{"@type":"BreadcrumbList","@id":"https:\/\/tiff.vn\/?product=bo-hoa-tay-co-dau-rhymastic-t03#breadcrumb","itemListElement":[{"@type":"ListItem","position":1,"name":"Home","item":"http:\/\/103.159.50.39\/"},{"@type":"ListItem","position":2,"name":"S\u1ea3n ph\u1ea9m","item":"https:\/\/tiff.vn\/?post_type=product"},{"@type":"ListItem","position":3,"name":"B\u00f3 Hoa Tay C\u00f4 D\u00e2u Rhymastic &#8211; T03"}]},{"@type":"WebSite","@id":"http:\/\/103.159.50.39\/#website","url":"http:\/\/103.159.50.39\/","name":"Tiff Wedding Planner & Decoration","description":"Top Wedding &amp; Event Planner h\u00e0ng \u0111\u1ea7u Vi\u1ec7t Nam - Ti\u00ean phong ki\u1ebfn t\u1ea1o nh\u1eefng \u0111\u00e1m c\u01b0\u1edbi \u0111\u1ed9c b\u1ea3n v\u00e0 s\u1ef1 ki\u1ec7n \u0111\u1eb3ng c\u1ea5p","publisher":{"@id":"http:\/\/103.159.50.39\/#organization"},"alternateName":"Tiff Wedding Planner & Decoration","potentialAction":[{"@type":"SearchAction","target":{"@type":"EntryPoint","urlTemplate":"http:\/\/103.159.50.39\/?s={search_term_string}"},"query-input":{"@type":"PropertyValueSpecification","valueRequired":true,"valueName":"search_term_string"}}],"inLanguage":"vi"},{"@type":"Organization","@id":"http:\/\/103.159.50.39\/#organization","name":"Tiff Wedding Planner & Decoration","url":"http:\/\/103.159.50.39\/","logo":{"@type":"ImageObject","inLanguage":"vi","@id":"http:\/\/103.159.50.39\/#\/schema\/logo\/image\/","url":"https:\/\/tiff.vn\/wp-content\/uploads\/2023\/05\/logo_main.png","contentUrl":"https:\/\/tiff.vn\/wp-content\/uploads\/2023\/05\/logo_main.png","width":228,"height":64,"caption":"Tiff Wedding Planner & Decoration"},"image":{"@id":"http:\/\/103.159.50.39\/#\/schema\/logo\/image\/"}}]}},"_links":{"self":[{"href":"https:\/\/tiff.vn\/index.php?rest_route=\/wp\/v2\/product\/31232","targetHints":{"allow":["GET"]}}],"collection":[{"href":"https:\/\/tiff.vn\/index.php?rest_route=\/wp\/v2\/product"}],"about":[{"href":"https:\/\/tiff.vn\/index.php?rest_route=\/wp\/v2\/types\/product"}],"replies":[{"embeddable":true,"href":"https:\/\/tiff.vn\/index.php?rest_route=%2Fwp%2Fv2%2Fcomments&post=31232"}],"version-history":[{"count":0,"href":"https:\/\/tiff.vn\/index.php?rest_route=\/wp\/v2\/product\/31232\/revisions"}],"wp:featuredmedia":[{"embeddable":true,"href":"https:\/\/tiff.vn\/index.php?rest_route=\/wp\/v2\/media\/40003"}],"wp:attachment":[{"href":"https:\/\/tiff.vn\/index.php?rest_route=%2Fwp%2Fv2%2Fmedia&parent=31232"}],"wp:term":[{"taxonomy":"product_brand","embeddable":true,"href":"https:\/\/tiff.vn\/index.php?rest_route=%2Fwp%2Fv2%2Fproduct_brand&post=31232"},{"taxonomy":"product_cat","embeddable":true,"href":"https:\/\/tiff.vn\/index.php?rest_route=%2Fwp%2Fv2%2Fproduct_cat&post=31232"},{"taxonomy":"product_tag","embeddable":true,"href":"https:\/\/tiff.vn\/index.php?rest_route=%2Fwp%2Fv2%2Fproduct_tag&post=31232"}],"curies":[{"name":"wp","href":"https:\/\/api.w.org\/{rel}","templated":true}]}}