{"id":31234,"date":"2024-05-31T14:50:09","date_gmt":"2024-05-31T14:50:09","guid":{"rendered":"https:\/\/tiff.vn\/?post_type=product&#038;p=31234"},"modified":"2024-06-27T04:40:43","modified_gmt":"2024-06-27T04:40:43","slug":"bo-hoa-tay-elegance-t01","status":"publish","type":"product","link":"https:\/\/tiff.vn\/?product=bo-hoa-tay-elegance-t01","title":{"rendered":"B\u00f3 hoa tay Elegance &#8211; T01"},"content":{"rendered":"<p><strong><span style=\"vertical-align: inherit;\"><span style=\"vertical-align: inherit;\">B\u00f3 hoa tay Elegance<\/span><\/span><\/strong><span style=\"vertical-align: inherit;\"><span style=\"vertical-align: inherit;\"> mang c\u1ea3m h\u1ee9ng t\u1ef1 nhi\u00ean, ph\u00f3ng kho\u00e1ng v\u00e0 n\u1eef t\u00ednh. <\/span><span style=\"vertical-align: inherit;\">\u0110\u00e2y l\u00e0 b\u00f3 hoa c\u1ea7m tay c\u00f4 d\u00e2u c\u00f3 s\u1ef1 h\u00e0i h\u00f2a gi\u1eefa hai t\u00f4ng xanh tr\u1eafng, v\u1eeba t\u1ea1o \u0111i\u1ec3m nh\u1ea5n v\u1ec1 s\u1ef1 thanh khi\u1ebft, v\u1eeba mang \u0111\u1ebfn c\u1ea3m gi\u00e1c n\u1ed5i b\u1eadt c\u1ee7a t\u00f4ng xanh tr\u00ean n\u1ec1n C\u01b0\u1edbi tr\u1eafng. <\/span><span style=\"vertical-align: inherit;\">M\u1ed9t b\u00f3 hoa ch\u1ee9a \u0111\u1ef1ng \u00fd ngh\u0129a v\u1ec1 t\u00ecnh y\u00eau c\u1ee7a Tr\u1ea5n Th\u00e0nh v\u00e0 cu\u1ed9c s\u1ed1ng vi\u00ean m\u00e3n ch\u00ednh l\u00e0 l\u1eddi ch\u00fac ph\u00fac \u0111\u1eb9p nh\u1ea5t d\u00e0nh cho ng\u01b0\u1eddi xinh \u0111\u1eb9p nh\u1ea5t trong l\u1ec5 \u0111\u01b0\u1eddng!<\/span><\/span><\/p>\n<p><strong><span style=\"vertical-align: inherit;\"><span style=\"vertical-align: inherit;\">C\u00e1c lo\u1ea1i hoa \u0111\u01b0\u1ee3c s\u1eed d\u1ee5ng:\u00a0<\/span><\/span><\/strong><\/p>\n<p><span style=\"vertical-align: inherit;\"><span style=\"vertical-align: inherit;\">Hoa lan t\u01b0\u1eddng<\/span><\/span><\/p>\n<p><span style=\"vertical-align: inherit;\"><span style=\"vertical-align: inherit;\">Hoa h\u1ed3ng nh\u1eadp kh\u1ea9u<\/span><\/span><\/p>\n<p><span style=\"vertical-align: inherit;\"><span style=\"vertical-align: inherit;\">L\u00e1 b\u1ea1c<\/span><\/span><\/p>\n<p><span style=\"vertical-align: inherit;\"><span style=\"vertical-align: inherit;\">thanh \u0111\u00f2n<\/span><\/span><\/p>\n<p><span style=\"vertical-align: inherit;\"><span style=\"vertical-align: inherit;\">C\u00e1c lo\u1ea1i hoa l\u00e1 ph\u1ee5 kh\u00e1c<\/span><\/span><\/p>\n<p><strong><span style=\"vertical-align: inherit;\"><span style=\"vertical-align: inherit;\">TIFF Flowers<\/span><\/span><\/strong><span style=\"vertical-align: inherit;\"><span style=\"vertical-align: inherit;\"> \u00a0cam k\u1ebft ch\u1ea5t l\u01b0\u1ee3ng hoa tr\u00ean t\u1eebng s\u1ea3n ph\u1ea9m \u0111\u01b0\u1ee3c giao \u0111\u1ebfn tay kh\u00e1ch h\u00e0ng<\/span><\/span><\/p>\n<p><em><span style=\"vertical-align: inherit;\"><span style=\"vertical-align: inherit;\">L\u01b0u \u00fd:<\/span><\/span><\/em><\/p>\n<p><em><span style=\"vertical-align: inherit;\"><span style=\"vertical-align: inherit;\">Gi\u00e1 s\u1ea3n ph\u1ea9m ch\u01b0a bao g\u1ed3m VAT<\/span><\/span><\/em><\/p>\n<p><span style=\"vertical-align: inherit;\"><span style=\"vertical-align: inherit;\">&#8212;<\/span><\/span><\/p>\n<p><span style=\"vertical-align: inherit;\"><span style=\"vertical-align: inherit;\">TIFFANY WEDDING &amp; EVENT \u2013 H\u01a0N C\u1ea2 B\u1ea0N MONG \u0110\u1ee2I<\/span><\/span><\/p>\n<p><span style=\"vertical-align: inherit;\"><span style=\"vertical-align: inherit;\">Hotline: 0836 999 088 &#8211; 0836 888 099<\/span><\/span><\/p>\n<p><span style=\"vertical-align: inherit;\"><span style=\"vertical-align: inherit;\">\u0110\u1ecba ch\u1ec9:<\/span><\/span><\/p>\n<ul>\n<li><span style=\"vertical-align: inherit;\"><span style=\"vertical-align: inherit;\">H\u00e0 N\u1ed9i: 125 Nghi T\u00e0m, T\u00e2y H\u1ed3<\/span><\/span><\/li>\n<li><span style=\"vertical-align: inherit;\"><span style=\"vertical-align: inherit;\">H\u1ed3 Ch\u00ed Minh: 180\/45 Nguy\u1ec5n H\u1eefu C\u1ea3nh, P22, Q B\u00ecnh Th\u1ea1nh<\/span><\/span><\/li>\n<\/ul>\n<p><span style=\"vertical-align: inherit;\"><span style=\"vertical-align: inherit;\">Website: https:\/\/tiff.vn\/<\/span><\/span><\/p>\n<p><span style=\"vertical-align: inherit;\"><span style=\"vertical-align: inherit;\">Li\u00ean h\u1ec7 \u0111\u1eb7t l\u1ecbch h\u1eb9n<\/span><\/span><\/p>\n","protected":false},"excerpt":{"rendered":"<p><span style=\"vertical-align: inherit;\"><span style=\"vertical-align: inherit;\">T\u00f4ng m\u00e0u tr\u1eafng, xanh<\/span><\/span><\/p>\n<p><span style=\"vertical-align: inherit;\"><span style=\"vertical-align: inherit;\">T\u1ef1 nhi\u00ean, nh\u00e3 nh\u1eb7n v\u00e0 sang tr\u1ecdng<\/span><\/span><\/p>\n<p><span style=\"vertical-align: inherit;\"><span style=\"vertical-align: inherit;\">C\u00e1c lo\u1ea1i hoa \u0111\u01b0\u1ee3c s\u1eed d\u1ee5ng: Hoa lan t\u01b0\u1eddng, hoa h\u1ed3ng nh\u1eadp kh\u1ea9u, l\u00e1 b\u1ea1c, thanh li\u1ec5u, c\u00e1c lo\u1ea1i hoa l\u00e1 ph\u1ee5 kh\u00e1c<\/span><\/span><\/p>\n<p><strong><em><span style=\"vertical-align: inherit;\"><span style=\"vertical-align: inherit;\">T\u1eb7ng mi\u1ec5n ph\u00ed \u2013 bi\u1ec3u ng\u1eef ch\u00fac m\u1eebng thi\u1ebft k\u1ebf (vui l\u00f2ng ghi r\u00f5 trong m\u1ee5c ghi ch\u00fa).<\/span><\/span><\/em><\/strong><\/p>\n<p><strong><em><span style=\"vertical-align: inherit;\"><span style=\"vertical-align: inherit;\">Giao hoa g\u1ea5p trong m\u1ed9t gi\u1edd.<\/span><\/span><\/em><\/strong><\/p>\n<p><strong><em><span style=\"vertical-align: inherit;\"><span style=\"vertical-align: inherit;\">Cam k\u1ebft ho\u00e0n ti\u1ec1n 100% n\u1ebfu b\u1ea1n kh\u00f4ng h\u00e0i l\u00f2ng.<\/span><\/span><\/em><\/strong><\/p>\n<p><span style=\"vertical-align: inherit;\"><span style=\"vertical-align: inherit;\">&#8212;<\/span><\/span><\/p>\n<p><span style=\"vertical-align: inherit;\"><span style=\"vertical-align: inherit;\">TIFFANY WEDDING &amp; EVENT \u2013 H\u01a0N C\u1ea2 B\u1ea0N MONG \u0110\u1ee2I<\/span><\/span><\/p>\n<p><span style=\"vertical-align: inherit;\"><span style=\"vertical-align: inherit;\">Hotline: 0836 999 088 &#8211; 0836 888 099<\/span><\/span><\/p>\n<p><span style=\"vertical-align: inherit;\"><span style=\"vertical-align: inherit;\">\u0110\u1ecba ch\u1ec9:<\/span><\/span><\/p>\n<ul>\n<li><span style=\"vertical-align: inherit;\"><span style=\"vertical-align: inherit;\">H\u00e0 N\u1ed9i: 125 Nghi T\u00e0m, T\u00e2y H\u1ed3<\/span><\/span><\/li>\n<li><span style=\"vertical-align: inherit;\"><span style=\"vertical-align: inherit;\">H\u1ed3 Ch\u00ed Minh: 180\/45 Nguy\u1ec5n H\u1eefu C\u1ea3nh, P22, Q B\u00ecnh Th\u1ea1nh<\/span><\/span><\/li>\n<\/ul>\n<p><span style=\"vertical-align: inherit;\"><span style=\"vertical-align: inherit;\">Website: https:\/\/tiff.vn\/<\/span><\/span><\/p>\n<p><span style=\"vertical-align: inherit;\"><span style=\"vertical-align: inherit;\">Li\u00ean h\u1ec7 \u0111\u1eb7t l\u1ecbch h\u1eb9n<\/span><\/span><\/p>\n<div class=\"ddict_btn\" style=\"top: 354px; left: 225.984px;\"><\/div>\n","protected":false},"featured_media":40157,"comment_status":"closed","ping_status":"closed","template":"","meta":{"_acf_changed":false},"product_brand":[],"product_cat":[362,382],"product_tag":[363,364,351,369,368],"class_list":{"0":"post-31234","1":"product","2":"type-product","3":"status-publish","4":"has-post-thumbnail","6":"product_cat-hoa-cuoi","7":"product_cat-hoa-cuoi-cam-tay","8":"product_tag-hoa-cam-tay","9":"product_tag-hoa-co-dau","10":"product_tag-hoa-cuoi","11":"product_tag-hoa-hong-trang","12":"product_tag-hoa-tuoi","14":"first","15":"instock","16":"sale","17":"shipping-taxable","18":"purchasable","19":"product-type-simple"},"acf":[],"yoast_head":"<!-- This site is optimized with the Yoast SEO plugin v25.0 - https:\/\/yoast.com\/wordpress\/plugins\/seo\/ -->\n<title>B\u00f3 hoa c\u1ea7m tay c\u00f4 d\u00e2u hi\u1ec7n \u0111\u1ea1i - \u0110i\u1ec7n hoa t\u01b0\u01a1i online 24h.<\/title>\n<meta name=\"description\" content=\"B\u00f3 hoa c\u00f3 s\u1ef1 h\u00e0i h\u00f2a gi\u1eefa hai tone xanh tr\u1eafng, v\u1eeba t\u1ea1o \u0111i\u1ec3m nh\u1ea5n v\u1ec1 s\u1ef1 thanh khi\u1ebft, v\u1eeba mang \u0111\u1ebfn c\u1ea3m gi\u00e1c n\u1ed5i b\u1eadt c\u1ee7a tone xanh tr\u00ean n\u1ec1n v\u00e1y c\u01b0\u1edbi tr\u1eafng.\" \/>\n<meta name=\"robots\" content=\"index, follow, max-snippet:-1, max-image-preview:large, max-video-preview:-1\" \/>\n<link rel=\"canonical\" href=\"https:\/\/tiff.vn\/?product=bo-hoa-tay-elegance-t01\" \/>\n<meta property=\"og:locale\" content=\"vi_VN\" \/>\n<meta property=\"og:type\" content=\"article\" \/>\n<meta property=\"og:title\" content=\"B\u00f3 hoa c\u1ea7m tay c\u00f4 d\u00e2u hi\u1ec7n \u0111\u1ea1i - \u0110i\u1ec7n hoa t\u01b0\u01a1i online 24h.\" \/>\n<meta property=\"og:description\" content=\"B\u00f3 hoa c\u00f3 s\u1ef1 h\u00e0i h\u00f2a gi\u1eefa hai tone xanh tr\u1eafng, v\u1eeba t\u1ea1o \u0111i\u1ec3m nh\u1ea5n v\u1ec1 s\u1ef1 thanh khi\u1ebft, v\u1eeba mang \u0111\u1ebfn c\u1ea3m gi\u00e1c n\u1ed5i b\u1eadt c\u1ee7a tone xanh tr\u00ean n\u1ec1n v\u00e1y c\u01b0\u1edbi tr\u1eafng.\" \/>\n<meta property=\"og:url\" content=\"https:\/\/tiff.vn\/?product=bo-hoa-tay-elegance-t01\" \/>\n<meta property=\"og:site_name\" content=\"Tiff Planner | Tiffany Wedding &amp; Event\" \/>\n<meta property=\"article:modified_time\" content=\"2024-06-27T04:40:43+00:00\" \/>\n<meta property=\"og:image\" content=\"https:\/\/tiff.vn\/wp-content\/uploads\/2024\/06\/Bo-hoa-tay-Elegance-T01-1.jpg\" \/>\n\t<meta property=\"og:image:width\" content=\"2560\" \/>\n\t<meta property=\"og:image:height\" content=\"1920\" \/>\n\t<meta property=\"og:image:type\" content=\"image\/jpeg\" \/>\n<meta name=\"twitter:card\" content=\"summary_large_image\" \/>\n<meta name=\"twitter:label1\" content=\"\u01af\u1edbc t\u00ednh th\u1eddi gian \u0111\u1ecdc\" \/>\n\t<meta name=\"twitter:data1\" content=\"1 ph\u00fat\" \/>\n<script type=\"application\/ld+json\" class=\"yoast-schema-graph\">{\"@context\":\"https:\/\/schema.org\",\"@graph\":[{\"@type\":\"WebPage\",\"@id\":\"https:\/\/tiff.vn\/?product=bo-hoa-tay-elegance-t01\",\"url\":\"https:\/\/tiff.vn\/?product=bo-hoa-tay-elegance-t01\",\"name\":\"B\u00f3 hoa c\u1ea7m tay c\u00f4 d\u00e2u hi\u1ec7n \u0111\u1ea1i - \u0110i\u1ec7n hoa t\u01b0\u01a1i online 24h.\",\"isPartOf\":{\"@id\":\"http:\/\/103.159.50.39\/#website\"},\"primaryImageOfPage\":{\"@id\":\"https:\/\/tiff.vn\/?product=bo-hoa-tay-elegance-t01#primaryimage\"},\"image\":{\"@id\":\"https:\/\/tiff.vn\/?product=bo-hoa-tay-elegance-t01#primaryimage\"},\"thumbnailUrl\":\"https:\/\/tiff.vn\/wp-content\/uploads\/2024\/06\/Bo-hoa-tay-Elegance-T01-1.jpg\",\"datePublished\":\"2024-05-31T14:50:09+00:00\",\"dateModified\":\"2024-06-27T04:40:43+00:00\",\"description\":\"B\u00f3 hoa c\u00f3 s\u1ef1 h\u00e0i h\u00f2a gi\u1eefa hai tone xanh tr\u1eafng, v\u1eeba t\u1ea1o \u0111i\u1ec3m nh\u1ea5n v\u1ec1 s\u1ef1 thanh khi\u1ebft, v\u1eeba mang \u0111\u1ebfn c\u1ea3m gi\u00e1c n\u1ed5i b\u1eadt c\u1ee7a tone xanh tr\u00ean n\u1ec1n v\u00e1y c\u01b0\u1edbi tr\u1eafng.\",\"breadcrumb\":{\"@id\":\"https:\/\/tiff.vn\/?product=bo-hoa-tay-elegance-t01#breadcrumb\"},\"inLanguage\":\"vi\",\"potentialAction\":[{\"@type\":\"ReadAction\",\"target\":[\"https:\/\/tiff.vn\/?product=bo-hoa-tay-elegance-t01\"]}]},{\"@type\":\"ImageObject\",\"inLanguage\":\"vi\",\"@id\":\"https:\/\/tiff.vn\/?product=bo-hoa-tay-elegance-t01#primaryimage\",\"url\":\"https:\/\/tiff.vn\/wp-content\/uploads\/2024\/06\/Bo-hoa-tay-Elegance-T01-1.jpg\",\"contentUrl\":\"https:\/\/tiff.vn\/wp-content\/uploads\/2024\/06\/Bo-hoa-tay-Elegance-T01-1.jpg\",\"width\":2560,\"height\":1920},{\"@type\":\"BreadcrumbList\",\"@id\":\"https:\/\/tiff.vn\/?product=bo-hoa-tay-elegance-t01#breadcrumb\",\"itemListElement\":[{\"@type\":\"ListItem\",\"position\":1,\"name\":\"Home\",\"item\":\"http:\/\/103.159.50.39\/\"},{\"@type\":\"ListItem\",\"position\":2,\"name\":\"S\u1ea3n ph\u1ea9m\",\"item\":\"https:\/\/tiff.vn\/?post_type=product\"},{\"@type\":\"ListItem\",\"position\":3,\"name\":\"B\u00f3 hoa tay Elegance &#8211; T01\"}]},{\"@type\":\"WebSite\",\"@id\":\"http:\/\/103.159.50.39\/#website\",\"url\":\"http:\/\/103.159.50.39\/\",\"name\":\"Tiff Wedding Planner & Decoration\",\"description\":\"Top Wedding &amp; Event Planner h\u00e0ng \u0111\u1ea7u Vi\u1ec7t Nam - Ti\u00ean phong ki\u1ebfn t\u1ea1o nh\u1eefng \u0111\u00e1m c\u01b0\u1edbi \u0111\u1ed9c b\u1ea3n v\u00e0 s\u1ef1 ki\u1ec7n \u0111\u1eb3ng c\u1ea5p\",\"publisher\":{\"@id\":\"http:\/\/103.159.50.39\/#organization\"},\"alternateName\":\"Tiff Wedding Planner & Decoration\",\"potentialAction\":[{\"@type\":\"SearchAction\",\"target\":{\"@type\":\"EntryPoint\",\"urlTemplate\":\"http:\/\/103.159.50.39\/?s={search_term_string}\"},\"query-input\":{\"@type\":\"PropertyValueSpecification\",\"valueRequired\":true,\"valueName\":\"search_term_string\"}}],\"inLanguage\":\"vi\"},{\"@type\":\"Organization\",\"@id\":\"http:\/\/103.159.50.39\/#organization\",\"name\":\"Tiff Wedding Planner & Decoration\",\"url\":\"http:\/\/103.159.50.39\/\",\"logo\":{\"@type\":\"ImageObject\",\"inLanguage\":\"vi\",\"@id\":\"http:\/\/103.159.50.39\/#\/schema\/logo\/image\/\",\"url\":\"https:\/\/tiff.vn\/wp-content\/uploads\/2023\/05\/logo_main.png\",\"contentUrl\":\"https:\/\/tiff.vn\/wp-content\/uploads\/2023\/05\/logo_main.png\",\"width\":228,\"height\":64,\"caption\":\"Tiff Wedding Planner & Decoration\"},\"image\":{\"@id\":\"http:\/\/103.159.50.39\/#\/schema\/logo\/image\/\"}}]}<\/script>\n<!-- \/ Yoast SEO plugin. -->","yoast_head_json":{"title":"B\u00f3 hoa c\u1ea7m tay c\u00f4 d\u00e2u hi\u1ec7n \u0111\u1ea1i - \u0110i\u1ec7n hoa t\u01b0\u01a1i online 24h.","description":"B\u00f3 hoa c\u00f3 s\u1ef1 h\u00e0i h\u00f2a gi\u1eefa hai tone xanh tr\u1eafng, v\u1eeba t\u1ea1o \u0111i\u1ec3m nh\u1ea5n v\u1ec1 s\u1ef1 thanh khi\u1ebft, v\u1eeba mang \u0111\u1ebfn c\u1ea3m gi\u00e1c n\u1ed5i b\u1eadt c\u1ee7a tone xanh tr\u00ean n\u1ec1n v\u00e1y c\u01b0\u1edbi tr\u1eafng.","robots":{"index":"index","follow":"follow","max-snippet":"max-snippet:-1","max-image-preview":"max-image-preview:large","max-video-preview":"max-video-preview:-1"},"canonical":"https:\/\/tiff.vn\/?product=bo-hoa-tay-elegance-t01","og_locale":"vi_VN","og_type":"article","og_title":"B\u00f3 hoa c\u1ea7m tay c\u00f4 d\u00e2u hi\u1ec7n \u0111\u1ea1i - \u0110i\u1ec7n hoa t\u01b0\u01a1i online 24h.","og_description":"B\u00f3 hoa c\u00f3 s\u1ef1 h\u00e0i h\u00f2a gi\u1eefa hai tone xanh tr\u1eafng, v\u1eeba t\u1ea1o \u0111i\u1ec3m nh\u1ea5n v\u1ec1 s\u1ef1 thanh khi\u1ebft, v\u1eeba mang \u0111\u1ebfn c\u1ea3m gi\u00e1c n\u1ed5i b\u1eadt c\u1ee7a tone xanh tr\u00ean n\u1ec1n v\u00e1y c\u01b0\u1edbi tr\u1eafng.","og_url":"https:\/\/tiff.vn\/?product=bo-hoa-tay-elegance-t01","og_site_name":"Tiff Planner | Tiffany Wedding &amp; Event","article_modified_time":"2024-06-27T04:40:43+00:00","og_image":[{"width":2560,"height":1920,"url":"https:\/\/tiff.vn\/wp-content\/uploads\/2024\/06\/Bo-hoa-tay-Elegance-T01-1.jpg","type":"image\/jpeg"}],"twitter_card":"summary_large_image","twitter_misc":{"\u01af\u1edbc t\u00ednh th\u1eddi gian \u0111\u1ecdc":"1 ph\u00fat"},"schema":{"@context":"https:\/\/schema.org","@graph":[{"@type":"WebPage","@id":"https:\/\/tiff.vn\/?product=bo-hoa-tay-elegance-t01","url":"https:\/\/tiff.vn\/?product=bo-hoa-tay-elegance-t01","name":"B\u00f3 hoa c\u1ea7m tay c\u00f4 d\u00e2u hi\u1ec7n \u0111\u1ea1i - \u0110i\u1ec7n hoa t\u01b0\u01a1i online 24h.","isPartOf":{"@id":"http:\/\/103.159.50.39\/#website"},"primaryImageOfPage":{"@id":"https:\/\/tiff.vn\/?product=bo-hoa-tay-elegance-t01#primaryimage"},"image":{"@id":"https:\/\/tiff.vn\/?product=bo-hoa-tay-elegance-t01#primaryimage"},"thumbnailUrl":"https:\/\/tiff.vn\/wp-content\/uploads\/2024\/06\/Bo-hoa-tay-Elegance-T01-1.jpg","datePublished":"2024-05-31T14:50:09+00:00","dateModified":"2024-06-27T04:40:43+00:00","description":"B\u00f3 hoa c\u00f3 s\u1ef1 h\u00e0i h\u00f2a gi\u1eefa hai tone xanh tr\u1eafng, v\u1eeba t\u1ea1o \u0111i\u1ec3m nh\u1ea5n v\u1ec1 s\u1ef1 thanh khi\u1ebft, v\u1eeba mang \u0111\u1ebfn c\u1ea3m gi\u00e1c n\u1ed5i b\u1eadt c\u1ee7a tone xanh tr\u00ean n\u1ec1n v\u00e1y c\u01b0\u1edbi tr\u1eafng.","breadcrumb":{"@id":"https:\/\/tiff.vn\/?product=bo-hoa-tay-elegance-t01#breadcrumb"},"inLanguage":"vi","potentialAction":[{"@type":"ReadAction","target":["https:\/\/tiff.vn\/?product=bo-hoa-tay-elegance-t01"]}]},{"@type":"ImageObject","inLanguage":"vi","@id":"https:\/\/tiff.vn\/?product=bo-hoa-tay-elegance-t01#primaryimage","url":"https:\/\/tiff.vn\/wp-content\/uploads\/2024\/06\/Bo-hoa-tay-Elegance-T01-1.jpg","contentUrl":"https:\/\/tiff.vn\/wp-content\/uploads\/2024\/06\/Bo-hoa-tay-Elegance-T01-1.jpg","width":2560,"height":1920},{"@type":"BreadcrumbList","@id":"https:\/\/tiff.vn\/?product=bo-hoa-tay-elegance-t01#breadcrumb","itemListElement":[{"@type":"ListItem","position":1,"name":"Home","item":"http:\/\/103.159.50.39\/"},{"@type":"ListItem","position":2,"name":"S\u1ea3n ph\u1ea9m","item":"https:\/\/tiff.vn\/?post_type=product"},{"@type":"ListItem","position":3,"name":"B\u00f3 hoa tay Elegance &#8211; T01"}]},{"@type":"WebSite","@id":"http:\/\/103.159.50.39\/#website","url":"http:\/\/103.159.50.39\/","name":"Tiff Wedding Planner & Decoration","description":"Top Wedding &amp; Event Planner h\u00e0ng \u0111\u1ea7u Vi\u1ec7t Nam - Ti\u00ean phong ki\u1ebfn t\u1ea1o nh\u1eefng \u0111\u00e1m c\u01b0\u1edbi \u0111\u1ed9c b\u1ea3n v\u00e0 s\u1ef1 ki\u1ec7n \u0111\u1eb3ng c\u1ea5p","publisher":{"@id":"http:\/\/103.159.50.39\/#organization"},"alternateName":"Tiff Wedding Planner & Decoration","potentialAction":[{"@type":"SearchAction","target":{"@type":"EntryPoint","urlTemplate":"http:\/\/103.159.50.39\/?s={search_term_string}"},"query-input":{"@type":"PropertyValueSpecification","valueRequired":true,"valueName":"search_term_string"}}],"inLanguage":"vi"},{"@type":"Organization","@id":"http:\/\/103.159.50.39\/#organization","name":"Tiff Wedding Planner & Decoration","url":"http:\/\/103.159.50.39\/","logo":{"@type":"ImageObject","inLanguage":"vi","@id":"http:\/\/103.159.50.39\/#\/schema\/logo\/image\/","url":"https:\/\/tiff.vn\/wp-content\/uploads\/2023\/05\/logo_main.png","contentUrl":"https:\/\/tiff.vn\/wp-content\/uploads\/2023\/05\/logo_main.png","width":228,"height":64,"caption":"Tiff Wedding Planner & Decoration"},"image":{"@id":"http:\/\/103.159.50.39\/#\/schema\/logo\/image\/"}}]}},"_links":{"self":[{"href":"https:\/\/tiff.vn\/index.php?rest_route=\/wp\/v2\/product\/31234","targetHints":{"allow":["GET"]}}],"collection":[{"href":"https:\/\/tiff.vn\/index.php?rest_route=\/wp\/v2\/product"}],"about":[{"href":"https:\/\/tiff.vn\/index.php?rest_route=\/wp\/v2\/types\/product"}],"replies":[{"embeddable":true,"href":"https:\/\/tiff.vn\/index.php?rest_route=%2Fwp%2Fv2%2Fcomments&post=31234"}],"version-history":[{"count":0,"href":"https:\/\/tiff.vn\/index.php?rest_route=\/wp\/v2\/product\/31234\/revisions"}],"wp:featuredmedia":[{"embeddable":true,"href":"https:\/\/tiff.vn\/index.php?rest_route=\/wp\/v2\/media\/40157"}],"wp:attachment":[{"href":"https:\/\/tiff.vn\/index.php?rest_route=%2Fwp%2Fv2%2Fmedia&parent=31234"}],"wp:term":[{"taxonomy":"product_brand","embeddable":true,"href":"https:\/\/tiff.vn\/index.php?rest_route=%2Fwp%2Fv2%2Fproduct_brand&post=31234"},{"taxonomy":"product_cat","embeddable":true,"href":"https:\/\/tiff.vn\/index.php?rest_route=%2Fwp%2Fv2%2Fproduct_cat&post=31234"},{"taxonomy":"product_tag","embeddable":true,"href":"https:\/\/tiff.vn\/index.php?rest_route=%2Fwp%2Fv2%2Fproduct_tag&post=31234"}],"curies":[{"name":"wp","href":"https:\/\/api.w.org\/{rel}","templated":true}]}}