{"id":31236,"date":"2024-05-31T14:50:09","date_gmt":"2024-05-31T14:50:09","guid":{"rendered":"https:\/\/tiff.vn\/?post_type=product&#038;p=31236"},"modified":"2024-10-26T11:43:12","modified_gmt":"2024-10-26T04:43:12","slug":"hoa-xe-cuoi-x01","status":"publish","type":"product","link":"https:\/\/tiff.vn\/?product=hoa-xe-cuoi-x01","title":{"rendered":"Hoa xe c\u01b0\u1edbi X01"},"content":{"rendered":"<p><span style=\"color: #000000;\"><strong><span style=\"vertical-align: inherit;\"><span style=\"vertical-align: inherit;\">M\u1eabu hoa xe c\u01b0\u1edbi X01<\/span><\/span><\/strong><span style=\"vertical-align: inherit;\"><span style=\"vertical-align: inherit;\"> m\u1ec1m m\u1ea1i v\u00e0 sang tr\u1ecdng, gi\u00fap xua \u0111u\u1ed5i n\u00e0ng c\u00f4ng ch\u00faa v\u1ec1 dinh th\u00eam r\u1ef1c r\u1ee1!\u00a0<\/span><\/span><\/span><\/p>\n<p><strong><span style=\"color: #000000;\"><span style=\"vertical-align: inherit;\"><span style=\"vertical-align: inherit;\">C\u00e1c lo\u1ea1i hoa s\u1eed d\u1ee5ng:\u00a0<\/span><\/span><\/span><\/strong><\/p>\n<ul>\n<li><span style=\"color: #000000;\"><span style=\"vertical-align: inherit;\"><span style=\"vertical-align: inherit;\">Lan h\u1ed3 \u0111i\u1ec7p\u00a0<\/span><\/span><\/span><\/li>\n<li><span style=\"color: #000000;\"><span style=\"vertical-align: inherit;\"><span style=\"vertical-align: inherit;\">Hoa h\u1ed3ng Ohara nh\u1eadp kh\u1ea9u\u00a0<\/span><\/span><\/span><\/li>\n<li><span style=\"color: #000000;\"><span style=\"vertical-align: inherit;\"><span style=\"vertical-align: inherit;\">Hoa lan t\u01b0\u1eddng xo\u1eafn cam\u00a0<\/span><\/span><\/span><\/li>\n<li><span style=\"color: #000000;\"><span style=\"vertical-align: inherit;\"><span style=\"vertical-align: inherit;\">Hoa h\u1ed3ng kem d\u00e2u \u0110\u00e0 L\u1ea1t\u00a0<\/span><\/span><\/span><\/li>\n<li><span style=\"color: #000000;\"><span style=\"vertical-align: inherit;\"><span style=\"vertical-align: inherit;\">Hoa phi y\u1ebfn<\/span><\/span><\/span><\/li>\n<li><span style=\"color: #000000;\"><span style=\"vertical-align: inherit;\"><span style=\"vertical-align: inherit;\">H\u00f2a thanh k\u1ebft nh\u1eadp kh\u1ea9u<\/span><\/span><\/span><\/li>\n<li><span style=\"color: #000000;\"><span style=\"vertical-align: inherit;\"><span style=\"vertical-align: inherit;\">C\u00e1c lo\u1ea1i hoa l\u00e1 ph\u1ee5 cao c\u1ea5p kh\u00e1c<\/span><\/span><\/span><\/li>\n<\/ul>\n<p><em><span style=\"color: #000000;\"><span style=\"vertical-align: inherit;\"><span style=\"vertical-align: inherit;\">Xem th\u00eam:\u00a0<\/span><\/span><\/span><\/em><\/p>\n<p><strong><a href=\"https:\/\/flowers.tiffanyvn.com\/san-pham\/bo-hoa-cuoi-t01\/\"><span style=\"color: #000000;\"><span style=\"vertical-align: inherit;\"><span style=\"vertical-align: inherit;\">M\u1eabu hoa tay ph\u00f9 h\u1ee3p:<\/span><\/span><\/span><\/a><\/strong><\/p>\n<p><span style=\"color: #000000;\"><strong><span style=\"vertical-align: inherit;\"><span style=\"vertical-align: inherit;\">Combo hoa tay hoa xe v\u1edbi \u01b0u \u0111\u00e3i l\u00ean \u0111\u1ebfn 20%<\/span><\/span><\/strong>\u00a0<\/span><\/p>\n<p><em><span style=\"color: #000000;\"><span style=\"vertical-align: inherit;\"><span style=\"vertical-align: inherit;\">L\u01b0u \u00fd: Gi\u00e1 s\u1ea3n ph\u1ea9m ch\u01b0a bao g\u1ed3m VAT\u00a0<\/span><\/span><\/span><\/em><\/p>\n<p><span style=\"color: #000000;\"><strong><span style=\"vertical-align: inherit;\"><span style=\"vertical-align: inherit;\">Cam k\u1ebft d\u00e0nh ri\u00eang cho d\u00f2ng s\u1ea3n ph\u1ea9m hoa c\u01b0\u1edbi:\u00a0<\/span><\/span><\/strong><\/span><\/p>\n<ul>\n<li><span style=\"color: #000000;\"><strong><span style=\"vertical-align: inherit;\"><span style=\"vertical-align: inherit;\">S\u1ea3n ph\u1ea9m c\u1ee7a TIFF Flowers l\u00e0 hoa c\u01b0\u1edbi thi\u1ebft k\u1ebf cao c\u1ea5p! <\/span><\/span><\/strong><span style=\"vertical-align: inherit;\"><span style=\"vertical-align: inherit;\">\u00a0V\u1edbi \u0111\u1ed9i ng\u0169 thi\u1ebft k\u1ebf s\u00e1ng t\u1ea1o t\u00e0i n\u0103ng, ch\u00fang t\u00f4i lu\u00f4n \u01b0u ti\u00ean t\u00ednh c\u00e1 nh\u00e2n h\u00f3a trong t\u1eebng s\u1ea3n ph\u1ea9m. <\/span><span style=\"vertical-align: inherit;\">By v\u1eady, \u0111\u1eebng s\u1ee3 li\u00ean h\u1ec7 v\u00e0 cho ch\u00fang t\u00f4i bi\u1ebft mong mu\u1ed1n v\u1ec1 m\u1eabu hoa c\u01b0\u1edbi c\u1ee7a ri\u00eang b\u1ea1n!\u00a0<\/span><\/span><\/span><\/li>\n<li><span style=\"color: #000000;\"><strong>Lu\u00f4n s\u1eed d\u1ee5ng v\u00e0 ch\u1ecdn l\u1ecdc k\u0129 l\u01b0\u1ee1ng c\u00e1c lo\u1ea1i hoa cao c\u1ea5p nh\u1ea5t, t\u01b0\u01a1i \u0111\u1eb9p nh\u1ea5t<\/strong>\u00a0d\u00e0nh cho\u00a0<strong>hoa tay \u2013 hoa xe c\u01b0\u1edbi<\/strong> c\u1ee7a b\u1ea1n, \u0111\u1eb7c bi\u1ec7t l\u00e0 b\u00f3 hoa c\u1ea7m tay. B\u1edfi ch\u00fang t\u00f4i hi\u1ec3u \u0111\u00e2y l\u00e0 ph\u1ee5 ki\u1ec7n quan tr\u1ecdng nh\u1ea5t trong ng\u00e0y tr\u1ecdng \u0111\u1ea1i c\u1ee7a b\u1ea1n. N\u00f3 kh\u00f4ng ch\u1ec9 n\u00f3i l\u00ean s\u1edf th\u00edch c\u1ee7a b\u1ea1n, m\u00e0 \u0111\u00f3 c\u00f2n l\u00e0 c\u00e1 t\u00ednh v\u00e0 t\u00e2m h\u1ed3n b\u1ea1n.\u00a0<\/span><\/li>\n<li><span style=\"color: #000000;\"><strong>Lu\u00f4n c\u1eadp nh\u1eadt c\u00e1c xu h\u01b0\u1edbng hoa c\u01b0\u1edbi m\u1edbi nh\u1ea5t, th\u1eddi th\u01b0\u1ee3ng nh\u1ea5t<\/strong>\u00a0v\u1edbi \u01b0u th\u1ebf thu\u1ed9c\u00a0<strong>TOP<\/strong>\u00a0c\u00e1c \u0111\u01a1n v\u1ecb trang tr\u00ed c\u01b0\u1edbi \u0111\u1eb9p nh\u1ea5t Vi\u1ec7t Nam! (Th\u01b0\u01a1ng hi\u1ec7u TIFF Wedding &amp; Event)\u00a0<\/span><\/li>\n<li><span style=\"color: #000000;\"><strong>Hoa c\u01b0\u1edbi thi\u1ebft k\u1ebf cao c\u1ea5p v\u1edbi gi\u00e1 c\u1ea1nh tranh nh\u1ea5t!\u00a0<\/strong>V\u1edbi s\u1ed1 l\u01b0\u1ee3ng \u0111\u01a1n h\u00e0ng \u0111\u1ec1u \u0111\u1eb7n \u0111\u1ea3m b\u1ea3o vi\u1ec7c s\u1eed d\u1ee5ng tr\u1ecdn v\u1eb9n hoa nh\u1eadp m\u1ed7i ng\u00e0y, c\u00e1c ngu\u1ed3n nh\u1eadp tr\u1ef1c ti\u1ebfp uy t\u00edn, c\u00f9ng kinh nghi\u1ec7m \u2013 s\u1ef1 am hi\u1ec3u th\u1ecb tr\u01b0\u1eddng c\u01b0\u1edbi, ch\u00fang t\u00f4i cam k\u1ebft \u0111\u1ebfn b\u1ea1n m\u1ee9c gi\u00e1 hoa c\u01b0\u1edbi lu\u00f4n c\u1ea1nh tranh nh\u1ea5t, h\u1ee3p l\u00fd nh\u1ea5t v\u1edbi ch\u1ea5t l\u01b0\u1ee3ng v\u00e0 t\u00ednh th\u1ea9m m\u1ef9 m\u00e0 s\u1ea3n ph\u1ea9m c\u1ee7a ch\u00fang t\u00f4i mang l\u1ea1i!\u00a0<\/span><\/li>\n<\/ul>\n<p><span style=\"color: #000000;\">Ch\u00fac b\u1ea1n lu\u00f4n h\u1ea1nh ph\u00fac!\u00a0<\/span><\/p>\n<p>&#8212;<\/p>\n<p>TIFFANY WEDDING &amp; EVENT \u2013 MORE THAN YOU EXPECT<\/p>\n<p>Hotline: 0836 999 088 &#8211; 0836 888 099<\/p>\n<p>Address:<\/p>\n<ul>\n<li>H\u00e0 N\u1ed9i: 125 Nghi T\u00e0m, T\u00e2y H\u1ed3<\/li>\n<li>H\u1ed3 Ch\u00ed Minh: 180\/45 Nguy\u1ec5n H\u1eefu C\u1ea3nh, P22, Q B\u00ecnh Th\u1ea1nh<\/li>\n<\/ul>\n<p>Website: https:\/\/tiff.vn\/<\/p>\n<p>Contact us for booking appointment<\/p>\n","protected":false},"excerpt":{"rendered":"<p>M\u1eabu hoa xe c\u01b0\u1edbi X01 v\u1edbi form d\u00e1ng m\u1ec1m m\u1ea1i, m\u00e0u s\u1eafc t\u01b0\u01a1i t\u1eafn c\u00f9ng c\u00e1c lo\u1ea1i hoa cao c\u1ea5p s\u1ebd l\u00e0 s\u1ef1 l\u1ef1a ch\u1ecdn tuy\u1ec7t v\u1eddi cho ng\u00e0y c\u01b0\u1edbi c\u1ee7a b\u1ea1n!<\/p>\n<p>C\u00e1c lo\u1ea1i hoa s\u1eed d\u1ee5ng: Hoa lan h\u1ed3 \u0111i\u1ec7p, hoa h\u1ed3ng Ohara nh\u1eadp kh\u1ea9u, hoa phi y\u1ebfn, hoa thanh li\u1ec5u nh\u1eadp kh\u1ea9u, hoa h\u1ed3ng kem d\u00e2u \u0110\u00e0 L\u1ea1t, hoa lan t\u01b0\u1eddng xo\u0103n, hoa l\u00e1 ph\u1ee5 kh\u00e1c.<\/p>\n","protected":false},"featured_media":39959,"comment_status":"closed","ping_status":"closed","template":"","meta":{"_acf_changed":false},"product_brand":[],"product_cat":[362,383],"product_tag":[351,370,371,373,372,375],"class_list":{"0":"post-31236","1":"product","2":"type-product","3":"status-publish","4":"has-post-thumbnail","6":"product_cat-hoa-cuoi","7":"product_cat-hoa-xe-cuoi","8":"product_tag-hoa-cuoi","9":"product_tag-hoa-cuoi-cao-cap","10":"product_tag-hoa-cuoi-vip","11":"product_tag-hoa-lan-ho-diep","12":"product_tag-hoa-xe-cuoi","13":"product_tag-hoa-xe-dau","15":"first","16":"instock","17":"shipping-taxable","18":"purchasable","19":"product-type-simple"},"acf":[],"yoast_head":"<!-- This site is optimized with the Yoast SEO plugin v25.0 - https:\/\/yoast.com\/wordpress\/plugins\/seo\/ -->\n<title>Hoa xe c\u01b0\u1edbi \u0111\u1eb9p, sang tr\u1ecdng, hi\u1ec7n \u0111\u1ea1i - \u0110i\u1ec7n hoa t\u01b0\u01a1i online 24h.<\/title>\n<meta name=\"description\" content=\"M\u1eabu hoa xe c\u01b0\u1edbi X01 v\u1edbi form d\u00e1ng m\u1ec1m m\u1ea1i, m\u00e0u s\u1eafc t\u01b0\u01a1i t\u1eafn c\u00f9ng c\u00e1c lo\u1ea1i hoa cao c\u1ea5p s\u1ebd l\u00e0 s\u1ef1 l\u1ef1a ch\u1ecdn tuy\u1ec7t v\u1eddi cho ng\u00e0y c\u01b0\u1edbi c\u1ee7a b\u1ea1n!\" \/>\n<meta name=\"robots\" content=\"index, follow, max-snippet:-1, max-image-preview:large, max-video-preview:-1\" \/>\n<link rel=\"canonical\" href=\"https:\/\/tiff.vn\/?product=hoa-xe-cuoi-x01\" \/>\n<meta property=\"og:locale\" content=\"vi_VN\" \/>\n<meta property=\"og:type\" content=\"article\" \/>\n<meta property=\"og:title\" content=\"Hoa xe c\u01b0\u1edbi \u0111\u1eb9p, sang tr\u1ecdng, hi\u1ec7n \u0111\u1ea1i - \u0110i\u1ec7n hoa t\u01b0\u01a1i online 24h.\" \/>\n<meta property=\"og:description\" content=\"M\u1eabu hoa xe c\u01b0\u1edbi X01 v\u1edbi form d\u00e1ng m\u1ec1m m\u1ea1i, m\u00e0u s\u1eafc t\u01b0\u01a1i t\u1eafn c\u00f9ng c\u00e1c lo\u1ea1i hoa cao c\u1ea5p s\u1ebd l\u00e0 s\u1ef1 l\u1ef1a ch\u1ecdn tuy\u1ec7t v\u1eddi cho ng\u00e0y c\u01b0\u1edbi c\u1ee7a b\u1ea1n!\" \/>\n<meta property=\"og:url\" content=\"https:\/\/tiff.vn\/?product=hoa-xe-cuoi-x01\" \/>\n<meta property=\"og:site_name\" content=\"Tiff Planner | Tiffany Wedding &amp; Event\" \/>\n<meta property=\"article:modified_time\" content=\"2024-10-26T04:43:12+00:00\" \/>\n<meta property=\"og:image\" content=\"https:\/\/tiff.vn\/wp-content\/uploads\/2024\/06\/Hoa-xe-cuoi-X01.jpg\" \/>\n\t<meta property=\"og:image:width\" content=\"2560\" \/>\n\t<meta property=\"og:image:height\" content=\"1920\" \/>\n\t<meta property=\"og:image:type\" content=\"image\/jpeg\" \/>\n<meta name=\"twitter:card\" content=\"summary_large_image\" \/>\n<meta name=\"twitter:label1\" content=\"\u01af\u1edbc t\u00ednh th\u1eddi gian \u0111\u1ecdc\" \/>\n\t<meta name=\"twitter:data1\" content=\"3 ph\u00fat\" \/>\n<script type=\"application\/ld+json\" class=\"yoast-schema-graph\">{\"@context\":\"https:\/\/schema.org\",\"@graph\":[{\"@type\":\"WebPage\",\"@id\":\"https:\/\/tiff.vn\/?product=hoa-xe-cuoi-x01\",\"url\":\"https:\/\/tiff.vn\/?product=hoa-xe-cuoi-x01\",\"name\":\"Hoa xe c\u01b0\u1edbi \u0111\u1eb9p, sang tr\u1ecdng, hi\u1ec7n \u0111\u1ea1i - \u0110i\u1ec7n hoa t\u01b0\u01a1i online 24h.\",\"isPartOf\":{\"@id\":\"http:\/\/103.159.50.39\/#website\"},\"primaryImageOfPage\":{\"@id\":\"https:\/\/tiff.vn\/?product=hoa-xe-cuoi-x01#primaryimage\"},\"image\":{\"@id\":\"https:\/\/tiff.vn\/?product=hoa-xe-cuoi-x01#primaryimage\"},\"thumbnailUrl\":\"https:\/\/tiff.vn\/wp-content\/uploads\/2024\/06\/Hoa-xe-cuoi-X01.jpg\",\"datePublished\":\"2024-05-31T14:50:09+00:00\",\"dateModified\":\"2024-10-26T04:43:12+00:00\",\"description\":\"M\u1eabu hoa xe c\u01b0\u1edbi X01 v\u1edbi form d\u00e1ng m\u1ec1m m\u1ea1i, m\u00e0u s\u1eafc t\u01b0\u01a1i t\u1eafn c\u00f9ng c\u00e1c lo\u1ea1i hoa cao c\u1ea5p s\u1ebd l\u00e0 s\u1ef1 l\u1ef1a ch\u1ecdn tuy\u1ec7t v\u1eddi cho ng\u00e0y c\u01b0\u1edbi c\u1ee7a b\u1ea1n!\",\"breadcrumb\":{\"@id\":\"https:\/\/tiff.vn\/?product=hoa-xe-cuoi-x01#breadcrumb\"},\"inLanguage\":\"vi\",\"potentialAction\":[{\"@type\":\"ReadAction\",\"target\":[\"https:\/\/tiff.vn\/?product=hoa-xe-cuoi-x01\"]}]},{\"@type\":\"ImageObject\",\"inLanguage\":\"vi\",\"@id\":\"https:\/\/tiff.vn\/?product=hoa-xe-cuoi-x01#primaryimage\",\"url\":\"https:\/\/tiff.vn\/wp-content\/uploads\/2024\/06\/Hoa-xe-cuoi-X01.jpg\",\"contentUrl\":\"https:\/\/tiff.vn\/wp-content\/uploads\/2024\/06\/Hoa-xe-cuoi-X01.jpg\",\"width\":2560,\"height\":1920},{\"@type\":\"BreadcrumbList\",\"@id\":\"https:\/\/tiff.vn\/?product=hoa-xe-cuoi-x01#breadcrumb\",\"itemListElement\":[{\"@type\":\"ListItem\",\"position\":1,\"name\":\"Home\",\"item\":\"http:\/\/103.159.50.39\/\"},{\"@type\":\"ListItem\",\"position\":2,\"name\":\"S\u1ea3n ph\u1ea9m\",\"item\":\"https:\/\/tiff.vn\/?post_type=product\"},{\"@type\":\"ListItem\",\"position\":3,\"name\":\"Hoa xe c\u01b0\u1edbi X01\"}]},{\"@type\":\"WebSite\",\"@id\":\"http:\/\/103.159.50.39\/#website\",\"url\":\"http:\/\/103.159.50.39\/\",\"name\":\"Tiff Wedding Planner & Decoration\",\"description\":\"Top Wedding &amp; Event Planner h\u00e0ng \u0111\u1ea7u Vi\u1ec7t Nam - Ti\u00ean phong ki\u1ebfn t\u1ea1o nh\u1eefng \u0111\u00e1m c\u01b0\u1edbi \u0111\u1ed9c b\u1ea3n v\u00e0 s\u1ef1 ki\u1ec7n \u0111\u1eb3ng c\u1ea5p\",\"publisher\":{\"@id\":\"http:\/\/103.159.50.39\/#organization\"},\"alternateName\":\"Tiff Wedding Planner & Decoration\",\"potentialAction\":[{\"@type\":\"SearchAction\",\"target\":{\"@type\":\"EntryPoint\",\"urlTemplate\":\"http:\/\/103.159.50.39\/?s={search_term_string}\"},\"query-input\":{\"@type\":\"PropertyValueSpecification\",\"valueRequired\":true,\"valueName\":\"search_term_string\"}}],\"inLanguage\":\"vi\"},{\"@type\":\"Organization\",\"@id\":\"http:\/\/103.159.50.39\/#organization\",\"name\":\"Tiff Wedding Planner & Decoration\",\"url\":\"http:\/\/103.159.50.39\/\",\"logo\":{\"@type\":\"ImageObject\",\"inLanguage\":\"vi\",\"@id\":\"http:\/\/103.159.50.39\/#\/schema\/logo\/image\/\",\"url\":\"https:\/\/tiff.vn\/wp-content\/uploads\/2023\/05\/logo_main.png\",\"contentUrl\":\"https:\/\/tiff.vn\/wp-content\/uploads\/2023\/05\/logo_main.png\",\"width\":228,\"height\":64,\"caption\":\"Tiff Wedding Planner & Decoration\"},\"image\":{\"@id\":\"http:\/\/103.159.50.39\/#\/schema\/logo\/image\/\"}}]}<\/script>\n<!-- \/ Yoast SEO plugin. -->","yoast_head_json":{"title":"Hoa xe c\u01b0\u1edbi \u0111\u1eb9p, sang tr\u1ecdng, hi\u1ec7n \u0111\u1ea1i - \u0110i\u1ec7n hoa t\u01b0\u01a1i online 24h.","description":"M\u1eabu hoa xe c\u01b0\u1edbi X01 v\u1edbi form d\u00e1ng m\u1ec1m m\u1ea1i, m\u00e0u s\u1eafc t\u01b0\u01a1i t\u1eafn c\u00f9ng c\u00e1c lo\u1ea1i hoa cao c\u1ea5p s\u1ebd l\u00e0 s\u1ef1 l\u1ef1a ch\u1ecdn tuy\u1ec7t v\u1eddi cho ng\u00e0y c\u01b0\u1edbi c\u1ee7a b\u1ea1n!","robots":{"index":"index","follow":"follow","max-snippet":"max-snippet:-1","max-image-preview":"max-image-preview:large","max-video-preview":"max-video-preview:-1"},"canonical":"https:\/\/tiff.vn\/?product=hoa-xe-cuoi-x01","og_locale":"vi_VN","og_type":"article","og_title":"Hoa xe c\u01b0\u1edbi \u0111\u1eb9p, sang tr\u1ecdng, hi\u1ec7n \u0111\u1ea1i - \u0110i\u1ec7n hoa t\u01b0\u01a1i online 24h.","og_description":"M\u1eabu hoa xe c\u01b0\u1edbi X01 v\u1edbi form d\u00e1ng m\u1ec1m m\u1ea1i, m\u00e0u s\u1eafc t\u01b0\u01a1i t\u1eafn c\u00f9ng c\u00e1c lo\u1ea1i hoa cao c\u1ea5p s\u1ebd l\u00e0 s\u1ef1 l\u1ef1a ch\u1ecdn tuy\u1ec7t v\u1eddi cho ng\u00e0y c\u01b0\u1edbi c\u1ee7a b\u1ea1n!","og_url":"https:\/\/tiff.vn\/?product=hoa-xe-cuoi-x01","og_site_name":"Tiff Planner | Tiffany Wedding &amp; Event","article_modified_time":"2024-10-26T04:43:12+00:00","og_image":[{"width":2560,"height":1920,"url":"https:\/\/tiff.vn\/wp-content\/uploads\/2024\/06\/Hoa-xe-cuoi-X01.jpg","type":"image\/jpeg"}],"twitter_card":"summary_large_image","twitter_misc":{"\u01af\u1edbc t\u00ednh th\u1eddi gian \u0111\u1ecdc":"3 ph\u00fat"},"schema":{"@context":"https:\/\/schema.org","@graph":[{"@type":"WebPage","@id":"https:\/\/tiff.vn\/?product=hoa-xe-cuoi-x01","url":"https:\/\/tiff.vn\/?product=hoa-xe-cuoi-x01","name":"Hoa xe c\u01b0\u1edbi \u0111\u1eb9p, sang tr\u1ecdng, hi\u1ec7n \u0111\u1ea1i - \u0110i\u1ec7n hoa t\u01b0\u01a1i online 24h.","isPartOf":{"@id":"http:\/\/103.159.50.39\/#website"},"primaryImageOfPage":{"@id":"https:\/\/tiff.vn\/?product=hoa-xe-cuoi-x01#primaryimage"},"image":{"@id":"https:\/\/tiff.vn\/?product=hoa-xe-cuoi-x01#primaryimage"},"thumbnailUrl":"https:\/\/tiff.vn\/wp-content\/uploads\/2024\/06\/Hoa-xe-cuoi-X01.jpg","datePublished":"2024-05-31T14:50:09+00:00","dateModified":"2024-10-26T04:43:12+00:00","description":"M\u1eabu hoa xe c\u01b0\u1edbi X01 v\u1edbi form d\u00e1ng m\u1ec1m m\u1ea1i, m\u00e0u s\u1eafc t\u01b0\u01a1i t\u1eafn c\u00f9ng c\u00e1c lo\u1ea1i hoa cao c\u1ea5p s\u1ebd l\u00e0 s\u1ef1 l\u1ef1a ch\u1ecdn tuy\u1ec7t v\u1eddi cho ng\u00e0y c\u01b0\u1edbi c\u1ee7a b\u1ea1n!","breadcrumb":{"@id":"https:\/\/tiff.vn\/?product=hoa-xe-cuoi-x01#breadcrumb"},"inLanguage":"vi","potentialAction":[{"@type":"ReadAction","target":["https:\/\/tiff.vn\/?product=hoa-xe-cuoi-x01"]}]},{"@type":"ImageObject","inLanguage":"vi","@id":"https:\/\/tiff.vn\/?product=hoa-xe-cuoi-x01#primaryimage","url":"https:\/\/tiff.vn\/wp-content\/uploads\/2024\/06\/Hoa-xe-cuoi-X01.jpg","contentUrl":"https:\/\/tiff.vn\/wp-content\/uploads\/2024\/06\/Hoa-xe-cuoi-X01.jpg","width":2560,"height":1920},{"@type":"BreadcrumbList","@id":"https:\/\/tiff.vn\/?product=hoa-xe-cuoi-x01#breadcrumb","itemListElement":[{"@type":"ListItem","position":1,"name":"Home","item":"http:\/\/103.159.50.39\/"},{"@type":"ListItem","position":2,"name":"S\u1ea3n ph\u1ea9m","item":"https:\/\/tiff.vn\/?post_type=product"},{"@type":"ListItem","position":3,"name":"Hoa xe c\u01b0\u1edbi X01"}]},{"@type":"WebSite","@id":"http:\/\/103.159.50.39\/#website","url":"http:\/\/103.159.50.39\/","name":"Tiff Wedding Planner & Decoration","description":"Top Wedding &amp; Event Planner h\u00e0ng \u0111\u1ea7u Vi\u1ec7t Nam - Ti\u00ean phong ki\u1ebfn t\u1ea1o nh\u1eefng \u0111\u00e1m c\u01b0\u1edbi \u0111\u1ed9c b\u1ea3n v\u00e0 s\u1ef1 ki\u1ec7n \u0111\u1eb3ng c\u1ea5p","publisher":{"@id":"http:\/\/103.159.50.39\/#organization"},"alternateName":"Tiff Wedding Planner & Decoration","potentialAction":[{"@type":"SearchAction","target":{"@type":"EntryPoint","urlTemplate":"http:\/\/103.159.50.39\/?s={search_term_string}"},"query-input":{"@type":"PropertyValueSpecification","valueRequired":true,"valueName":"search_term_string"}}],"inLanguage":"vi"},{"@type":"Organization","@id":"http:\/\/103.159.50.39\/#organization","name":"Tiff Wedding Planner & Decoration","url":"http:\/\/103.159.50.39\/","logo":{"@type":"ImageObject","inLanguage":"vi","@id":"http:\/\/103.159.50.39\/#\/schema\/logo\/image\/","url":"https:\/\/tiff.vn\/wp-content\/uploads\/2023\/05\/logo_main.png","contentUrl":"https:\/\/tiff.vn\/wp-content\/uploads\/2023\/05\/logo_main.png","width":228,"height":64,"caption":"Tiff Wedding Planner & Decoration"},"image":{"@id":"http:\/\/103.159.50.39\/#\/schema\/logo\/image\/"}}]}},"_links":{"self":[{"href":"https:\/\/tiff.vn\/index.php?rest_route=\/wp\/v2\/product\/31236","targetHints":{"allow":["GET"]}}],"collection":[{"href":"https:\/\/tiff.vn\/index.php?rest_route=\/wp\/v2\/product"}],"about":[{"href":"https:\/\/tiff.vn\/index.php?rest_route=\/wp\/v2\/types\/product"}],"replies":[{"embeddable":true,"href":"https:\/\/tiff.vn\/index.php?rest_route=%2Fwp%2Fv2%2Fcomments&post=31236"}],"version-history":[{"count":2,"href":"https:\/\/tiff.vn\/index.php?rest_route=\/wp\/v2\/product\/31236\/revisions"}],"predecessor-version":[{"id":51167,"href":"https:\/\/tiff.vn\/index.php?rest_route=\/wp\/v2\/product\/31236\/revisions\/51167"}],"wp:featuredmedia":[{"embeddable":true,"href":"https:\/\/tiff.vn\/index.php?rest_route=\/wp\/v2\/media\/39959"}],"wp:attachment":[{"href":"https:\/\/tiff.vn\/index.php?rest_route=%2Fwp%2Fv2%2Fmedia&parent=31236"}],"wp:term":[{"taxonomy":"product_brand","embeddable":true,"href":"https:\/\/tiff.vn\/index.php?rest_route=%2Fwp%2Fv2%2Fproduct_brand&post=31236"},{"taxonomy":"product_cat","embeddable":true,"href":"https:\/\/tiff.vn\/index.php?rest_route=%2Fwp%2Fv2%2Fproduct_cat&post=31236"},{"taxonomy":"product_tag","embeddable":true,"href":"https:\/\/tiff.vn\/index.php?rest_route=%2Fwp%2Fv2%2Fproduct_tag&post=31236"}],"curies":[{"name":"wp","href":"https:\/\/api.w.org\/{rel}","templated":true}]}}