{"id":31237,"date":"2024-05-31T14:50:09","date_gmt":"2024-05-31T14:50:09","guid":{"rendered":"https:\/\/tiff.vn\/?post_type=product&#038;p=31237"},"modified":"2024-10-30T09:04:49","modified_gmt":"2024-10-30T02:04:49","slug":"bo-hoa-cuoi-t02","status":"publish","type":"product","link":"https:\/\/tiff.vn\/?product=bo-hoa-cuoi-t02","title":{"rendered":"B\u00f3 hoa c\u01b0\u1edbi T02"},"content":{"rendered":"<p><span style=\"color: #000000;\"><strong>B\u00f3 hoa tay T02<\/strong> l\u00e0 s\u1ef1 k\u1ebft h\u1ee3p c\u1ee7a c\u00e1c lo\u1ea1i hoa t\u00f4ng m\u00e0u pastel, ph\u00f9 h\u1ee3p v\u1edbi nh\u1eefng c\u00f4 d\u00e2u \u01b0a th\u00edch s\u1ef1 nh\u1eb9 nh\u00e0ng, trang nh\u00e3. \u0110i\u1ec3m th\u00eam nh\u1eefng c\u00e0nh tuy\u1ebft mai khi\u1ebfn b\u00f3 hoa th\u00eam ph\u1ea7n c\u00e1 t\u00ednh, T02 l\u00e0 m\u1ed9t l\u1ef1a ch\u1ecdn ho\u00e0n h\u1ea3o cho nh\u1eefng c\u00f4 d\u00e2u th\u00edch s\u1ef1 d\u1ecbu d\u00e0ng pha th\u00eam m\u00e0u s\u1eafc m\u1edbi l\u1ea1.<\/span><\/p>\n<p><strong><span style=\"color: #000000;\">C\u00e1c lo\u1ea1i hoa s\u1eed d\u1ee5ng:\u00a0<\/span><\/strong><\/p>\n<ul>\n<li>Hoa h\u1ed3ng kem<\/li>\n<li>Hoa thi\u00ean nga tr\u1eafng<\/li>\n<li>Hoa baby<\/li>\n<li>Hoa Tuy\u1ebft mai<\/li>\n<li>C\u00e1c lo\u1ea1i hoa ph\u1ee5 cao c\u1ea5p kh\u00e1c k\u00e8m theo<\/li>\n<\/ul>\n<p><strong><span style=\"color: #000000;\">M\u1eabu hoa xe ph\u00f9 h\u1ee3p:\u00a0<\/span><\/strong><\/p>\n<p><strong><span style=\"color: #000000;\">Combo hoa tay &#8211; hoa xe C02 v\u1edbi m\u1ee9c gi\u00e1 \u01b0u \u0111\u00e3i l\u00ean t\u1edbi 20%:<\/span><\/strong><\/p>\n<p><img fetchpriority=\"high\" class=\"alignleft\" title=\"Hoa xe c\u01b0\u1edbi X01\" src=\"https:\/\/lh3.googleusercontent.com\/SL62GPHYsLjudCjgoEO9YK0glTgAMfVuM5o3u3WHkJSLEtRaYJn0jBUpkvt28LT7jxkA2zBWl8477KBQ3-WzmnrhTZFHJK-1prQY8KkHmM4Wnl0H7gqlrJ2qlLr4oHM9KvDL5NF2iQ\" alt=\"Hoa xe c\u01b0\u1edbi \" width=\"593\" height=\"499\" crossorigin=\"anonymous\" \/><\/p>\n<p>&nbsp;<\/p>\n<p>&nbsp;<\/p>\n<p>&nbsp;<\/p>\n<p>&nbsp;<\/p>\n<p>&nbsp;<\/p>\n<p>&nbsp;<\/p>\n<p>&nbsp;<\/p>\n<p>&nbsp;<\/p>\n<p>&nbsp;<\/p>\n<p>&nbsp;<\/p>\n<p>&nbsp;<\/p>\n<p><span style=\"color: #000000;\"><em>L\u01b0u \u00fd: Gi\u00e1 s\u1ea3n ph\u1ea9m ch\u01b0a bao g\u1ed3m VAT.\u00a0<\/em><\/span><\/p>\n<p><strong><span style=\"color: #000000;\">Cam k\u1ebft d\u00e0nh ri\u00eang cho d\u00f2ng s\u1ea3n ph\u1ea9m hoa c\u01b0\u1edbi:\u00a0<\/span><\/strong><\/p>\n<ul>\n<li><span style=\"color: #000000;\"><strong>S\u1ea3n ph\u1ea9m c\u1ee7a TIFF Flowers l\u00e0 hoa c\u01b0\u1edbi thi\u1ebft k\u1ebf cao c\u1ea5p!<\/strong>\u00a0V\u1edbi \u0111\u1ed9i ng\u0169 thi\u1ebft k\u1ebf s\u00e1ng t\u1ea1o t\u00e0i n\u0103ng, ch\u00fang t\u00f4i lu\u00f4n \u01b0u ti\u00ean t\u00ednh c\u00e1 nh\u00e2n h\u00f3a trong t\u1eebng s\u1ea3n ph\u1ea9m. B\u1edfi v\u1eady, \u0111\u1eebng ng\u1ea7n ng\u1ea1i li\u00ean h\u1ec7 v\u00e0 cho ch\u00fang t\u00f4i bi\u1ebft mong mu\u1ed1n v\u1ec1 m\u1eabu hoa c\u01b0\u1edbi c\u1ee7a ri\u00eang b\u1ea1n!\u00a0<\/span><\/li>\n<li><span style=\"color: #000000;\"><strong>Lu\u00f4n s\u1eed d\u1ee5ng v\u00e0 ch\u1ecdn l\u1ecdc k\u0129 l\u01b0\u1ee1ng c\u00e1c lo\u1ea1i hoa cao c\u1ea5p nh\u1ea5t, t\u01b0\u01a1i \u0111\u1eb9p nh\u1ea5t<\/strong> d\u00e0nh cho <strong>hoa tay &#8211; hoa xe c\u01b0\u1edbi<\/strong> c\u1ee7a b\u1ea1n, \u0111\u1eb7c bi\u1ec7t l\u00e0 b\u00f3 hoa c\u1ea7m tay. B\u1edfi ch\u00fang t\u00f4i hi\u1ec3u \u0111\u00e2y l\u00e0 ph\u1ee5 ki\u1ec7n quan tr\u1ecdng nh\u1ea5t trong ng\u00e0y tr\u1ecdng \u0111\u1ea1i c\u1ee7a b\u1ea1n. N\u00f3 kh\u00f4ng ch\u1ec9 n\u00f3i l\u00ean s\u1edf th\u00edch c\u1ee7a b\u1ea1n, m\u00e0 \u0111\u00f3 c\u00f2n l\u00e0 c\u00e1 t\u00ednh v\u00e0 t\u00e2m h\u1ed3n b\u1ea1n.\u00a0<\/span><\/li>\n<li><span style=\"color: #000000;\"><strong>Lu\u00f4n c\u1eadp nh\u1eadt c\u00e1c xu h\u01b0\u1edbng hoa c\u01b0\u1edbi m\u1edbi nh\u1ea5t, th\u1eddi th\u01b0\u1ee3ng nh\u1ea5t<\/strong>\u00a0v\u1edbi \u01b0u th\u1ebf thu\u1ed9c <strong>TOP<\/strong> c\u00e1c \u0111\u01a1n v\u1ecb trang tr\u00ed c\u01b0\u1edbi \u0111\u1eb9p nh\u1ea5t Vi\u1ec7t Nam! (Th\u01b0\u01a1ng hi\u1ec7u TIFF Wedding &amp; Event)\u00a0<\/span><\/li>\n<li><span style=\"color: #000000;\"><strong>Hoa c\u01b0\u1edbi thi\u1ebft k\u1ebf cao c\u1ea5p v\u1edbi gi\u00e1 c\u1ea1nh tranh nh\u1ea5t! <\/strong>V\u1edbi s\u1ed1 l\u01b0\u1ee3ng \u0111\u01a1n h\u00e0ng \u0111\u1ec1u \u0111\u1eb7n \u0111\u1ea3m b\u1ea3o vi\u1ec7c s\u1eed d\u1ee5ng tr\u1ecdn v\u1eb9n hoa nh\u1eadp m\u1ed7i ng\u00e0y, c\u00e1c ngu\u1ed3n nh\u1eadp tr\u1ef1c ti\u1ebfp uy t\u00edn, c\u00f9ng kinh nghi\u1ec7m &#8211; s\u1ef1 am hi\u1ec3u th\u1ecb tr\u01b0\u1eddng c\u01b0\u1edbi, ch\u00fang t\u00f4i cam k\u1ebft \u0111\u1ebfn b\u1ea1n m\u1ee9c gi\u00e1 hoa c\u01b0\u1edbi lu\u00f4n c\u1ea1nh tranh nh\u1ea5t, h\u1ee3p l\u00fd nh\u1ea5t v\u1edbi ch\u1ea5t l\u01b0\u1ee3ng v\u00e0 t\u00ednh th\u1ea9m m\u1ef9 m\u00e0 s\u1ea3n ph\u1ea9m c\u1ee7a ch\u00fang t\u00f4i mang l\u1ea1i!\u00a0<\/span><\/li>\n<\/ul>\n<p><span style=\"color: #000000;\">Ch\u00fac b\u1ea1n lu\u00f4n h\u1ea1nh ph\u00fac!\u00a0<\/span><\/p>\n","protected":false},"excerpt":{"rendered":"<p><span style=\"color: #000000;\">B\u00f3 hoa h\u1ed9i t\u1ee5 nh\u1eefng lo\u00e0i hoa \u0111\u1eb9p v\u00e0 thanh khi\u1ebft nh\u1ea5t: hoa h\u1ed3ng, hoa mao l\u01b0\u01a1ng tr\u1eafng, hoa tuy\u1ebft mai v\u00e0 hoa l\u00e1 ph\u1ee5 cao c\u1ea5p kh\u00e1c&#8230;<\/span><\/p>\n<p><strong><span style=\"color: #000000;\">Cam k\u1ebft: <\/span><\/strong><\/p>\n<p><span style=\"color: #d83131;\"><strong>S\u1ea3n ph\u1ea9m c\u1ee7a TIFF Flowers l\u00e0 hoa c\u01b0\u1edbi thi\u1ebft k\u1ebf cao c\u1ea5p!<\/strong> \u00a0<\/span><\/p>\n<p><span style=\"color: #d83131;\"><strong>Ch\u1ecdn l\u1ecdc k\u0129 l\u01b0\u1ee1ng t\u1eebng b\u00f4ng hoa t\u01b0\u01a1i \u0111\u1eb9p nh\u1ea5t!<\/strong><\/span><\/p>\n<p><span style=\"color: #d83131;\"><strong>C\u1eadp nh\u1eadt c\u00e1c xu h\u01b0\u1edbng hoa c\u01b0\u1edbi m\u1edbi nh\u1ea5t!<\/strong><\/span><\/p>\n<p><span style=\"color: #d83131;\"><strong>M\u1ee9c gi\u00e1 c\u1ea1nh tranh nh\u1ea5t!<\/strong><\/span><\/p>\n<p><span style=\"color: #d83131;\"><strong>Cam k\u1ebft 100% ho\u00e0n ti\u1ec1n n\u1ebfu b\u1ea1n kh\u00f4ng h\u00e0i l\u00f2ng.<\/strong><\/span><\/p>\n<p><em><strong><span style=\"color: #000000;\">\u0110\u1eb7c bi\u1ec7t, Combo hoa tay &#8211; hoa xe c\u01b0\u1edbi C02 v\u1edbi gi\u00e1 \u01b0u \u0111\u00e3i gi\u1ea3m \u0111\u1ebfn 20%\u00a0<\/span><\/strong><\/em><\/p>\n<p><span style=\"color: #000000;\"><strong><em>T\u1eb7ng mi\u1ec5n ph\u00ed thi\u1ec7p \u2013 banner ch\u00fac m\u1eebng thi\u1ebft k\u1ebf (vui l\u00f2ng ghi r\u00f5 \u1edf m\u1ee5c ghi ch\u00fa).<\/em><\/strong><\/span><\/p>\n<p><span style=\"color: #000000;\"><strong><em>Giao hoa g\u1ea5p trong 1 gi\u1edd.<\/em><\/strong><\/span><\/p>\n<p>&nbsp;<\/p>\n<p>&nbsp;<\/p>\n<p>&nbsp;<\/p>\n","protected":false},"featured_media":40043,"comment_status":"open","ping_status":"closed","template":"","meta":{"_acf_changed":false},"product_brand":[],"product_cat":[382,383],"product_tag":[351,370],"class_list":{"0":"post-31237","1":"product","2":"type-product","3":"status-publish","4":"has-post-thumbnail","6":"product_cat-hoa-cuoi-cam-tay","7":"product_cat-hoa-xe-cuoi","8":"product_tag-hoa-cuoi","9":"product_tag-hoa-cuoi-cao-cap","11":"first","12":"instock","13":"shipping-taxable","14":"purchasable","15":"product-type-simple"},"acf":[],"yoast_head":"<!-- This site is optimized with the Yoast SEO plugin v25.0 - https:\/\/yoast.com\/wordpress\/plugins\/seo\/ -->\n<title>B\u00f3 hoa c\u01b0\u1edbi cao c\u1ea5p - \u0110i\u1ec7n hoa t\u01b0\u01a1i 24h H\u00e0 N\u1ed9i<\/title>\n<meta name=\"description\" content=\"T02 l\u00e0 m\u1ed9t l\u1ef1a ch\u1ecdn ho\u00e0n h\u1ea3o cho nh\u1eefng c\u00f4 d\u00e2u th\u00edch s\u1ef1 d\u1ecbu d\u00e0ng pha m\u00e0u s\u1eafc m\u1edbi l\u1ea1. B\u00f3 hoa c\u01b0\u1edbi T02 s\u1ebd l\u00e0 \u0111i\u1ec3m nh\u1ea5n gi\u00fap c\u00f4 d\u00e2u n\u1ed5i b\u1eadt nh\u1ea5t trong ng\u00e0y c\u01b0\u1edbi\" \/>\n<meta name=\"robots\" content=\"index, follow, max-snippet:-1, max-image-preview:large, max-video-preview:-1\" \/>\n<link rel=\"canonical\" href=\"https:\/\/tiff.vn\/?product=bo-hoa-cuoi-t02\" \/>\n<meta property=\"og:locale\" content=\"vi_VN\" \/>\n<meta property=\"og:type\" content=\"article\" \/>\n<meta property=\"og:title\" content=\"B\u00f3 hoa c\u01b0\u1edbi cao c\u1ea5p - \u0110i\u1ec7n hoa t\u01b0\u01a1i 24h H\u00e0 N\u1ed9i\" \/>\n<meta property=\"og:description\" content=\"T02 l\u00e0 m\u1ed9t l\u1ef1a ch\u1ecdn ho\u00e0n h\u1ea3o cho nh\u1eefng c\u00f4 d\u00e2u th\u00edch s\u1ef1 d\u1ecbu d\u00e0ng pha m\u00e0u s\u1eafc m\u1edbi l\u1ea1. B\u00f3 hoa c\u01b0\u1edbi T02 s\u1ebd l\u00e0 \u0111i\u1ec3m nh\u1ea5n gi\u00fap c\u00f4 d\u00e2u n\u1ed5i b\u1eadt nh\u1ea5t trong ng\u00e0y c\u01b0\u1edbi\" \/>\n<meta property=\"og:url\" content=\"https:\/\/tiff.vn\/?product=bo-hoa-cuoi-t02\" \/>\n<meta property=\"og:site_name\" content=\"Tiff Planner | Tiffany Wedding &amp; Event\" \/>\n<meta property=\"article:modified_time\" content=\"2024-10-30T02:04:49+00:00\" \/>\n<meta property=\"og:image\" content=\"https:\/\/tiff.vn\/wp-content\/uploads\/2024\/06\/Combo-Hoa-cuoi-MS01-T361.jpg\" \/>\n\t<meta property=\"og:image:width\" content=\"1536\" \/>\n\t<meta property=\"og:image:height\" content=\"2048\" \/>\n\t<meta property=\"og:image:type\" content=\"image\/jpeg\" \/>\n<meta name=\"twitter:card\" content=\"summary_large_image\" \/>\n<meta name=\"twitter:label1\" content=\"\u01af\u1edbc t\u00ednh th\u1eddi gian \u0111\u1ecdc\" \/>\n\t<meta name=\"twitter:data1\" content=\"3 ph\u00fat\" \/>\n<script type=\"application\/ld+json\" class=\"yoast-schema-graph\">{\"@context\":\"https:\/\/schema.org\",\"@graph\":[{\"@type\":\"WebPage\",\"@id\":\"https:\/\/tiff.vn\/?product=bo-hoa-cuoi-t02\",\"url\":\"https:\/\/tiff.vn\/?product=bo-hoa-cuoi-t02\",\"name\":\"B\u00f3 hoa c\u01b0\u1edbi cao c\u1ea5p - \u0110i\u1ec7n hoa t\u01b0\u01a1i 24h H\u00e0 N\u1ed9i\",\"isPartOf\":{\"@id\":\"http:\/\/103.159.50.39\/#website\"},\"primaryImageOfPage\":{\"@id\":\"https:\/\/tiff.vn\/?product=bo-hoa-cuoi-t02#primaryimage\"},\"image\":{\"@id\":\"https:\/\/tiff.vn\/?product=bo-hoa-cuoi-t02#primaryimage\"},\"thumbnailUrl\":\"https:\/\/tiff.vn\/wp-content\/uploads\/2024\/06\/Combo-Hoa-cuoi-MS01-T361.jpg\",\"datePublished\":\"2024-05-31T14:50:09+00:00\",\"dateModified\":\"2024-10-30T02:04:49+00:00\",\"description\":\"T02 l\u00e0 m\u1ed9t l\u1ef1a ch\u1ecdn ho\u00e0n h\u1ea3o cho nh\u1eefng c\u00f4 d\u00e2u th\u00edch s\u1ef1 d\u1ecbu d\u00e0ng pha m\u00e0u s\u1eafc m\u1edbi l\u1ea1. B\u00f3 hoa c\u01b0\u1edbi T02 s\u1ebd l\u00e0 \u0111i\u1ec3m nh\u1ea5n gi\u00fap c\u00f4 d\u00e2u n\u1ed5i b\u1eadt nh\u1ea5t trong ng\u00e0y c\u01b0\u1edbi\",\"breadcrumb\":{\"@id\":\"https:\/\/tiff.vn\/?product=bo-hoa-cuoi-t02#breadcrumb\"},\"inLanguage\":\"vi\",\"potentialAction\":[{\"@type\":\"ReadAction\",\"target\":[\"https:\/\/tiff.vn\/?product=bo-hoa-cuoi-t02\"]}]},{\"@type\":\"ImageObject\",\"inLanguage\":\"vi\",\"@id\":\"https:\/\/tiff.vn\/?product=bo-hoa-cuoi-t02#primaryimage\",\"url\":\"https:\/\/tiff.vn\/wp-content\/uploads\/2024\/06\/Combo-Hoa-cuoi-MS01-T361.jpg\",\"contentUrl\":\"https:\/\/tiff.vn\/wp-content\/uploads\/2024\/06\/Combo-Hoa-cuoi-MS01-T361.jpg\",\"width\":1536,\"height\":2048},{\"@type\":\"BreadcrumbList\",\"@id\":\"https:\/\/tiff.vn\/?product=bo-hoa-cuoi-t02#breadcrumb\",\"itemListElement\":[{\"@type\":\"ListItem\",\"position\":1,\"name\":\"Home\",\"item\":\"http:\/\/103.159.50.39\/\"},{\"@type\":\"ListItem\",\"position\":2,\"name\":\"S\u1ea3n ph\u1ea9m\",\"item\":\"https:\/\/tiff.vn\/?post_type=product\"},{\"@type\":\"ListItem\",\"position\":3,\"name\":\"B\u00f3 hoa c\u01b0\u1edbi T02\"}]},{\"@type\":\"WebSite\",\"@id\":\"http:\/\/103.159.50.39\/#website\",\"url\":\"http:\/\/103.159.50.39\/\",\"name\":\"Tiff Wedding Planner & Decoration\",\"description\":\"Top Wedding &amp; Event Planner h\u00e0ng \u0111\u1ea7u Vi\u1ec7t Nam - Ti\u00ean phong ki\u1ebfn t\u1ea1o nh\u1eefng \u0111\u00e1m c\u01b0\u1edbi \u0111\u1ed9c b\u1ea3n v\u00e0 s\u1ef1 ki\u1ec7n \u0111\u1eb3ng c\u1ea5p\",\"publisher\":{\"@id\":\"http:\/\/103.159.50.39\/#organization\"},\"alternateName\":\"Tiff Wedding Planner & Decoration\",\"potentialAction\":[{\"@type\":\"SearchAction\",\"target\":{\"@type\":\"EntryPoint\",\"urlTemplate\":\"http:\/\/103.159.50.39\/?s={search_term_string}\"},\"query-input\":{\"@type\":\"PropertyValueSpecification\",\"valueRequired\":true,\"valueName\":\"search_term_string\"}}],\"inLanguage\":\"vi\"},{\"@type\":\"Organization\",\"@id\":\"http:\/\/103.159.50.39\/#organization\",\"name\":\"Tiff Wedding Planner & Decoration\",\"url\":\"http:\/\/103.159.50.39\/\",\"logo\":{\"@type\":\"ImageObject\",\"inLanguage\":\"vi\",\"@id\":\"http:\/\/103.159.50.39\/#\/schema\/logo\/image\/\",\"url\":\"https:\/\/tiff.vn\/wp-content\/uploads\/2023\/05\/logo_main.png\",\"contentUrl\":\"https:\/\/tiff.vn\/wp-content\/uploads\/2023\/05\/logo_main.png\",\"width\":228,\"height\":64,\"caption\":\"Tiff Wedding Planner & Decoration\"},\"image\":{\"@id\":\"http:\/\/103.159.50.39\/#\/schema\/logo\/image\/\"}}]}<\/script>\n<!-- \/ Yoast SEO plugin. -->","yoast_head_json":{"title":"B\u00f3 hoa c\u01b0\u1edbi cao c\u1ea5p - \u0110i\u1ec7n hoa t\u01b0\u01a1i 24h H\u00e0 N\u1ed9i","description":"T02 l\u00e0 m\u1ed9t l\u1ef1a ch\u1ecdn ho\u00e0n h\u1ea3o cho nh\u1eefng c\u00f4 d\u00e2u th\u00edch s\u1ef1 d\u1ecbu d\u00e0ng pha m\u00e0u s\u1eafc m\u1edbi l\u1ea1. B\u00f3 hoa c\u01b0\u1edbi T02 s\u1ebd l\u00e0 \u0111i\u1ec3m nh\u1ea5n gi\u00fap c\u00f4 d\u00e2u n\u1ed5i b\u1eadt nh\u1ea5t trong ng\u00e0y c\u01b0\u1edbi","robots":{"index":"index","follow":"follow","max-snippet":"max-snippet:-1","max-image-preview":"max-image-preview:large","max-video-preview":"max-video-preview:-1"},"canonical":"https:\/\/tiff.vn\/?product=bo-hoa-cuoi-t02","og_locale":"vi_VN","og_type":"article","og_title":"B\u00f3 hoa c\u01b0\u1edbi cao c\u1ea5p - \u0110i\u1ec7n hoa t\u01b0\u01a1i 24h H\u00e0 N\u1ed9i","og_description":"T02 l\u00e0 m\u1ed9t l\u1ef1a ch\u1ecdn ho\u00e0n h\u1ea3o cho nh\u1eefng c\u00f4 d\u00e2u th\u00edch s\u1ef1 d\u1ecbu d\u00e0ng pha m\u00e0u s\u1eafc m\u1edbi l\u1ea1. B\u00f3 hoa c\u01b0\u1edbi T02 s\u1ebd l\u00e0 \u0111i\u1ec3m nh\u1ea5n gi\u00fap c\u00f4 d\u00e2u n\u1ed5i b\u1eadt nh\u1ea5t trong ng\u00e0y c\u01b0\u1edbi","og_url":"https:\/\/tiff.vn\/?product=bo-hoa-cuoi-t02","og_site_name":"Tiff Planner | Tiffany Wedding &amp; Event","article_modified_time":"2024-10-30T02:04:49+00:00","og_image":[{"width":1536,"height":2048,"url":"https:\/\/tiff.vn\/wp-content\/uploads\/2024\/06\/Combo-Hoa-cuoi-MS01-T361.jpg","type":"image\/jpeg"}],"twitter_card":"summary_large_image","twitter_misc":{"\u01af\u1edbc t\u00ednh th\u1eddi gian \u0111\u1ecdc":"3 ph\u00fat"},"schema":{"@context":"https:\/\/schema.org","@graph":[{"@type":"WebPage","@id":"https:\/\/tiff.vn\/?product=bo-hoa-cuoi-t02","url":"https:\/\/tiff.vn\/?product=bo-hoa-cuoi-t02","name":"B\u00f3 hoa c\u01b0\u1edbi cao c\u1ea5p - \u0110i\u1ec7n hoa t\u01b0\u01a1i 24h H\u00e0 N\u1ed9i","isPartOf":{"@id":"http:\/\/103.159.50.39\/#website"},"primaryImageOfPage":{"@id":"https:\/\/tiff.vn\/?product=bo-hoa-cuoi-t02#primaryimage"},"image":{"@id":"https:\/\/tiff.vn\/?product=bo-hoa-cuoi-t02#primaryimage"},"thumbnailUrl":"https:\/\/tiff.vn\/wp-content\/uploads\/2024\/06\/Combo-Hoa-cuoi-MS01-T361.jpg","datePublished":"2024-05-31T14:50:09+00:00","dateModified":"2024-10-30T02:04:49+00:00","description":"T02 l\u00e0 m\u1ed9t l\u1ef1a ch\u1ecdn ho\u00e0n h\u1ea3o cho nh\u1eefng c\u00f4 d\u00e2u th\u00edch s\u1ef1 d\u1ecbu d\u00e0ng pha m\u00e0u s\u1eafc m\u1edbi l\u1ea1. B\u00f3 hoa c\u01b0\u1edbi T02 s\u1ebd l\u00e0 \u0111i\u1ec3m nh\u1ea5n gi\u00fap c\u00f4 d\u00e2u n\u1ed5i b\u1eadt nh\u1ea5t trong ng\u00e0y c\u01b0\u1edbi","breadcrumb":{"@id":"https:\/\/tiff.vn\/?product=bo-hoa-cuoi-t02#breadcrumb"},"inLanguage":"vi","potentialAction":[{"@type":"ReadAction","target":["https:\/\/tiff.vn\/?product=bo-hoa-cuoi-t02"]}]},{"@type":"ImageObject","inLanguage":"vi","@id":"https:\/\/tiff.vn\/?product=bo-hoa-cuoi-t02#primaryimage","url":"https:\/\/tiff.vn\/wp-content\/uploads\/2024\/06\/Combo-Hoa-cuoi-MS01-T361.jpg","contentUrl":"https:\/\/tiff.vn\/wp-content\/uploads\/2024\/06\/Combo-Hoa-cuoi-MS01-T361.jpg","width":1536,"height":2048},{"@type":"BreadcrumbList","@id":"https:\/\/tiff.vn\/?product=bo-hoa-cuoi-t02#breadcrumb","itemListElement":[{"@type":"ListItem","position":1,"name":"Home","item":"http:\/\/103.159.50.39\/"},{"@type":"ListItem","position":2,"name":"S\u1ea3n ph\u1ea9m","item":"https:\/\/tiff.vn\/?post_type=product"},{"@type":"ListItem","position":3,"name":"B\u00f3 hoa c\u01b0\u1edbi T02"}]},{"@type":"WebSite","@id":"http:\/\/103.159.50.39\/#website","url":"http:\/\/103.159.50.39\/","name":"Tiff Wedding Planner & Decoration","description":"Top Wedding &amp; Event Planner h\u00e0ng \u0111\u1ea7u Vi\u1ec7t Nam - Ti\u00ean phong ki\u1ebfn t\u1ea1o nh\u1eefng \u0111\u00e1m c\u01b0\u1edbi \u0111\u1ed9c b\u1ea3n v\u00e0 s\u1ef1 ki\u1ec7n \u0111\u1eb3ng c\u1ea5p","publisher":{"@id":"http:\/\/103.159.50.39\/#organization"},"alternateName":"Tiff Wedding Planner & Decoration","potentialAction":[{"@type":"SearchAction","target":{"@type":"EntryPoint","urlTemplate":"http:\/\/103.159.50.39\/?s={search_term_string}"},"query-input":{"@type":"PropertyValueSpecification","valueRequired":true,"valueName":"search_term_string"}}],"inLanguage":"vi"},{"@type":"Organization","@id":"http:\/\/103.159.50.39\/#organization","name":"Tiff Wedding Planner & Decoration","url":"http:\/\/103.159.50.39\/","logo":{"@type":"ImageObject","inLanguage":"vi","@id":"http:\/\/103.159.50.39\/#\/schema\/logo\/image\/","url":"https:\/\/tiff.vn\/wp-content\/uploads\/2023\/05\/logo_main.png","contentUrl":"https:\/\/tiff.vn\/wp-content\/uploads\/2023\/05\/logo_main.png","width":228,"height":64,"caption":"Tiff Wedding Planner & Decoration"},"image":{"@id":"http:\/\/103.159.50.39\/#\/schema\/logo\/image\/"}}]}},"_links":{"self":[{"href":"https:\/\/tiff.vn\/index.php?rest_route=\/wp\/v2\/product\/31237","targetHints":{"allow":["GET"]}}],"collection":[{"href":"https:\/\/tiff.vn\/index.php?rest_route=\/wp\/v2\/product"}],"about":[{"href":"https:\/\/tiff.vn\/index.php?rest_route=\/wp\/v2\/types\/product"}],"replies":[{"embeddable":true,"href":"https:\/\/tiff.vn\/index.php?rest_route=%2Fwp%2Fv2%2Fcomments&post=31237"}],"version-history":[{"count":2,"href":"https:\/\/tiff.vn\/index.php?rest_route=\/wp\/v2\/product\/31237\/revisions"}],"predecessor-version":[{"id":51241,"href":"https:\/\/tiff.vn\/index.php?rest_route=\/wp\/v2\/product\/31237\/revisions\/51241"}],"wp:featuredmedia":[{"embeddable":true,"href":"https:\/\/tiff.vn\/index.php?rest_route=\/wp\/v2\/media\/40043"}],"wp:attachment":[{"href":"https:\/\/tiff.vn\/index.php?rest_route=%2Fwp%2Fv2%2Fmedia&parent=31237"}],"wp:term":[{"taxonomy":"product_brand","embeddable":true,"href":"https:\/\/tiff.vn\/index.php?rest_route=%2Fwp%2Fv2%2Fproduct_brand&post=31237"},{"taxonomy":"product_cat","embeddable":true,"href":"https:\/\/tiff.vn\/index.php?rest_route=%2Fwp%2Fv2%2Fproduct_cat&post=31237"},{"taxonomy":"product_tag","embeddable":true,"href":"https:\/\/tiff.vn\/index.php?rest_route=%2Fwp%2Fv2%2Fproduct_tag&post=31237"}],"curies":[{"name":"wp","href":"https:\/\/api.w.org\/{rel}","templated":true}]}}