{"id":31238,"date":"2024-05-31T14:50:09","date_gmt":"2024-05-31T14:50:09","guid":{"rendered":"https:\/\/tiff.vn\/?post_type=product&#038;p=31238"},"modified":"2024-06-27T04:43:27","modified_gmt":"2024-06-27T04:43:27","slug":"bo-hoa-tay-dreamer-t03","status":"publish","type":"product","link":"https:\/\/tiff.vn\/?product=bo-hoa-tay-dreamer-t03","title":{"rendered":"B\u00f3 hoa tay dreamer T03"},"content":{"rendered":"<p><strong><span style=\"vertical-align: inherit;\"><span style=\"vertical-align: inherit;\">T03<\/span><\/span><\/strong><span style=\"vertical-align: inherit;\"><span style=\"vertical-align: inherit;\"> l\u00e0 m\u1eabu hoa tay d\u00e0nh ri\u00eang cho nh\u1eefng c\u00f4 d\u00e2u \u01b0u th\u00edch v\u1ebb \u0111\u1eb9p k\u1ebft h\u1ee3p gi\u1eefa hi\u1ec7n \u0111\u1ea1i v\u00e0 truy\u1ec1n th\u1ed1ng, l\u00e0 v\u1ebb \u0111\u1eb9p \u0111\u01b0\u1ee3c k\u1ebft h\u1ee3p b\u1edfi c\u00e1c lo\u1ea1i hoa h\u1ed3ng nh\u1eadp kh\u1ea9u mang s\u1ef1 thanh tao nh\u1eb9 nh\u00e0ng c\u00f9ng c\u00e1c lo\u1ea1i hoa ph\u1ee5 c\u00e1 t\u00ednh kh\u00e1c \u0111i k\u00e8m theo.<\/span><\/span><\/p>\n<p><span style=\"color: #000000;\"><strong><span style=\"vertical-align: inherit;\"><span style=\"vertical-align: inherit;\">T03<\/span><\/span><\/strong><span style=\"vertical-align: inherit;\"><span style=\"vertical-align: inherit;\"> ph\u00f9 h\u1ee3p v\u1edbi nh\u1eefng \u0111\u00e1m c\u01b0\u1edbi \u0111\u01b0\u1ee3c t\u1ed5 ch\u1ee9c trong nh\u00e0 ho\u1eb7c kh\u00e1ch s\u1ea1n, d\u01b0\u1edbi \u00e1nh \u0111\u00e8n s\u00e2n kh\u1ea5u <\/span><\/span><\/span><span style=\"color: #000000;\"><span style=\"vertical-align: inherit;\"><span style=\"vertical-align: inherit;\">, c\u00f4 d\u00e2u m\u01a1 m\u1ed9ng v\u1edbi b\u00f3 hoa T03 trong tay ch\u1eafc ch\u1eafn s\u1ebd c\u00f3 th\u00eam c\u00e1c ph\u1ea7n xinh \u0111\u1eb9p v\u00e0 n\u1ed5i b\u1eadt.<\/span><\/span><\/span><\/p>\n<p><span style=\"color: #000000;\"><strong><span style=\"vertical-align: inherit;\"><span style=\"vertical-align: inherit;\">C\u00e1c lo\u1ea1i hoa s\u1eed d\u1ee5ng:\u00a0<\/span><\/span><\/strong><\/span><\/p>\n<ul>\n<li><span style=\"color: #000000;\"><span style=\"vertical-align: inherit;\"><span style=\"vertical-align: inherit;\">Hoa h\u1ed3ng kem d\u00e2u<\/span><\/span><\/span><\/li>\n<li>Astillbe<\/li>\n<li><span style=\"color: #000000;\"><span style=\"vertical-align: inherit;\"><span style=\"vertical-align: inherit;\">Hoa baby<\/span><\/span><\/span><\/li>\n<li><span style=\"color: #000000;\"><span style=\"vertical-align: inherit;\"><span style=\"vertical-align: inherit;\">Hoa ph\u1ee5 cao c\u1ea5p kh\u00e1c<\/span><\/span><\/span><\/li>\n<\/ul>\n<p><strong><span style=\"color: #000000;\"><span style=\"vertical-align: inherit;\"><span style=\"vertical-align: inherit;\">\u0110\u1eb7c bi\u1ec7t, m\u1eabu hoa b\u00f3 tay T03 c\u00f2n \u0111i k\u00e8m v\u1edbi m\u1eabu hoa xe c\u00f9ng lo\u1ea1i. <\/span><span style=\"vertical-align: inherit;\">Khi mua Combo hoa tay &#8211; hoa xe C03, b\u1ea1n s\u1ebd \u0111\u01b0\u1ee3c h\u01b0\u1edfng \u01b0u \u0111\u00e3i l\u00ean t\u1edbi 20%:\u00a0<\/span><\/span><\/span><\/strong><\/p>\n<p><img fetchpriority=\"high\" class=\"aligncenter\" src=\"https:\/\/lh3.googleusercontent.com\/RaZ3EKB7UTcD0kG_mhQp6gx1AO1L9XWTHfwzJWgjseHEcRhCoJjtFuJHUAqy9xlFn0oAjKLGdVjl6_k_SVMR62BKr6ER8WU-Jt2G6QiVpjIksWxLU3cAnkc-jNQvyROUg7_X2eUuFg\" alt=\"\" width=\"504\" height=\"336\" \/><\/p>\n<p><span style=\"color: #000000;\"><em><span style=\"vertical-align: inherit;\"><span style=\"vertical-align: inherit;\">L\u01b0u \u00fd: Gi\u00e1 s\u1ea3n ph\u1ea9m ch\u01b0a bao g\u1ed3m VAT.\u00a0<\/span><\/span><\/em><\/span><\/p>\n<p><strong><span style=\"color: #000000;\"><span style=\"vertical-align: inherit;\"><span style=\"vertical-align: inherit;\">Cam k\u1ebft d\u00e0nh ri\u00eang cho d\u00f2ng s\u1ea3n ph\u1ea9m hoa c\u01b0\u1edbi:\u00a0<\/span><\/span><\/span><\/strong><\/p>\n<ul>\n<li><span style=\"color: #000000;\"><strong><span style=\"vertical-align: inherit;\"><span style=\"vertical-align: inherit;\">S\u1ea3n ph\u1ea9m c\u1ee7a TIFF Flowers l\u00e0 hoa c\u01b0\u1edbi thi\u1ebft k\u1ebf cao c\u1ea5p! <\/span><\/span><\/strong><span style=\"vertical-align: inherit;\"><span style=\"vertical-align: inherit;\">\u00a0V\u1edbi \u0111\u1ed9i ng\u0169 thi\u1ebft k\u1ebf s\u00e1ng t\u1ea1o t\u00e0i n\u0103ng, ch\u00fang t\u00f4i lu\u00f4n \u01b0u ti\u00ean t\u00ednh c\u00e1 nh\u00e2n h\u00f3a trong t\u1eebng s\u1ea3n ph\u1ea9m. <\/span><span style=\"vertical-align: inherit;\">By v\u1eady, \u0111\u1eebng s\u1ee3 li\u00ean h\u1ec7 v\u00e0 cho ch\u00fang t\u00f4i bi\u1ebft mong mu\u1ed1n v\u1ec1 m\u1eabu hoa c\u01b0\u1edbi c\u1ee7a ri\u00eang b\u1ea1n!\u00a0<\/span><\/span><\/span><\/li>\n<li><span style=\"color: #000000;\"><strong><span style=\"vertical-align: inherit;\"><span style=\"vertical-align: inherit;\">Lu\u00f4n s\u1eed d\u1ee5ng v\u00e0 ch\u1ecdn l\u1ecdc k\u1ef9 l\u01b0\u1ee1ng c\u00e1c lo\u1ea1i hoa cao c\u1ea5p nh\u1ea5t, t\u01b0\u01a1i \u0111\u1eb9p nh\u1ea5t<\/span><\/span><\/strong><span style=\"vertical-align: inherit;\"><span style=\"vertical-align: inherit;\"> d\u00e0nh cho <\/span><\/span><strong><span style=\"vertical-align: inherit;\"><span style=\"vertical-align: inherit;\">hoa tay &#8211; hoa xe c\u01b0\u1edbi<\/span><\/span><\/strong><span style=\"vertical-align: inherit;\"><span style=\"vertical-align: inherit;\"> c\u1ee7a b\u1ea1n, \u0111\u1eb7c bi\u1ec7t l\u00e0 b\u00f3 hoa c\u1ea7m tay. <\/span><span style=\"vertical-align: inherit;\">B\u1edfi ch\u00fang t\u00f4i hi\u1ec3u \u0111\u00e2y l\u00e0 ph\u1ee5 ki\u1ec7n quan tr\u1ecdng nh\u1ea5t trong ng\u00e0y tr\u1ecdng \u0111\u1ea1i c\u1ee7a b\u1ea1n. <\/span><span style=\"vertical-align: inherit;\">N\u00f3 kh\u00f4ng ch\u1ec9 n\u00f3i l\u00ean s\u1edf th\u00edch c\u1ee7a b\u1ea1n, m\u00e0 \u0111\u00f3 c\u00f2n l\u00e0 c\u00e1 t\u00ednh v\u00e0 t\u00e2m h\u1ed3n b\u1ea1n.\u00a0<\/span><\/span><\/span><\/li>\n<li><span style=\"color: #000000;\"><strong><span style=\"vertical-align: inherit;\"><span style=\"vertical-align: inherit;\">Lu\u00f4n c\u1eadp nh\u1eadt c\u00e1c xu h\u01b0\u1edbng hoa c\u01b0\u1edbi m\u1edbi nh\u1ea5t, th\u1eddi th\u01b0\u1ee3ng nh\u1ea5t<\/span><\/span><\/strong><span style=\"vertical-align: inherit;\"><span style=\"vertical-align: inherit;\"> \u00a0v\u1edbi \u01b0u th\u1ebf thu\u1ed9c <\/span><\/span><strong><span style=\"vertical-align: inherit;\"><span style=\"vertical-align: inherit;\">TOP<\/span><\/span><\/strong><span style=\"vertical-align: inherit;\"><span style=\"vertical-align: inherit;\"> c\u00e1c \u0111\u01a1n v\u1ecb trang tr\u00ed c\u01b0\u1edbi \u0111\u1eb9p nh\u1ea5t Vi\u1ec7t Nam! <\/span><span style=\"vertical-align: inherit;\">(Th\u01b0\u01a1ng hi\u1ec7u TIFF Wedding &amp; Event)\u00a0<\/span><\/span><\/span><\/li>\n<li><span style=\"color: #000000;\"><strong><span style=\"vertical-align: inherit;\"><span style=\"vertical-align: inherit;\">Hoa c\u01b0\u1edbi thi\u1ebft k\u1ebf cao c\u1ea5p v\u1edbi gi\u00e1 c\u1ea1nh tranh nh\u1ea5t! <\/span><\/span><\/strong><span style=\"vertical-align: inherit;\"><span style=\"vertical-align: inherit;\">V\u1edbi s\u1ed1 l\u01b0\u1ee3ng \u0111\u01a1n h\u00e0ng \u0111\u1ec1u \u0111\u1eb7n \u0111\u1ec1u \u0111\u1eb7n ch\u1eafc ch\u1eafn vi\u1ec7c s\u1eed d\u1ee5ng Tr\u1ecdn v\u1eb9n hoa nh\u1eadp m\u1ed7i ng\u00e0y, c\u00e1c ngu\u1ed3n nh\u1eadp tr\u1ef1c ti\u1ebfp uy t\u00edn, c\u00f9ng kinh nghi\u1ec7m &#8211; s\u1ef1 hi\u1ec3u bi\u1ebft v\u1ec1 th\u1ecb tr\u01b0\u1eddng c\u01b0\u1edbi, ch\u00fang t\u00f4i cam k\u1ebft v\u1edbi b\u1ea1n gi\u00e1 hoa c\u01b0\u1edbi lu\u00f4n c\u1ea1nh tranh nh\u1ea5t, h\u1ee3p l\u00fd nh\u1ea5t v\u1edbi ch\u1ea5t l\u01b0\u1ee3ng v\u00e0 t\u00ednh th\u1ea9m m\u1ef9 m\u00e0 s\u1ea3n ph\u1ea9m c\u1ee7a ch\u00fang t\u00f4i mang l\u1ea1i!\u00a0<\/span><\/span><\/span><\/li>\n<\/ul>\n<p><span style=\"color: #000000;\"><span style=\"vertical-align: inherit;\"><span style=\"vertical-align: inherit;\">Ch\u00fac b\u1ea1n lu\u00f4n an vui h\u1ea1nh ph\u00fac!\u00a0<\/span><\/span><\/span><\/p>\n<p><span style=\"vertical-align: inherit;\"><span style=\"vertical-align: inherit;\">&#8212;<\/span><\/span><\/p>\n<p><span style=\"vertical-align: inherit;\"><span style=\"vertical-align: inherit;\">TIFFANY WEDDING &amp; EVENT \u2013 H\u01a0N C\u1ea2 B\u1ea0N MONG \u0110\u1ee2I<\/span><\/span><\/p>\n<p><span style=\"vertical-align: inherit;\"><span style=\"vertical-align: inherit;\">Hotline: 0836 999 088 &#8211; 0836 888 099<\/span><\/span><\/p>\n<p><span style=\"vertical-align: inherit;\"><span style=\"vertical-align: inherit;\">\u0110\u1ecba ch\u1ec9:<\/span><\/span><\/p>\n<ul>\n<li><span style=\"vertical-align: inherit;\"><span style=\"vertical-align: inherit;\">H\u00e0 N\u1ed9i: 125 Nghi T\u00e0m, T\u00e2y H\u1ed3<\/span><\/span><\/li>\n<li><span style=\"vertical-align: inherit;\"><span style=\"vertical-align: inherit;\">H\u1ed3 Ch\u00ed Minh: 180\/45 Nguy\u1ec5n H\u1eefu C\u1ea3nh, P22, Q B\u00ecnh Th\u1ea1nh<\/span><\/span><\/li>\n<\/ul>\n<p><span style=\"vertical-align: inherit;\"><span style=\"vertical-align: inherit;\">Website: https:\/\/tiff.vn\/<\/span><\/span><\/p>\n<p><span style=\"vertical-align: inherit;\"><span style=\"vertical-align: inherit;\">Li\u00ean h\u1ec7 \u0111\u1eb7t l\u1ecbch h\u1eb9n<\/span><\/span><\/p>\n","protected":false},"excerpt":{"rendered":"<p><span style=\"color: #000000;\"><span style=\"vertical-align: inherit;\"><span style=\"vertical-align: inherit;\">Nh\u1eefng b\u00f4ng hoa h\u1ed3ng cao c\u1ea5p gam m\u00e0u pastel s\u1ebd gi\u00fap c\u00f4 d\u00e2u th\u00eam d\u1ecbu d\u00e0ng v\u00e0 n\u1eef t\u00ednh trong b\u1ed9 v\u00e1y c\u01b0\u1edbi m\u00e0 kh\u00f4ng m\u1ea5t \u0111i ph\u1ea7n m\u1edbi l\u1ea1, c\u00e1 t\u00ednh.<\/span><\/span><\/span><\/p>\n<p><span style=\"color: #000000;\"><strong><span style=\"vertical-align: inherit;\"><span style=\"vertical-align: inherit;\">\u0110\u1eb7c bi\u1ec7t<\/span><\/span><\/strong><span style=\"vertical-align: inherit;\"><span style=\"vertical-align: inherit;\"> :<\/span><\/span><\/span><\/p>\n<ul>\n<li><span style=\"color: #000000;\"><strong><span style=\"vertical-align: inherit;\"><span style=\"vertical-align: inherit;\">GI\u1ea2M 20%<\/span><\/span><\/strong><span style=\"vertical-align: inherit;\"><span style=\"vertical-align: inherit;\"> khi mua Combo hoa tay &#8211; hoa xe c\u01b0\u1edbi C03<\/span><\/span><\/span><\/li>\n<li><span style=\"color: #000000;\"><span style=\"vertical-align: inherit;\"><span style=\"vertical-align: inherit;\">T\u1eb7ng mi\u1ec5n ph\u00ed \u2013 bi\u1ec3u ng\u1eef ch\u00fac m\u1eebng thi\u1ebft k\u1ebf (vui l\u00f2ng ghi r\u00f5 trong m\u1ee5c ghi ch\u00fa).<\/span><\/span><\/span><\/li>\n<li><span style=\"color: #000000;\"><span style=\"vertical-align: inherit;\"><span style=\"vertical-align: inherit;\">Giao hoa g\u1ea5p trong m\u1ed9t gi\u1edd.<\/span><\/span><\/span><\/li>\n<\/ul>\n<hr \/>\n<p><strong><span style=\"color: #000000;\"><span style=\"vertical-align: inherit;\"><span style=\"vertical-align: inherit;\">Cam k\u1ebft:<\/span><\/span><\/span><\/strong><\/p>\n<p><span style=\"color: #d83131;\"><strong><span style=\"vertical-align: inherit;\"><span style=\"vertical-align: inherit;\">S\u1ea3n ph\u1ea9m c\u1ee7a TIFF Flowers l\u00e0 hoa c\u01b0\u1edbi thi\u1ebft k\u1ebf cao c\u1ea5p!<\/span><\/span><\/strong> \u00a0<\/span><\/p>\n<p><span style=\"color: #d83131;\"><strong><span style=\"vertical-align: inherit;\"><span style=\"vertical-align: inherit;\">Ch\u1ecdn l\u1ecdc k\u1ef9 l\u01b0\u1ee1ng t\u1eebng b\u00f4ng hoa t\u01b0\u01a1i \u0111\u1eb9p nh\u1ea5t!<\/span><\/span><\/strong><\/span><\/p>\n<p><span style=\"color: #d83131;\"><strong><span style=\"vertical-align: inherit;\"><span style=\"vertical-align: inherit;\">C\u1eadp nh\u1eadt c\u00e1c h\u01b0\u1edbng hoa c\u01b0\u1edbi m\u1edbi nh\u1ea5t!<\/span><\/span><\/strong><\/span><\/p>\n<p><span style=\"color: #d83131;\"><strong><span style=\"vertical-align: inherit;\"><span style=\"vertical-align: inherit;\">M\u1ee9c gi\u00e1 c\u1ea1nh tranh nh\u1ea5t!<\/span><\/span><\/strong><\/span><\/p>\n<p><span style=\"color: #d83131;\"><strong><span style=\"vertical-align: inherit;\"><span style=\"vertical-align: inherit;\">Ho\u00e0n ti\u1ec1n 100% n\u1ebfu b\u1ea1n kh\u00f4ng h\u00e0i l\u00f2ng<\/span><\/span><\/strong><\/span><\/p>\n<p><span style=\"vertical-align: inherit;\"><span style=\"vertical-align: inherit;\">&#8212;<\/span><\/span><\/p>\n<p><span style=\"vertical-align: inherit;\"><span style=\"vertical-align: inherit;\">TIFFANY WEDDING &amp; EVENT \u2013 H\u01a0N C\u1ea2 B\u1ea0N MONG \u0110\u1ee2I<\/span><\/span><\/p>\n<p><span style=\"vertical-align: inherit;\"><span style=\"vertical-align: inherit;\">Hotline: 0836 999 088 &#8211; 0836 888 099<\/span><\/span><\/p>\n<p><span style=\"vertical-align: inherit;\"><span style=\"vertical-align: inherit;\">\u0110\u1ecba ch\u1ec9:<\/span><\/span><\/p>\n<ul>\n<li><span style=\"vertical-align: inherit;\"><span style=\"vertical-align: inherit;\">H\u00e0 N\u1ed9i: 125 Nghi T\u00e0m, T\u00e2y H\u1ed3<\/span><\/span><\/li>\n<li><span style=\"vertical-align: inherit;\"><span style=\"vertical-align: inherit;\">H\u1ed3 Ch\u00ed Minh: 180\/45 Nguy\u1ec5n H\u1eefu C\u1ea3nh, P22, Q B\u00ecnh Th\u1ea1nh<\/span><\/span><\/li>\n<\/ul>\n<p><span style=\"vertical-align: inherit;\"><span style=\"vertical-align: inherit;\">Website: https:\/\/tiff.vn\/<\/span><\/span><\/p>\n<p><span style=\"vertical-align: inherit;\"><span style=\"vertical-align: inherit;\">Li\u00ean h\u1ec7 \u0111\u1eb7t l\u1ecbch h\u1eb9n<\/span><\/span><\/p>\n","protected":false},"featured_media":40025,"comment_status":"closed","ping_status":"closed","template":"","meta":{"_acf_changed":false},"product_brand":[],"product_cat":[382],"product_tag":[364,351,370,366],"class_list":{"0":"post-31238","1":"product","2":"type-product","3":"status-publish","4":"has-post-thumbnail","6":"product_cat-hoa-cuoi-cam-tay","7":"product_tag-hoa-co-dau","8":"product_tag-hoa-cuoi","9":"product_tag-hoa-cuoi-cao-cap","10":"product_tag-hoa-hong","12":"first","13":"instock","14":"sale","15":"shipping-taxable","16":"purchasable","17":"product-type-simple"},"acf":[],"yoast_head":"<!-- This site is optimized with the Yoast SEO plugin v25.0 - https:\/\/yoast.com\/wordpress\/plugins\/seo\/ -->\n<title>B\u00f3 hoa c\u01b0\u1edbi c\u1ea7m tay cao c\u1ea5p T03- \u0110i\u1ec7n hoa t\u01b0\u01a1i 24h H\u00e0 N\u1ed9i<\/title>\n<meta name=\"description\" content=\"B\u00f3 hoa c\u01b0\u1edbi c\u1ea7m tay cao c\u1ea5p mang v\u1ebb \u0111\u1eb9p v\u1eeba thanh tao, v\u1eeba tinh kh\u00f4i nh\u00e3 nh\u1eb7n ch\u00ednh l\u00e0 \u0111i\u1ec3m nh\u1ea5n gi\u00fap c\u00f4 d\u00e2u th\u00eam ph\u1ea7n n\u1ed5i b\u1eadt trong ng\u00e0y tr\u1ecdng \u0111\u1ea1i c\u1ee7a m\u00ecnh\" \/>\n<meta name=\"robots\" content=\"index, follow, max-snippet:-1, max-image-preview:large, max-video-preview:-1\" \/>\n<link rel=\"canonical\" href=\"https:\/\/tiff.vn\/?product=bo-hoa-tay-dreamer-t03\" \/>\n<meta property=\"og:locale\" content=\"vi_VN\" \/>\n<meta property=\"og:type\" content=\"article\" \/>\n<meta property=\"og:title\" content=\"B\u00f3 hoa c\u01b0\u1edbi c\u1ea7m tay cao c\u1ea5p T03- \u0110i\u1ec7n hoa t\u01b0\u01a1i 24h H\u00e0 N\u1ed9i\" \/>\n<meta property=\"og:description\" content=\"B\u00f3 hoa c\u01b0\u1edbi c\u1ea7m tay cao c\u1ea5p mang v\u1ebb \u0111\u1eb9p v\u1eeba thanh tao, v\u1eeba tinh kh\u00f4i nh\u00e3 nh\u1eb7n ch\u00ednh l\u00e0 \u0111i\u1ec3m nh\u1ea5n gi\u00fap c\u00f4 d\u00e2u th\u00eam ph\u1ea7n n\u1ed5i b\u1eadt trong ng\u00e0y tr\u1ecdng \u0111\u1ea1i c\u1ee7a m\u00ecnh\" \/>\n<meta property=\"og:url\" content=\"https:\/\/tiff.vn\/?product=bo-hoa-tay-dreamer-t03\" \/>\n<meta property=\"og:site_name\" content=\"Tiff Planner | Tiffany Wedding &amp; Event\" \/>\n<meta property=\"article:modified_time\" content=\"2024-06-27T04:43:27+00:00\" \/>\n<meta property=\"og:image\" content=\"https:\/\/tiff.vn\/wp-content\/uploads\/2024\/06\/Combo-hoa-cuoi-GB-MS03-T53-1.jpg\" \/>\n\t<meta property=\"og:image:width\" content=\"1707\" \/>\n\t<meta property=\"og:image:height\" content=\"2560\" \/>\n\t<meta property=\"og:image:type\" content=\"image\/jpeg\" \/>\n<meta name=\"twitter:card\" content=\"summary_large_image\" \/>\n<meta name=\"twitter:label1\" content=\"\u01af\u1edbc t\u00ednh th\u1eddi gian \u0111\u1ecdc\" \/>\n\t<meta name=\"twitter:data1\" content=\"3 ph\u00fat\" \/>\n<script type=\"application\/ld+json\" class=\"yoast-schema-graph\">{\"@context\":\"https:\/\/schema.org\",\"@graph\":[{\"@type\":\"WebPage\",\"@id\":\"https:\/\/tiff.vn\/?product=bo-hoa-tay-dreamer-t03\",\"url\":\"https:\/\/tiff.vn\/?product=bo-hoa-tay-dreamer-t03\",\"name\":\"B\u00f3 hoa c\u01b0\u1edbi c\u1ea7m tay cao c\u1ea5p T03- \u0110i\u1ec7n hoa t\u01b0\u01a1i 24h H\u00e0 N\u1ed9i\",\"isPartOf\":{\"@id\":\"http:\/\/103.159.50.39\/#website\"},\"primaryImageOfPage\":{\"@id\":\"https:\/\/tiff.vn\/?product=bo-hoa-tay-dreamer-t03#primaryimage\"},\"image\":{\"@id\":\"https:\/\/tiff.vn\/?product=bo-hoa-tay-dreamer-t03#primaryimage\"},\"thumbnailUrl\":\"https:\/\/tiff.vn\/wp-content\/uploads\/2024\/06\/Combo-hoa-cuoi-GB-MS03-T53-1.jpg\",\"datePublished\":\"2024-05-31T14:50:09+00:00\",\"dateModified\":\"2024-06-27T04:43:27+00:00\",\"description\":\"B\u00f3 hoa c\u01b0\u1edbi c\u1ea7m tay cao c\u1ea5p mang v\u1ebb \u0111\u1eb9p v\u1eeba thanh tao, v\u1eeba tinh kh\u00f4i nh\u00e3 nh\u1eb7n ch\u00ednh l\u00e0 \u0111i\u1ec3m nh\u1ea5n gi\u00fap c\u00f4 d\u00e2u th\u00eam ph\u1ea7n n\u1ed5i b\u1eadt trong ng\u00e0y tr\u1ecdng \u0111\u1ea1i c\u1ee7a m\u00ecnh\",\"breadcrumb\":{\"@id\":\"https:\/\/tiff.vn\/?product=bo-hoa-tay-dreamer-t03#breadcrumb\"},\"inLanguage\":\"vi\",\"potentialAction\":[{\"@type\":\"ReadAction\",\"target\":[\"https:\/\/tiff.vn\/?product=bo-hoa-tay-dreamer-t03\"]}]},{\"@type\":\"ImageObject\",\"inLanguage\":\"vi\",\"@id\":\"https:\/\/tiff.vn\/?product=bo-hoa-tay-dreamer-t03#primaryimage\",\"url\":\"https:\/\/tiff.vn\/wp-content\/uploads\/2024\/06\/Combo-hoa-cuoi-GB-MS03-T53-1.jpg\",\"contentUrl\":\"https:\/\/tiff.vn\/wp-content\/uploads\/2024\/06\/Combo-hoa-cuoi-GB-MS03-T53-1.jpg\",\"width\":1707,\"height\":2560},{\"@type\":\"BreadcrumbList\",\"@id\":\"https:\/\/tiff.vn\/?product=bo-hoa-tay-dreamer-t03#breadcrumb\",\"itemListElement\":[{\"@type\":\"ListItem\",\"position\":1,\"name\":\"Home\",\"item\":\"http:\/\/103.159.50.39\/\"},{\"@type\":\"ListItem\",\"position\":2,\"name\":\"S\u1ea3n ph\u1ea9m\",\"item\":\"https:\/\/tiff.vn\/?post_type=product\"},{\"@type\":\"ListItem\",\"position\":3,\"name\":\"B\u00f3 hoa tay dreamer T03\"}]},{\"@type\":\"WebSite\",\"@id\":\"http:\/\/103.159.50.39\/#website\",\"url\":\"http:\/\/103.159.50.39\/\",\"name\":\"Tiff Wedding Planner & Decoration\",\"description\":\"Top Wedding &amp; Event Planner h\u00e0ng \u0111\u1ea7u Vi\u1ec7t Nam - Ti\u00ean phong ki\u1ebfn t\u1ea1o nh\u1eefng \u0111\u00e1m c\u01b0\u1edbi \u0111\u1ed9c b\u1ea3n v\u00e0 s\u1ef1 ki\u1ec7n \u0111\u1eb3ng c\u1ea5p\",\"publisher\":{\"@id\":\"http:\/\/103.159.50.39\/#organization\"},\"alternateName\":\"Tiff Wedding Planner & Decoration\",\"potentialAction\":[{\"@type\":\"SearchAction\",\"target\":{\"@type\":\"EntryPoint\",\"urlTemplate\":\"http:\/\/103.159.50.39\/?s={search_term_string}\"},\"query-input\":{\"@type\":\"PropertyValueSpecification\",\"valueRequired\":true,\"valueName\":\"search_term_string\"}}],\"inLanguage\":\"vi\"},{\"@type\":\"Organization\",\"@id\":\"http:\/\/103.159.50.39\/#organization\",\"name\":\"Tiff Wedding Planner & Decoration\",\"url\":\"http:\/\/103.159.50.39\/\",\"logo\":{\"@type\":\"ImageObject\",\"inLanguage\":\"vi\",\"@id\":\"http:\/\/103.159.50.39\/#\/schema\/logo\/image\/\",\"url\":\"https:\/\/tiff.vn\/wp-content\/uploads\/2023\/05\/logo_main.png\",\"contentUrl\":\"https:\/\/tiff.vn\/wp-content\/uploads\/2023\/05\/logo_main.png\",\"width\":228,\"height\":64,\"caption\":\"Tiff Wedding Planner & Decoration\"},\"image\":{\"@id\":\"http:\/\/103.159.50.39\/#\/schema\/logo\/image\/\"}}]}<\/script>\n<!-- \/ Yoast SEO plugin. -->","yoast_head_json":{"title":"B\u00f3 hoa c\u01b0\u1edbi c\u1ea7m tay cao c\u1ea5p T03- \u0110i\u1ec7n hoa t\u01b0\u01a1i 24h H\u00e0 N\u1ed9i","description":"B\u00f3 hoa c\u01b0\u1edbi c\u1ea7m tay cao c\u1ea5p mang v\u1ebb \u0111\u1eb9p v\u1eeba thanh tao, v\u1eeba tinh kh\u00f4i nh\u00e3 nh\u1eb7n ch\u00ednh l\u00e0 \u0111i\u1ec3m nh\u1ea5n gi\u00fap c\u00f4 d\u00e2u th\u00eam ph\u1ea7n n\u1ed5i b\u1eadt trong ng\u00e0y tr\u1ecdng \u0111\u1ea1i c\u1ee7a m\u00ecnh","robots":{"index":"index","follow":"follow","max-snippet":"max-snippet:-1","max-image-preview":"max-image-preview:large","max-video-preview":"max-video-preview:-1"},"canonical":"https:\/\/tiff.vn\/?product=bo-hoa-tay-dreamer-t03","og_locale":"vi_VN","og_type":"article","og_title":"B\u00f3 hoa c\u01b0\u1edbi c\u1ea7m tay cao c\u1ea5p T03- \u0110i\u1ec7n hoa t\u01b0\u01a1i 24h H\u00e0 N\u1ed9i","og_description":"B\u00f3 hoa c\u01b0\u1edbi c\u1ea7m tay cao c\u1ea5p mang v\u1ebb \u0111\u1eb9p v\u1eeba thanh tao, v\u1eeba tinh kh\u00f4i nh\u00e3 nh\u1eb7n ch\u00ednh l\u00e0 \u0111i\u1ec3m nh\u1ea5n gi\u00fap c\u00f4 d\u00e2u th\u00eam ph\u1ea7n n\u1ed5i b\u1eadt trong ng\u00e0y tr\u1ecdng \u0111\u1ea1i c\u1ee7a m\u00ecnh","og_url":"https:\/\/tiff.vn\/?product=bo-hoa-tay-dreamer-t03","og_site_name":"Tiff Planner | Tiffany Wedding &amp; Event","article_modified_time":"2024-06-27T04:43:27+00:00","og_image":[{"width":1707,"height":2560,"url":"https:\/\/tiff.vn\/wp-content\/uploads\/2024\/06\/Combo-hoa-cuoi-GB-MS03-T53-1.jpg","type":"image\/jpeg"}],"twitter_card":"summary_large_image","twitter_misc":{"\u01af\u1edbc t\u00ednh th\u1eddi gian \u0111\u1ecdc":"3 ph\u00fat"},"schema":{"@context":"https:\/\/schema.org","@graph":[{"@type":"WebPage","@id":"https:\/\/tiff.vn\/?product=bo-hoa-tay-dreamer-t03","url":"https:\/\/tiff.vn\/?product=bo-hoa-tay-dreamer-t03","name":"B\u00f3 hoa c\u01b0\u1edbi c\u1ea7m tay cao c\u1ea5p T03- \u0110i\u1ec7n hoa t\u01b0\u01a1i 24h H\u00e0 N\u1ed9i","isPartOf":{"@id":"http:\/\/103.159.50.39\/#website"},"primaryImageOfPage":{"@id":"https:\/\/tiff.vn\/?product=bo-hoa-tay-dreamer-t03#primaryimage"},"image":{"@id":"https:\/\/tiff.vn\/?product=bo-hoa-tay-dreamer-t03#primaryimage"},"thumbnailUrl":"https:\/\/tiff.vn\/wp-content\/uploads\/2024\/06\/Combo-hoa-cuoi-GB-MS03-T53-1.jpg","datePublished":"2024-05-31T14:50:09+00:00","dateModified":"2024-06-27T04:43:27+00:00","description":"B\u00f3 hoa c\u01b0\u1edbi c\u1ea7m tay cao c\u1ea5p mang v\u1ebb \u0111\u1eb9p v\u1eeba thanh tao, v\u1eeba tinh kh\u00f4i nh\u00e3 nh\u1eb7n ch\u00ednh l\u00e0 \u0111i\u1ec3m nh\u1ea5n gi\u00fap c\u00f4 d\u00e2u th\u00eam ph\u1ea7n n\u1ed5i b\u1eadt trong ng\u00e0y tr\u1ecdng \u0111\u1ea1i c\u1ee7a m\u00ecnh","breadcrumb":{"@id":"https:\/\/tiff.vn\/?product=bo-hoa-tay-dreamer-t03#breadcrumb"},"inLanguage":"vi","potentialAction":[{"@type":"ReadAction","target":["https:\/\/tiff.vn\/?product=bo-hoa-tay-dreamer-t03"]}]},{"@type":"ImageObject","inLanguage":"vi","@id":"https:\/\/tiff.vn\/?product=bo-hoa-tay-dreamer-t03#primaryimage","url":"https:\/\/tiff.vn\/wp-content\/uploads\/2024\/06\/Combo-hoa-cuoi-GB-MS03-T53-1.jpg","contentUrl":"https:\/\/tiff.vn\/wp-content\/uploads\/2024\/06\/Combo-hoa-cuoi-GB-MS03-T53-1.jpg","width":1707,"height":2560},{"@type":"BreadcrumbList","@id":"https:\/\/tiff.vn\/?product=bo-hoa-tay-dreamer-t03#breadcrumb","itemListElement":[{"@type":"ListItem","position":1,"name":"Home","item":"http:\/\/103.159.50.39\/"},{"@type":"ListItem","position":2,"name":"S\u1ea3n ph\u1ea9m","item":"https:\/\/tiff.vn\/?post_type=product"},{"@type":"ListItem","position":3,"name":"B\u00f3 hoa tay dreamer T03"}]},{"@type":"WebSite","@id":"http:\/\/103.159.50.39\/#website","url":"http:\/\/103.159.50.39\/","name":"Tiff Wedding Planner & Decoration","description":"Top Wedding &amp; Event Planner h\u00e0ng \u0111\u1ea7u Vi\u1ec7t Nam - Ti\u00ean phong ki\u1ebfn t\u1ea1o nh\u1eefng \u0111\u00e1m c\u01b0\u1edbi \u0111\u1ed9c b\u1ea3n v\u00e0 s\u1ef1 ki\u1ec7n \u0111\u1eb3ng c\u1ea5p","publisher":{"@id":"http:\/\/103.159.50.39\/#organization"},"alternateName":"Tiff Wedding Planner & Decoration","potentialAction":[{"@type":"SearchAction","target":{"@type":"EntryPoint","urlTemplate":"http:\/\/103.159.50.39\/?s={search_term_string}"},"query-input":{"@type":"PropertyValueSpecification","valueRequired":true,"valueName":"search_term_string"}}],"inLanguage":"vi"},{"@type":"Organization","@id":"http:\/\/103.159.50.39\/#organization","name":"Tiff Wedding Planner & Decoration","url":"http:\/\/103.159.50.39\/","logo":{"@type":"ImageObject","inLanguage":"vi","@id":"http:\/\/103.159.50.39\/#\/schema\/logo\/image\/","url":"https:\/\/tiff.vn\/wp-content\/uploads\/2023\/05\/logo_main.png","contentUrl":"https:\/\/tiff.vn\/wp-content\/uploads\/2023\/05\/logo_main.png","width":228,"height":64,"caption":"Tiff Wedding Planner & Decoration"},"image":{"@id":"http:\/\/103.159.50.39\/#\/schema\/logo\/image\/"}}]}},"_links":{"self":[{"href":"https:\/\/tiff.vn\/index.php?rest_route=\/wp\/v2\/product\/31238","targetHints":{"allow":["GET"]}}],"collection":[{"href":"https:\/\/tiff.vn\/index.php?rest_route=\/wp\/v2\/product"}],"about":[{"href":"https:\/\/tiff.vn\/index.php?rest_route=\/wp\/v2\/types\/product"}],"replies":[{"embeddable":true,"href":"https:\/\/tiff.vn\/index.php?rest_route=%2Fwp%2Fv2%2Fcomments&post=31238"}],"version-history":[{"count":0,"href":"https:\/\/tiff.vn\/index.php?rest_route=\/wp\/v2\/product\/31238\/revisions"}],"wp:featuredmedia":[{"embeddable":true,"href":"https:\/\/tiff.vn\/index.php?rest_route=\/wp\/v2\/media\/40025"}],"wp:attachment":[{"href":"https:\/\/tiff.vn\/index.php?rest_route=%2Fwp%2Fv2%2Fmedia&parent=31238"}],"wp:term":[{"taxonomy":"product_brand","embeddable":true,"href":"https:\/\/tiff.vn\/index.php?rest_route=%2Fwp%2Fv2%2Fproduct_brand&post=31238"},{"taxonomy":"product_cat","embeddable":true,"href":"https:\/\/tiff.vn\/index.php?rest_route=%2Fwp%2Fv2%2Fproduct_cat&post=31238"},{"taxonomy":"product_tag","embeddable":true,"href":"https:\/\/tiff.vn\/index.php?rest_route=%2Fwp%2Fv2%2Fproduct_tag&post=31238"}],"curies":[{"name":"wp","href":"https:\/\/api.w.org\/{rel}","templated":true}]}}