{"id":31241,"date":"2024-05-31T14:50:09","date_gmt":"2024-05-31T14:50:09","guid":{"rendered":"https:\/\/tiff.vn\/?post_type=product&#038;p=31241"},"modified":"2024-06-27T03:26:41","modified_gmt":"2024-06-27T03:26:41","slug":"bo-hoa-tay-co-dau-ombre-confetti-t08","status":"publish","type":"product","link":"https:\/\/tiff.vn\/?product=bo-hoa-tay-co-dau-ombre-confetti-t08","title":{"rendered":"B\u00f3 Hoa Tay C\u00f4 D\u00e2u Ombre Confetti &#8211; T08"},"content":{"rendered":"<p><strong><span style=\"vertical-align: inherit;\"><span style=\"vertical-align: inherit;\">B\u00f3 Hoa Tay C\u00f4 D\u00e2u Ombre Confetti<\/span><\/span><\/strong><span style=\"vertical-align: inherit;\"><span style=\"vertical-align: inherit;\"> l\u00e0 m\u1eabu hoa c\u1ea7m tay d\u00e0nh cho nh\u1eefng n\u00e0ng mang c\u00e1 t\u00ednh, th\u1ec3 hi\u1ec7n s\u1ef1 ki\u00eau k\u1ef3 v\u00e0 mu\u1ed1n t\u1ea1o \u0111i\u1ec3m nh\u1ea5n kh\u00f3 qu\u00ean cho \u0111\u00e1m c\u01b0\u1edbi tuy\u1ec7t v\u1eddi c\u1ee7a m\u00ecnh. <\/span><span style=\"vertical-align: inherit;\">Phong c\u00e1ch hi\u1ec7n \u0111\u1ea1i, c\u1ef1c trendy c\u00f9ng tone m\u00e0u h\u00e0i h\u00f2a, b\u1eaft m\u1eaft c\u1ee7a b\u00f3 hoa n\u00e0y ch\u1eafc ch\u1eafn s\u1ebd gi\u00fap c\u00f4 d\u00e2u n\u1ed5i b\u1eadt trong ng\u00e0y c\u01b0\u1edbi.<\/span><\/span><\/p>\n<p><strong><span style=\"vertical-align: inherit;\"><span style=\"vertical-align: inherit;\">C\u00e1c lo\u1ea1i hoa s\u1eed d\u1ee5ng:<\/span><\/span><\/strong><\/p>\n<p><span style=\"vertical-align: inherit;\"><span style=\"vertical-align: inherit;\">\u2013 Hoa h\u1ed3ng \u0111\u1ecf nh\u1eadp kh\u1ea9u<\/span><\/span><\/p>\n<p><span style=\"vertical-align: inherit;\"><span style=\"vertical-align: inherit;\">&#8211; Hoa h\u1ed3ng ohara nh\u1eadp kh\u1ea9u<\/span><\/span><\/p>\n<p><span style=\"vertical-align: inherit;\"><span style=\"vertical-align: inherit;\">&#8211; Hoa th\u1ea3o \u0111\u01b0\u1eddng ho\u00e0ng \u0111\u1ebf (king protea) nh\u1eadp kh\u1ea9u<\/span><\/span><\/p>\n<p><span style=\"vertical-align: inherit;\"><span style=\"vertical-align: inherit;\">&#8211; Hoa tulip Nam Phi nh\u1eadp kh\u1ea9u<\/span><\/span><\/p>\n<p><span style=\"vertical-align: inherit;\"><span style=\"vertical-align: inherit;\">\u2013 Hoa phi y\u1ebfn<\/span><\/span><\/p>\n<p><span style=\"vertical-align: inherit;\"><span style=\"vertical-align: inherit;\">\u2013 Hoa Ren \u0110\u1ecf<\/span><\/span><\/p>\n<p><span style=\"vertical-align: inherit;\"><span style=\"vertical-align: inherit;\">\u2013 Thanh tr\u1eafng nh\u1eadp kh\u1ea9u<\/span><\/span><\/p>\n<p><span style=\"vertical-align: inherit;\"><span style=\"vertical-align: inherit;\">&#8211; C\u00e1c lo\u1ea1i hoa l\u00e1 ph\u1ee5 cao c\u1ea5p kh\u00e1c<\/span><\/span><\/p>\n<p><strong><span style=\"vertical-align: inherit;\"><span style=\"vertical-align: inherit;\">TIFF Flowers cam k\u1ebft ch\u1ea5t l\u01b0\u1ee3ng hoa tr\u00ean t\u1eebng s\u1ea3n ph\u1ea9m \u0111\u01b0\u1ee3c giao \u0111\u1ebfn tay kh\u00e1ch h\u00e0ng<\/span><\/span><\/strong><\/p>\n<p><strong><span style=\"vertical-align: inherit;\"><span style=\"vertical-align: inherit;\">L\u01b0u \u00fd: S\u1ea3n ph\u1ea9mGi\u00e1 s\u1ea3n ph\u1ea9m ch\u01b0a bao g\u1ed3m VAT.<\/span><\/span><\/strong><\/p>\n<p><span style=\"vertical-align: inherit;\"><span style=\"vertical-align: inherit;\">&#8212;<\/span><\/span><\/p>\n<p><span style=\"vertical-align: inherit;\"><span style=\"vertical-align: inherit;\">TIFFANY WEDDING &amp; EVENT \u2013 H\u01a0N C\u1ea2 B\u1ea0N MONG \u0110\u1ee2I<\/span><\/span><\/p>\n<p><span style=\"vertical-align: inherit;\"><span style=\"vertical-align: inherit;\">Hotline: 0836 999 088 &#8211; 0836 888 099<\/span><\/span><\/p>\n<p><span style=\"vertical-align: inherit;\"><span style=\"vertical-align: inherit;\">\u0110\u1ecba ch\u1ec9:<\/span><\/span><\/p>\n<ul>\n<li><span style=\"vertical-align: inherit;\"><span style=\"vertical-align: inherit;\">H\u00e0 N\u1ed9i: 125 Nghi T\u00e0m, T\u00e2y H\u1ed3<\/span><\/span><\/li>\n<li><span style=\"vertical-align: inherit;\"><span style=\"vertical-align: inherit;\">H\u1ed3 Ch\u00ed Minh: 180\/45 Nguy\u1ec5n H\u1eefu C\u1ea3nh, P22, Q B\u00ecnh Th\u1ea1nh<\/span><\/span><\/li>\n<\/ul>\n<p><span style=\"vertical-align: inherit;\"><span style=\"vertical-align: inherit;\">Website: https:\/\/tiff.vn\/<\/span><\/span><\/p>\n<p><span style=\"vertical-align: inherit;\"><span style=\"vertical-align: inherit;\">Li\u00ean h\u1ec7 \u0111\u1eb7t l\u1ecbch h\u1eb9n<\/span><\/span><\/p>\n","protected":false},"excerpt":{"rendered":"<p><span style=\"vertical-align: inherit;\"><span style=\"vertical-align: inherit;\">B\u00f3 hoa c\u00f4 d\u00e2u \u0111\u1ed9c \u0111\u00e1o, thu h\u00fat v\u1edbi tone \u0111\u1ecf ombre<\/span><\/span><\/p>\n<p><span style=\"vertical-align: inherit;\"><span style=\"vertical-align: inherit;\">C\u00e1c lo\u1ea1i hoa s\u1eed d\u1ee5ng:<\/span><\/span><\/p>\n<p><span style=\"vertical-align: inherit;\"><span style=\"vertical-align: inherit;\">\u2013 Hoa h\u1ed3ng \u0111\u1ecf nh\u1eadp kh\u1ea9u<\/span><\/span><\/p>\n<p><span style=\"vertical-align: inherit;\"><span style=\"vertical-align: inherit;\">&#8211; Hoa h\u1ed3ng ohara nh\u1eadp kh\u1ea9u<\/span><\/span><\/p>\n<p><span style=\"vertical-align: inherit;\"><span style=\"vertical-align: inherit;\">&#8211; Hoa th\u1ea3o \u0111\u01b0\u1eddng ho\u00e0ng \u0111\u1ebf (king protea) nh\u1eadp kh\u1ea9u<\/span><\/span><\/p>\n<p><span style=\"vertical-align: inherit;\"><span style=\"vertical-align: inherit;\">&#8211; Hoa tulip Nam Phi nh\u1eadp kh\u1ea9u<\/span><\/span><\/p>\n<p><span style=\"vertical-align: inherit;\"><span style=\"vertical-align: inherit;\">\u2013 Hoa phi y\u1ebfn<\/span><\/span><\/p>\n<p><span style=\"vertical-align: inherit;\"><span style=\"vertical-align: inherit;\">\u2013 Hoa Ren \u0110\u1ecf<\/span><\/span><\/p>\n<p><span style=\"vertical-align: inherit;\"><span style=\"vertical-align: inherit;\">\u2013 Thanh tr\u1eafng nh\u1eadp kh\u1ea9u<\/span><\/span><\/p>\n<p><span style=\"vertical-align: inherit;\"><span style=\"vertical-align: inherit;\">&#8211; C\u00e1c lo\u1ea1i hoa l\u00e1 ph\u1ee5 cao c\u1ea5p kh\u00e1c<\/span><\/span><\/p>\n<p><strong><span style=\"vertical-align: inherit;\"><span style=\"vertical-align: inherit;\">T\u1eb7ng mi\u1ec5n ph\u00ed \u2013 bi\u1ec3u ng\u1eef ch\u00fac m\u1eebng thi\u1ebft k\u1ebf (vui l\u00f2ng ghi r\u00f5 trong m\u1ee5c ghi ch\u00fa).<\/span><\/span><\/strong><\/p>\n<p><strong><span style=\"vertical-align: inherit;\"><span style=\"vertical-align: inherit;\">Giao hoa g\u1ea5p trong m\u1ed9t gi\u1edd.<\/span><\/span><\/strong><\/p>\n<p><strong><span style=\"vertical-align: inherit;\"><span style=\"vertical-align: inherit;\">Cam k\u1ebft ho\u00e0n ti\u1ec1n 100% n\u1ebfu b\u1ea1n kh\u00f4ng h\u00e0i l\u00f2ng.<\/span><\/span><\/strong><\/p>\n<p><span style=\"vertical-align: inherit;\"><span style=\"vertical-align: inherit;\">&#8212;<\/span><\/span><\/p>\n<p><span style=\"vertical-align: inherit;\"><span style=\"vertical-align: inherit;\">TIFFANY WEDDING &amp; EVENT \u2013 H\u01a0N C\u1ea2 B\u1ea0N MONG \u0110\u1ee2I<\/span><\/span><\/p>\n<p><span style=\"vertical-align: inherit;\"><span style=\"vertical-align: inherit;\">Hotline: 0836 999 088 &#8211; 0836 888 099<\/span><\/span><\/p>\n<p><span style=\"vertical-align: inherit;\"><span style=\"vertical-align: inherit;\">\u0110\u1ecba ch\u1ec9:<\/span><\/span><\/p>\n<ul>\n<li><span style=\"vertical-align: inherit;\"><span style=\"vertical-align: inherit;\">H\u00e0 N\u1ed9i: 125 Nghi T\u00e0m, T\u00e2y H\u1ed3<\/span><\/span><\/li>\n<li><span style=\"vertical-align: inherit;\"><span style=\"vertical-align: inherit;\">H\u1ed3 Ch\u00ed Minh: 180\/45 Nguy\u1ec5n H\u1eefu C\u1ea3nh, P22, Q B\u00ecnh Th\u1ea1nh<\/span><\/span><\/li>\n<\/ul>\n<p><span style=\"vertical-align: inherit;\"><span style=\"vertical-align: inherit;\">Website: https:\/\/tiff.vn\/<\/span><\/span><\/p>\n<p><span style=\"vertical-align: inherit;\"><span style=\"vertical-align: inherit;\">Li\u00ean h\u1ec7 \u0111\u1eb7t l\u1ecbch h\u1eb9n<\/span><\/span><\/p>\n","protected":false},"featured_media":39998,"comment_status":"closed","ping_status":"closed","template":"","meta":{"_acf_changed":false},"product_brand":[],"product_cat":[362,382],"product_tag":[],"class_list":{"0":"post-31241","1":"product","2":"type-product","3":"status-publish","4":"has-post-thumbnail","6":"product_cat-hoa-cuoi","7":"product_cat-hoa-cuoi-cam-tay","9":"first","10":"instock","11":"sale","12":"shipping-taxable","13":"purchasable","14":"product-type-simple"},"acf":[],"yoast_head":"<!-- This site is optimized with the Yoast SEO plugin v25.0 - https:\/\/yoast.com\/wordpress\/plugins\/seo\/ -->\n<title>B\u00f3 hoa tay c\u00f4 d\u00e2u sang tr\u1ecdng, cao c\u1ea5p - \u0110i\u1ec7n hoa t\u01b0\u01a1i online 24h.<\/title>\n<meta name=\"description\" content=\"Ombre Confetti l\u00e0 m\u1eabu hoa c\u1ea7m tay cho nh\u1eefng c\u00f4 n\u00e0ng mang c\u00e1 t\u00ednh, th\u1ec3 hi\u1ec7n s\u1ef1 ki\u00eau k\u00ec v\u00e0 mu\u1ed1n t\u1ea1o m\u1ed9t \u0111i\u1ec3m nh\u1ea5n kh\u00f3 qu\u00ean cho \u0111\u00e1m c\u01b0\u1edbi tuy\u1ec7t v\u1eddi c\u1ee7a m\u00ecnh\" \/>\n<meta name=\"robots\" content=\"index, follow, max-snippet:-1, max-image-preview:large, max-video-preview:-1\" \/>\n<link rel=\"canonical\" href=\"https:\/\/tiff.vn\/?product=bo-hoa-tay-co-dau-ombre-confetti-t08\" \/>\n<meta property=\"og:locale\" content=\"vi_VN\" \/>\n<meta property=\"og:type\" content=\"article\" \/>\n<meta property=\"og:title\" content=\"B\u00f3 hoa tay c\u00f4 d\u00e2u sang tr\u1ecdng, cao c\u1ea5p - \u0110i\u1ec7n hoa t\u01b0\u01a1i online 24h.\" \/>\n<meta property=\"og:description\" content=\"Ombre Confetti l\u00e0 m\u1eabu hoa c\u1ea7m tay cho nh\u1eefng c\u00f4 n\u00e0ng mang c\u00e1 t\u00ednh, th\u1ec3 hi\u1ec7n s\u1ef1 ki\u00eau k\u00ec v\u00e0 mu\u1ed1n t\u1ea1o m\u1ed9t \u0111i\u1ec3m nh\u1ea5n kh\u00f3 qu\u00ean cho \u0111\u00e1m c\u01b0\u1edbi tuy\u1ec7t v\u1eddi c\u1ee7a m\u00ecnh\" \/>\n<meta property=\"og:url\" content=\"https:\/\/tiff.vn\/?product=bo-hoa-tay-co-dau-ombre-confetti-t08\" \/>\n<meta property=\"og:site_name\" content=\"Tiff Planner | Tiffany Wedding &amp; Event\" \/>\n<meta property=\"article:modified_time\" content=\"2024-06-27T03:26:41+00:00\" \/>\n<meta property=\"og:image\" content=\"https:\/\/tiff.vn\/wp-content\/uploads\/2024\/06\/Bo-hoa-tay-co-dau-Ombre-Confetti-T08.jpg\" \/>\n\t<meta property=\"og:image:width\" content=\"900\" \/>\n\t<meta property=\"og:image:height\" content=\"900\" \/>\n\t<meta property=\"og:image:type\" content=\"image\/jpeg\" \/>\n<meta name=\"twitter:card\" content=\"summary_large_image\" \/>\n<meta name=\"twitter:label1\" content=\"\u01af\u1edbc t\u00ednh th\u1eddi gian \u0111\u1ecdc\" \/>\n\t<meta name=\"twitter:data1\" content=\"1 ph\u00fat\" \/>\n<script type=\"application\/ld+json\" class=\"yoast-schema-graph\">{\"@context\":\"https:\/\/schema.org\",\"@graph\":[{\"@type\":\"WebPage\",\"@id\":\"https:\/\/tiff.vn\/?product=bo-hoa-tay-co-dau-ombre-confetti-t08\",\"url\":\"https:\/\/tiff.vn\/?product=bo-hoa-tay-co-dau-ombre-confetti-t08\",\"name\":\"B\u00f3 hoa tay c\u00f4 d\u00e2u sang tr\u1ecdng, cao c\u1ea5p - \u0110i\u1ec7n hoa t\u01b0\u01a1i online 24h.\",\"isPartOf\":{\"@id\":\"http:\/\/103.159.50.39\/#website\"},\"primaryImageOfPage\":{\"@id\":\"https:\/\/tiff.vn\/?product=bo-hoa-tay-co-dau-ombre-confetti-t08#primaryimage\"},\"image\":{\"@id\":\"https:\/\/tiff.vn\/?product=bo-hoa-tay-co-dau-ombre-confetti-t08#primaryimage\"},\"thumbnailUrl\":\"https:\/\/tiff.vn\/wp-content\/uploads\/2024\/06\/Bo-hoa-tay-co-dau-Ombre-Confetti-T08.jpg\",\"datePublished\":\"2024-05-31T14:50:09+00:00\",\"dateModified\":\"2024-06-27T03:26:41+00:00\",\"description\":\"Ombre Confetti l\u00e0 m\u1eabu hoa c\u1ea7m tay cho nh\u1eefng c\u00f4 n\u00e0ng mang c\u00e1 t\u00ednh, th\u1ec3 hi\u1ec7n s\u1ef1 ki\u00eau k\u00ec v\u00e0 mu\u1ed1n t\u1ea1o m\u1ed9t \u0111i\u1ec3m nh\u1ea5n kh\u00f3 qu\u00ean cho \u0111\u00e1m c\u01b0\u1edbi tuy\u1ec7t v\u1eddi c\u1ee7a m\u00ecnh\",\"breadcrumb\":{\"@id\":\"https:\/\/tiff.vn\/?product=bo-hoa-tay-co-dau-ombre-confetti-t08#breadcrumb\"},\"inLanguage\":\"vi\",\"potentialAction\":[{\"@type\":\"ReadAction\",\"target\":[\"https:\/\/tiff.vn\/?product=bo-hoa-tay-co-dau-ombre-confetti-t08\"]}]},{\"@type\":\"ImageObject\",\"inLanguage\":\"vi\",\"@id\":\"https:\/\/tiff.vn\/?product=bo-hoa-tay-co-dau-ombre-confetti-t08#primaryimage\",\"url\":\"https:\/\/tiff.vn\/wp-content\/uploads\/2024\/06\/Bo-hoa-tay-co-dau-Ombre-Confetti-T08.jpg\",\"contentUrl\":\"https:\/\/tiff.vn\/wp-content\/uploads\/2024\/06\/Bo-hoa-tay-co-dau-Ombre-Confetti-T08.jpg\",\"width\":900,\"height\":900},{\"@type\":\"BreadcrumbList\",\"@id\":\"https:\/\/tiff.vn\/?product=bo-hoa-tay-co-dau-ombre-confetti-t08#breadcrumb\",\"itemListElement\":[{\"@type\":\"ListItem\",\"position\":1,\"name\":\"Home\",\"item\":\"http:\/\/103.159.50.39\/\"},{\"@type\":\"ListItem\",\"position\":2,\"name\":\"S\u1ea3n ph\u1ea9m\",\"item\":\"https:\/\/tiff.vn\/?post_type=product\"},{\"@type\":\"ListItem\",\"position\":3,\"name\":\"B\u00f3 Hoa Tay C\u00f4 D\u00e2u Ombre Confetti &#8211; T08\"}]},{\"@type\":\"WebSite\",\"@id\":\"http:\/\/103.159.50.39\/#website\",\"url\":\"http:\/\/103.159.50.39\/\",\"name\":\"Tiff Wedding Planner & Decoration\",\"description\":\"Top Wedding &amp; Event Planner h\u00e0ng \u0111\u1ea7u Vi\u1ec7t Nam - Ti\u00ean phong ki\u1ebfn t\u1ea1o nh\u1eefng \u0111\u00e1m c\u01b0\u1edbi \u0111\u1ed9c b\u1ea3n v\u00e0 s\u1ef1 ki\u1ec7n \u0111\u1eb3ng c\u1ea5p\",\"publisher\":{\"@id\":\"http:\/\/103.159.50.39\/#organization\"},\"alternateName\":\"Tiff Wedding Planner & Decoration\",\"potentialAction\":[{\"@type\":\"SearchAction\",\"target\":{\"@type\":\"EntryPoint\",\"urlTemplate\":\"http:\/\/103.159.50.39\/?s={search_term_string}\"},\"query-input\":{\"@type\":\"PropertyValueSpecification\",\"valueRequired\":true,\"valueName\":\"search_term_string\"}}],\"inLanguage\":\"vi\"},{\"@type\":\"Organization\",\"@id\":\"http:\/\/103.159.50.39\/#organization\",\"name\":\"Tiff Wedding Planner & Decoration\",\"url\":\"http:\/\/103.159.50.39\/\",\"logo\":{\"@type\":\"ImageObject\",\"inLanguage\":\"vi\",\"@id\":\"http:\/\/103.159.50.39\/#\/schema\/logo\/image\/\",\"url\":\"https:\/\/tiff.vn\/wp-content\/uploads\/2023\/05\/logo_main.png\",\"contentUrl\":\"https:\/\/tiff.vn\/wp-content\/uploads\/2023\/05\/logo_main.png\",\"width\":228,\"height\":64,\"caption\":\"Tiff Wedding Planner & Decoration\"},\"image\":{\"@id\":\"http:\/\/103.159.50.39\/#\/schema\/logo\/image\/\"}}]}<\/script>\n<!-- \/ Yoast SEO plugin. -->","yoast_head_json":{"title":"B\u00f3 hoa tay c\u00f4 d\u00e2u sang tr\u1ecdng, cao c\u1ea5p - \u0110i\u1ec7n hoa t\u01b0\u01a1i online 24h.","description":"Ombre Confetti l\u00e0 m\u1eabu hoa c\u1ea7m tay cho nh\u1eefng c\u00f4 n\u00e0ng mang c\u00e1 t\u00ednh, th\u1ec3 hi\u1ec7n s\u1ef1 ki\u00eau k\u00ec v\u00e0 mu\u1ed1n t\u1ea1o m\u1ed9t \u0111i\u1ec3m nh\u1ea5n kh\u00f3 qu\u00ean cho \u0111\u00e1m c\u01b0\u1edbi tuy\u1ec7t v\u1eddi c\u1ee7a m\u00ecnh","robots":{"index":"index","follow":"follow","max-snippet":"max-snippet:-1","max-image-preview":"max-image-preview:large","max-video-preview":"max-video-preview:-1"},"canonical":"https:\/\/tiff.vn\/?product=bo-hoa-tay-co-dau-ombre-confetti-t08","og_locale":"vi_VN","og_type":"article","og_title":"B\u00f3 hoa tay c\u00f4 d\u00e2u sang tr\u1ecdng, cao c\u1ea5p - \u0110i\u1ec7n hoa t\u01b0\u01a1i online 24h.","og_description":"Ombre Confetti l\u00e0 m\u1eabu hoa c\u1ea7m tay cho nh\u1eefng c\u00f4 n\u00e0ng mang c\u00e1 t\u00ednh, th\u1ec3 hi\u1ec7n s\u1ef1 ki\u00eau k\u00ec v\u00e0 mu\u1ed1n t\u1ea1o m\u1ed9t \u0111i\u1ec3m nh\u1ea5n kh\u00f3 qu\u00ean cho \u0111\u00e1m c\u01b0\u1edbi tuy\u1ec7t v\u1eddi c\u1ee7a m\u00ecnh","og_url":"https:\/\/tiff.vn\/?product=bo-hoa-tay-co-dau-ombre-confetti-t08","og_site_name":"Tiff Planner | Tiffany Wedding &amp; Event","article_modified_time":"2024-06-27T03:26:41+00:00","og_image":[{"width":900,"height":900,"url":"https:\/\/tiff.vn\/wp-content\/uploads\/2024\/06\/Bo-hoa-tay-co-dau-Ombre-Confetti-T08.jpg","type":"image\/jpeg"}],"twitter_card":"summary_large_image","twitter_misc":{"\u01af\u1edbc t\u00ednh th\u1eddi gian \u0111\u1ecdc":"1 ph\u00fat"},"schema":{"@context":"https:\/\/schema.org","@graph":[{"@type":"WebPage","@id":"https:\/\/tiff.vn\/?product=bo-hoa-tay-co-dau-ombre-confetti-t08","url":"https:\/\/tiff.vn\/?product=bo-hoa-tay-co-dau-ombre-confetti-t08","name":"B\u00f3 hoa tay c\u00f4 d\u00e2u sang tr\u1ecdng, cao c\u1ea5p - \u0110i\u1ec7n hoa t\u01b0\u01a1i online 24h.","isPartOf":{"@id":"http:\/\/103.159.50.39\/#website"},"primaryImageOfPage":{"@id":"https:\/\/tiff.vn\/?product=bo-hoa-tay-co-dau-ombre-confetti-t08#primaryimage"},"image":{"@id":"https:\/\/tiff.vn\/?product=bo-hoa-tay-co-dau-ombre-confetti-t08#primaryimage"},"thumbnailUrl":"https:\/\/tiff.vn\/wp-content\/uploads\/2024\/06\/Bo-hoa-tay-co-dau-Ombre-Confetti-T08.jpg","datePublished":"2024-05-31T14:50:09+00:00","dateModified":"2024-06-27T03:26:41+00:00","description":"Ombre Confetti l\u00e0 m\u1eabu hoa c\u1ea7m tay cho nh\u1eefng c\u00f4 n\u00e0ng mang c\u00e1 t\u00ednh, th\u1ec3 hi\u1ec7n s\u1ef1 ki\u00eau k\u00ec v\u00e0 mu\u1ed1n t\u1ea1o m\u1ed9t \u0111i\u1ec3m nh\u1ea5n kh\u00f3 qu\u00ean cho \u0111\u00e1m c\u01b0\u1edbi tuy\u1ec7t v\u1eddi c\u1ee7a m\u00ecnh","breadcrumb":{"@id":"https:\/\/tiff.vn\/?product=bo-hoa-tay-co-dau-ombre-confetti-t08#breadcrumb"},"inLanguage":"vi","potentialAction":[{"@type":"ReadAction","target":["https:\/\/tiff.vn\/?product=bo-hoa-tay-co-dau-ombre-confetti-t08"]}]},{"@type":"ImageObject","inLanguage":"vi","@id":"https:\/\/tiff.vn\/?product=bo-hoa-tay-co-dau-ombre-confetti-t08#primaryimage","url":"https:\/\/tiff.vn\/wp-content\/uploads\/2024\/06\/Bo-hoa-tay-co-dau-Ombre-Confetti-T08.jpg","contentUrl":"https:\/\/tiff.vn\/wp-content\/uploads\/2024\/06\/Bo-hoa-tay-co-dau-Ombre-Confetti-T08.jpg","width":900,"height":900},{"@type":"BreadcrumbList","@id":"https:\/\/tiff.vn\/?product=bo-hoa-tay-co-dau-ombre-confetti-t08#breadcrumb","itemListElement":[{"@type":"ListItem","position":1,"name":"Home","item":"http:\/\/103.159.50.39\/"},{"@type":"ListItem","position":2,"name":"S\u1ea3n ph\u1ea9m","item":"https:\/\/tiff.vn\/?post_type=product"},{"@type":"ListItem","position":3,"name":"B\u00f3 Hoa Tay C\u00f4 D\u00e2u Ombre Confetti &#8211; T08"}]},{"@type":"WebSite","@id":"http:\/\/103.159.50.39\/#website","url":"http:\/\/103.159.50.39\/","name":"Tiff Wedding Planner & Decoration","description":"Top Wedding &amp; Event Planner h\u00e0ng \u0111\u1ea7u Vi\u1ec7t Nam - Ti\u00ean phong ki\u1ebfn t\u1ea1o nh\u1eefng \u0111\u00e1m c\u01b0\u1edbi \u0111\u1ed9c b\u1ea3n v\u00e0 s\u1ef1 ki\u1ec7n \u0111\u1eb3ng c\u1ea5p","publisher":{"@id":"http:\/\/103.159.50.39\/#organization"},"alternateName":"Tiff Wedding Planner & Decoration","potentialAction":[{"@type":"SearchAction","target":{"@type":"EntryPoint","urlTemplate":"http:\/\/103.159.50.39\/?s={search_term_string}"},"query-input":{"@type":"PropertyValueSpecification","valueRequired":true,"valueName":"search_term_string"}}],"inLanguage":"vi"},{"@type":"Organization","@id":"http:\/\/103.159.50.39\/#organization","name":"Tiff Wedding Planner & Decoration","url":"http:\/\/103.159.50.39\/","logo":{"@type":"ImageObject","inLanguage":"vi","@id":"http:\/\/103.159.50.39\/#\/schema\/logo\/image\/","url":"https:\/\/tiff.vn\/wp-content\/uploads\/2023\/05\/logo_main.png","contentUrl":"https:\/\/tiff.vn\/wp-content\/uploads\/2023\/05\/logo_main.png","width":228,"height":64,"caption":"Tiff Wedding Planner & Decoration"},"image":{"@id":"http:\/\/103.159.50.39\/#\/schema\/logo\/image\/"}}]}},"_links":{"self":[{"href":"https:\/\/tiff.vn\/index.php?rest_route=\/wp\/v2\/product\/31241","targetHints":{"allow":["GET"]}}],"collection":[{"href":"https:\/\/tiff.vn\/index.php?rest_route=\/wp\/v2\/product"}],"about":[{"href":"https:\/\/tiff.vn\/index.php?rest_route=\/wp\/v2\/types\/product"}],"replies":[{"embeddable":true,"href":"https:\/\/tiff.vn\/index.php?rest_route=%2Fwp%2Fv2%2Fcomments&post=31241"}],"version-history":[{"count":0,"href":"https:\/\/tiff.vn\/index.php?rest_route=\/wp\/v2\/product\/31241\/revisions"}],"wp:featuredmedia":[{"embeddable":true,"href":"https:\/\/tiff.vn\/index.php?rest_route=\/wp\/v2\/media\/39998"}],"wp:attachment":[{"href":"https:\/\/tiff.vn\/index.php?rest_route=%2Fwp%2Fv2%2Fmedia&parent=31241"}],"wp:term":[{"taxonomy":"product_brand","embeddable":true,"href":"https:\/\/tiff.vn\/index.php?rest_route=%2Fwp%2Fv2%2Fproduct_brand&post=31241"},{"taxonomy":"product_cat","embeddable":true,"href":"https:\/\/tiff.vn\/index.php?rest_route=%2Fwp%2Fv2%2Fproduct_cat&post=31241"},{"taxonomy":"product_tag","embeddable":true,"href":"https:\/\/tiff.vn\/index.php?rest_route=%2Fwp%2Fv2%2Fproduct_tag&post=31241"}],"curies":[{"name":"wp","href":"https:\/\/api.w.org\/{rel}","templated":true}]}}