{"id":31276,"date":"2024-05-31T14:50:36","date_gmt":"2024-05-31T14:50:36","guid":{"rendered":"https:\/\/tiff.vn\/?post_type=product&#038;p=31276"},"modified":"2024-06-27T03:10:49","modified_gmt":"2024-06-27T03:10:49","slug":"bo-hoa-tay-co-dau-classic-t58","status":"publish","type":"product","link":"https:\/\/tiff.vn\/?product=bo-hoa-tay-co-dau-classic-t58","title":{"rendered":"B\u00f3 Hoa Tay c\u00f4 d\u00e2u Classic &#8211; T58"},"content":{"rendered":"<p><strong>B\u00f3 hoa c\u1ea7m tay c\u00f4 d\u00e2u Classic<\/strong> kh\u00f4ng ch\u1ec9 \u0111\u1eb9p, g\u00f3p ph\u1ea7n l\u00e0m n\u1ed5i b\u1eadt v\u1ebb thu\u1ea7n khi\u1ebft c\u1ee7a c\u00f4 d\u00e2u m\u00e0 c\u00f2n c\u00f3 r\u1ea5t nhi\u1ec1u \u00fd ngh\u0129a. B\u00f3 hoa mang th\u00f4ng \u0111i\u1ec7p cho m\u1ed9t kh\u1edfi \u0111\u1ea7u cu\u1ed9c s\u1ed1ng l\u1ee9a \u0111\u00f4i h\u1ea1nh ph\u00fac. Ch\u1ea5t cam r\u1ef1c r\u1ee1 mang s\u1eafc th\u00e1i n\u1ed5i b\u1eadt pha ch\u00fat c\u1ed5 \u0111i\u1ec3n, ph\u00e1 c\u00e1ch s\u1ebd l\u00e0 ch\u1ea5t x\u00fac t\u00e1c m\u00e3nh li\u1ec7t cho ng\u00e0y c\u01b0\u1edbi c\u1ee7a b\u1ea1n th\u00eam tr\u1ecdn v\u1eb9n.<\/p>\n<p><strong>C\u00e1c lo\u1ea1i hoa s\u1eed d\u1ee5ng:<\/strong><\/p>\n<p>+ L\u00e1 m\u00f9a thu nh\u1eadp kh\u1ea9u h\u00e0 lan<\/p>\n<p>+ H\u1ed3ng cam v\u00e0ng<\/p>\n<p>+ \u0110\u1ed3ng ti\u1ec1n tua nh\u1eadp kh\u1ea9u<\/p>\n<p>+ C\u00fac l\u01b0\u1edbi n\u00e2u \u0111\u1ea5t \u0111\u00e0 l\u1ea1t<\/p>\n<p>+ Lan t\u01b0\u1eddng kem v\u00e0ng nh\u1eadp kh\u1ea9u<\/p>\n<p>+ Qu\u1ea3 ti\u00eau nh\u1eadp kh\u1ea9u<\/p>\n<p>C\u00e1c lo\u1ea1i hoa l\u00e1 ph\u1ee5 cao c\u1ea5p kh\u00e1c<\/p>\n<p><strong>TIFF Flowers cam k\u1ebft ch\u1ea5t l\u01b0\u1ee3ng hoa tr\u00ean t\u1eebng s\u1ea3n ph\u1ea9m \u0111\u01b0\u1ee3c giao \u0111\u1ebfn tay kh\u00e1ch h\u00e0ng! <\/strong><\/p>\n<p><strong>L\u01b0u \u00fd: Gi\u00e1 s\u1ea3n ph\u1ea9m ch\u01b0a bao g\u1ed3m VAT.<\/strong><\/p>\n<p>&#8212;<\/p>\n<p>TIFFANY WEDDING &amp; EVENT \u2013 MORE THAN YOU EXPECT<\/p>\n<p>Hotline: 0836 999 088 &#8211; 0836 888 099<\/p>\n<p>Address:<\/p>\n<ul>\n<li>H\u00e0 N\u1ed9i: 125 Nghi T\u00e0m, T\u00e2y H\u1ed3<\/li>\n<li>H\u1ed3 Ch\u00ed Minh: 180\/45 Nguy\u1ec5n H\u1eefu C\u1ea3nh, P22, Q B\u00ecnh Th\u1ea1nh<\/li>\n<\/ul>\n<p>Website: https:\/\/tiff.vn\/<\/p>\n<p>Contact us for booking appointment<\/p>\n","protected":false},"excerpt":{"rendered":"<p>Tone Cam<\/p>\n<p>\u0110\u1ed9c \u0111\u00e1o, n\u1ed5i b\u1eadt<\/p>\n<p>C\u00e1c lo\u1ea1i hoa s\u1eed d\u1ee5ng:<\/p>\n<p>+ L\u00e1 m\u00f9a thu nh\u1eadp kh\u1ea9u h\u00e0 lan<\/p>\n<p>+ H\u1ed3ng cam v\u00e0ng<\/p>\n<p>+ \u0110\u1ed3ng ti\u1ec1n tua nh\u1eadp kh\u1ea9u<\/p>\n<p>+ C\u00fac l\u01b0\u1edbi n\u00e2u \u0111\u1ea5t \u0111\u00e0 l\u1ea1t<\/p>\n<p>+ Lan t\u01b0\u1eddng kem v\u00e0ng nh\u1eadp kh\u1ea9u<\/p>\n<p>+ Qu\u1ea3 ti\u00eau nh\u1eadp kh\u1ea9u<\/p>\n<p>C\u00e1c lo\u1ea1i hoa l\u00e1 ph\u1ee5 cao c\u1ea5p kh\u00e1c<\/p>\n<p><em>T\u1eb7ng mi\u1ec5n ph\u00ed thi\u1ec7p \u2013 banner ch\u00fac m\u1eebng thi\u1ebft k\u1ebf (vui l\u00f2ng ghi r\u00f5 \u1edf m\u1ee5c ghi ch\u00fa). <\/em><\/p>\n<p><em>Giao hoa g\u1ea5p trong m\u1ed9t gi\u1edd. <\/em><\/p>\n<p><em>Cam k\u1ebft 100% ho\u00e0n ti\u1ec1n n\u1ebfu b\u1ea1n kh\u00f4ng h\u00e0i l\u00f2ng.<\/em><\/p>\n<p>&#8212;<\/p>\n<p>TIFFANY WEDDING &amp; EVENT \u2013 MORE THAN YOU EXPECT<\/p>\n<p>Hotline: 0836 999 088 &#8211; 0836 888 099<\/p>\n<p>Address:<\/p>\n<ul>\n<li>H\u00e0 N\u1ed9i: 125 Nghi T\u00e0m, T\u00e2y H\u1ed3<\/li>\n<li>H\u1ed3 Ch\u00ed Minh: 180\/45 Nguy\u1ec5n H\u1eefu C\u1ea3nh, P22, Q B\u00ecnh Th\u1ea1nh<\/li>\n<\/ul>\n<p>Website: https:\/\/tiff.vn\/<\/p>\n<p>Contact us for booking appointment<\/p>\n","protected":false},"featured_media":39988,"comment_status":"closed","ping_status":"closed","template":"","meta":{"_acf_changed":false},"product_brand":[],"product_cat":[362,382],"product_tag":[],"class_list":{"0":"post-31276","1":"product","2":"type-product","3":"status-publish","4":"has-post-thumbnail","6":"product_cat-hoa-cuoi","7":"product_cat-hoa-cuoi-cam-tay","9":"first","10":"instock","11":"sale","12":"shipping-taxable","13":"purchasable","14":"product-type-simple"},"acf":[],"yoast_head":"<!-- This site is optimized with the Yoast SEO plugin v25.0 - https:\/\/yoast.com\/wordpress\/plugins\/seo\/ -->\n<title>B\u00f3 hoa tay c\u00f4 d\u00e2u phong c\u00e1ch c\u00e1 t\u00ednh - \u0110i\u1ec7n hoa t\u01b0\u01a1i online 24h<\/title>\n<meta name=\"description\" content=\"Ch\u1ea5t cam r\u1ef1c r\u1ee1 mang s\u1eafc th\u00e1i n\u1ed5i b\u1eadt pha ch\u00fat c\u1ed5 \u0111i\u1ec3n, ph\u00e1 c\u00e1ch s\u1ebd l\u00e0 ch\u1ea5t x\u00fac t\u00e1c m\u00e3nh li\u1ec7t cho ng\u00e0y c\u01b0\u1edbi c\u1ee7a b\u1ea1n th\u00eam tr\u1ecdn v\u1eb9n.\" \/>\n<meta name=\"robots\" content=\"index, follow, max-snippet:-1, max-image-preview:large, max-video-preview:-1\" \/>\n<link rel=\"canonical\" href=\"https:\/\/tiff.vn\/?product=bo-hoa-tay-co-dau-classic-t58\" \/>\n<meta property=\"og:locale\" content=\"vi_VN\" \/>\n<meta property=\"og:type\" content=\"article\" \/>\n<meta property=\"og:title\" content=\"B\u00f3 hoa tay c\u00f4 d\u00e2u phong c\u00e1ch c\u00e1 t\u00ednh - \u0110i\u1ec7n hoa t\u01b0\u01a1i online 24h\" \/>\n<meta property=\"og:description\" content=\"Ch\u1ea5t cam r\u1ef1c r\u1ee1 mang s\u1eafc th\u00e1i n\u1ed5i b\u1eadt pha ch\u00fat c\u1ed5 \u0111i\u1ec3n, ph\u00e1 c\u00e1ch s\u1ebd l\u00e0 ch\u1ea5t x\u00fac t\u00e1c m\u00e3nh li\u1ec7t cho ng\u00e0y c\u01b0\u1edbi c\u1ee7a b\u1ea1n th\u00eam tr\u1ecdn v\u1eb9n.\" \/>\n<meta property=\"og:url\" content=\"https:\/\/tiff.vn\/?product=bo-hoa-tay-co-dau-classic-t58\" \/>\n<meta property=\"og:site_name\" content=\"Tiff Planner | Tiffany Wedding &amp; Event\" \/>\n<meta property=\"article:modified_time\" content=\"2024-06-27T03:10:49+00:00\" \/>\n<meta property=\"og:image\" content=\"https:\/\/tiff.vn\/wp-content\/uploads\/2024\/06\/Bo-hoa-tay-co-dau-Classic-T58.jpg\" \/>\n\t<meta property=\"og:image:width\" content=\"1920\" \/>\n\t<meta property=\"og:image:height\" content=\"1920\" \/>\n\t<meta property=\"og:image:type\" content=\"image\/jpeg\" \/>\n<meta name=\"twitter:card\" content=\"summary_large_image\" \/>\n<meta name=\"twitter:label1\" content=\"\u01af\u1edbc t\u00ednh th\u1eddi gian \u0111\u1ecdc\" \/>\n\t<meta name=\"twitter:data1\" content=\"1 ph\u00fat\" \/>\n<script type=\"application\/ld+json\" class=\"yoast-schema-graph\">{\"@context\":\"https:\/\/schema.org\",\"@graph\":[{\"@type\":\"WebPage\",\"@id\":\"https:\/\/tiff.vn\/?product=bo-hoa-tay-co-dau-classic-t58\",\"url\":\"https:\/\/tiff.vn\/?product=bo-hoa-tay-co-dau-classic-t58\",\"name\":\"B\u00f3 hoa tay c\u00f4 d\u00e2u phong c\u00e1ch c\u00e1 t\u00ednh - \u0110i\u1ec7n hoa t\u01b0\u01a1i online 24h\",\"isPartOf\":{\"@id\":\"http:\/\/103.159.50.39\/#website\"},\"primaryImageOfPage\":{\"@id\":\"https:\/\/tiff.vn\/?product=bo-hoa-tay-co-dau-classic-t58#primaryimage\"},\"image\":{\"@id\":\"https:\/\/tiff.vn\/?product=bo-hoa-tay-co-dau-classic-t58#primaryimage\"},\"thumbnailUrl\":\"https:\/\/tiff.vn\/wp-content\/uploads\/2024\/06\/Bo-hoa-tay-co-dau-Classic-T58.jpg\",\"datePublished\":\"2024-05-31T14:50:36+00:00\",\"dateModified\":\"2024-06-27T03:10:49+00:00\",\"description\":\"Ch\u1ea5t cam r\u1ef1c r\u1ee1 mang s\u1eafc th\u00e1i n\u1ed5i b\u1eadt pha ch\u00fat c\u1ed5 \u0111i\u1ec3n, ph\u00e1 c\u00e1ch s\u1ebd l\u00e0 ch\u1ea5t x\u00fac t\u00e1c m\u00e3nh li\u1ec7t cho ng\u00e0y c\u01b0\u1edbi c\u1ee7a b\u1ea1n th\u00eam tr\u1ecdn v\u1eb9n.\",\"breadcrumb\":{\"@id\":\"https:\/\/tiff.vn\/?product=bo-hoa-tay-co-dau-classic-t58#breadcrumb\"},\"inLanguage\":\"vi\",\"potentialAction\":[{\"@type\":\"ReadAction\",\"target\":[\"https:\/\/tiff.vn\/?product=bo-hoa-tay-co-dau-classic-t58\"]}]},{\"@type\":\"ImageObject\",\"inLanguage\":\"vi\",\"@id\":\"https:\/\/tiff.vn\/?product=bo-hoa-tay-co-dau-classic-t58#primaryimage\",\"url\":\"https:\/\/tiff.vn\/wp-content\/uploads\/2024\/06\/Bo-hoa-tay-co-dau-Classic-T58.jpg\",\"contentUrl\":\"https:\/\/tiff.vn\/wp-content\/uploads\/2024\/06\/Bo-hoa-tay-co-dau-Classic-T58.jpg\",\"width\":1920,\"height\":1920},{\"@type\":\"BreadcrumbList\",\"@id\":\"https:\/\/tiff.vn\/?product=bo-hoa-tay-co-dau-classic-t58#breadcrumb\",\"itemListElement\":[{\"@type\":\"ListItem\",\"position\":1,\"name\":\"Home\",\"item\":\"http:\/\/103.159.50.39\/\"},{\"@type\":\"ListItem\",\"position\":2,\"name\":\"S\u1ea3n ph\u1ea9m\",\"item\":\"https:\/\/tiff.vn\/?post_type=product\"},{\"@type\":\"ListItem\",\"position\":3,\"name\":\"B\u00f3 Hoa Tay c\u00f4 d\u00e2u Classic &#8211; T58\"}]},{\"@type\":\"WebSite\",\"@id\":\"http:\/\/103.159.50.39\/#website\",\"url\":\"http:\/\/103.159.50.39\/\",\"name\":\"Tiff Wedding Planner & Decoration\",\"description\":\"Top Wedding &amp; Event Planner h\u00e0ng \u0111\u1ea7u Vi\u1ec7t Nam - Ti\u00ean phong ki\u1ebfn t\u1ea1o nh\u1eefng \u0111\u00e1m c\u01b0\u1edbi \u0111\u1ed9c b\u1ea3n v\u00e0 s\u1ef1 ki\u1ec7n \u0111\u1eb3ng c\u1ea5p\",\"publisher\":{\"@id\":\"http:\/\/103.159.50.39\/#organization\"},\"alternateName\":\"Tiff Wedding Planner & Decoration\",\"potentialAction\":[{\"@type\":\"SearchAction\",\"target\":{\"@type\":\"EntryPoint\",\"urlTemplate\":\"http:\/\/103.159.50.39\/?s={search_term_string}\"},\"query-input\":{\"@type\":\"PropertyValueSpecification\",\"valueRequired\":true,\"valueName\":\"search_term_string\"}}],\"inLanguage\":\"vi\"},{\"@type\":\"Organization\",\"@id\":\"http:\/\/103.159.50.39\/#organization\",\"name\":\"Tiff Wedding Planner & Decoration\",\"url\":\"http:\/\/103.159.50.39\/\",\"logo\":{\"@type\":\"ImageObject\",\"inLanguage\":\"vi\",\"@id\":\"http:\/\/103.159.50.39\/#\/schema\/logo\/image\/\",\"url\":\"https:\/\/tiff.vn\/wp-content\/uploads\/2023\/05\/logo_main.png\",\"contentUrl\":\"https:\/\/tiff.vn\/wp-content\/uploads\/2023\/05\/logo_main.png\",\"width\":228,\"height\":64,\"caption\":\"Tiff Wedding Planner & Decoration\"},\"image\":{\"@id\":\"http:\/\/103.159.50.39\/#\/schema\/logo\/image\/\"}}]}<\/script>\n<!-- \/ Yoast SEO plugin. -->","yoast_head_json":{"title":"B\u00f3 hoa tay c\u00f4 d\u00e2u phong c\u00e1ch c\u00e1 t\u00ednh - \u0110i\u1ec7n hoa t\u01b0\u01a1i online 24h","description":"Ch\u1ea5t cam r\u1ef1c r\u1ee1 mang s\u1eafc th\u00e1i n\u1ed5i b\u1eadt pha ch\u00fat c\u1ed5 \u0111i\u1ec3n, ph\u00e1 c\u00e1ch s\u1ebd l\u00e0 ch\u1ea5t x\u00fac t\u00e1c m\u00e3nh li\u1ec7t cho ng\u00e0y c\u01b0\u1edbi c\u1ee7a b\u1ea1n th\u00eam tr\u1ecdn v\u1eb9n.","robots":{"index":"index","follow":"follow","max-snippet":"max-snippet:-1","max-image-preview":"max-image-preview:large","max-video-preview":"max-video-preview:-1"},"canonical":"https:\/\/tiff.vn\/?product=bo-hoa-tay-co-dau-classic-t58","og_locale":"vi_VN","og_type":"article","og_title":"B\u00f3 hoa tay c\u00f4 d\u00e2u phong c\u00e1ch c\u00e1 t\u00ednh - \u0110i\u1ec7n hoa t\u01b0\u01a1i online 24h","og_description":"Ch\u1ea5t cam r\u1ef1c r\u1ee1 mang s\u1eafc th\u00e1i n\u1ed5i b\u1eadt pha ch\u00fat c\u1ed5 \u0111i\u1ec3n, ph\u00e1 c\u00e1ch s\u1ebd l\u00e0 ch\u1ea5t x\u00fac t\u00e1c m\u00e3nh li\u1ec7t cho ng\u00e0y c\u01b0\u1edbi c\u1ee7a b\u1ea1n th\u00eam tr\u1ecdn v\u1eb9n.","og_url":"https:\/\/tiff.vn\/?product=bo-hoa-tay-co-dau-classic-t58","og_site_name":"Tiff Planner | Tiffany Wedding &amp; Event","article_modified_time":"2024-06-27T03:10:49+00:00","og_image":[{"width":1920,"height":1920,"url":"https:\/\/tiff.vn\/wp-content\/uploads\/2024\/06\/Bo-hoa-tay-co-dau-Classic-T58.jpg","type":"image\/jpeg"}],"twitter_card":"summary_large_image","twitter_misc":{"\u01af\u1edbc t\u00ednh th\u1eddi gian \u0111\u1ecdc":"1 ph\u00fat"},"schema":{"@context":"https:\/\/schema.org","@graph":[{"@type":"WebPage","@id":"https:\/\/tiff.vn\/?product=bo-hoa-tay-co-dau-classic-t58","url":"https:\/\/tiff.vn\/?product=bo-hoa-tay-co-dau-classic-t58","name":"B\u00f3 hoa tay c\u00f4 d\u00e2u phong c\u00e1ch c\u00e1 t\u00ednh - \u0110i\u1ec7n hoa t\u01b0\u01a1i online 24h","isPartOf":{"@id":"http:\/\/103.159.50.39\/#website"},"primaryImageOfPage":{"@id":"https:\/\/tiff.vn\/?product=bo-hoa-tay-co-dau-classic-t58#primaryimage"},"image":{"@id":"https:\/\/tiff.vn\/?product=bo-hoa-tay-co-dau-classic-t58#primaryimage"},"thumbnailUrl":"https:\/\/tiff.vn\/wp-content\/uploads\/2024\/06\/Bo-hoa-tay-co-dau-Classic-T58.jpg","datePublished":"2024-05-31T14:50:36+00:00","dateModified":"2024-06-27T03:10:49+00:00","description":"Ch\u1ea5t cam r\u1ef1c r\u1ee1 mang s\u1eafc th\u00e1i n\u1ed5i b\u1eadt pha ch\u00fat c\u1ed5 \u0111i\u1ec3n, ph\u00e1 c\u00e1ch s\u1ebd l\u00e0 ch\u1ea5t x\u00fac t\u00e1c m\u00e3nh li\u1ec7t cho ng\u00e0y c\u01b0\u1edbi c\u1ee7a b\u1ea1n th\u00eam tr\u1ecdn v\u1eb9n.","breadcrumb":{"@id":"https:\/\/tiff.vn\/?product=bo-hoa-tay-co-dau-classic-t58#breadcrumb"},"inLanguage":"vi","potentialAction":[{"@type":"ReadAction","target":["https:\/\/tiff.vn\/?product=bo-hoa-tay-co-dau-classic-t58"]}]},{"@type":"ImageObject","inLanguage":"vi","@id":"https:\/\/tiff.vn\/?product=bo-hoa-tay-co-dau-classic-t58#primaryimage","url":"https:\/\/tiff.vn\/wp-content\/uploads\/2024\/06\/Bo-hoa-tay-co-dau-Classic-T58.jpg","contentUrl":"https:\/\/tiff.vn\/wp-content\/uploads\/2024\/06\/Bo-hoa-tay-co-dau-Classic-T58.jpg","width":1920,"height":1920},{"@type":"BreadcrumbList","@id":"https:\/\/tiff.vn\/?product=bo-hoa-tay-co-dau-classic-t58#breadcrumb","itemListElement":[{"@type":"ListItem","position":1,"name":"Home","item":"http:\/\/103.159.50.39\/"},{"@type":"ListItem","position":2,"name":"S\u1ea3n ph\u1ea9m","item":"https:\/\/tiff.vn\/?post_type=product"},{"@type":"ListItem","position":3,"name":"B\u00f3 Hoa Tay c\u00f4 d\u00e2u Classic &#8211; T58"}]},{"@type":"WebSite","@id":"http:\/\/103.159.50.39\/#website","url":"http:\/\/103.159.50.39\/","name":"Tiff Wedding Planner & Decoration","description":"Top Wedding &amp; Event Planner h\u00e0ng \u0111\u1ea7u Vi\u1ec7t Nam - Ti\u00ean phong ki\u1ebfn t\u1ea1o nh\u1eefng \u0111\u00e1m c\u01b0\u1edbi \u0111\u1ed9c b\u1ea3n v\u00e0 s\u1ef1 ki\u1ec7n \u0111\u1eb3ng c\u1ea5p","publisher":{"@id":"http:\/\/103.159.50.39\/#organization"},"alternateName":"Tiff Wedding Planner & Decoration","potentialAction":[{"@type":"SearchAction","target":{"@type":"EntryPoint","urlTemplate":"http:\/\/103.159.50.39\/?s={search_term_string}"},"query-input":{"@type":"PropertyValueSpecification","valueRequired":true,"valueName":"search_term_string"}}],"inLanguage":"vi"},{"@type":"Organization","@id":"http:\/\/103.159.50.39\/#organization","name":"Tiff Wedding Planner & Decoration","url":"http:\/\/103.159.50.39\/","logo":{"@type":"ImageObject","inLanguage":"vi","@id":"http:\/\/103.159.50.39\/#\/schema\/logo\/image\/","url":"https:\/\/tiff.vn\/wp-content\/uploads\/2023\/05\/logo_main.png","contentUrl":"https:\/\/tiff.vn\/wp-content\/uploads\/2023\/05\/logo_main.png","width":228,"height":64,"caption":"Tiff Wedding Planner & Decoration"},"image":{"@id":"http:\/\/103.159.50.39\/#\/schema\/logo\/image\/"}}]}},"_links":{"self":[{"href":"https:\/\/tiff.vn\/index.php?rest_route=\/wp\/v2\/product\/31276","targetHints":{"allow":["GET"]}}],"collection":[{"href":"https:\/\/tiff.vn\/index.php?rest_route=\/wp\/v2\/product"}],"about":[{"href":"https:\/\/tiff.vn\/index.php?rest_route=\/wp\/v2\/types\/product"}],"replies":[{"embeddable":true,"href":"https:\/\/tiff.vn\/index.php?rest_route=%2Fwp%2Fv2%2Fcomments&post=31276"}],"version-history":[{"count":0,"href":"https:\/\/tiff.vn\/index.php?rest_route=\/wp\/v2\/product\/31276\/revisions"}],"wp:featuredmedia":[{"embeddable":true,"href":"https:\/\/tiff.vn\/index.php?rest_route=\/wp\/v2\/media\/39988"}],"wp:attachment":[{"href":"https:\/\/tiff.vn\/index.php?rest_route=%2Fwp%2Fv2%2Fmedia&parent=31276"}],"wp:term":[{"taxonomy":"product_brand","embeddable":true,"href":"https:\/\/tiff.vn\/index.php?rest_route=%2Fwp%2Fv2%2Fproduct_brand&post=31276"},{"taxonomy":"product_cat","embeddable":true,"href":"https:\/\/tiff.vn\/index.php?rest_route=%2Fwp%2Fv2%2Fproduct_cat&post=31276"},{"taxonomy":"product_tag","embeddable":true,"href":"https:\/\/tiff.vn\/index.php?rest_route=%2Fwp%2Fv2%2Fproduct_tag&post=31276"}],"curies":[{"name":"wp","href":"https:\/\/api.w.org\/{rel}","templated":true}]}}