{"id":47155,"date":"2024-10-07T10:28:53","date_gmt":"2024-10-07T03:28:53","guid":{"rendered":"https:\/\/tiff.vn\/?post_type=product&#038;p=47155"},"modified":"2025-12-26T10:36:11","modified_gmt":"2025-12-26T03:36:11","slug":"trung-tam-hoi-nghi-tiec-cuoi-hanoi-tower","status":"publish","type":"product","link":"https:\/\/tiff.vn\/?product=trung-tam-hoi-nghi-tiec-cuoi-hanoi-tower","title":{"rendered":"Trung t\u00e2m H\u1ed9i ngh\u1ecb Ti\u1ec7c c\u01b0\u1edbi Hanoi Tower"},"content":{"rendered":"\t\t<div data-elementor-type=\"product-post\" data-elementor-id=\"47155\" class=\"elementor elementor-47155\" data-elementor-post-type=\"product\">\n\t\t\t\t<div class=\"elementor-element elementor-element-d653fb1 thegem-e-con-layout-thegem e-flex e-con-boxed e-con e-parent\" data-id=\"d653fb1\" data-element_type=\"container\" data-settings=\"{&quot;thegem_container_layout&quot;:&quot;thegem&quot;}\">\n\t\t\t\t\t<div class=\"e-con-inner\">\n\t\t\t\t<div class=\"elementor-element elementor-element-f52e30b flex-horizontal-align-default flex-horizontal-align-tablet-default flex-horizontal-align-mobile-default flex-vertical-align-default flex-vertical-align-tablet-default flex-vertical-align-mobile-default elementor-widget elementor-widget-text-editor\" data-id=\"f52e30b\" data-element_type=\"widget\" data-widget_type=\"text-editor.default\">\n\t\t\t\t<div class=\"elementor-widget-container\">\n\t\t\t\t\t\t\t\t\t\t\t\t<div class=\"elementor-text-editor elementor-clearfix\">\r\n\t\t\t\t\t\t<p><img class=\"alignnone size-full wp-image-43162\" src=\"https:\/\/tiff.vn\/wp-content\/uploads\/2024\/09\/icon-border.png\" alt=\"\" width=\"7\" height=\"16\" \/>\u00a0 \u00a0<span style=\"font-size: 21px;\"><strong>Th\u00f4ng tin v\u1ec1 trung t\u00e2m H\u1ed9i ngh\u1ecb Ti\u1ec7c c\u01b0\u1edbi Hanoi Tower<\/strong><\/span><\/p><div><div data-zone-id=\"0\" data-line-index=\"0\" data-line=\"true\"><div data-zone-id=\"0\" data-line-index=\"0\" data-line=\"true\"><div data-zone-id=\"0\" data-line-index=\"0\" data-line=\"true\"><div data-zone-id=\"0\" data-line-index=\"0\" data-line=\"true\"><div data-zone-id=\"0\" data-line-index=\"0\" data-line=\"true\"><div data-zone-id=\"0\" data-line-index=\"0\" data-line=\"true\"><div data-zone-id=\"0\" data-line-index=\"0\" data-line=\"true\"><div data-zone-id=\"0\" data-line-index=\"0\" data-line=\"true\"><div data-zone-id=\"0\" data-line-index=\"0\" data-line=\"true\"><div data-zone-id=\"0\" data-line-index=\"0\" data-line=\"true\"><div data-zone-id=\"0\" data-line-index=\"0\" data-line=\"true\"><div data-zone-id=\"0\" data-line-index=\"0\" data-line=\"true\"><div><div data-zone-id=\"0\" data-line-index=\"0\" data-line=\"true\">Hanoi Tower Wedding &amp; Convention s\u1edf h\u1eefu kh\u00f4ng gian sang tr\u1ecdng, \u0111\u1eb3ng c\u1ea5p c\u00f9ng d\u1ecbch v\u1ee5 chuy\u00ean nghi\u1ec7p, t\u1eadn t\u00e2m, s\u1eb5n s\u00e0ng bi\u1ebfn m\u1ecdi \u01b0\u1edbc m\u01a1 v\u1ec1 \u0111\u00e1m c\u01b0\u1edbi c\u1ee7a b\u1ea1n th\u00e0nh hi\u1ec7n th\u1ef1c. \u0110\u1ed9i ng\u0169 nh\u00e2n vi\u00ean gi\u00e0u kinh nghi\u1ec7m s\u1ebd \u0111\u1ed3ng h\u00e0nh c\u00f9ng b\u1ea1n, t\u1eeb nh\u1eefng kh\u00e2u chu\u1ea9n b\u1ecb \u0111\u1ea7u ti\u00ean cho \u0111\u1ebfn ng\u00e0y tr\u1ecdng \u0111\u1ea1i, \u0111\u1ea3m b\u1ea3o m\u1ecdi chi ti\u1ebft \u0111\u01b0\u1ee3c ho\u00e0n h\u1ea3o nh\u1ea5t.<\/div><\/div><\/div><\/div><\/div><\/div><\/div><\/div><\/div><\/div><\/div><\/div><\/div><\/div><\/div>\t\t\t\t\t\t\t<\/div>\r\n\t\t\t\t\t\t\t\t\t\t<\/div>\n\t\t\t\t<\/div>\n\t\t\t\t<div class=\"elementor-element elementor-element-1669283 flex-horizontal-align-default flex-horizontal-align-tablet-default flex-horizontal-align-mobile-default flex-vertical-align-default flex-vertical-align-tablet-default flex-vertical-align-mobile-default elementor-widget elementor-widget-text-editor\" data-id=\"1669283\" data-element_type=\"widget\" data-widget_type=\"text-editor.default\">\n\t\t\t\t<div class=\"elementor-widget-container\">\n\t\t\t\t\t\t\t\t\t\t\t\t<div class=\"elementor-text-editor elementor-clearfix\">\r\n\t\t\t\t\t\t<p><img class=\"alignnone size-full wp-image-43162\" src=\"https:\/\/tiff.vn\/wp-content\/uploads\/2024\/09\/icon-border.png\" alt=\"\" width=\"7\" height=\"16\" \/>\u00a0 \u00a0<span style=\"font-size: 21px;\"><strong>H\u00ecnh \u1ea3nh trung t\u00e2m H\u1ed9i ngh\u1ecb Ti\u1ec7c c\u01b0\u1edbi Hanoi Tower<\/strong><\/span><\/p>\t\t\t\t\t\t\t<\/div>\r\n\t\t\t\t\t\t\t\t\t\t<\/div>\n\t\t\t\t<\/div>\n\t\t\t\t<div class=\"elementor-element elementor-element-94d0400 gallery-spacing-custom flex-horizontal-align-default flex-horizontal-align-tablet-default flex-horizontal-align-mobile-default flex-vertical-align-default flex-vertical-align-tablet-default flex-vertical-align-mobile-default elementor-widget elementor-widget-image-gallery\" data-id=\"94d0400\" data-element_type=\"widget\" data-widget_type=\"image-gallery.default\">\n\t\t\t\t<div class=\"elementor-widget-container\">\n\t\t\t\t\t\t\t<div class=\"elementor-image-gallery\">\n\t\t\t<div id='gallery-1' class='gallery galleryid-47155 gallery-columns-3 gallery-size-post-thumbnail'><figure class='gallery-item'>\n\t\t\t<div class='gallery-icon landscape'>\n\t\t\t\t<a data-elementor-open-lightbox=\"yes\" data-elementor-lightbox-slideshow=\"94d0400\" data-elementor-lightbox-title=\"khong-gian-tiec-cuoi-trung-tam-hoi-nghi-tiec-cuoi-hanoi-tower3\" data-e-action-hash=\"#elementor-action%3Aaction%3Dlightbox%26settings%3DeyJpZCI6NDcxNzIsInVybCI6Imh0dHBzOlwvXC90aWZmLnZuXC93cC1jb250ZW50XC91cGxvYWRzXC8yMDI0XC8xMFwva2hvbmctZ2lhbi10aWVjLWN1b2ktdHJ1bmctdGFtLWhvaS1uZ2hpLXRpZWMtY3VvaS1oYW5vaS10b3dlcjMuanBnIiwic2xpZGVzaG93IjoiOTRkMDQwMCJ9\" href='https:\/\/tiff.vn\/wp-content\/uploads\/2024\/10\/khong-gian-tiec-cuoi-trung-tam-hoi-nghi-tiec-cuoi-hanoi-tower3.jpg'><img fetchpriority=\"high\" width=\"672\" height=\"372\" src=\"https:\/\/tiff.vn\/wp-content\/uploads\/2024\/10\/khong-gian-tiec-cuoi-trung-tam-hoi-nghi-tiec-cuoi-hanoi-tower3-672x372.jpg\" class=\"attachment-post-thumbnail size-post-thumbnail\" alt=\"\" \/><\/a>\n\t\t\t<\/div><\/figure><figure class='gallery-item'>\n\t\t\t<div class='gallery-icon landscape'>\n\t\t\t\t<a data-elementor-open-lightbox=\"yes\" data-elementor-lightbox-slideshow=\"94d0400\" data-elementor-lightbox-title=\"khong-gian-tiec-cuoi-trung-tam-hoi-nghi-tiec-cuoi-hanoi-tower1\" data-e-action-hash=\"#elementor-action%3Aaction%3Dlightbox%26settings%3DeyJpZCI6NDcxNzMsInVybCI6Imh0dHBzOlwvXC90aWZmLnZuXC93cC1jb250ZW50XC91cGxvYWRzXC8yMDI0XC8xMFwva2hvbmctZ2lhbi10aWVjLWN1b2ktdHJ1bmctdGFtLWhvaS1uZ2hpLXRpZWMtY3VvaS1oYW5vaS10b3dlcjEuanBnIiwic2xpZGVzaG93IjoiOTRkMDQwMCJ9\" href='https:\/\/tiff.vn\/wp-content\/uploads\/2024\/10\/khong-gian-tiec-cuoi-trung-tam-hoi-nghi-tiec-cuoi-hanoi-tower1.jpg'><img width=\"672\" height=\"372\" src=\"https:\/\/tiff.vn\/wp-content\/uploads\/2024\/10\/khong-gian-tiec-cuoi-trung-tam-hoi-nghi-tiec-cuoi-hanoi-tower1-672x372.jpg\" class=\"attachment-post-thumbnail size-post-thumbnail\" alt=\"\" \/><\/a>\n\t\t\t<\/div><\/figure><figure class='gallery-item'>\n\t\t\t<div class='gallery-icon landscape'>\n\t\t\t\t<a data-elementor-open-lightbox=\"yes\" data-elementor-lightbox-slideshow=\"94d0400\" data-elementor-lightbox-title=\"khong-gian-tiec-cuoi-trung-tam-hoi-nghi-tiec-cuoi-hanoi-tower2\" data-e-action-hash=\"#elementor-action%3Aaction%3Dlightbox%26settings%3DeyJpZCI6NDcxNzQsInVybCI6Imh0dHBzOlwvXC90aWZmLnZuXC93cC1jb250ZW50XC91cGxvYWRzXC8yMDI0XC8xMFwva2hvbmctZ2lhbi10aWVjLWN1b2ktdHJ1bmctdGFtLWhvaS1uZ2hpLXRpZWMtY3VvaS1oYW5vaS10b3dlcjIuanBnIiwic2xpZGVzaG93IjoiOTRkMDQwMCJ9\" href='https:\/\/tiff.vn\/wp-content\/uploads\/2024\/10\/khong-gian-tiec-cuoi-trung-tam-hoi-nghi-tiec-cuoi-hanoi-tower2.jpg'><img loading=\"lazy\" width=\"672\" height=\"372\" src=\"https:\/\/tiff.vn\/wp-content\/uploads\/2024\/10\/khong-gian-tiec-cuoi-trung-tam-hoi-nghi-tiec-cuoi-hanoi-tower2-672x372.jpg\" class=\"attachment-post-thumbnail size-post-thumbnail\" alt=\"\" \/><\/a>\n\t\t\t<\/div><\/figure>\n\t\t<\/div>\n\t\t<\/div>\n\t\t\t\t\t\t<\/div>\n\t\t\t\t<\/div>\n\t\t\t\t\t<\/div>\n\t\t\t\t<\/div>\n\t\t\t\t<\/div>\n\t\t","protected":false},"excerpt":{"rendered":"<p>\u00a0 \u00a0Th\u00f4ng tin v\u1ec1 nh\u00e0 h\u00e0ng Sweet Soong Sweet Soong n\u1eb1m c\u1ea1nh ven s\u00f4ng S\u00e0i G\u00f2n, kh\u00f4ng gian xanh bao&#8230;<\/p>\n","protected":false},"featured_media":47162,"comment_status":"open","ping_status":"closed","template":"","meta":{"_acf_changed":false},"product_brand":[],"product_cat":[473],"product_tag":[610,612,613,611],"class_list":{"0":"post-47155","1":"product","2":"type-product","3":"status-publish","4":"has-post-thumbnail","6":"product_cat-dia-diem-to-chuc-tiec-cuoi","7":"product_tag-khach-san-5-sao","8":"product_tag-nghi-duong-luu-tru","9":"product_tag-nha-hang","10":"product_tag-to-chuc-su-kien","12":"first","13":"instock","14":"shipping-taxable","15":"product-type-simple"},"acf":[],"yoast_head":"<!-- This site is optimized with the Yoast SEO plugin v25.0 - https:\/\/yoast.com\/wordpress\/plugins\/seo\/ -->\n<title>Trung t\u00e2m H\u1ed9i ngh\u1ecb Ti\u1ec7c c\u01b0\u1edbi Hanoi Tower<\/title>\n<meta name=\"robots\" content=\"index, follow, max-snippet:-1, max-image-preview:large, max-video-preview:-1\" \/>\n<link rel=\"canonical\" href=\"https:\/\/tiff.vn\/?product=trung-tam-hoi-nghi-tiec-cuoi-hanoi-tower\" \/>\n<meta property=\"og:locale\" content=\"vi_VN\" \/>\n<meta property=\"og:type\" content=\"article\" \/>\n<meta property=\"og:title\" content=\"Trung t\u00e2m H\u1ed9i ngh\u1ecb Ti\u1ec7c c\u01b0\u1edbi Hanoi Tower\" \/>\n<meta property=\"og:description\" content=\"\u00a0 \u00a0Th\u00f4ng tin v\u1ec1 nh\u00e0 h\u00e0ng Sweet Soong Sweet Soong n\u1eb1m c\u1ea1nh ven s\u00f4ng S\u00e0i G\u00f2n, kh\u00f4ng gian xanh bao...\" \/>\n<meta property=\"og:url\" content=\"https:\/\/tiff.vn\/?product=trung-tam-hoi-nghi-tiec-cuoi-hanoi-tower\" \/>\n<meta property=\"og:site_name\" content=\"Tiff Planner | Tiffany Wedding &amp; Event\" \/>\n<meta property=\"article:modified_time\" content=\"2025-12-26T03:36:11+00:00\" \/>\n<meta property=\"og:image\" content=\"https:\/\/tiff.vn\/wp-content\/uploads\/2024\/10\/trung-tam-hoi-nghi-tiec-cuoi-hanoi-tower.jpeg\" \/>\n\t<meta property=\"og:image:width\" content=\"225\" \/>\n\t<meta property=\"og:image:height\" content=\"225\" \/>\n\t<meta property=\"og:image:type\" content=\"image\/jpeg\" \/>\n<meta name=\"twitter:card\" content=\"summary_large_image\" \/>\n<meta name=\"twitter:label1\" content=\"\u01af\u1edbc t\u00ednh th\u1eddi gian \u0111\u1ecdc\" \/>\n\t<meta name=\"twitter:data1\" content=\"3 ph\u00fat\" \/>\n<script type=\"application\/ld+json\" class=\"yoast-schema-graph\">{\"@context\":\"https:\/\/schema.org\",\"@graph\":[{\"@type\":\"WebPage\",\"@id\":\"https:\/\/tiff.vn\/?product=trung-tam-hoi-nghi-tiec-cuoi-hanoi-tower\",\"url\":\"https:\/\/tiff.vn\/?product=trung-tam-hoi-nghi-tiec-cuoi-hanoi-tower\",\"name\":\"Trung t\u00e2m H\u1ed9i ngh\u1ecb Ti\u1ec7c c\u01b0\u1edbi Hanoi Tower\",\"isPartOf\":{\"@id\":\"http:\/\/103.159.50.39\/#website\"},\"primaryImageOfPage\":{\"@id\":\"https:\/\/tiff.vn\/?product=trung-tam-hoi-nghi-tiec-cuoi-hanoi-tower#primaryimage\"},\"image\":{\"@id\":\"https:\/\/tiff.vn\/?product=trung-tam-hoi-nghi-tiec-cuoi-hanoi-tower#primaryimage\"},\"thumbnailUrl\":\"https:\/\/tiff.vn\/wp-content\/uploads\/2024\/10\/trung-tam-hoi-nghi-tiec-cuoi-hanoi-tower.jpeg\",\"datePublished\":\"2024-10-07T03:28:53+00:00\",\"dateModified\":\"2025-12-26T03:36:11+00:00\",\"breadcrumb\":{\"@id\":\"https:\/\/tiff.vn\/?product=trung-tam-hoi-nghi-tiec-cuoi-hanoi-tower#breadcrumb\"},\"inLanguage\":\"vi\",\"potentialAction\":[{\"@type\":\"ReadAction\",\"target\":[\"https:\/\/tiff.vn\/?product=trung-tam-hoi-nghi-tiec-cuoi-hanoi-tower\"]}]},{\"@type\":\"ImageObject\",\"inLanguage\":\"vi\",\"@id\":\"https:\/\/tiff.vn\/?product=trung-tam-hoi-nghi-tiec-cuoi-hanoi-tower#primaryimage\",\"url\":\"https:\/\/tiff.vn\/wp-content\/uploads\/2024\/10\/trung-tam-hoi-nghi-tiec-cuoi-hanoi-tower.jpeg\",\"contentUrl\":\"https:\/\/tiff.vn\/wp-content\/uploads\/2024\/10\/trung-tam-hoi-nghi-tiec-cuoi-hanoi-tower.jpeg\",\"width\":225,\"height\":225},{\"@type\":\"BreadcrumbList\",\"@id\":\"https:\/\/tiff.vn\/?product=trung-tam-hoi-nghi-tiec-cuoi-hanoi-tower#breadcrumb\",\"itemListElement\":[{\"@type\":\"ListItem\",\"position\":1,\"name\":\"Home\",\"item\":\"http:\/\/103.159.50.39\/\"},{\"@type\":\"ListItem\",\"position\":2,\"name\":\"S\u1ea3n ph\u1ea9m\",\"item\":\"https:\/\/tiff.vn\/?post_type=product\"},{\"@type\":\"ListItem\",\"position\":3,\"name\":\"Trung t\u00e2m H\u1ed9i ngh\u1ecb Ti\u1ec7c c\u01b0\u1edbi Hanoi Tower\"}]},{\"@type\":\"WebSite\",\"@id\":\"http:\/\/103.159.50.39\/#website\",\"url\":\"http:\/\/103.159.50.39\/\",\"name\":\"Tiff Wedding Planner & Decoration\",\"description\":\"Top Wedding &amp; Event Planner h\u00e0ng \u0111\u1ea7u Vi\u1ec7t Nam - Ti\u00ean phong ki\u1ebfn t\u1ea1o nh\u1eefng \u0111\u00e1m c\u01b0\u1edbi \u0111\u1ed9c b\u1ea3n v\u00e0 s\u1ef1 ki\u1ec7n \u0111\u1eb3ng c\u1ea5p\",\"publisher\":{\"@id\":\"http:\/\/103.159.50.39\/#organization\"},\"alternateName\":\"Tiff Wedding Planner & Decoration\",\"potentialAction\":[{\"@type\":\"SearchAction\",\"target\":{\"@type\":\"EntryPoint\",\"urlTemplate\":\"http:\/\/103.159.50.39\/?s={search_term_string}\"},\"query-input\":{\"@type\":\"PropertyValueSpecification\",\"valueRequired\":true,\"valueName\":\"search_term_string\"}}],\"inLanguage\":\"vi\"},{\"@type\":\"Organization\",\"@id\":\"http:\/\/103.159.50.39\/#organization\",\"name\":\"Tiff Wedding Planner & Decoration\",\"url\":\"http:\/\/103.159.50.39\/\",\"logo\":{\"@type\":\"ImageObject\",\"inLanguage\":\"vi\",\"@id\":\"http:\/\/103.159.50.39\/#\/schema\/logo\/image\/\",\"url\":\"https:\/\/tiff.vn\/wp-content\/uploads\/2023\/05\/logo_main.png\",\"contentUrl\":\"https:\/\/tiff.vn\/wp-content\/uploads\/2023\/05\/logo_main.png\",\"width\":228,\"height\":64,\"caption\":\"Tiff Wedding Planner & Decoration\"},\"image\":{\"@id\":\"http:\/\/103.159.50.39\/#\/schema\/logo\/image\/\"}}]}<\/script>\n<!-- \/ Yoast SEO plugin. -->","yoast_head_json":{"title":"Trung t\u00e2m H\u1ed9i ngh\u1ecb Ti\u1ec7c c\u01b0\u1edbi Hanoi Tower","robots":{"index":"index","follow":"follow","max-snippet":"max-snippet:-1","max-image-preview":"max-image-preview:large","max-video-preview":"max-video-preview:-1"},"canonical":"https:\/\/tiff.vn\/?product=trung-tam-hoi-nghi-tiec-cuoi-hanoi-tower","og_locale":"vi_VN","og_type":"article","og_title":"Trung t\u00e2m H\u1ed9i ngh\u1ecb Ti\u1ec7c c\u01b0\u1edbi Hanoi Tower","og_description":"\u00a0 \u00a0Th\u00f4ng tin v\u1ec1 nh\u00e0 h\u00e0ng Sweet Soong Sweet Soong n\u1eb1m c\u1ea1nh ven s\u00f4ng S\u00e0i G\u00f2n, kh\u00f4ng gian xanh bao...","og_url":"https:\/\/tiff.vn\/?product=trung-tam-hoi-nghi-tiec-cuoi-hanoi-tower","og_site_name":"Tiff Planner | Tiffany Wedding &amp; Event","article_modified_time":"2025-12-26T03:36:11+00:00","og_image":[{"width":225,"height":225,"url":"https:\/\/tiff.vn\/wp-content\/uploads\/2024\/10\/trung-tam-hoi-nghi-tiec-cuoi-hanoi-tower.jpeg","type":"image\/jpeg"}],"twitter_card":"summary_large_image","twitter_misc":{"\u01af\u1edbc t\u00ednh th\u1eddi gian \u0111\u1ecdc":"3 ph\u00fat"},"schema":{"@context":"https:\/\/schema.org","@graph":[{"@type":"WebPage","@id":"https:\/\/tiff.vn\/?product=trung-tam-hoi-nghi-tiec-cuoi-hanoi-tower","url":"https:\/\/tiff.vn\/?product=trung-tam-hoi-nghi-tiec-cuoi-hanoi-tower","name":"Trung t\u00e2m H\u1ed9i ngh\u1ecb Ti\u1ec7c c\u01b0\u1edbi Hanoi Tower","isPartOf":{"@id":"http:\/\/103.159.50.39\/#website"},"primaryImageOfPage":{"@id":"https:\/\/tiff.vn\/?product=trung-tam-hoi-nghi-tiec-cuoi-hanoi-tower#primaryimage"},"image":{"@id":"https:\/\/tiff.vn\/?product=trung-tam-hoi-nghi-tiec-cuoi-hanoi-tower#primaryimage"},"thumbnailUrl":"https:\/\/tiff.vn\/wp-content\/uploads\/2024\/10\/trung-tam-hoi-nghi-tiec-cuoi-hanoi-tower.jpeg","datePublished":"2024-10-07T03:28:53+00:00","dateModified":"2025-12-26T03:36:11+00:00","breadcrumb":{"@id":"https:\/\/tiff.vn\/?product=trung-tam-hoi-nghi-tiec-cuoi-hanoi-tower#breadcrumb"},"inLanguage":"vi","potentialAction":[{"@type":"ReadAction","target":["https:\/\/tiff.vn\/?product=trung-tam-hoi-nghi-tiec-cuoi-hanoi-tower"]}]},{"@type":"ImageObject","inLanguage":"vi","@id":"https:\/\/tiff.vn\/?product=trung-tam-hoi-nghi-tiec-cuoi-hanoi-tower#primaryimage","url":"https:\/\/tiff.vn\/wp-content\/uploads\/2024\/10\/trung-tam-hoi-nghi-tiec-cuoi-hanoi-tower.jpeg","contentUrl":"https:\/\/tiff.vn\/wp-content\/uploads\/2024\/10\/trung-tam-hoi-nghi-tiec-cuoi-hanoi-tower.jpeg","width":225,"height":225},{"@type":"BreadcrumbList","@id":"https:\/\/tiff.vn\/?product=trung-tam-hoi-nghi-tiec-cuoi-hanoi-tower#breadcrumb","itemListElement":[{"@type":"ListItem","position":1,"name":"Home","item":"http:\/\/103.159.50.39\/"},{"@type":"ListItem","position":2,"name":"S\u1ea3n ph\u1ea9m","item":"https:\/\/tiff.vn\/?post_type=product"},{"@type":"ListItem","position":3,"name":"Trung t\u00e2m H\u1ed9i ngh\u1ecb Ti\u1ec7c c\u01b0\u1edbi Hanoi Tower"}]},{"@type":"WebSite","@id":"http:\/\/103.159.50.39\/#website","url":"http:\/\/103.159.50.39\/","name":"Tiff Wedding Planner & Decoration","description":"Top Wedding &amp; Event Planner h\u00e0ng \u0111\u1ea7u Vi\u1ec7t Nam - Ti\u00ean phong ki\u1ebfn t\u1ea1o nh\u1eefng \u0111\u00e1m c\u01b0\u1edbi \u0111\u1ed9c b\u1ea3n v\u00e0 s\u1ef1 ki\u1ec7n \u0111\u1eb3ng c\u1ea5p","publisher":{"@id":"http:\/\/103.159.50.39\/#organization"},"alternateName":"Tiff Wedding Planner & Decoration","potentialAction":[{"@type":"SearchAction","target":{"@type":"EntryPoint","urlTemplate":"http:\/\/103.159.50.39\/?s={search_term_string}"},"query-input":{"@type":"PropertyValueSpecification","valueRequired":true,"valueName":"search_term_string"}}],"inLanguage":"vi"},{"@type":"Organization","@id":"http:\/\/103.159.50.39\/#organization","name":"Tiff Wedding Planner & Decoration","url":"http:\/\/103.159.50.39\/","logo":{"@type":"ImageObject","inLanguage":"vi","@id":"http:\/\/103.159.50.39\/#\/schema\/logo\/image\/","url":"https:\/\/tiff.vn\/wp-content\/uploads\/2023\/05\/logo_main.png","contentUrl":"https:\/\/tiff.vn\/wp-content\/uploads\/2023\/05\/logo_main.png","width":228,"height":64,"caption":"Tiff Wedding Planner & Decoration"},"image":{"@id":"http:\/\/103.159.50.39\/#\/schema\/logo\/image\/"}}]}},"_links":{"self":[{"href":"https:\/\/tiff.vn\/index.php?rest_route=\/wp\/v2\/product\/47155","targetHints":{"allow":["GET"]}}],"collection":[{"href":"https:\/\/tiff.vn\/index.php?rest_route=\/wp\/v2\/product"}],"about":[{"href":"https:\/\/tiff.vn\/index.php?rest_route=\/wp\/v2\/types\/product"}],"replies":[{"embeddable":true,"href":"https:\/\/tiff.vn\/index.php?rest_route=%2Fwp%2Fv2%2Fcomments&post=47155"}],"version-history":[{"count":1,"href":"https:\/\/tiff.vn\/index.php?rest_route=\/wp\/v2\/product\/47155\/revisions"}],"predecessor-version":[{"id":91612,"href":"https:\/\/tiff.vn\/index.php?rest_route=\/wp\/v2\/product\/47155\/revisions\/91612"}],"wp:featuredmedia":[{"embeddable":true,"href":"https:\/\/tiff.vn\/index.php?rest_route=\/wp\/v2\/media\/47162"}],"wp:attachment":[{"href":"https:\/\/tiff.vn\/index.php?rest_route=%2Fwp%2Fv2%2Fmedia&parent=47155"}],"wp:term":[{"taxonomy":"product_brand","embeddable":true,"href":"https:\/\/tiff.vn\/index.php?rest_route=%2Fwp%2Fv2%2Fproduct_brand&post=47155"},{"taxonomy":"product_cat","embeddable":true,"href":"https:\/\/tiff.vn\/index.php?rest_route=%2Fwp%2Fv2%2Fproduct_cat&post=47155"},{"taxonomy":"product_tag","embeddable":true,"href":"https:\/\/tiff.vn\/index.php?rest_route=%2Fwp%2Fv2%2Fproduct_tag&post=47155"}],"curies":[{"name":"wp","href":"https:\/\/api.w.org\/{rel}","templated":true}]}}