{"id":48694,"date":"2024-10-09T11:28:47","date_gmt":"2024-10-09T04:28:47","guid":{"rendered":"https:\/\/tiff.vn\/?post_type=product&#038;p=48694"},"modified":"2025-03-31T11:28:30","modified_gmt":"2025-03-31T04:28:30","slug":"trang-tri-tiec-cuoi-trinh-lan-xuan-truong-tai-softwater-restaurant","status":"publish","type":"product","link":"https:\/\/tiff.vn\/?product=trang-tri-tiec-cuoi-trinh-lan-xuan-truong-tai-softwater-restaurant","title":{"rendered":"Trang tr\u00ed ti\u1ec7c c\u01b0\u1edbi Trinh Lan &#038; Xu\u00e2n Tr\u01b0\u1eddng t\u1ea1i Softwater Restaurant"},"content":{"rendered":"\t\t<div data-elementor-type=\"product-post\" data-elementor-id=\"48694\" class=\"elementor elementor-48694\" data-elementor-post-type=\"product\">\n\t\t\t\t<div class=\"elementor-element elementor-element-eaa1053 thegem-e-con-layout-thegem e-flex e-con-boxed e-con e-parent\" data-id=\"eaa1053\" data-element_type=\"container\" data-settings=\"{&quot;thegem_container_layout&quot;:&quot;thegem&quot;}\">\n\t\t\t\t\t<div class=\"e-con-inner\">\n\t\t\t\t<div class=\"elementor-element elementor-element-15ced50 flex-horizontal-align-default flex-horizontal-align-tablet-default flex-horizontal-align-mobile-default flex-vertical-align-default flex-vertical-align-tablet-default flex-vertical-align-mobile-default elementor-widget elementor-widget-heading\" data-id=\"15ced50\" data-element_type=\"widget\" data-widget_type=\"heading.default\">\n\t\t\t\t<div class=\"elementor-widget-container\">\n\t\t\t\t\t<h2 class=\"elementor-heading-title elementor-size-default\">TH\u00d4NG TIN D\u1ef0 \u00c1N<\/h2>\t\t\t\t<\/div>\n\t\t\t\t<\/div>\n\t\t\t\t<div class=\"elementor-element elementor-element-08becd9 flex-horizontal-align-default flex-horizontal-align-tablet-default flex-horizontal-align-mobile-default flex-vertical-align-default flex-vertical-align-tablet-default flex-vertical-align-mobile-default elementor-widget elementor-widget-text-editor\" data-id=\"08becd9\" data-element_type=\"widget\" data-widget_type=\"text-editor.default\">\n\t\t\t\t<div class=\"elementor-widget-container\">\n\t\t\t\t\t\t\t\t\t\t\t\t<div class=\"elementor-text-editor elementor-clearfix\">\r\n\t\t\t\t\t\t<div class=\"xdj266r x11i5rnm xat24cr x1mh8g0r x1vvkbs x126k92a\"><div dir=\"auto\">\u201c33.735km l\u00e0 t\u1ed5ng qu\u00e3ng \u0111\u01b0\u1eddng anh v\u00e0 em v\u01b0\u1ee3t qua \u0111\u1ec3 \u0111\u1ebfn v\u1edbi nhau 860 l\u00e0 s\u1ed1 ng\u00e0y anh th\u1ee9c d\u1eady l\u00fac 2h s\u00e1ng \u0111\u1ec3 g\u1ecdi \u0111i\u1ec7n d\u1ed7 em ng\u1ee7\u201d<\/div><\/div><div class=\"x11i5rnm xat24cr x1mh8g0r x1vvkbs xtlvy1s x126k92a\"><div dir=\"auto\">\u00a0<\/div><div dir=\"auto\">Y\u00eau xa v\u1ea1n d\u1eb7m v\u00e0 nh\u1eefng chuy\u1ebfn bay gi\u1eefa UK-\u00dac-H\u00e0 N\u1ed9i-S\u00e0i G\u00f2n ch\u00ednh l\u00e0 s\u1ee9c n\u1eb7ng v\u00f4 h\u00ecnh t\u01b0\u1edfng nh\u01b0 c\u00f3 th\u1ec3 chia t\u00e1ch m\u1ecdi c\u1eb7p \u0111\u00f4i. Nh\u01b0ng v\u1edbi Xu\u00e2n Tr\u01b0\u1eddng \u2013 Trinh Lan, h\u1ecd \u0111\u00e3 ch\u1eaft chiu t\u1eebng m\u1ea3nh y\u00eau th\u01b0\u01a1ng trong h\u01a1n 2 n\u0103m r\u00f2ng r\u00e3 y\u00eau xa, g\u1eedi t\u1eebng gi\u1ecdt nh\u1edb nhung qua nh\u1eefng cu\u1ed9c g\u1ecdi \u0111\u01b0\u1eddng d\u00e0i \u0111\u1ec3 h\u00f4m nay \u0111\u01b0\u1ee3c c\u00f9ng n\u1eafm tay nhau trong m\u1ed9t \u0111\u00e1m c\u01b0\u1edbi ng\u1ecdt ng\u00e0o nh\u01b0 c\u1ed5 t\u00edch.<\/div><div dir=\"auto\">\u00a0<\/div><div dir=\"auto\">D\u1ef1a tr\u00ean nh\u1eefng k\u1ec9 ni\u1ec7m trong c\u1ee7a c\u00f4 d\u00e2u ch\u00fa r\u1ec3, Tiffany \u0111\u00e3 thi\u1ebft k\u1ebf l\u00ean m\u1ed9t \u0111\u00e1m c\u01b0\u1edbi bi\u1ebft k\u1ec3 chuy\u1ec7n, \u0111\u1ec3 kh\u00e1ch m\u1eddi c\u00f3 th\u1ec3 c\u00f9ng c\u1eb7p \u0111\u00f4i h\u1ed3i t\u01b0\u1edfng v\u1ec1 h\u00e0nh tr\u00ecnh t\u00ecnh y\u00eau tuy\u1ec7t v\u1eddi c\u1ee7a 4 n\u0103m qua.<\/div><\/div>\t\t\t\t\t\t\t<\/div>\r\n\t\t\t\t\t\t\t\t\t\t<\/div>\n\t\t\t\t<\/div>\n\t\t\t\t<div class=\"elementor-element elementor-element-6937c36 flex-horizontal-align-default flex-horizontal-align-tablet-default flex-horizontal-align-mobile-default flex-vertical-align-default flex-vertical-align-tablet-default flex-vertical-align-mobile-default elementor-widget elementor-widget-heading\" data-id=\"6937c36\" data-element_type=\"widget\" data-widget_type=\"heading.default\">\n\t\t\t\t<div class=\"elementor-widget-container\">\n\t\t\t\t\t<h2 class=\"elementor-heading-title elementor-size-default\">H\u00ccNH \u1ea2NH D\u1ef0 \u00c1N<\/h2>\t\t\t\t<\/div>\n\t\t\t\t<\/div>\n\t\t\t\t<div class=\"elementor-element elementor-element-62b12da gallery-spacing-custom flex-horizontal-align-default flex-horizontal-align-tablet-default flex-horizontal-align-mobile-default flex-vertical-align-default flex-vertical-align-tablet-default flex-vertical-align-mobile-default elementor-widget elementor-widget-image-gallery\" data-id=\"62b12da\" data-element_type=\"widget\" data-widget_type=\"image-gallery.default\">\n\t\t\t\t<div class=\"elementor-widget-container\">\n\t\t\t\t\t\t\t<div class=\"elementor-image-gallery\">\n\t\t\t<div id='gallery-1' class='gallery galleryid-48694 gallery-columns-3 gallery-size-post-thumbnail'><figure class='gallery-item'>\n\t\t\t<div class='gallery-icon landscape'>\n\t\t\t\t<a data-elementor-open-lightbox=\"yes\" data-elementor-lightbox-slideshow=\"62b12da\" data-elementor-lightbox-title=\"trang-tri-tiec-cuoi-trinh-lan-xuan-truong-tai-softwater-restaurant (2)\" data-e-action-hash=\"#elementor-action%3Aaction%3Dlightbox%26settings%3DeyJpZCI6NDg2OTYsInVybCI6Imh0dHBzOlwvXC90aWZmLnZuXC93cC1jb250ZW50XC91cGxvYWRzXC8yMDI0XC8xMFwvdHJhbmctdHJpLXRpZWMtY3VvaS10cmluaC1sYW4teHVhbi10cnVvbmctdGFpLXNvZnR3YXRlci1yZXN0YXVyYW50LTIuanBnIiwic2xpZGVzaG93IjoiNjJiMTJkYSJ9\" href='https:\/\/tiff.vn\/wp-content\/uploads\/2024\/10\/trang-tri-tiec-cuoi-trinh-lan-xuan-truong-tai-softwater-restaurant-2.jpg'><img fetchpriority=\"high\" width=\"672\" height=\"372\" src=\"https:\/\/tiff.vn\/wp-content\/uploads\/2024\/10\/trang-tri-tiec-cuoi-trinh-lan-xuan-truong-tai-softwater-restaurant-2-672x372.jpg\" class=\"attachment-post-thumbnail size-post-thumbnail\" alt=\"\" \/><\/a>\n\t\t\t<\/div><\/figure><figure class='gallery-item'>\n\t\t\t<div class='gallery-icon landscape'>\n\t\t\t\t<a data-elementor-open-lightbox=\"yes\" data-elementor-lightbox-slideshow=\"62b12da\" data-elementor-lightbox-title=\"trang-tri-tiec-cuoi-trinh-lan-xuan-truong-tai-softwater-restaurant (3)\" data-e-action-hash=\"#elementor-action%3Aaction%3Dlightbox%26settings%3DeyJpZCI6NDg2OTcsInVybCI6Imh0dHBzOlwvXC90aWZmLnZuXC93cC1jb250ZW50XC91cGxvYWRzXC8yMDI0XC8xMFwvdHJhbmctdHJpLXRpZWMtY3VvaS10cmluaC1sYW4teHVhbi10cnVvbmctdGFpLXNvZnR3YXRlci1yZXN0YXVyYW50LTMuanBnIiwic2xpZGVzaG93IjoiNjJiMTJkYSJ9\" href='https:\/\/tiff.vn\/wp-content\/uploads\/2024\/10\/trang-tri-tiec-cuoi-trinh-lan-xuan-truong-tai-softwater-restaurant-3.jpg'><img width=\"672\" height=\"372\" src=\"https:\/\/tiff.vn\/wp-content\/uploads\/2024\/10\/trang-tri-tiec-cuoi-trinh-lan-xuan-truong-tai-softwater-restaurant-3-672x372.jpg\" class=\"attachment-post-thumbnail size-post-thumbnail\" alt=\"\" \/><\/a>\n\t\t\t<\/div><\/figure><figure class='gallery-item'>\n\t\t\t<div class='gallery-icon landscape'>\n\t\t\t\t<a data-elementor-open-lightbox=\"yes\" data-elementor-lightbox-slideshow=\"62b12da\" data-elementor-lightbox-title=\"trang-tri-tiec-cuoi-trinh-lan-xuan-truong-tai-softwater-restaurant (4)\" data-e-action-hash=\"#elementor-action%3Aaction%3Dlightbox%26settings%3DeyJpZCI6NDg2OTgsInVybCI6Imh0dHBzOlwvXC90aWZmLnZuXC93cC1jb250ZW50XC91cGxvYWRzXC8yMDI0XC8xMFwvdHJhbmctdHJpLXRpZWMtY3VvaS10cmluaC1sYW4teHVhbi10cnVvbmctdGFpLXNvZnR3YXRlci1yZXN0YXVyYW50LTQuanBnIiwic2xpZGVzaG93IjoiNjJiMTJkYSJ9\" href='https:\/\/tiff.vn\/wp-content\/uploads\/2024\/10\/trang-tri-tiec-cuoi-trinh-lan-xuan-truong-tai-softwater-restaurant-4.jpg'><img width=\"672\" height=\"372\" src=\"https:\/\/tiff.vn\/wp-content\/uploads\/2024\/10\/trang-tri-tiec-cuoi-trinh-lan-xuan-truong-tai-softwater-restaurant-4-672x372.jpg\" class=\"attachment-post-thumbnail size-post-thumbnail\" alt=\"\" \/><\/a>\n\t\t\t<\/div><\/figure><figure class='gallery-item'>\n\t\t\t<div class='gallery-icon portrait'>\n\t\t\t\t<a data-elementor-open-lightbox=\"yes\" data-elementor-lightbox-slideshow=\"62b12da\" data-elementor-lightbox-title=\"trang-tri-tiec-cuoi-trinh-lan-xuan-truong-tai-softwater-restaurant (6)\" data-e-action-hash=\"#elementor-action%3Aaction%3Dlightbox%26settings%3DeyJpZCI6NDg2OTksInVybCI6Imh0dHBzOlwvXC90aWZmLnZuXC93cC1jb250ZW50XC91cGxvYWRzXC8yMDI0XC8xMFwvdHJhbmctdHJpLXRpZWMtY3VvaS10cmluaC1sYW4teHVhbi10cnVvbmctdGFpLXNvZnR3YXRlci1yZXN0YXVyYW50LTYuanBnIiwic2xpZGVzaG93IjoiNjJiMTJkYSJ9\" href='https:\/\/tiff.vn\/wp-content\/uploads\/2024\/10\/trang-tri-tiec-cuoi-trinh-lan-xuan-truong-tai-softwater-restaurant-6.jpg'><img loading=\"lazy\" width=\"450\" height=\"372\" src=\"https:\/\/tiff.vn\/wp-content\/uploads\/2024\/10\/trang-tri-tiec-cuoi-trinh-lan-xuan-truong-tai-softwater-restaurant-6-450x372.jpg\" class=\"attachment-post-thumbnail size-post-thumbnail\" alt=\"\" \/><\/a>\n\t\t\t<\/div><\/figure><figure class='gallery-item'>\n\t\t\t<div class='gallery-icon portrait'>\n\t\t\t\t<a data-elementor-open-lightbox=\"yes\" data-elementor-lightbox-slideshow=\"62b12da\" data-elementor-lightbox-title=\"trang-tri-tiec-cuoi-trinh-lan-xuan-truong-tai-softwater-restaurant (7)\" data-e-action-hash=\"#elementor-action%3Aaction%3Dlightbox%26settings%3DeyJpZCI6NDg3MDAsInVybCI6Imh0dHBzOlwvXC90aWZmLnZuXC93cC1jb250ZW50XC91cGxvYWRzXC8yMDI0XC8xMFwvdHJhbmctdHJpLXRpZWMtY3VvaS10cmluaC1sYW4teHVhbi10cnVvbmctdGFpLXNvZnR3YXRlci1yZXN0YXVyYW50LTcuanBnIiwic2xpZGVzaG93IjoiNjJiMTJkYSJ9\" href='https:\/\/tiff.vn\/wp-content\/uploads\/2024\/10\/trang-tri-tiec-cuoi-trinh-lan-xuan-truong-tai-softwater-restaurant-7.jpg'><img loading=\"lazy\" width=\"450\" height=\"372\" src=\"https:\/\/tiff.vn\/wp-content\/uploads\/2024\/10\/trang-tri-tiec-cuoi-trinh-lan-xuan-truong-tai-softwater-restaurant-7-450x372.jpg\" class=\"attachment-post-thumbnail size-post-thumbnail\" alt=\"\" \/><\/a>\n\t\t\t<\/div><\/figure><figure class='gallery-item'>\n\t\t\t<div class='gallery-icon portrait'>\n\t\t\t\t<a data-elementor-open-lightbox=\"yes\" data-elementor-lightbox-slideshow=\"62b12da\" data-elementor-lightbox-title=\"trang-tri-tiec-cuoi-trinh-lan-xuan-truong-tai-softwater-restaurant (8)\" data-e-action-hash=\"#elementor-action%3Aaction%3Dlightbox%26settings%3DeyJpZCI6NDg3MDEsInVybCI6Imh0dHBzOlwvXC90aWZmLnZuXC93cC1jb250ZW50XC91cGxvYWRzXC8yMDI0XC8xMFwvdHJhbmctdHJpLXRpZWMtY3VvaS10cmluaC1sYW4teHVhbi10cnVvbmctdGFpLXNvZnR3YXRlci1yZXN0YXVyYW50LTguanBnIiwic2xpZGVzaG93IjoiNjJiMTJkYSJ9\" href='https:\/\/tiff.vn\/wp-content\/uploads\/2024\/10\/trang-tri-tiec-cuoi-trinh-lan-xuan-truong-tai-softwater-restaurant-8.jpg'><img loading=\"lazy\" width=\"450\" height=\"372\" src=\"https:\/\/tiff.vn\/wp-content\/uploads\/2024\/10\/trang-tri-tiec-cuoi-trinh-lan-xuan-truong-tai-softwater-restaurant-8-450x372.jpg\" class=\"attachment-post-thumbnail size-post-thumbnail\" alt=\"\" \/><\/a>\n\t\t\t<\/div><\/figure><figure class='gallery-item'>\n\t\t\t<div class='gallery-icon landscape'>\n\t\t\t\t<a data-elementor-open-lightbox=\"yes\" data-elementor-lightbox-slideshow=\"62b12da\" data-elementor-lightbox-title=\"trang-tri-tiec-cuoi-trinh-lan-xuan-truong-tai-softwater-restaurant (1)\" data-e-action-hash=\"#elementor-action%3Aaction%3Dlightbox%26settings%3DeyJpZCI6NDg3MDIsInVybCI6Imh0dHBzOlwvXC90aWZmLnZuXC93cC1jb250ZW50XC91cGxvYWRzXC8yMDI0XC8xMFwvdHJhbmctdHJpLXRpZWMtY3VvaS10cmluaC1sYW4teHVhbi10cnVvbmctdGFpLXNvZnR3YXRlci1yZXN0YXVyYW50LTEuanBnIiwic2xpZGVzaG93IjoiNjJiMTJkYSJ9\" href='https:\/\/tiff.vn\/wp-content\/uploads\/2024\/10\/trang-tri-tiec-cuoi-trinh-lan-xuan-truong-tai-softwater-restaurant-1.jpg'><img loading=\"lazy\" width=\"672\" height=\"372\" src=\"https:\/\/tiff.vn\/wp-content\/uploads\/2024\/10\/trang-tri-tiec-cuoi-trinh-lan-xuan-truong-tai-softwater-restaurant-1-672x372.jpg\" class=\"attachment-post-thumbnail size-post-thumbnail\" alt=\"\" \/><\/a>\n\t\t\t<\/div><\/figure><figure class='gallery-item'>\n\t\t\t<div class='gallery-icon landscape'>\n\t\t\t\t<a data-elementor-open-lightbox=\"yes\" data-elementor-lightbox-slideshow=\"62b12da\" data-elementor-lightbox-title=\"trang-tri-tiec-cuoi-trinh-lan-xuan-truong-tai-softwater-restaurant (5)\" data-e-action-hash=\"#elementor-action%3Aaction%3Dlightbox%26settings%3DeyJpZCI6NDg3MDMsInVybCI6Imh0dHBzOlwvXC90aWZmLnZuXC93cC1jb250ZW50XC91cGxvYWRzXC8yMDI0XC8xMFwvdHJhbmctdHJpLXRpZWMtY3VvaS10cmluaC1sYW4teHVhbi10cnVvbmctdGFpLXNvZnR3YXRlci1yZXN0YXVyYW50LTUuanBnIiwic2xpZGVzaG93IjoiNjJiMTJkYSJ9\" href='https:\/\/tiff.vn\/wp-content\/uploads\/2024\/10\/trang-tri-tiec-cuoi-trinh-lan-xuan-truong-tai-softwater-restaurant-5.jpg'><img loading=\"lazy\" width=\"672\" height=\"372\" src=\"https:\/\/tiff.vn\/wp-content\/uploads\/2024\/10\/trang-tri-tiec-cuoi-trinh-lan-xuan-truong-tai-softwater-restaurant-5-672x372.jpg\" class=\"attachment-post-thumbnail size-post-thumbnail\" alt=\"\" \/><\/a>\n\t\t\t<\/div><\/figure>\n\t\t<\/div>\n\t\t<\/div>\n\t\t\t\t\t\t<\/div>\n\t\t\t\t<\/div>\n\t\t\t\t\t<\/div>\n\t\t\t\t<\/div>\n\t\t\t\t<\/div>\n\t\t","protected":false},"excerpt":{"rendered":"<p>TH\u00d4NG TIN D\u1ef0 \u00c1N \u201c\ud835\udc0b\ud835\udc28\ud835\udc2f\ud835\udc1e \ud835\udc21\ud835\udc1a\ud835\udc2c \ud835\udc27\ud835\udc28\ud835\udc2d\ud835\udc21\ud835\udc22\ud835\udc27\ud835\udc20 \ud835\udc2d\ud835\udc28 \ud835\udc1d\ud835\udc28 \ud835\udc30\ud835\udc22\ud835\udc2d\ud835\udc21 \ud835\udc30\ud835\udc21\ud835\udc1a\ud835\udc2d \ud835\udc32\ud835\udc28\ud835\udc2e \ud835\udc1a\ud835\udc2b\ud835\udc1e \ud835\udc1e\ud835\udc31\ud835\udc29\ud835\udc1e\ud835\udc1c\ud835\udc2d\ud835\udc22\ud835\udc27\ud835\udc20 \ud835\udc2d\ud835\udc28 \ud835\udc20\ud835\udc1e\ud835\udc2d \u2013 \ud835\udc28\ud835\udc27\ud835\udc25\ud835\udc32 \ud835\udc30\ud835\udc22\ud835\udc2d\ud835\udc21 \ud835\udc30\ud835\udc21\ud835\udc1a\ud835\udc2d&#8230;<\/p>\n","protected":false},"featured_media":48703,"comment_status":"open","ping_status":"closed","template":"","meta":{"_acf_changed":false},"product_brand":[],"product_cat":[1162,470],"product_tag":[158],"class_list":{"0":"post-48694","1":"product","2":"type-product","3":"status-publish","4":"has-post-thumbnail","6":"product_cat-elegant-wedding","7":"product_cat-real-weddings","8":"product_tag-ha-noi","10":"first","11":"instock","12":"shipping-taxable","13":"product-type-simple"},"acf":[],"yoast_head":"<!-- This site is optimized with the Yoast SEO plugin v25.0 - https:\/\/yoast.com\/wordpress\/plugins\/seo\/ -->\n<title>Trang tr\u00ed ti\u1ec7c c\u01b0\u1edbi Trinh Lan &amp; Xu\u00e2n Tr\u01b0\u1eddng t\u1ea1i Softwater Restaurant<\/title>\n<meta name=\"robots\" content=\"index, follow, max-snippet:-1, max-image-preview:large, max-video-preview:-1\" \/>\n<link rel=\"canonical\" href=\"https:\/\/tiff.vn\/?product=trang-tri-tiec-cuoi-trinh-lan-xuan-truong-tai-softwater-restaurant\" \/>\n<meta property=\"og:locale\" content=\"vi_VN\" \/>\n<meta property=\"og:type\" content=\"article\" \/>\n<meta property=\"og:title\" content=\"Trang tr\u00ed ti\u1ec7c c\u01b0\u1edbi Trinh Lan &amp; Xu\u00e2n Tr\u01b0\u1eddng t\u1ea1i Softwater Restaurant\" \/>\n<meta property=\"og:description\" content=\"TH\u00d4NG TIN D\u1ef0 \u00c1N \u201c\ud835\udc0b\ud835\udc28\ud835\udc2f\ud835\udc1e \ud835\udc21\ud835\udc1a\ud835\udc2c \ud835\udc27\ud835\udc28\ud835\udc2d\ud835\udc21\ud835\udc22\ud835\udc27\ud835\udc20 \ud835\udc2d\ud835\udc28 \ud835\udc1d\ud835\udc28 \ud835\udc30\ud835\udc22\ud835\udc2d\ud835\udc21 \ud835\udc30\ud835\udc21\ud835\udc1a\ud835\udc2d \ud835\udc32\ud835\udc28\ud835\udc2e \ud835\udc1a\ud835\udc2b\ud835\udc1e \ud835\udc1e\ud835\udc31\ud835\udc29\ud835\udc1e\ud835\udc1c\ud835\udc2d\ud835\udc22\ud835\udc27\ud835\udc20 \ud835\udc2d\ud835\udc28 \ud835\udc20\ud835\udc1e\ud835\udc2d \u2013 \ud835\udc28\ud835\udc27\ud835\udc25\ud835\udc32 \ud835\udc30\ud835\udc22\ud835\udc2d\ud835\udc21 \ud835\udc30\ud835\udc21\ud835\udc1a\ud835\udc2d...\" \/>\n<meta property=\"og:url\" content=\"https:\/\/tiff.vn\/?product=trang-tri-tiec-cuoi-trinh-lan-xuan-truong-tai-softwater-restaurant\" \/>\n<meta property=\"og:site_name\" content=\"Tiff Planner | Tiffany Wedding &amp; Event\" \/>\n<meta property=\"article:modified_time\" content=\"2025-03-31T04:28:30+00:00\" \/>\n<meta property=\"og:image\" content=\"https:\/\/tiff.vn\/wp-content\/uploads\/2024\/10\/trang-tri-tiec-cuoi-trinh-lan-xuan-truong-tai-softwater-restaurant-5.jpg\" \/>\n\t<meta property=\"og:image:width\" content=\"1250\" \/>\n\t<meta property=\"og:image:height\" content=\"800\" \/>\n\t<meta property=\"og:image:type\" content=\"image\/jpeg\" \/>\n<meta name=\"twitter:card\" content=\"summary_large_image\" \/>\n<meta name=\"twitter:label1\" content=\"\u01af\u1edbc t\u00ednh th\u1eddi gian \u0111\u1ecdc\" \/>\n\t<meta name=\"twitter:data1\" content=\"3 ph\u00fat\" \/>\n<script type=\"application\/ld+json\" class=\"yoast-schema-graph\">{\"@context\":\"https:\/\/schema.org\",\"@graph\":[{\"@type\":\"WebPage\",\"@id\":\"https:\/\/tiff.vn\/?product=trang-tri-tiec-cuoi-trinh-lan-xuan-truong-tai-softwater-restaurant\",\"url\":\"https:\/\/tiff.vn\/?product=trang-tri-tiec-cuoi-trinh-lan-xuan-truong-tai-softwater-restaurant\",\"name\":\"Trang tr\u00ed ti\u1ec7c c\u01b0\u1edbi Trinh Lan & Xu\u00e2n Tr\u01b0\u1eddng t\u1ea1i Softwater Restaurant\",\"isPartOf\":{\"@id\":\"http:\/\/103.159.50.39\/#website\"},\"primaryImageOfPage\":{\"@id\":\"https:\/\/tiff.vn\/?product=trang-tri-tiec-cuoi-trinh-lan-xuan-truong-tai-softwater-restaurant#primaryimage\"},\"image\":{\"@id\":\"https:\/\/tiff.vn\/?product=trang-tri-tiec-cuoi-trinh-lan-xuan-truong-tai-softwater-restaurant#primaryimage\"},\"thumbnailUrl\":\"https:\/\/tiff.vn\/wp-content\/uploads\/2024\/10\/trang-tri-tiec-cuoi-trinh-lan-xuan-truong-tai-softwater-restaurant-5.jpg\",\"datePublished\":\"2024-10-09T04:28:47+00:00\",\"dateModified\":\"2025-03-31T04:28:30+00:00\",\"breadcrumb\":{\"@id\":\"https:\/\/tiff.vn\/?product=trang-tri-tiec-cuoi-trinh-lan-xuan-truong-tai-softwater-restaurant#breadcrumb\"},\"inLanguage\":\"vi\",\"potentialAction\":[{\"@type\":\"ReadAction\",\"target\":[\"https:\/\/tiff.vn\/?product=trang-tri-tiec-cuoi-trinh-lan-xuan-truong-tai-softwater-restaurant\"]}]},{\"@type\":\"ImageObject\",\"inLanguage\":\"vi\",\"@id\":\"https:\/\/tiff.vn\/?product=trang-tri-tiec-cuoi-trinh-lan-xuan-truong-tai-softwater-restaurant#primaryimage\",\"url\":\"https:\/\/tiff.vn\/wp-content\/uploads\/2024\/10\/trang-tri-tiec-cuoi-trinh-lan-xuan-truong-tai-softwater-restaurant-5.jpg\",\"contentUrl\":\"https:\/\/tiff.vn\/wp-content\/uploads\/2024\/10\/trang-tri-tiec-cuoi-trinh-lan-xuan-truong-tai-softwater-restaurant-5.jpg\",\"width\":1250,\"height\":800},{\"@type\":\"BreadcrumbList\",\"@id\":\"https:\/\/tiff.vn\/?product=trang-tri-tiec-cuoi-trinh-lan-xuan-truong-tai-softwater-restaurant#breadcrumb\",\"itemListElement\":[{\"@type\":\"ListItem\",\"position\":1,\"name\":\"Home\",\"item\":\"https:\/\/tiff.vn\/\"},{\"@type\":\"ListItem\",\"position\":2,\"name\":\"S\u1ea3n ph\u1ea9m\",\"item\":\"https:\/\/tiff.vn\/?post_type=product\"},{\"@type\":\"ListItem\",\"position\":3,\"name\":\"Trang tr\u00ed ti\u1ec7c c\u01b0\u1edbi Trinh Lan &#038; Xu\u00e2n Tr\u01b0\u1eddng t\u1ea1i Softwater Restaurant\"}]},{\"@type\":\"WebSite\",\"@id\":\"http:\/\/103.159.50.39\/#website\",\"url\":\"http:\/\/103.159.50.39\/\",\"name\":\"Tiff Wedding Planner & Decoration\",\"description\":\"Top Wedding &amp; Event Planner h\u00e0ng \u0111\u1ea7u Vi\u1ec7t Nam - Ti\u00ean phong ki\u1ebfn t\u1ea1o nh\u1eefng \u0111\u00e1m c\u01b0\u1edbi \u0111\u1ed9c b\u1ea3n v\u00e0 s\u1ef1 ki\u1ec7n \u0111\u1eb3ng c\u1ea5p\",\"publisher\":{\"@id\":\"http:\/\/103.159.50.39\/#organization\"},\"alternateName\":\"Tiff Wedding Planner & Decoration\",\"potentialAction\":[{\"@type\":\"SearchAction\",\"target\":{\"@type\":\"EntryPoint\",\"urlTemplate\":\"http:\/\/103.159.50.39\/?s={search_term_string}\"},\"query-input\":{\"@type\":\"PropertyValueSpecification\",\"valueRequired\":true,\"valueName\":\"search_term_string\"}}],\"inLanguage\":\"vi\"},{\"@type\":\"Organization\",\"@id\":\"http:\/\/103.159.50.39\/#organization\",\"name\":\"Tiff Wedding Planner & Decoration\",\"url\":\"http:\/\/103.159.50.39\/\",\"logo\":{\"@type\":\"ImageObject\",\"inLanguage\":\"vi\",\"@id\":\"http:\/\/103.159.50.39\/#\/schema\/logo\/image\/\",\"url\":\"https:\/\/tiff.vn\/wp-content\/uploads\/2023\/05\/logo_main.png\",\"contentUrl\":\"https:\/\/tiff.vn\/wp-content\/uploads\/2023\/05\/logo_main.png\",\"width\":228,\"height\":64,\"caption\":\"Tiff Wedding Planner & Decoration\"},\"image\":{\"@id\":\"http:\/\/103.159.50.39\/#\/schema\/logo\/image\/\"}}]}<\/script>\n<!-- \/ Yoast SEO plugin. -->","yoast_head_json":{"title":"Trang tr\u00ed ti\u1ec7c c\u01b0\u1edbi Trinh Lan & Xu\u00e2n Tr\u01b0\u1eddng t\u1ea1i Softwater Restaurant","robots":{"index":"index","follow":"follow","max-snippet":"max-snippet:-1","max-image-preview":"max-image-preview:large","max-video-preview":"max-video-preview:-1"},"canonical":"https:\/\/tiff.vn\/?product=trang-tri-tiec-cuoi-trinh-lan-xuan-truong-tai-softwater-restaurant","og_locale":"vi_VN","og_type":"article","og_title":"Trang tr\u00ed ti\u1ec7c c\u01b0\u1edbi Trinh Lan & Xu\u00e2n Tr\u01b0\u1eddng t\u1ea1i Softwater Restaurant","og_description":"TH\u00d4NG TIN D\u1ef0 \u00c1N \u201c\ud835\udc0b\ud835\udc28\ud835\udc2f\ud835\udc1e \ud835\udc21\ud835\udc1a\ud835\udc2c \ud835\udc27\ud835\udc28\ud835\udc2d\ud835\udc21\ud835\udc22\ud835\udc27\ud835\udc20 \ud835\udc2d\ud835\udc28 \ud835\udc1d\ud835\udc28 \ud835\udc30\ud835\udc22\ud835\udc2d\ud835\udc21 \ud835\udc30\ud835\udc21\ud835\udc1a\ud835\udc2d \ud835\udc32\ud835\udc28\ud835\udc2e \ud835\udc1a\ud835\udc2b\ud835\udc1e \ud835\udc1e\ud835\udc31\ud835\udc29\ud835\udc1e\ud835\udc1c\ud835\udc2d\ud835\udc22\ud835\udc27\ud835\udc20 \ud835\udc2d\ud835\udc28 \ud835\udc20\ud835\udc1e\ud835\udc2d \u2013 \ud835\udc28\ud835\udc27\ud835\udc25\ud835\udc32 \ud835\udc30\ud835\udc22\ud835\udc2d\ud835\udc21 \ud835\udc30\ud835\udc21\ud835\udc1a\ud835\udc2d...","og_url":"https:\/\/tiff.vn\/?product=trang-tri-tiec-cuoi-trinh-lan-xuan-truong-tai-softwater-restaurant","og_site_name":"Tiff Planner | Tiffany Wedding &amp; Event","article_modified_time":"2025-03-31T04:28:30+00:00","og_image":[{"width":1250,"height":800,"url":"https:\/\/tiff.vn\/wp-content\/uploads\/2024\/10\/trang-tri-tiec-cuoi-trinh-lan-xuan-truong-tai-softwater-restaurant-5.jpg","type":"image\/jpeg"}],"twitter_card":"summary_large_image","twitter_misc":{"\u01af\u1edbc t\u00ednh th\u1eddi gian \u0111\u1ecdc":"3 ph\u00fat"},"schema":{"@context":"https:\/\/schema.org","@graph":[{"@type":"WebPage","@id":"https:\/\/tiff.vn\/?product=trang-tri-tiec-cuoi-trinh-lan-xuan-truong-tai-softwater-restaurant","url":"https:\/\/tiff.vn\/?product=trang-tri-tiec-cuoi-trinh-lan-xuan-truong-tai-softwater-restaurant","name":"Trang tr\u00ed ti\u1ec7c c\u01b0\u1edbi Trinh Lan & Xu\u00e2n Tr\u01b0\u1eddng t\u1ea1i Softwater Restaurant","isPartOf":{"@id":"http:\/\/103.159.50.39\/#website"},"primaryImageOfPage":{"@id":"https:\/\/tiff.vn\/?product=trang-tri-tiec-cuoi-trinh-lan-xuan-truong-tai-softwater-restaurant#primaryimage"},"image":{"@id":"https:\/\/tiff.vn\/?product=trang-tri-tiec-cuoi-trinh-lan-xuan-truong-tai-softwater-restaurant#primaryimage"},"thumbnailUrl":"https:\/\/tiff.vn\/wp-content\/uploads\/2024\/10\/trang-tri-tiec-cuoi-trinh-lan-xuan-truong-tai-softwater-restaurant-5.jpg","datePublished":"2024-10-09T04:28:47+00:00","dateModified":"2025-03-31T04:28:30+00:00","breadcrumb":{"@id":"https:\/\/tiff.vn\/?product=trang-tri-tiec-cuoi-trinh-lan-xuan-truong-tai-softwater-restaurant#breadcrumb"},"inLanguage":"vi","potentialAction":[{"@type":"ReadAction","target":["https:\/\/tiff.vn\/?product=trang-tri-tiec-cuoi-trinh-lan-xuan-truong-tai-softwater-restaurant"]}]},{"@type":"ImageObject","inLanguage":"vi","@id":"https:\/\/tiff.vn\/?product=trang-tri-tiec-cuoi-trinh-lan-xuan-truong-tai-softwater-restaurant#primaryimage","url":"https:\/\/tiff.vn\/wp-content\/uploads\/2024\/10\/trang-tri-tiec-cuoi-trinh-lan-xuan-truong-tai-softwater-restaurant-5.jpg","contentUrl":"https:\/\/tiff.vn\/wp-content\/uploads\/2024\/10\/trang-tri-tiec-cuoi-trinh-lan-xuan-truong-tai-softwater-restaurant-5.jpg","width":1250,"height":800},{"@type":"BreadcrumbList","@id":"https:\/\/tiff.vn\/?product=trang-tri-tiec-cuoi-trinh-lan-xuan-truong-tai-softwater-restaurant#breadcrumb","itemListElement":[{"@type":"ListItem","position":1,"name":"Home","item":"https:\/\/tiff.vn\/"},{"@type":"ListItem","position":2,"name":"S\u1ea3n ph\u1ea9m","item":"https:\/\/tiff.vn\/?post_type=product"},{"@type":"ListItem","position":3,"name":"Trang tr\u00ed ti\u1ec7c c\u01b0\u1edbi Trinh Lan &#038; Xu\u00e2n Tr\u01b0\u1eddng t\u1ea1i Softwater Restaurant"}]},{"@type":"WebSite","@id":"http:\/\/103.159.50.39\/#website","url":"http:\/\/103.159.50.39\/","name":"Tiff Wedding Planner & Decoration","description":"Top Wedding &amp; Event Planner h\u00e0ng \u0111\u1ea7u Vi\u1ec7t Nam - Ti\u00ean phong ki\u1ebfn t\u1ea1o nh\u1eefng \u0111\u00e1m c\u01b0\u1edbi \u0111\u1ed9c b\u1ea3n v\u00e0 s\u1ef1 ki\u1ec7n \u0111\u1eb3ng c\u1ea5p","publisher":{"@id":"http:\/\/103.159.50.39\/#organization"},"alternateName":"Tiff Wedding Planner & Decoration","potentialAction":[{"@type":"SearchAction","target":{"@type":"EntryPoint","urlTemplate":"http:\/\/103.159.50.39\/?s={search_term_string}"},"query-input":{"@type":"PropertyValueSpecification","valueRequired":true,"valueName":"search_term_string"}}],"inLanguage":"vi"},{"@type":"Organization","@id":"http:\/\/103.159.50.39\/#organization","name":"Tiff Wedding Planner & Decoration","url":"http:\/\/103.159.50.39\/","logo":{"@type":"ImageObject","inLanguage":"vi","@id":"http:\/\/103.159.50.39\/#\/schema\/logo\/image\/","url":"https:\/\/tiff.vn\/wp-content\/uploads\/2023\/05\/logo_main.png","contentUrl":"https:\/\/tiff.vn\/wp-content\/uploads\/2023\/05\/logo_main.png","width":228,"height":64,"caption":"Tiff Wedding Planner & Decoration"},"image":{"@id":"http:\/\/103.159.50.39\/#\/schema\/logo\/image\/"}}]}},"_links":{"self":[{"href":"https:\/\/tiff.vn\/index.php?rest_route=\/wp\/v2\/product\/48694","targetHints":{"allow":["GET"]}}],"collection":[{"href":"https:\/\/tiff.vn\/index.php?rest_route=\/wp\/v2\/product"}],"about":[{"href":"https:\/\/tiff.vn\/index.php?rest_route=\/wp\/v2\/types\/product"}],"replies":[{"embeddable":true,"href":"https:\/\/tiff.vn\/index.php?rest_route=%2Fwp%2Fv2%2Fcomments&post=48694"}],"version-history":[{"count":1,"href":"https:\/\/tiff.vn\/index.php?rest_route=\/wp\/v2\/product\/48694\/revisions"}],"predecessor-version":[{"id":59046,"href":"https:\/\/tiff.vn\/index.php?rest_route=\/wp\/v2\/product\/48694\/revisions\/59046"}],"wp:featuredmedia":[{"embeddable":true,"href":"https:\/\/tiff.vn\/index.php?rest_route=\/wp\/v2\/media\/48703"}],"wp:attachment":[{"href":"https:\/\/tiff.vn\/index.php?rest_route=%2Fwp%2Fv2%2Fmedia&parent=48694"}],"wp:term":[{"taxonomy":"product_brand","embeddable":true,"href":"https:\/\/tiff.vn\/index.php?rest_route=%2Fwp%2Fv2%2Fproduct_brand&post=48694"},{"taxonomy":"product_cat","embeddable":true,"href":"https:\/\/tiff.vn\/index.php?rest_route=%2Fwp%2Fv2%2Fproduct_cat&post=48694"},{"taxonomy":"product_tag","embeddable":true,"href":"https:\/\/tiff.vn\/index.php?rest_route=%2Fwp%2Fv2%2Fproduct_tag&post=48694"}],"curies":[{"name":"wp","href":"https:\/\/api.w.org\/{rel}","templated":true}]}}