{"id":58499,"date":"2025-03-29T10:08:49","date_gmt":"2025-03-29T03:08:49","guid":{"rendered":"https:\/\/tiff.vn\/?post_type=product&#038;p=58499"},"modified":"2026-01-23T15:14:57","modified_gmt":"2026-01-23T08:14:57","slug":"signature-luxury-wedding","status":"publish","type":"product","link":"https:\/\/tiff.vn\/?product=signature-luxury-wedding","title":{"rendered":"Signature Luxury Wedding"},"content":{"rendered":"\t\t<div data-elementor-type=\"product-post\" data-elementor-id=\"58499\" class=\"elementor elementor-58499\" data-elementor-post-type=\"product\">\n\t\t\t\t<div class=\"elementor-element elementor-element-eaa1053 e-con-full thegem-e-con-layout-thegem e-flex e-con e-parent\" data-id=\"eaa1053\" data-element_type=\"container\" data-settings=\"{&quot;background_background&quot;:&quot;classic&quot;,&quot;thegem_container_layout&quot;:&quot;thegem&quot;}\">\n\t\t\t\t<div class=\"elementor-element elementor-element-15ced50 flex-horizontal-align-default flex-horizontal-align-tablet-default flex-horizontal-align-mobile-default flex-vertical-align-default flex-vertical-align-tablet-default flex-vertical-align-mobile-default elementor-widget elementor-widget-heading\" data-id=\"15ced50\" data-element_type=\"widget\" data-widget_type=\"heading.default\">\n\t\t\t\t<div class=\"elementor-widget-container\">\n\t\t\t\t\t<h2 class=\"elementor-heading-title elementor-size-default\">TH\u00d4NG TIN s\u1ea3n ph\u1ea9m <\/h2>\t\t\t\t<\/div>\n\t\t\t\t<\/div>\n\t\t\t\t<div class=\"elementor-element elementor-element-08becd9 flex-horizontal-align-default flex-horizontal-align-tablet-default flex-horizontal-align-mobile-default flex-vertical-align-default flex-vertical-align-tablet-default flex-vertical-align-mobile-default elementor-widget elementor-widget-text-editor\" data-id=\"08becd9\" data-element_type=\"widget\" data-widget_type=\"text-editor.default\">\n\t\t\t\t<div class=\"elementor-widget-container\">\n\t\t\t\t\t\t\t\t\t\t\t\t<div class=\"elementor-text-editor elementor-clearfix\">\r\n\t\t\t\t\t\t<div data-zone-id=\"0\" data-line-index=\"0\" data-line=\"true\"><div data-zone-id=\"0\" data-line-index=\"0\" data-line=\"true\"><div data-zone-id=\"0\" data-line-index=\"0\" data-line=\"true\"><div data-zone-id=\"0\" data-line-index=\"0\" data-line=\"true\"><div data-zone-id=\"0\" data-line-index=\"0\" data-line=\"true\"><div data-zone-id=\"0\" data-line-index=\"0\" data-line=\"true\"><div data-zone-id=\"0\" data-line-index=\"0\" data-line=\"true\"><div data-zone-id=\"0\" data-line-index=\"0\" data-line=\"true\"><div data-zone-id=\"0\" data-line-index=\"0\" data-line=\"true\"><div data-zone-id=\"0\" data-line-index=\"0\" data-line=\"true\"><div data-zone-id=\"0\" data-line-index=\"0\" data-line=\"true\"><div data-zone-id=\"0\" data-line-index=\"0\" data-line=\"true\"><div data-zone-id=\"0\" data-line-index=\"0\" data-line=\"true\"><div data-zone-id=\"0\" data-line-index=\"0\" data-line=\"true\"><div data-zone-id=\"0\" data-line-index=\"0\" data-line=\"true\"><div data-zone-id=\"0\" data-line-index=\"0\" data-line=\"true\"><div data-zone-id=\"0\" data-line-index=\"0\" data-line=\"true\"><div data-zone-id=\"0\" data-line-index=\"0\" data-line=\"true\"><div data-zone-id=\"0\" data-line-index=\"0\" data-line=\"true\"><div data-zone-id=\"0\" data-line-index=\"0\" data-line=\"true\"><p class=\"cvGsUA direction-ltr align-start para-style-body\"><span class=\"OYPEnA font-feature-liga-off font-feature-clig-off font-feature-calt-off text-decoration-none text-strikethrough-none\">H\u1ea1ng m\u1ee5c g\u1ed3m:<\/span><\/p><ul><li><span class=\"OYPEnA font-feature-liga-off font-feature-clig-off font-feature-calt-off text-decoration-none text-strikethrough-none\">Backdrop s\u00e2n kh\u1ea5u ch\u1ea5t li\u1ec7u fomex t\u1ea1o h\u00ecnh nhi\u1ec1u layer HO\u1eb6C khung s\u1eaft u\u1ed1n m\u1ef9 thu\u1eadt (KT &lt;7&#215;3.5m)<\/span><\/li><li><span class=\"OYPEnA font-feature-liga-off font-feature-clig-off font-feature-calt-off text-decoration-none text-strikethrough-none\">\u0110\u01b0\u1eddng d\u1eabn trang tr\u00ed full hoa (KT &lt;7.2&#215;2.4m)<\/span><\/li><li><span class=\"OYPEnA font-feature-liga-off font-feature-clig-off font-feature-calt-off text-decoration-none text-strikethrough-none\">Photobooth thi\u1ebft k\u1ebf hi\u1ec7n \u0111\u1ea1i v\u1edbi ch\u1ea5t li\u1ec7u fomex t\u1ea1o h\u00ecnh nhi\u1ec1u layer, \u0111i k\u00e8m b\u1ee5c s\u00e0n cao 10cm (KT &lt;6x3m)<\/span><\/li><li><span class=\"OYPEnA font-feature-liga-off font-feature-clig-off font-feature-calt-off text-decoration-none text-strikethrough-none\">B\u00e0n ti\u1ebfp \u0111\u00f3n hi\u1ec7n \u0111\u1ea1i HO\u1eb6C c\u1ed5ng hoa \u0111\u01a1n khung (KT &lt;2,8&#215;2,8m)<\/span><\/li><li><span class=\"OYPEnA font-feature-liga-off font-feature-clig-off font-feature-calt-off text-decoration-none text-strikethrough-none\">Bi\u1ec3n welcome thi\u1ebft k\u1ebf c\u00f9ng concept<\/span><\/li><li><span class=\"OYPEnA font-feature-liga-off font-feature-clig-off font-feature-calt-off text-decoration-none text-strikethrough-none\">M\u00e0n sao ch\u00e2n \u0111\u1ed9c l\u1eadp<\/span><\/li><li><span class=\"OYPEnA font-feature-liga-off font-feature-clig-off font-feature-calt-off text-decoration-none text-strikethrough-none\">Tr\u1ea3i v\u00e1n, b\u1ecdc s\u00e0n s\u00e2n kh\u1ea5u, \u0111\u01b0\u1eddng d\u1eabn<\/span><\/li><li><span class=\"OYPEnA font-feature-liga-off font-feature-clig-off font-feature-calt-off text-decoration-none text-strikethrough-none\">H\u1ec7 th\u1ed1ng \u00e1nh s\u00e1ng chuy\u00ean nghi\u1ec7p<\/span><\/li><\/ul><p class=\"cvGsUA direction-ltr align-start para-style-body\"><span class=\"OYPEnA font-feature-liga-off font-feature-clig-off font-feature-calt-off text-decoration-none text-strikethrough-none\">* Gi\u00e1 tr\u1ecb h\u1ee3p \u0111\u1ed3ng c\u00f3 th\u1ec3 thay \u0111\u1ed5i khi kh\u00e1ch h\u00e0ng thay \u0111\u1ed5i s\u1ed1 l\u01b0\u1ee3ng v\u00e0 thi\u1ebft k\u1ebf c\u1ee7a c\u00e1c h\u1ea1ng m\u1ee5c.<\/span><\/p><\/div><\/div><\/div><\/div><\/div><\/div><\/div><\/div><\/div><\/div><\/div><\/div><\/div><\/div><\/div><\/div><\/div><\/div><\/div><\/div>\t\t\t\t\t\t\t<\/div>\r\n\t\t\t\t\t\t\t\t\t\t<\/div>\n\t\t\t\t<\/div>\n\t\t\t\t<div class=\"elementor-element elementor-element-6937c36 flex-horizontal-align-default flex-horizontal-align-tablet-default flex-horizontal-align-mobile-default flex-vertical-align-default flex-vertical-align-tablet-default flex-vertical-align-mobile-default elementor-widget elementor-widget-heading\" data-id=\"6937c36\" data-element_type=\"widget\" data-widget_type=\"heading.default\">\n\t\t\t\t<div class=\"elementor-widget-container\">\n\t\t\t\t\t<h2 class=\"elementor-heading-title elementor-size-default\">H\u00ccNH \u1ea2NH D\u1ef0 \u00c1N SIGNATURE LUXURY wedding<\/h2>\t\t\t\t<\/div>\n\t\t\t\t<\/div>\n\t\t\t\t<div class=\"elementor-element elementor-element-62b12da gallery-spacing-custom flex-horizontal-align-default flex-horizontal-align-tablet-default flex-horizontal-align-mobile-default flex-vertical-align-default flex-vertical-align-tablet-default flex-vertical-align-mobile-default elementor-widget elementor-widget-image-gallery\" data-id=\"62b12da\" data-element_type=\"widget\" data-widget_type=\"image-gallery.default\">\n\t\t\t\t<div class=\"elementor-widget-container\">\n\t\t\t\t\t\t\t<div class=\"elementor-image-gallery\">\n\t\t\t<div id='gallery-1' class='gallery galleryid-58499 gallery-columns-2 gallery-size-large'><figure class='gallery-item'>\n\t\t\t<div class='gallery-icon portrait'>\n\t\t\t\t<a data-elementor-open-lightbox=\"yes\" data-elementor-lightbox-slideshow=\"62b12da\" data-elementor-lightbox-title=\"Luxury wedding\" data-e-action-hash=\"#elementor-action%3Aaction%3Dlightbox%26settings%3DeyJpZCI6NTg1MDEsInVybCI6Imh0dHBzOlwvXC90aWZmLnZuXC93cC1jb250ZW50XC91cGxvYWRzXC8yMDI1XC8wM1wvTHV4dXJ5LXdlZGRpbmcuanBnIiwic2xpZGVzaG93IjoiNjJiMTJkYSJ9\" href='https:\/\/tiff.vn\/wp-content\/uploads\/2025\/03\/Luxury-wedding.jpg'><img fetchpriority=\"high\" width=\"864\" height=\"1024\" src=\"https:\/\/tiff.vn\/wp-content\/uploads\/2025\/03\/Luxury-wedding-864x1024.jpg\" class=\"attachment-large size-large\" alt=\"\" \/><\/a>\n\t\t\t<\/div><\/figure><figure class='gallery-item'>\n\t\t\t<div class='gallery-icon portrait'>\n\t\t\t\t<a data-elementor-open-lightbox=\"yes\" data-elementor-lightbox-slideshow=\"62b12da\" data-elementor-lightbox-title=\"Duy Ho\u00e0ng Minh H\u1ea1nh\" data-e-action-hash=\"#elementor-action%3Aaction%3Dlightbox%26settings%3DeyJpZCI6NTg4MTEsInVybCI6Imh0dHBzOlwvXC90aWZmLnZuXC93cC1jb250ZW50XC91cGxvYWRzXC8yMDI1XC8wM1wvRHV5LUhvYW5nLU1pbmgtSGFuaC5qcGciLCJzbGlkZXNob3ciOiI2MmIxMmRhIn0%3D\" href='https:\/\/tiff.vn\/wp-content\/uploads\/2025\/03\/Duy-Hoang-Minh-Hanh.jpg'><img width=\"864\" height=\"1024\" src=\"https:\/\/tiff.vn\/wp-content\/uploads\/2025\/03\/Duy-Hoang-Minh-Hanh-864x1024.jpg\" class=\"attachment-large size-large\" alt=\"\" \/><\/a>\n\t\t\t<\/div><\/figure>\n\t\t<\/div>\n\t\t<\/div>\n\t\t\t\t\t\t<\/div>\n\t\t\t\t<\/div>\n\t\t\t\t<div class=\"elementor-element elementor-element-faa47eb elementor-mobile-align-center elementor-align-center flex-horizontal-align-default flex-horizontal-align-tablet-default flex-horizontal-align-mobile-default flex-vertical-align-default flex-vertical-align-tablet-default flex-vertical-align-mobile-default elementor-widget elementor-widget-button\" data-id=\"faa47eb\" data-element_type=\"widget\" data-widget_type=\"button.default\">\n\t\t\t\t<div class=\"elementor-widget-container\">\n\t\t\t\t\t\t\t\t\t<div class=\"elementor-button-wrapper\">\n\t\t\t\t\t<a class=\"elementor-button elementor-button-link elementor-size-sm elementor-animation-pulse\" href=\"https:\/\/tiff.vn\/du-an-cuoi?filter_decor-tiec-cuoi-khach-san=signature-luxury-wedding\" target=\"_blank\">\n\t\t\t\t\t\t<span class=\"elementor-button-content-wrapper\">\n\t\t\t\t\t\t\t\t\t<span class=\"elementor-button-text\">XEM TH\u00caM D\u1ef0 \u00c1N SINATURE LUXURY WEDDING<\/span>\n\t\t\t\t\t<\/span>\n\t\t\t\t\t<\/a>\n\t\t\t\t<\/div>\n\t\t\t\t\t\t\t\t<\/div>\n\t\t\t\t<\/div>\n\t\t\t\t<\/div>\n\t\t\t\t<\/div>\n\t\t","protected":false},"excerpt":{"rendered":"<div class=\"elementor-element elementor-element-69e9d372 flex-horizontal-align-default flex-horizontal-align-tablet-default flex-horizontal-align-mobile-default flex-vertical-align-default flex-vertical-align-tablet-default flex-vertical-align-mobile-default elementor-widget elementor-widget-thegem-template-product-title\" data-id=\"69e9d372\" data-element_type=\"widget\" data-widget_type=\"thegem-template-product-title.default\">\n<div class=\"elementor-widget-container\">\n<div class=\"thegem-te-product-title\"><\/div>\n<\/div>\n<\/div>\n<div class=\"elementor-element elementor-element-28b21e09 flex-horizontal-align-default flex-horizontal-align-tablet-default flex-horizontal-align-mobile-default flex-vertical-align-default flex-vertical-align-tablet-default flex-vertical-align-mobile-default elementor-widget elementor-widget-thegem-template-product-description\" data-id=\"28b21e09\" data-element_type=\"widget\" data-widget_type=\"thegem-template-product-description.default\">\n<div class=\"elementor-widget-container\">\n<div class=\"thegem-te-product-description description--center\">\n<div class=\"product-description \">\n<p>Signature Luxury l\u00e0 g\u00f3i trang tr\u00ed cao c\u1ea5p d\u00e0nh cho ti\u1ec7c c\u01b0\u1edbi \u0111\u1eb3ng c\u1ea5p, mang phong c\u00e1ch ngh\u1ec7 thu\u1eadt v\u00e0 sang tr\u1ecdng. Backdrop s\u00e2n kh\u1ea5u \u0111\u01b0\u1ee3c thi\u1ebft k\u1ebf tinh x\u1ea3o v\u1edbi nhi\u1ec1u l\u1edbp hoa t\u01b0\u01a1i, k\u1ebft h\u1ee3p c\u1ed5ng hoa \u0111a t\u1ea7ng, photobooth ch\u1ee5p h\u00ecnh hi\u1ec7n \u0111\u1ea1i t\u1ea1o h\u00ecnh 3D, \u0111\u01b0\u1eddng d\u1eabn hoa t\u01b0\u01a1i, b\u00e0n ti\u1ec7c \u0111\u00f3n cao c\u1ea5p, g\u00f3i \u1ea3nh sang tr\u1ecdng to\u00e0n h\u1ea1ng m\u1ee5c, m\u00e0n sao l\u1ea5p l\u00e1nh, tr\u1ea3i s\u00e0n, b\u1ecdc b\u1ea1t s\u00e2n kh\u1ea5u v\u00e0 b\u1ea3ng Welcome, t\u1ea1o kh\u00f4ng gian xa hoa, l\u1ed9ng l\u1eaby. Chi ph\u00ed c\u00f3 th\u1ec3 thay \u0111\u1ed5i t\u00f9y theo \u0111i\u1ec1u ch\u1ec9nh h\u1ea1ng m\u1ee5c.<\/p>\n<\/div>\n<\/div>\n<\/div>\n<\/div>\n","protected":false},"featured_media":93025,"comment_status":"closed","ping_status":"closed","template":"","meta":{"_acf_changed":false},"product_brand":[],"product_cat":[15],"product_tag":[361,356,357,358,350],"class_list":{"0":"post-58499","1":"product","2":"type-product","3":"status-publish","4":"has-post-thumbnail","6":"product_cat-bao-gia-dich-vu","7":"product_tag-trang-tri-cuoi","8":"product_tag-trang-tri-khach-san","9":"product_tag-trang-tri-tiec-cuoi","10":"product_tag-trang-tri-tiec-cuoi-khach-san","11":"product_tag-trang-tri-tiec-cuoi-ngoai-troi","13":"first","14":"instock","15":"shipping-taxable","16":"product-type-simple"},"acf":[],"yoast_head":"<!-- This site is optimized with the Yoast SEO plugin v25.0 - https:\/\/yoast.com\/wordpress\/plugins\/seo\/ -->\n<title>Signature Luxury Wedding<\/title>\n<meta name=\"robots\" content=\"index, follow, max-snippet:-1, max-image-preview:large, max-video-preview:-1\" \/>\n<link rel=\"canonical\" href=\"https:\/\/tiff.vn\/?product=signature-luxury-wedding\" \/>\n<meta property=\"og:locale\" content=\"vi_VN\" \/>\n<meta property=\"og:type\" content=\"article\" \/>\n<meta property=\"og:title\" content=\"Signature Luxury Wedding\" \/>\n<meta property=\"og:description\" content=\"Signature Luxury l\u00e0 g\u00f3i trang tr\u00ed cao c\u1ea5p d\u00e0nh cho ti\u1ec7c c\u01b0\u1edbi \u0111\u1eb3ng c\u1ea5p, mang phong c\u00e1ch ngh\u1ec7 thu\u1eadt v\u00e0 sang tr\u1ecdng. Backdrop s\u00e2n kh\u1ea5u \u0111\u01b0\u1ee3c thi\u1ebft k\u1ebf tinh x\u1ea3o v\u1edbi nhi\u1ec1u l\u1edbp hoa t\u01b0\u01a1i, k\u1ebft h\u1ee3p c\u1ed5ng hoa \u0111a t\u1ea7ng, photobooth ch\u1ee5p h\u00ecnh hi\u1ec7n \u0111\u1ea1i t\u1ea1o h\u00ecnh 3D, \u0111\u01b0\u1eddng d\u1eabn hoa t\u01b0\u01a1i, b\u00e0n ti\u1ec7c \u0111\u00f3n cao c\u1ea5p, g\u00f3i \u1ea3nh sang tr\u1ecdng to\u00e0n h\u1ea1ng m\u1ee5c, m\u00e0n sao l\u1ea5p l\u00e1nh, tr\u1ea3i s\u00e0n, b\u1ecdc b\u1ea1t s\u00e2n kh\u1ea5u v\u00e0 b\u1ea3ng Welcome, t\u1ea1o kh\u00f4ng gian xa hoa, l\u1ed9ng l\u1eaby. Chi ph\u00ed c\u00f3 th\u1ec3 thay \u0111\u1ed5i t\u00f9y theo \u0111i\u1ec1u ch\u1ec9nh h\u1ea1ng m\u1ee5c.\" \/>\n<meta property=\"og:url\" content=\"https:\/\/tiff.vn\/?product=signature-luxury-wedding\" \/>\n<meta property=\"og:site_name\" content=\"Tiff Planner | Tiffany Wedding &amp; Event\" \/>\n<meta property=\"article:modified_time\" content=\"2026-01-23T08:14:57+00:00\" \/>\n<meta property=\"og:image\" content=\"https:\/\/tiff.vn\/wp-content\/uploads\/2025\/03\/singature-luxury-wedding.jpg\" \/>\n\t<meta property=\"og:image:width\" content=\"884\" \/>\n\t<meta property=\"og:image:height\" content=\"1250\" \/>\n\t<meta property=\"og:image:type\" content=\"image\/jpeg\" \/>\n<meta name=\"twitter:card\" content=\"summary_large_image\" \/>\n<meta name=\"twitter:label1\" content=\"\u01af\u1edbc t\u00ednh th\u1eddi gian \u0111\u1ecdc\" \/>\n\t<meta name=\"twitter:data1\" content=\"2 ph\u00fat\" \/>\n<script type=\"application\/ld+json\" class=\"yoast-schema-graph\">{\"@context\":\"https:\/\/schema.org\",\"@graph\":[{\"@type\":\"WebPage\",\"@id\":\"https:\/\/tiff.vn\/?product=signature-luxury-wedding\",\"url\":\"https:\/\/tiff.vn\/?product=signature-luxury-wedding\",\"name\":\"Signature Luxury Wedding\",\"isPartOf\":{\"@id\":\"http:\/\/103.159.50.39\/#website\"},\"primaryImageOfPage\":{\"@id\":\"https:\/\/tiff.vn\/?product=signature-luxury-wedding#primaryimage\"},\"image\":{\"@id\":\"https:\/\/tiff.vn\/?product=signature-luxury-wedding#primaryimage\"},\"thumbnailUrl\":\"https:\/\/tiff.vn\/wp-content\/uploads\/2025\/03\/singature-luxury-wedding.jpg\",\"datePublished\":\"2025-03-29T03:08:49+00:00\",\"dateModified\":\"2026-01-23T08:14:57+00:00\",\"breadcrumb\":{\"@id\":\"https:\/\/tiff.vn\/?product=signature-luxury-wedding#breadcrumb\"},\"inLanguage\":\"vi\",\"potentialAction\":[{\"@type\":\"ReadAction\",\"target\":[\"https:\/\/tiff.vn\/?product=signature-luxury-wedding\"]}]},{\"@type\":\"ImageObject\",\"inLanguage\":\"vi\",\"@id\":\"https:\/\/tiff.vn\/?product=signature-luxury-wedding#primaryimage\",\"url\":\"https:\/\/tiff.vn\/wp-content\/uploads\/2025\/03\/singature-luxury-wedding.jpg\",\"contentUrl\":\"https:\/\/tiff.vn\/wp-content\/uploads\/2025\/03\/singature-luxury-wedding.jpg\",\"width\":884,\"height\":1250},{\"@type\":\"BreadcrumbList\",\"@id\":\"https:\/\/tiff.vn\/?product=signature-luxury-wedding#breadcrumb\",\"itemListElement\":[{\"@type\":\"ListItem\",\"position\":1,\"name\":\"Home\",\"item\":\"http:\/\/103.159.50.39\/\"},{\"@type\":\"ListItem\",\"position\":2,\"name\":\"S\u1ea3n ph\u1ea9m\",\"item\":\"https:\/\/tiff.vn\/?post_type=product\"},{\"@type\":\"ListItem\",\"position\":3,\"name\":\"Signature Luxury Wedding\"}]},{\"@type\":\"WebSite\",\"@id\":\"http:\/\/103.159.50.39\/#website\",\"url\":\"http:\/\/103.159.50.39\/\",\"name\":\"Tiff Wedding Planner & Decoration\",\"description\":\"Top Wedding &amp; Event Planner h\u00e0ng \u0111\u1ea7u Vi\u1ec7t Nam - Ti\u00ean phong ki\u1ebfn t\u1ea1o nh\u1eefng \u0111\u00e1m c\u01b0\u1edbi \u0111\u1ed9c b\u1ea3n v\u00e0 s\u1ef1 ki\u1ec7n \u0111\u1eb3ng c\u1ea5p\",\"publisher\":{\"@id\":\"http:\/\/103.159.50.39\/#organization\"},\"alternateName\":\"Tiff Wedding Planner & Decoration\",\"potentialAction\":[{\"@type\":\"SearchAction\",\"target\":{\"@type\":\"EntryPoint\",\"urlTemplate\":\"http:\/\/103.159.50.39\/?s={search_term_string}\"},\"query-input\":{\"@type\":\"PropertyValueSpecification\",\"valueRequired\":true,\"valueName\":\"search_term_string\"}}],\"inLanguage\":\"vi\"},{\"@type\":\"Organization\",\"@id\":\"http:\/\/103.159.50.39\/#organization\",\"name\":\"Tiff Wedding Planner & Decoration\",\"url\":\"http:\/\/103.159.50.39\/\",\"logo\":{\"@type\":\"ImageObject\",\"inLanguage\":\"vi\",\"@id\":\"http:\/\/103.159.50.39\/#\/schema\/logo\/image\/\",\"url\":\"https:\/\/tiff.vn\/wp-content\/uploads\/2023\/05\/logo_main.png\",\"contentUrl\":\"https:\/\/tiff.vn\/wp-content\/uploads\/2023\/05\/logo_main.png\",\"width\":228,\"height\":64,\"caption\":\"Tiff Wedding Planner & Decoration\"},\"image\":{\"@id\":\"http:\/\/103.159.50.39\/#\/schema\/logo\/image\/\"}}]}<\/script>\n<!-- \/ Yoast SEO plugin. -->","yoast_head_json":{"title":"Signature Luxury Wedding","robots":{"index":"index","follow":"follow","max-snippet":"max-snippet:-1","max-image-preview":"max-image-preview:large","max-video-preview":"max-video-preview:-1"},"canonical":"https:\/\/tiff.vn\/?product=signature-luxury-wedding","og_locale":"vi_VN","og_type":"article","og_title":"Signature Luxury Wedding","og_description":"Signature Luxury l\u00e0 g\u00f3i trang tr\u00ed cao c\u1ea5p d\u00e0nh cho ti\u1ec7c c\u01b0\u1edbi \u0111\u1eb3ng c\u1ea5p, mang phong c\u00e1ch ngh\u1ec7 thu\u1eadt v\u00e0 sang tr\u1ecdng. Backdrop s\u00e2n kh\u1ea5u \u0111\u01b0\u1ee3c thi\u1ebft k\u1ebf tinh x\u1ea3o v\u1edbi nhi\u1ec1u l\u1edbp hoa t\u01b0\u01a1i, k\u1ebft h\u1ee3p c\u1ed5ng hoa \u0111a t\u1ea7ng, photobooth ch\u1ee5p h\u00ecnh hi\u1ec7n \u0111\u1ea1i t\u1ea1o h\u00ecnh 3D, \u0111\u01b0\u1eddng d\u1eabn hoa t\u01b0\u01a1i, b\u00e0n ti\u1ec7c \u0111\u00f3n cao c\u1ea5p, g\u00f3i \u1ea3nh sang tr\u1ecdng to\u00e0n h\u1ea1ng m\u1ee5c, m\u00e0n sao l\u1ea5p l\u00e1nh, tr\u1ea3i s\u00e0n, b\u1ecdc b\u1ea1t s\u00e2n kh\u1ea5u v\u00e0 b\u1ea3ng Welcome, t\u1ea1o kh\u00f4ng gian xa hoa, l\u1ed9ng l\u1eaby. Chi ph\u00ed c\u00f3 th\u1ec3 thay \u0111\u1ed5i t\u00f9y theo \u0111i\u1ec1u ch\u1ec9nh h\u1ea1ng m\u1ee5c.","og_url":"https:\/\/tiff.vn\/?product=signature-luxury-wedding","og_site_name":"Tiff Planner | Tiffany Wedding &amp; Event","article_modified_time":"2026-01-23T08:14:57+00:00","og_image":[{"width":884,"height":1250,"url":"https:\/\/tiff.vn\/wp-content\/uploads\/2025\/03\/singature-luxury-wedding.jpg","type":"image\/jpeg"}],"twitter_card":"summary_large_image","twitter_misc":{"\u01af\u1edbc t\u00ednh th\u1eddi gian \u0111\u1ecdc":"2 ph\u00fat"},"schema":{"@context":"https:\/\/schema.org","@graph":[{"@type":"WebPage","@id":"https:\/\/tiff.vn\/?product=signature-luxury-wedding","url":"https:\/\/tiff.vn\/?product=signature-luxury-wedding","name":"Signature Luxury Wedding","isPartOf":{"@id":"http:\/\/103.159.50.39\/#website"},"primaryImageOfPage":{"@id":"https:\/\/tiff.vn\/?product=signature-luxury-wedding#primaryimage"},"image":{"@id":"https:\/\/tiff.vn\/?product=signature-luxury-wedding#primaryimage"},"thumbnailUrl":"https:\/\/tiff.vn\/wp-content\/uploads\/2025\/03\/singature-luxury-wedding.jpg","datePublished":"2025-03-29T03:08:49+00:00","dateModified":"2026-01-23T08:14:57+00:00","breadcrumb":{"@id":"https:\/\/tiff.vn\/?product=signature-luxury-wedding#breadcrumb"},"inLanguage":"vi","potentialAction":[{"@type":"ReadAction","target":["https:\/\/tiff.vn\/?product=signature-luxury-wedding"]}]},{"@type":"ImageObject","inLanguage":"vi","@id":"https:\/\/tiff.vn\/?product=signature-luxury-wedding#primaryimage","url":"https:\/\/tiff.vn\/wp-content\/uploads\/2025\/03\/singature-luxury-wedding.jpg","contentUrl":"https:\/\/tiff.vn\/wp-content\/uploads\/2025\/03\/singature-luxury-wedding.jpg","width":884,"height":1250},{"@type":"BreadcrumbList","@id":"https:\/\/tiff.vn\/?product=signature-luxury-wedding#breadcrumb","itemListElement":[{"@type":"ListItem","position":1,"name":"Home","item":"http:\/\/103.159.50.39\/"},{"@type":"ListItem","position":2,"name":"S\u1ea3n ph\u1ea9m","item":"https:\/\/tiff.vn\/?post_type=product"},{"@type":"ListItem","position":3,"name":"Signature Luxury Wedding"}]},{"@type":"WebSite","@id":"http:\/\/103.159.50.39\/#website","url":"http:\/\/103.159.50.39\/","name":"Tiff Wedding Planner & Decoration","description":"Top Wedding &amp; Event Planner h\u00e0ng \u0111\u1ea7u Vi\u1ec7t Nam - Ti\u00ean phong ki\u1ebfn t\u1ea1o nh\u1eefng \u0111\u00e1m c\u01b0\u1edbi \u0111\u1ed9c b\u1ea3n v\u00e0 s\u1ef1 ki\u1ec7n \u0111\u1eb3ng c\u1ea5p","publisher":{"@id":"http:\/\/103.159.50.39\/#organization"},"alternateName":"Tiff Wedding Planner & Decoration","potentialAction":[{"@type":"SearchAction","target":{"@type":"EntryPoint","urlTemplate":"http:\/\/103.159.50.39\/?s={search_term_string}"},"query-input":{"@type":"PropertyValueSpecification","valueRequired":true,"valueName":"search_term_string"}}],"inLanguage":"vi"},{"@type":"Organization","@id":"http:\/\/103.159.50.39\/#organization","name":"Tiff Wedding Planner & Decoration","url":"http:\/\/103.159.50.39\/","logo":{"@type":"ImageObject","inLanguage":"vi","@id":"http:\/\/103.159.50.39\/#\/schema\/logo\/image\/","url":"https:\/\/tiff.vn\/wp-content\/uploads\/2023\/05\/logo_main.png","contentUrl":"https:\/\/tiff.vn\/wp-content\/uploads\/2023\/05\/logo_main.png","width":228,"height":64,"caption":"Tiff Wedding Planner & Decoration"},"image":{"@id":"http:\/\/103.159.50.39\/#\/schema\/logo\/image\/"}}]}},"_links":{"self":[{"href":"https:\/\/tiff.vn\/index.php?rest_route=\/wp\/v2\/product\/58499","targetHints":{"allow":["GET"]}}],"collection":[{"href":"https:\/\/tiff.vn\/index.php?rest_route=\/wp\/v2\/product"}],"about":[{"href":"https:\/\/tiff.vn\/index.php?rest_route=\/wp\/v2\/types\/product"}],"replies":[{"embeddable":true,"href":"https:\/\/tiff.vn\/index.php?rest_route=%2Fwp%2Fv2%2Fcomments&post=58499"}],"version-history":[{"count":22,"href":"https:\/\/tiff.vn\/index.php?rest_route=\/wp\/v2\/product\/58499\/revisions"}],"predecessor-version":[{"id":93034,"href":"https:\/\/tiff.vn\/index.php?rest_route=\/wp\/v2\/product\/58499\/revisions\/93034"}],"wp:featuredmedia":[{"embeddable":true,"href":"https:\/\/tiff.vn\/index.php?rest_route=\/wp\/v2\/media\/93025"}],"wp:attachment":[{"href":"https:\/\/tiff.vn\/index.php?rest_route=%2Fwp%2Fv2%2Fmedia&parent=58499"}],"wp:term":[{"taxonomy":"product_brand","embeddable":true,"href":"https:\/\/tiff.vn\/index.php?rest_route=%2Fwp%2Fv2%2Fproduct_brand&post=58499"},{"taxonomy":"product_cat","embeddable":true,"href":"https:\/\/tiff.vn\/index.php?rest_route=%2Fwp%2Fv2%2Fproduct_cat&post=58499"},{"taxonomy":"product_tag","embeddable":true,"href":"https:\/\/tiff.vn\/index.php?rest_route=%2Fwp%2Fv2%2Fproduct_tag&post=58499"}],"curies":[{"name":"wp","href":"https:\/\/api.w.org\/{rel}","templated":true}]}}